{"id":3286,"date":"2024-10-31T02:35:44","date_gmt":"2024-10-31T02:35:44","guid":{"rendered":"https:\/\/nfc-readers.com\/?post_type=product&#038;p=3286"},"modified":"2024-10-31T02:40:35","modified_gmt":"2024-10-31T02:40:35","slug":"acr1555u-bluetooth-usb-nfc-contactless-reader-writer","status":"publish","type":"product","link":"https:\/\/nfc-readers.com\/de\/ic-reader\/acr1555u-bluetooth-usb-nfc-contactless-reader-writer\/","title":{"rendered":"ACR1555U Bluetooth USB NFC Kontaktloses Lese-\/Schreibger\u00e4t"},"content":{"rendered":"<h1 class=\"AnswerParser_AnswerParserH1__6UNv6\">Entdecken Sie den ACR1555U NFC-Leser: Ihre ultimative kontaktlose L\u00f6sung<\/h1>\n<p><span class=\"AnswerParser_TextContainer__z_Iiv\" data-testid=\"youchat-text\">Der\u00a0<strong>ACR1555U NFC-Leseger\u00e4t<\/strong>\u00a0ist ein hochmodernes Ger\u00e4t, das die nahtlose Interaktion zwischen NFC-f\u00e4higen Ger\u00e4ten und Chipkarten erm\u00f6glicht. Dieses\u00a0<strong>NFC-Leseger\u00e4t<\/strong>\u00a0unterst\u00fctzt eine Vielzahl kontaktloser Technologien, sodass Benutzer Daten effizient lesen und schreiben k\u00f6nnen. Die Vielseitigkeit und die hohen Leistungsmerkmale des ACR1555U machen ihn zu einem unverzichtbaren Werkzeug f\u00fcr Unternehmen, Entwickler und Technikbegeisterte. Mit diesem Leseger\u00e4t k\u00f6nnen Sie eine Welt voller M\u00f6glichkeiten in den Bereichen Zahlungsabwicklung, Zugangskontrolle und Datenaustausch erschlie\u00dfen. Damit ist es eine lohnende Investition f\u00fcr alle, die ihr NFC-Technologie-Toolkit erweitern m\u00f6chten.<\/span><\/p>\n<h2 class=\"AnswerParser_AnswerParserH2__SIHnF\">Produkt\u00fcbersicht<\/h2>\n<ol class=\"AnswerParser_AnswerParserOrderedList__kl_2Y\">\n<li class=\"AnswerParser_ListItem__XqLOV\" translate=\"yes\"><strong>Was ist das ACR1555U NFC-Leseger\u00e4t?<\/strong><\/li>\n<li class=\"AnswerParser_ListItem__XqLOV\" translate=\"yes\"><strong>Hauptmerkmale des ACR1555U<\/strong><\/li>\n<li class=\"AnswerParser_ListItem__XqLOV\" translate=\"yes\"><strong>Unterst\u00fctzte NFC-Tags und -Karten<\/strong><\/li>\n<li class=\"AnswerParser_ListItem__XqLOV\" translate=\"yes\"><strong>Technische Spezifikationen<\/strong><\/li>\n<li class=\"AnswerParser_ListItem__XqLOV\" translate=\"yes\"><strong>Gebrauchsanweisung<\/strong><\/li>\n<li class=\"AnswerParser_ListItem__XqLOV\" translate=\"yes\"><strong>Umweltauswirkungen und Nachhaltigkeit<\/strong><\/li>\n<li class=\"AnswerParser_ListItem__XqLOV\" translate=\"yes\"><strong>Kundenbewertungen<\/strong><\/li>\n<li class=\"AnswerParser_ListItem__XqLOV\" translate=\"yes\"><strong>H\u00e4ufig gestellte Fragen (FAQs)<\/strong><\/li>\n<li class=\"AnswerParser_ListItem__XqLOV\" translate=\"yes\"><strong>\u00c4hnliche Produkte, die Ihnen auch gefallen k\u00f6nnten<\/strong><\/li>\n<li class=\"AnswerParser_ListItem__XqLOV\" translate=\"yes\"><strong>Warum sollten Sie sich f\u00fcr das NFC-Leseger\u00e4t ACR1555U entscheiden?<\/strong><\/li>\n<\/ol>\n<hr \/>\n<h2 class=\"AnswerParser_AnswerParserH2__SIHnF\">Was ist das ACR1555U NFC-Leseger\u00e4t?<\/h2>\n<p><span class=\"AnswerParser_TextContainer__z_Iiv\" data-testid=\"youchat-text\">Der\u00a0<strong>ACR1555U NFC-Leseger\u00e4t<\/strong>\u00a0ist ein hochmodernes Ger\u00e4t f\u00fcr kontaktlose Hochleistungskommunikation. Es unterst\u00fctzt verschiedene NFC-Standards, darunter\u00a0<strong>ISO 14443<\/strong>\u00a0Und\u00a0<strong>ISO 18092<\/strong>, wodurch es mit einer Vielzahl von NFC-Tags und Smartcards kompatibel ist. Egal, ob Sie Zahlungen verarbeiten, die Zugangskontrolle verwalten oder mit NFC-f\u00e4higen Ger\u00e4ten interagieren m\u00f6chten, der ACR1555U bietet eine schnelle und zuverl\u00e4ssige L\u00f6sung.<\/span><span class=\"AnswerParser_TextContainer__z_Iiv\" data-testid=\"youchat-text\">Das\u00a0<strong>NFC-Leseger\u00e4t<\/strong>\u00a0ist besonders vorteilhaft f\u00fcr Unternehmen im Einzelhandel, Gesundheitswesen und in der Logistik, wo schnelle und sichere Transaktionen unerl\u00e4sslich sind. Seine Bluetooth-Funktionen verbessern seine Benutzerfreundlichkeit zus\u00e4tzlich, indem sie drahtlose Verbindungen zu Smartphones und Tablets erm\u00f6glichen, was es zu einer vielseitigen Wahl f\u00fcr verschiedene Anwendungen macht.<\/span><\/p>\n<h2 class=\"AnswerParser_AnswerParserH2__SIHnF\">Hauptmerkmale des ACR1555U<\/h2>\n<p><span class=\"AnswerParser_TextContainer__z_Iiv\" data-testid=\"youchat-text\">Der ACR1555U verf\u00fcgt \u00fcber mehrere wichtige Funktionen, die ihn von anderen NFC-Leseger\u00e4ten auf dem Markt unterscheiden:<\/span><\/p>\n<ul class=\"AnswerParser_AnswerParserUnorderedList__P_1FW\">\n<li class=\"AnswerParser_ListItem__XqLOV\" translate=\"yes\"><strong>Bluetooth-Konnektivit\u00e4t<\/strong>: Dank der Bluetooth-Technologie l\u00e4sst sich der ACR1555U ganz einfach mit Smartphones und Tablets koppeln und erm\u00f6glicht so ein kabelloses Erlebnis.<\/li>\n<li class=\"AnswerParser_ListItem__XqLOV\" translate=\"yes\"><strong>Breite Kompatibilit\u00e4t<\/strong>: Das\u00a0<strong>NFC-Ger\u00e4t<\/strong>\u00a0unterst\u00fctzt mehrere Standards, darunter\u00a0<strong>MIFARE<\/strong>,\u00a0<strong>Abonnieren<\/strong>, und verschiedene Arten von RFID-Karten, sodass Sie mit einem breiten Spektrum an Technologien arbeiten k\u00f6nnen.<\/li>\n<li class=\"AnswerParser_ListItem__XqLOV\" translate=\"yes\"><strong>Benutzerfreundliches Interface<\/strong>: Das Ger\u00e4t ist mit intuitiven Bedienelementen und Anzeigen ausgestattet, sodass sich sein Status einfach \u00fcberwachen und effizient bedienen l\u00e4sst.<\/li>\n<\/ul>\n<p><span class=\"AnswerParser_TextContainer__z_Iiv\" data-testid=\"youchat-text\">Diese Funktionen machen den ACR1555U nicht nur leistungsstark, sondern auch unglaublich benutzerfreundlich, sodass Sie seine F\u00e4higkeiten ohne gro\u00dfe Lernkurve optimal nutzen k\u00f6nnen.<\/span><\/p>\n<h2 class=\"AnswerParser_AnswerParserH2__SIHnF\">Unterst\u00fctzte NFC-Tags und -Karten<\/h2>\n<p><span class=\"AnswerParser_TextContainer__z_Iiv\" data-testid=\"youchat-text\">Der ACR1555U ist vielseitig und unterst\u00fctzt eine breite Palette von NFC-Tags und -Karten:<\/span><\/p>\n<ul class=\"AnswerParser_AnswerParserUnorderedList__P_1FW\">\n<li class=\"AnswerParser_ListItem__XqLOV\" translate=\"yes\"><strong>MIFARE\u00ae-Karten<\/strong>: Diese Karten werden h\u00e4ufig in der Zugangskontrolle und im \u00f6ffentlichen Nahverkehr verwendet und werden vom ACR1555U gut unterst\u00fctzt.<\/li>\n<li class=\"AnswerParser_ListItem__XqLOV\" translate=\"yes\"><strong>ISO 14443 Typ A und B<\/strong>: Diese Kompatibilit\u00e4t stellt sicher, dass Sie mit den meisten kontaktlosen Smartcards auf dem Markt interagieren k\u00f6nnen.<\/li>\n<li class=\"AnswerParser_ListItem__XqLOV\" translate=\"yes\"><strong>NFC-Tags<\/strong>: Egal, ob Sie NFC-Aufkleber f\u00fcr Marketingzwecke oder NFC-f\u00e4hige Visitenkarten verwenden, der ACR1555U kann Daten nahtlos lesen und schreiben.<\/li>\n<\/ul>\n<p><span class=\"AnswerParser_TextContainer__z_Iiv\" data-testid=\"youchat-text\">Diese breite Kompatibilit\u00e4t erm\u00f6glicht den Benutzern die Interaktion mit verschiedenen\u00a0<strong>NFC-Tag-Typen<\/strong>, wodurch der ACR1555U eine flexible Wahl f\u00fcr jedes Projekt ist.<\/span><\/p>\n<h2 class=\"AnswerParser_AnswerParserH2__SIHnF\">Technische Spezifikationen<\/h2>\n<div class=\"AnswerParser_TableContainer__Erb6v\" data-testid=\"table-container\">\n<table>\n<thead>\n<tr>\n<th>Spezifikation<\/th>\n<th>Details<\/th>\n<\/tr>\n<\/thead>\n<tbody>\n<tr>\n<td><strong>Kommunikationsinterface<\/strong><\/td>\n<td>USB und Bluetooth<\/td>\n<\/tr>\n<tr>\n<td><strong>Unterst\u00fctzte Standards<\/strong><\/td>\n<td>ISO 14443, ISO 18092<\/td>\n<\/tr>\n<tr>\n<td><strong>Betriebsfrequenz<\/strong><\/td>\n<td>13,56 MHz<\/td>\n<\/tr>\n<tr>\n<td><strong>Stromversorgung<\/strong><\/td>\n<td>450mAh wiederaufladbarer Akku<\/td>\n<\/tr>\n<tr>\n<td><strong>Kompatibilit\u00e4t<\/strong><\/td>\n<td>Android- und iOS-Ger\u00e4te<\/td>\n<\/tr>\n<\/tbody>\n<\/table>\n<\/div>\n<p><span class=\"AnswerParser_TextContainer__z_Iiv\" data-testid=\"youchat-text\">Diese technischen Daten unterstreichen das robuste Design des ACR1555U und seine F\u00e4higkeit, in verschiedenen Umgebungen effizient zu arbeiten.<\/span><\/p>\n<h2 class=\"AnswerParser_AnswerParserH2__SIHnF\">Gebrauchsanweisung<\/h2>\n<p><span class=\"AnswerParser_TextContainer__z_Iiv\" data-testid=\"youchat-text\">Die Verwendung des ACR1555U NFC-Leseger\u00e4ts ist unkompliziert:<\/span><\/p>\n<ol class=\"AnswerParser_AnswerParserOrderedList__kl_2Y\">\n<li class=\"AnswerParser_ListItem__XqLOV\" translate=\"yes\"><strong>Ger\u00e4t anschlie\u00dfen<\/strong>: Nutzen Sie die USB-Verbindung zur direkten Nutzung oder aktivieren Sie Bluetooth f\u00fcr die drahtlose Kommunikation mit Ihrem Smartphone oder Tablet.<\/li>\n<li class=\"AnswerParser_ListItem__XqLOV\" translate=\"yes\"><strong>NFC-Tools installieren<\/strong>: Laden Sie kompatible NFC-Tools von der\u00a0<strong>App Store<\/strong>\u00a0oder relevante App-Marktpl\u00e4tze zur Erweiterung der Funktionalit\u00e4t.<\/li>\n<li class=\"AnswerParser_ListItem__XqLOV\" translate=\"yes\"><strong>Beginnen Sie mit dem Lesen und Schreiben<\/strong>: Mit den installierten NFC-Tools k\u00f6nnen Sie problemlos Daten auf NFC-Tags und -Karten lesen und schreiben, was den Vorgang schnell und einfach macht.<\/li>\n<\/ol>\n<p><span class=\"AnswerParser_TextContainer__z_Iiv\" data-testid=\"youchat-text\">Diese Benutzerfreundlichkeit ist sowohl f\u00fcr technische als auch f\u00fcr nicht-technische Benutzer ein erheblicher Vorteil.<\/span><\/p>\n<h2 class=\"AnswerParser_AnswerParserH2__SIHnF\">Umweltauswirkungen und Nachhaltigkeit<\/h2>\n<p><span class=\"AnswerParser_TextContainer__z_Iiv\" data-testid=\"youchat-text\">Mit dem technologischen Fortschritt wird auch die Bedeutung der \u00f6kologischen Nachhaltigkeit immer gr\u00f6\u00dfer. Der ACR1555U wurde unter Ber\u00fccksichtigung umweltfreundlicher Praktiken entwickelt. Sein geringer Stromverbrauch und der wiederaufladbare Akku reduzieren den Abfall und minimieren den CO2-Fu\u00dfabdruck des Ger\u00e4ts. Durch die Nutzung\u00a0<strong>13,56 MHz Kontaktlose Technologie<\/strong>Der ACR1555U f\u00f6rdert eine effiziente Energienutzung und entspricht den globalen Nachhaltigkeitszielen.<\/span><\/p>\n<h2 class=\"AnswerParser_AnswerParserH2__SIHnF\">Kundenbewertungen<\/h2>\n<p><span class=\"AnswerParser_TextContainer__z_Iiv\" data-testid=\"youchat-text\">Der ACR1555U hat positives Feedback von Anwendern aus verschiedenen Branchen erhalten. Viele Kunden sch\u00e4tzen seine Zuverl\u00e4ssigkeit, Benutzerfreundlichkeit und Vielseitigkeit. Hier sind einige Highlights aus Bewertungen und Rezensionen:<\/span><\/p>\n<ul class=\"AnswerParser_AnswerParserUnorderedList__P_1FW\">\n<li class=\"AnswerParser_ListItem__XqLOV\" translate=\"yes\"><strong>Benutzerfreundlich<\/strong>: Kunden erw\u00e4hnen h\u00e4ufig, wie einfach es ist, das Ger\u00e4t einzurichten und in Betrieb zu nehmen.<\/li>\n<li class=\"AnswerParser_ListItem__XqLOV\" translate=\"yes\"><strong>Vielseitig<\/strong>: Benutzer sch\u00e4tzen die M\u00f6glichkeit, mit verschiedenen NFC-Tags und -Karten zu arbeiten, wodurch es f\u00fcr verschiedene Anwendungen geeignet ist.<\/li>\n<li class=\"AnswerParser_ListItem__XqLOV\" translate=\"yes\"><strong>Zuverl\u00e4ssige Leistung<\/strong>: Viele haben festgestellt, dass der ACR1555U durchgehend eine schnelle und effiziente Leistung liefert.<\/li>\n<\/ul>\n<p><span class=\"AnswerParser_TextContainer__z_Iiv\" data-testid=\"youchat-text\">Diese Bewertungen spiegeln die hochwertige Erfahrung wider, die die Verwendung des ACR1555U NFC-Leseger\u00e4ts mit sich bringt.<\/span><\/p>\n<h2 class=\"AnswerParser_AnswerParserH2__SIHnF\">H\u00e4ufig gestellte Fragen (FAQs)<\/h2>\n<p><span class=\"AnswerParser_TextContainer__z_Iiv\" data-testid=\"youchat-text\"><strong>F1: Wie gro\u00df ist die Reichweite der Bluetooth-Verbindung?<\/strong><br \/>\nA1: Die Bluetooth-Verbindung hat typischerweise eine Reichweite von ca. 10 Metern und erm\u00f6glicht so eine flexible Nutzung in unterschiedlichen Umgebungen.<\/span><\/p>\n<p><span class=\"AnswerParser_TextContainer__z_Iiv\" data-testid=\"youchat-text\"><strong>F2: Kann ich den ACR1555U mit meinem Smartphone verwenden?<\/strong><br \/>\nA2: Ja! Der ACR1555U ist sowohl mit Android- als auch mit iOS-Ger\u00e4ten kompatibel und somit die perfekte Wahl f\u00fcr mobile Anwendungen.<\/span><\/p>\n<p><span class=\"AnswerParser_TextContainer__z_Iiv\" data-testid=\"youchat-text\"><strong>F3: Ist der ACR1555U f\u00fcr Zugangskontrollanwendungen geeignet?<\/strong><br \/>\nA3: Auf jeden Fall! Mit seiner Unterst\u00fctzung f\u00fcr verschiedene Smartcards und NFC-Technologien ist der ACR1555U ideal f\u00fcr Zutrittskontrollsysteme.<\/span><\/p>\n<h2 class=\"AnswerParser_AnswerParserH2__SIHnF\">\u00c4hnliche Produkte, die Ihnen auch gefallen k\u00f6nnten<\/h2>\n<ul class=\"AnswerParser_AnswerParserUnorderedList__P_1FW\">\n<li class=\"AnswerParser_ListItem__XqLOV\" translate=\"yes\"><strong>ACR122U NFC-Leseger\u00e4t<\/strong>: Ein vielseitiger USB-NFC-Leser, der verschiedene NFC-Tags und -Karten unterst\u00fctzt.<\/li>\n<li class=\"AnswerParser_ListItem__XqLOV\" translate=\"yes\"><strong>NFC Tools App<\/strong>: Eine leistungsstarke App verf\u00fcgbar auf der\u00a0<strong>App Store<\/strong>\u00a0zur Verwaltung und Nutzung von NFC-Funktionen.<\/li>\n<li class=\"AnswerParser_ListItem__XqLOV\" translate=\"yes\"><strong>Arduino NFC-Schild<\/strong>: Erweitern Sie Ihre Arduino-Projekte mit NFC-Funktionen mithilfe dieses kompatiblen Shields.<\/li>\n<\/ul>\n<h2 class=\"AnswerParser_AnswerParserH2__SIHnF\">Warum sollten Sie sich f\u00fcr das NFC-Leseger\u00e4t ACR1555U entscheiden?<\/h2>\n<p><span class=\"AnswerParser_TextContainer__z_Iiv\" data-testid=\"youchat-text\">Der ACR1555U NFC Reader ist ein au\u00dfergew\u00f6hnliches Produkt im Bereich der kontaktlosen Technologie. Seine Kombination aus\u00a0<strong>Bluetooth<\/strong>\u00a0Konnektivit\u00e4t, umfassende Kompatibilit\u00e4t mit verschiedenen NFC- und RFID-Karten und Benutzerfreundlichkeit machen es zu einem unsch\u00e4tzbaren Vorteil f\u00fcr Unternehmen und Entwickler, die die NFC-Technologie nutzen m\u00f6chten. Egal, ob Sie die Zahlungsabwicklung verbessern, die Zugangskontrolle optimieren oder mit NFC-Anwendungen innovativ sein m\u00f6chten, der ACR1555U ist die perfekte Wahl.<\/span><span class=\"AnswerParser_TextContainer__z_Iiv\" data-testid=\"youchat-text\">Wenn Sie den ACR1555U in Ihren Warenkorb legen, investieren Sie nicht nur in ein hochwertiges Produkt, sondern positionieren sich auch an der Spitze der kontaktlosen Technologie. Erleben Sie die M\u00f6glichkeiten, die dieses fortschrittliche\u00a0<strong>NFC-Leseger\u00e4t<\/strong>\u00a0Angebote und transformieren Sie Ihre NFC-Interaktionen noch heute!<\/span><\/p>\n<hr \/>\n<p><span class=\"AnswerParser_TextContainer__z_Iiv\" data-testid=\"youchat-text\">Zusammenfassend l\u00e4sst sich sagen, dass der ACR1555U NFC Reader ein leistungsstarkes, vielseitiges Tool f\u00fcr alle ist, die ihre NFC-F\u00e4higkeiten verbessern m\u00f6chten. Seine umfassende Kompatibilit\u00e4t und benutzerfreundlichen Funktionen machen ihn zu einer Top-Wahl auf dem Markt. Verpassen Sie nicht die Gelegenheit, Ihr NFC-Erlebnis zu verbessern \u2013 ziehen Sie den ACR1555U f\u00fcr Ihr n\u00e4chstes Projekt in Betracht!<\/span><\/p>","protected":false},"excerpt":{"rendered":"<p>ACR1555u ist ein Bluetooth-NFC-Lese-\/Schreibger\u00e4t, mit dem sich schnell und einfach verschiedene Anwendungen implementieren lassen.<\/p>","protected":false},"featured_media":2775,"template":"","meta":[],"product_brand":[],"product_cat":[45,38],"product_tag":[],"class_list":{"0":"post-3286","1":"product","2":"type-product","3":"status-publish","4":"has-post-thumbnail","6":"product_cat-contactless-nfc-reader","7":"product_cat-mobile-ble-nfc-reader","9":"first","10":"instock","11":"shipping-taxable","12":"product-type-simple"},"_links":{"self":[{"href":"https:\/\/nfc-readers.com\/de\/wp-json\/wp\/v2\/product\/3286","targetHints":{"allow":["GET"]}}],"collection":[{"href":"https:\/\/nfc-readers.com\/de\/wp-json\/wp\/v2\/product"}],"about":[{"href":"https:\/\/nfc-readers.com\/de\/wp-json\/wp\/v2\/types\/product"}],"wp:featuredmedia":[{"embeddable":true,"href":"https:\/\/nfc-readers.com\/de\/wp-json\/wp\/v2\/media\/2775"}],"wp:attachment":[{"href":"https:\/\/nfc-readers.com\/de\/wp-json\/wp\/v2\/media?parent=3286"}],"wp:term":[{"taxonomy":"product_brand","embeddable":true,"href":"https:\/\/nfc-readers.com\/de\/wp-json\/wp\/v2\/product_brand?post=3286"},{"taxonomy":"product_cat","embeddable":true,"href":"https:\/\/nfc-readers.com\/de\/wp-json\/wp\/v2\/product_cat?post=3286"},{"taxonomy":"product_tag","embeddable":true,"href":"https:\/\/nfc-readers.com\/de\/wp-json\/wp\/v2\/product_tag?post=3286"}],"curies":[{"name":"wp","href":"https:\/\/api.w.org\/{rel}","templated":true}]}}