{"id":3288,"date":"2024-10-31T08:03:14","date_gmt":"2024-10-31T08:03:14","guid":{"rendered":"https:\/\/nfc-readers.com\/?post_type=product&#038;p=3288"},"modified":"2024-10-31T08:03:15","modified_gmt":"2024-10-31T08:03:15","slug":"acr1581u-15693-dualboost-iii-dual-interface-nfc-reader-writer","status":"publish","type":"product","link":"https:\/\/nfc-readers.com\/de\/ic-reader\/acr1581u-15693-dualboost-iii-dual-interface-nfc-reader-writer\/","title":{"rendered":"ACR1581U 15693 DualBoost III NFC-Lese-\/Schreibger\u00e4t mit zwei Schnittstellen"},"content":{"rendered":"<h1 class=\"AnswerParser_AnswerParserH1__6UNv6\">ACR1581U NFC-Leseger\u00e4t: Die ultimative kontaktlose L\u00f6sung f\u00fcr Ihr Unternehmen<\/h1>\n<p><span class=\"AnswerParser_TextContainer__z_Iiv\" data-testid=\"youchat-text\">Der\u00a0<strong>ACR1581U NFC-Leseger\u00e4t<\/strong>\u00a0ist ein hochmodernes Ger\u00e4t, das eine nahtlose Interaktion mit kontaktbehafteten und kontaktlosen Chipkarten erm\u00f6glicht. Dieses vielseitige\u00a0<strong>NFC-Leseger\u00e4t<\/strong>\u00a0unterst\u00fctzt eine breite Palette von Anwendungen und ist damit ein unverzichtbares Tool f\u00fcr Unternehmen und Entwickler. Egal, ob Sie Zahlungen verarbeiten, die Zugangskontrolle verwalten oder Daten von NFC-Tags lesen m\u00fcssen, der ACR1581U bietet eine zuverl\u00e4ssige und effiziente L\u00f6sung. Mit seinen robusten Funktionen und seinem benutzerfreundlichen Design ist dieser Leser jeden Cent wert f\u00fcr jeden, der sein NFC-Technologie-Toolkit erweitern m\u00f6chte.<\/span><\/p>\n<hr \/>\n<h2 class=\"AnswerParser_AnswerParserH2__SIHnF\">Produkt\u00fcbersicht<\/h2>\n<ol class=\"AnswerParser_AnswerParserOrderedList__kl_2Y\">\n<li class=\"AnswerParser_ListItem__XqLOV\" translate=\"yes\"><strong>\u00dcbersicht \u00fcber den ACR1581U NFC-Leser<\/strong><\/li>\n<li class=\"AnswerParser_ListItem__XqLOV\" translate=\"yes\"><strong>Hauptmerkmale des ACR1581U<\/strong><\/li>\n<li class=\"AnswerParser_ListItem__XqLOV\" translate=\"yes\"><strong>Physikalische Eigenschaften<\/strong><\/li>\n<li class=\"AnswerParser_ListItem__XqLOV\" translate=\"yes\"><strong>Unterst\u00fctzte Kartentypen<\/strong><\/li>\n<li class=\"AnswerParser_ListItem__XqLOV\" translate=\"yes\"><strong>Technische Spezifikationen<\/strong><\/li>\n<li class=\"AnswerParser_ListItem__XqLOV\" translate=\"yes\"><strong>Gebrauchsanweisung<\/strong><\/li>\n<li class=\"AnswerParser_ListItem__XqLOV\" translate=\"yes\"><strong>Umweltauswirkungen und Compliance<\/strong><\/li>\n<li class=\"AnswerParser_ListItem__XqLOV\" translate=\"yes\"><strong>Kundenbewertungen<\/strong><\/li>\n<li class=\"AnswerParser_ListItem__XqLOV\" translate=\"yes\"><strong>H\u00e4ufig gestellte Fragen (FAQs)<\/strong><\/li>\n<li class=\"AnswerParser_ListItem__XqLOV\" translate=\"yes\"><strong>Warum sollten Sie sich f\u00fcr das NFC-Leseger\u00e4t ACR1581U entscheiden?<\/strong><\/li>\n<\/ol>\n<hr \/>\n<h2 class=\"AnswerParser_AnswerParserH2__SIHnF\">\u00dcbersicht \u00fcber den ACR1581U NFC-Leser<\/h2>\n<p><span class=\"AnswerParser_TextContainer__z_Iiv\" data-testid=\"youchat-text\">Der\u00a0<strong>ACR1581U NFC-Leseger\u00e4t<\/strong>\u00a0wurde entwickelt, um den Anforderungen moderner Anwendungen gerecht zu werden, die einen sicheren und effizienten Datenaustausch erfordern. Mit Unterst\u00fctzung f\u00fcr kontaktbehaftete und kontaktlose Chipkarten ist dieser Leser ideal f\u00fcr verschiedene Branchen, darunter Finanzen, Gesundheitswesen und Sicherheit. Seine F\u00e4higkeit, Daten von mehreren Kartentypen zu lesen und zu schreiben, stellt sicher, dass er sich an die sich entwickelnden Bed\u00fcrfnisse der Benutzer anpassen kann.<\/span><span class=\"AnswerParser_TextContainer__z_Iiv\" data-testid=\"youchat-text\">Ausgestattet mit erweiterten Funktionen und einer benutzerfreundlichen Oberfl\u00e4che ist der ACR1581U ideal f\u00fcr Unternehmen, die ihre Abl\u00e4ufe optimieren und das Kundenerlebnis verbessern m\u00f6chten. Seine Dual-Interface-Funktion erm\u00f6glicht Flexibilit\u00e4t bei der Nutzung und macht ihn zu einer vielseitigen Wahl f\u00fcr jede Anwendung.<\/span><\/p>\n<h2 class=\"AnswerParser_AnswerParserH2__SIHnF\">Hauptmerkmale des ACR1581U<\/h2>\n<h3 class=\"AnswerParser_AnswerParserH3__Mpe4s\">Dual-Interface-Funktionalit\u00e4t<\/h3>\n<p><span class=\"AnswerParser_TextContainer__z_Iiv\" data-testid=\"youchat-text\">Der ACR1581U unterst\u00fctzt sowohl\u00a0<strong>Kontakt<\/strong>\u00a0Und\u00a0<strong>kontaktlos<\/strong>\u00a0Smartcard-Schnittstellen erm\u00f6glichen Benutzern die Interaktion mit einer Vielzahl von Karten. Diese Doppelfunktionalit\u00e4t macht es f\u00fcr verschiedene Anwendungen geeignet, von der Zahlungsabwicklung bis zur Zugangskontrolle. Die F\u00e4higkeit, NFC-Tags und -Karten zu lesen und zu beschreiben, verbessert seine Nutzbarkeit in verschiedenen Szenarien.<\/span><\/p>\n<h3 class=\"AnswerParser_AnswerParserH3__Mpe4s\">Hochgeschwindigkeitsdaten\u00fcbertragung<\/h3>\n<p><span class=\"AnswerParser_TextContainer__z_Iiv\" data-testid=\"youchat-text\">Mit einem\u00a0<strong>USB mit voller Geschwindigkeit<\/strong>\u00a0Schnittstelle sorgt der ACR1581U f\u00fcr schnelle Daten\u00fcbertragungsraten von bis zu\u00a0<strong>12 Mbit\/s<\/strong>. Diese Geschwindigkeit ist entscheidend f\u00fcr Anwendungen, die schnelle und effiziente Transaktionen erfordern, und verbessert das allgemeine Benutzererlebnis. Egal, ob Sie Zahlungen verarbeiten oder auf sichere Informationen zugreifen, der ACR1581U bietet zuverl\u00e4ssige Leistung.<\/span><\/p>\n<h3 class=\"AnswerParser_AnswerParserH3__Mpe4s\">Benutzerfreundliches Design<\/h3>\n<p><span class=\"AnswerParser_TextContainer__z_Iiv\" data-testid=\"youchat-text\">Der ACR1581U verf\u00fcgt \u00fcber benutzersteuerbare zweifarbige LEDs (blau und gr\u00fcn) und einen monotonen Summer, der w\u00e4hrend des Betriebs visuelles und akustisches Feedback liefert. Dieses Design verbessert die Benutzerfreundlichkeit, da Benutzer den Status des Ger\u00e4ts einfach \u00fcberwachen k\u00f6nnen. Die intuitive Benutzeroberfl\u00e4che stellt sicher, dass selbst Neulinge in der NFC-Technologie das Leseger\u00e4t problemlos bedienen k\u00f6nnen.<\/span><\/p>\n<h2 class=\"AnswerParser_AnswerParserH2__SIHnF\">Physikalische Eigenschaften<\/h2>\n<ul class=\"AnswerParser_AnswerParserUnorderedList__P_1FW\">\n<li class=\"AnswerParser_ListItem__XqLOV\" translate=\"yes\"><strong>Ma\u00dfe<\/strong>: 120,5 mm (L) x 72,0 mm (B) x 20,4 mm (H)<\/li>\n<li class=\"AnswerParser_ListItem__XqLOV\" translate=\"yes\"><strong>Gewicht<\/strong>: 143 g<\/li>\n<li class=\"AnswerParser_ListItem__XqLOV\" translate=\"yes\"><strong>USB-Schnittstelle<\/strong>:\n<ul class=\"AnswerParser_AnswerParserUnorderedList__P_1FW\">\n<li class=\"AnswerParser_ListItem__XqLOV\" translate=\"yes\">Protokoll: USB CCID<\/li>\n<li class=\"AnswerParser_ListItem__XqLOV\" translate=\"yes\">Anschlusstyp: USB Typ-A (ACR1581U-C1), USB Typ-C (ACR1581U-CF)<\/li>\n<li class=\"AnswerParser_ListItem__XqLOV\" translate=\"yes\">Kabell\u00e4nge: 2 m, nicht abnehmbar<\/li>\n<\/ul>\n<\/li>\n<\/ul>\n<p><span class=\"AnswerParser_TextContainer__z_Iiv\" data-testid=\"youchat-text\">Das kompakte Design des ACR1581U erm\u00f6glicht eine einfache Integration in verschiedene Umgebungen, sei es an einer Verkaufsstelle oder in einem sicheren Zugangskontrollsystem.<\/span><\/p>\n<h2 class=\"AnswerParser_AnswerParserH2__SIHnF\">Unterst\u00fctzte Kartentypen<\/h2>\n<p><span class=\"AnswerParser_TextContainer__z_Iiv\" data-testid=\"youchat-text\">Der ACR1581U ist mit einer Vielzahl von Smartcards kompatibel, darunter:<\/span><\/p>\n<ul class=\"AnswerParser_AnswerParserUnorderedList__P_1FW\">\n<li class=\"AnswerParser_ListItem__XqLOV\" translate=\"yes\"><strong>Kontakt-Smartcards<\/strong>: Unterst\u00fctzt ISO 7816 Klasse A, B und C (5 V, 3 V, 1,8 V) mit den Protokollen T=0 und T=1.<\/li>\n<li class=\"AnswerParser_ListItem__XqLOV\" translate=\"yes\"><strong>Kontaktlose Chipkarten<\/strong>: Unterst\u00fctzt ISO 14443 Typ A und B, ISO 15693, MIFARE\u00ae und FeliCa.<\/li>\n<li class=\"AnswerParser_ListItem__XqLOV\" translate=\"yes\"><strong>SAM-Kartenschnittstelle<\/strong>: Enth\u00e4lt einen Steckplatz f\u00fcr eine SIM-Karte im Standardformat f\u00fcr die sichere Zugriffsverwaltung.<\/li>\n<\/ul>\n<p><span class=\"AnswerParser_TextContainer__z_Iiv\" data-testid=\"youchat-text\">Diese umfassende Kompatibilit\u00e4t stellt sicher, dass der ACR1581U die Anforderungen verschiedener Branchen und Anwendungen erf\u00fcllen kann.<\/span><\/p>\n<h2 class=\"AnswerParser_AnswerParserH2__SIHnF\">Technische Spezifikationen<\/h2>\n<div class=\"AnswerParser_TableContainer__Erb6v\" data-testid=\"table-container\">\n<table>\n<thead>\n<tr>\n<th>Spezifikation<\/th>\n<th>Details<\/th>\n<\/tr>\n<\/thead>\n<tbody>\n<tr>\n<td><strong>Schnittstelle<\/strong><\/td>\n<td>USB-CCID<\/td>\n<\/tr>\n<tr>\n<td><strong>Steckertyp<\/strong><\/td>\n<td>USB Typ-A (ACR1581U-C1), USB Typ-C (ACR1581U-CF)<\/td>\n<\/tr>\n<tr>\n<td><strong>Energiequelle<\/strong><\/td>\n<td>Vom USB-Anschluss<\/td>\n<\/tr>\n<tr>\n<td><strong>Geschwindigkeit<\/strong><\/td>\n<td>USB-Vollgeschwindigkeit (12 Mbit\/s)<\/td>\n<\/tr>\n<tr>\n<td><strong>Ma\u00dfe<\/strong><\/td>\n<td>120,5 mm (L) x 72,0 mm (B) x 20,4 mm (H)<\/td>\n<\/tr>\n<tr>\n<td><strong>Gewicht<\/strong><\/td>\n<td>143 g<\/td>\n<\/tr>\n<tr>\n<td><strong>Kontakt Smart Card Schnittstelle<\/strong><\/td>\n<td>ISO 7816 Klasse A, B, C<\/td>\n<\/tr>\n<tr>\n<td><strong>Kontaktlose Smartcard-Schnittstelle<\/strong><\/td>\n<td>ISO 14443 Typ A und B, ISO 15693, MIFARE\u00ae, FeliCa<\/td>\n<\/tr>\n<tr>\n<td><strong>Firmware-Aktualisierung<\/strong><\/td>\n<td>Unterst\u00fctzt<\/td>\n<\/tr>\n<tr>\n<td><strong>Zertifizierungen<\/strong><\/td>\n<td>IEC\/EN 62368, CE, FCC, UKCA, VCCI, RoHS, REACH, WEEE<\/td>\n<\/tr>\n<\/tbody>\n<\/table>\n<\/div>\n<h2 class=\"AnswerParser_AnswerParserH2__SIHnF\">Gebrauchsanweisung<\/h2>\n<p><span class=\"AnswerParser_TextContainer__z_Iiv\" data-testid=\"youchat-text\">Die Verwendung des ACR1581U NFC-Leseger\u00e4ts ist unkompliziert:<\/span><\/p>\n<ol class=\"AnswerParser_AnswerParserOrderedList__kl_2Y\">\n<li class=\"AnswerParser_ListItem__XqLOV\" translate=\"yes\"><strong>Ger\u00e4t anschlie\u00dfen<\/strong>: Schlie\u00dfen Sie das Leseger\u00e4t \u00fcber die USB-Verbindung an Ihren Computer oder ein kompatibles Ger\u00e4t an.<\/li>\n<li class=\"AnswerParser_ListItem__XqLOV\" translate=\"yes\"><strong>Installieren Sie die erforderliche Software<\/strong>: Abh\u00e4ngig von Ihrer Anwendung m\u00fcssen Sie m\u00f6glicherweise spezielle Software oder Treiber installieren. Der ACR1581U ist mit verschiedenen Betriebssystemen kompatibel, darunter Windows, Linux, macOS, Android\u2122 und iOS\/iPadOS (16 oder h\u00f6her).<\/li>\n<li class=\"AnswerParser_ListItem__XqLOV\" translate=\"yes\"><strong>Beginnen Sie mit dem Lesen und Schreiben<\/strong>: Wenn das Ger\u00e4t angeschlossen und die Software installiert ist, k\u00f6nnen Sie mit dem Lesen und Schreiben von Daten auf Smartcards und NFC-Tags beginnen. Die benutzerfreundliche Oberfl\u00e4che und die Feedback-Mechanismen machen diesen Vorgang schnell und effizient.<\/li>\n<\/ol>\n<h2 class=\"AnswerParser_AnswerParserH2__SIHnF\">Umweltauswirkungen und Compliance<\/h2>\n<p><span class=\"AnswerParser_TextContainer__z_Iiv\" data-testid=\"youchat-text\">Der ACR1581U-Smartcard-Leser wurde im Hinblick auf Nachhaltigkeit entwickelt. Er erf\u00fcllt verschiedene Umweltstandards, darunter RoHS und WEEE, und stellt sicher, dass er globale Nachhaltigkeitsziele erf\u00fcllt. Durch die Nutzung effizienter Energieverwaltung und wiederverwertbarer Materialien minimiert der ACR1581U seinen \u00f6kologischen Fu\u00dfabdruck.<\/span><\/p>\n<h2 class=\"AnswerParser_AnswerParserH2__SIHnF\">Kundenbewertungen<\/h2>\n<p><span class=\"AnswerParser_TextContainer__z_Iiv\" data-testid=\"youchat-text\">Der ACR1581U hat positives Feedback von Anwendern aus verschiedenen Branchen erhalten. Kunden sch\u00e4tzen seine Zuverl\u00e4ssigkeit, Benutzerfreundlichkeit und Vielseitigkeit. Hier sind einige Highlights aus Bewertungen und Rezensionen:<\/span><\/p>\n<ul class=\"AnswerParser_AnswerParserUnorderedList__P_1FW\">\n<li class=\"AnswerParser_ListItem__XqLOV\" translate=\"yes\"><strong>Benutzerfreundlich<\/strong>: Viele Benutzer haben bemerkt, wie einfach es ist, das Ger\u00e4t einzurichten und in Betrieb zu nehmen.<\/li>\n<li class=\"AnswerParser_ListItem__XqLOV\" translate=\"yes\"><strong>Vielseitig<\/strong>: Kunden sch\u00e4tzen die M\u00f6glichkeit, mit verschiedenen Smartcards und NFC-Tags zu arbeiten, wodurch es f\u00fcr verschiedene Anwendungen geeignet ist.<\/li>\n<li class=\"AnswerParser_ListItem__XqLOV\" translate=\"yes\"><strong>Zuverl\u00e4ssige Leistung<\/strong>: Benutzer erw\u00e4hnen h\u00e4ufig, dass der ACR1581U konstant eine schnelle und effiziente Leistung liefert.<\/li>\n<\/ul>\n<h2 class=\"AnswerParser_AnswerParserH2__SIHnF\">H\u00e4ufig gestellte Fragen (FAQs)<\/h2>\n<p><span class=\"AnswerParser_TextContainer__z_Iiv\" data-testid=\"youchat-text\"><strong>F1: Welche Kartentypen kann der ACR1581U lesen?<\/strong><br \/>\nA1: Der ACR1581U kann verschiedene Smartcards lesen, darunter ISO 7816, ISO 14443 Typ A &amp; B, MIFARE\u00ae und FeliCa.<\/span><\/p>\n<p><span class=\"AnswerParser_TextContainer__z_Iiv\" data-testid=\"youchat-text\"><strong>F2: Ist der ACR1581U mit Mobilger\u00e4ten kompatibel?<\/strong><br \/>\nA2: Ja, der ACR1581U ist mit Android\u2122- und iOS\/iPadOS-Ger\u00e4ten kompatibel und somit vielseitig f\u00fcr mobile Anwendungen einsetzbar.<\/span><\/p>\n<p><span class=\"AnswerParser_TextContainer__z_Iiv\" data-testid=\"youchat-text\"><strong>F3: Kann ich die Firmware des ACR1581U aktualisieren?<\/strong><br \/>\nA3: Ja, der ACR1581U unterst\u00fctzt Firmware-Upgrades, um optimale Leistung und Kompatibilit\u00e4t mit neuen Standards sicherzustellen.<\/span><\/p>\n<h2 class=\"AnswerParser_AnswerParserH2__SIHnF\">Warum sollten Sie sich f\u00fcr das NFC-Leseger\u00e4t ACR1581U entscheiden?<\/h2>\n<p><span class=\"AnswerParser_TextContainer__z_Iiv\" data-testid=\"youchat-text\">Der ACR1581U-Smartcard-Leser ist ein au\u00dfergew\u00f6hnliches Produkt im Bereich der kontaktlosen Technologie. Seine Kombination aus Dual-Interface-Funktionen, umfassender Kompatibilit\u00e4t mit verschiedenen Smartcards und Benutzerfreundlichkeit macht ihn zu einem unsch\u00e4tzbaren Vorteil f\u00fcr Unternehmen und Entwickler, die die NFC-Technologie nutzen m\u00f6chten. Egal, ob Sie die Zahlungsabwicklung verbessern, die Zugangskontrolle optimieren oder mit NFC-Anwendungen innovativ sein m\u00f6chten, der ACR1581U ist die perfekte Wahl.<\/span><span class=\"AnswerParser_TextContainer__z_Iiv\" data-testid=\"youchat-text\">Mit der Investition in den ACR1581U erwerben Sie einen hochwertigen, zuverl\u00e4ssigen Chipkartenleser, der sich Ihren Anforderungen anpasst. Erleben Sie die M\u00f6glichkeiten dieses fortschrittlichen\u00a0<strong>Chipkartenleser<\/strong>\u00a0Angebote und transformieren Sie Ihre NFC-Interaktionen noch heute!<\/span><\/p>\n<hr \/>\n<p><span class=\"AnswerParser_TextContainer__z_Iiv\" data-testid=\"youchat-text\">Mit der Wahl des ACR1581U steigern Sie nicht nur Ihre Betriebseffizienz, sondern stellen auch sicher, dass Sie mit einem Ger\u00e4t ausgestattet sind, das den neuesten Standards und Technologien entspricht. Verpassen Sie nicht die Gelegenheit, Ihr NFC-Erlebnis zu verbessern \u2013 ziehen Sie den ACR1581U f\u00fcr Ihr n\u00e4chstes Projekt in Betracht!<\/span><\/p>","protected":false},"excerpt":{"rendered":"<p>ACR1581U ist ein Chipkartenleser, der NFC und ISO\/IEC 15693, 14443 unterst\u00fctzt.<\/p>","protected":false},"featured_media":3289,"template":"","meta":[],"product_brand":[],"product_cat":[45,39,40],"product_tag":[],"class_list":{"0":"post-3288","1":"product","2":"type-product","3":"status-publish","4":"has-post-thumbnail","6":"product_cat-contactless-nfc-reader","7":"product_cat-usb-ic-smartcard-reader","8":"product_cat-rfid-nfc-reader","10":"first","11":"instock","12":"shipping-taxable","13":"product-type-simple"},"_links":{"self":[{"href":"https:\/\/nfc-readers.com\/de\/wp-json\/wp\/v2\/product\/3288","targetHints":{"allow":["GET"]}}],"collection":[{"href":"https:\/\/nfc-readers.com\/de\/wp-json\/wp\/v2\/product"}],"about":[{"href":"https:\/\/nfc-readers.com\/de\/wp-json\/wp\/v2\/types\/product"}],"wp:featuredmedia":[{"embeddable":true,"href":"https:\/\/nfc-readers.com\/de\/wp-json\/wp\/v2\/media\/3289"}],"wp:attachment":[{"href":"https:\/\/nfc-readers.com\/de\/wp-json\/wp\/v2\/media?parent=3288"}],"wp:term":[{"taxonomy":"product_brand","embeddable":true,"href":"https:\/\/nfc-readers.com\/de\/wp-json\/wp\/v2\/product_brand?post=3288"},{"taxonomy":"product_cat","embeddable":true,"href":"https:\/\/nfc-readers.com\/de\/wp-json\/wp\/v2\/product_cat?post=3288"},{"taxonomy":"product_tag","embeddable":true,"href":"https:\/\/nfc-readers.com\/de\/wp-json\/wp\/v2\/product_tag?post=3288"}],"curies":[{"name":"wp","href":"https:\/\/api.w.org\/{rel}","templated":true}]}}