{"id":3296,"date":"2024-11-01T05:02:29","date_gmt":"2024-11-01T05:02:29","guid":{"rendered":"https:\/\/nfc-readers.com\/?post_type=product&#038;p=3296"},"modified":"2024-11-01T05:02:30","modified_gmt":"2024-11-01T05:02:30","slug":"aes-128-encryption-algorithm-nfc-forum-4-dia-30mm-nfc-tag","status":"publish","type":"product","link":"https:\/\/nfc-readers.com\/de\/ic-reader\/aes-128-encryption-algorithm-nfc-forum-4-dia-30mm-nfc-tag\/","title":{"rendered":"AES 128 Verschl\u00fcsselungsalgorithmus NFC Forum 4 Dia 30mm NFC Tag"},"content":{"rendered":"<h1 style=\"text-align: center;\"><strong>AES 128 Verschl\u00fcsselungsalgorithmus NFC Forum 4 Dia 30mm NFC Tag<\/strong><\/h1>\n<p>&nbsp;<\/p>\n<p>Der <strong>AES 128-Verschl\u00fcsselungsalgorithmus NFC Forum 4 NFC-Tag mit 30 mm Durchmesser<\/strong>\u00a0ist eine vielseitige und sichere L\u00f6sung f\u00fcr eine Vielzahl von Anwendungen, die zuverl\u00e4ssige Datenkommunikation und Sicherheit erfordern. Dieses mit modernster Technologie hergestellte NFC-Tag integriert den fortschrittlichen NTAG 424 DNA-Chip und gew\u00e4hrleistet durch AES 128-verschl\u00fcsselte UID das h\u00f6chste Ma\u00df an Datenschutz, was es zur idealen Wahl f\u00fcr Unternehmen und den privaten Gebrauch macht. In dieser umfassenden Produktbeschreibung gehen wir auf seine Funktionen, Vorteile und praktischen Anwendungen ein und zeigen auf, warum es eine lohnende Investition f\u00fcr Ihre NFC-Anforderungen ist.<\/p>\n<p>&nbsp;<\/p>\n<h3><strong>Warum den NFC-Tag mit AES-128-Verschl\u00fcsselung kaufen?<\/strong><\/h3>\n<p>Der mit AES 128-Verschl\u00fcsselung ausgestattete NFC Forum 4 Tag bietet un\u00fcbertroffene Sicherheit und Funktionalit\u00e4t in kompakter Form. Seine wasser- und wetterfesten Eigenschaften machen ihn robust f\u00fcr den Einsatz im Freien und stellen sicher, dass Sie ihn auf verschiedenen Oberfl\u00e4chen, einschlie\u00dflich Metall, anbringen k\u00f6nnen. Entwickelt f\u00fcr innovative Anwendungen, von <strong>WLAN-Kopplung<\/strong>\u00a0Zu\u00a0<strong>Posterkartenintegrationen<\/strong>bietet dieser NFC-Tag eine sichere Methode zur m\u00fchelosen Daten\u00fcbertragung. Dar\u00fcber hinaus ist er kompatibel mit\u00a0<strong>NFC-f\u00e4hige Mobilger\u00e4te<\/strong>\u00a0vereinfacht das Benutzererlebnis und erm\u00f6glicht den einfachen Zugriff auf Informationen mit nur einem Fingertipp.<\/p>\n<p>&nbsp;<\/p>\n<h3><strong>Besonderheiten des NFC-Tags mit AES 128-Verschl\u00fcsselung<\/strong><\/h3>\n<p>&nbsp;<\/p>\n<p>Der\u00a0<strong>NFC-Tag mit AES 128-Verschl\u00fcsselung<\/strong>\u00a0ist mit zahlreichen Funktionen ausgestattet, die die Funktionalit\u00e4t und Zuverl\u00e4ssigkeit in verschiedenen Umgebungen verbessern:<\/p>\n<ul>\n<li><strong>Wasserdicht \/ Wetterfest:<\/strong>\u00a0Dies gew\u00e4hrleistet Haltbarkeit und Leistung im Innen- und Au\u00dfenbereich und sch\u00fctzt es vor Feuchtigkeit und Staub.<\/li>\n<li><strong>Manipulationssicher:<\/strong>\u00a0Das Etikett weist Funktionen auf, die anzeigen, ob es manipuliert wurde, und bietet so eine zus\u00e4tzliche Sicherheitsebene gegen unbefugten Zugriff.<\/li>\n<\/ul>\n<p>Aufgrund seiner einzigartigen Kombination von Funktionen ist es die bevorzugte Wahl f\u00fcr Unternehmen, die ihre Sicherheitsma\u00dfnahmen verbessern oder ihre Betriebsabl\u00e4ufe optimieren m\u00f6chten.<\/p>\n<p>&nbsp;<\/p>\n<table class=\"preview\" style=\"height: 271px;\" width=\"529\">\n<thead>\n<tr>\n<th>Spezifikation<\/th>\n<th>Details<\/th>\n<\/tr>\n<\/thead>\n<tbody>\n<tr>\n<td>Modell-Nr<\/td>\n<td>SX-T424DNA<\/td>\n<\/tr>\n<tr>\n<td>Chip<\/td>\n<td>NTAG 424 DNA<\/td>\n<\/tr>\n<tr>\n<td>Gr\u00f6\u00dfe<\/td>\n<td>Durchmesser 30 mm<\/td>\n<\/tr>\n<tr>\n<td>Kapazit\u00e4t<\/td>\n<td>50 PF<\/td>\n<\/tr>\n<tr>\n<td>\u00dcbertragungsrate<\/td>\n<td>848 Kbit\/s<\/td>\n<\/tr>\n<tr>\n<td>Protokoll<\/td>\n<td>ISO\/IEC 14443-A<\/td>\n<\/tr>\n<tr>\n<td>Tag-Typ<\/td>\n<td>NFC Forum 4<\/td>\n<\/tr>\n<tr>\n<td>Oberfl\u00e4chenfinish<\/td>\n<td>Gl\u00e4nzend\/mattiert<\/td>\n<\/tr>\n<tr>\n<td>Verpackung<\/td>\n<td>1000-5000 St\u00fcck\/<\/td>\n<\/tr>\n<\/tbody>\n<\/table>\n<h3><\/h3>\n<h3><strong>H\u00e4ufig gestellte Fragen zum NFC-Tag<\/strong><\/h3>\n<h3>1.\u00a0<strong>Was ist ein NFC-Tag?<\/strong><\/h3>\n<p>Ein NFC-Tag (Near Field Communication) ist ein kleiner Chip, der die drahtlose Kommunikation zwischen Ger\u00e4ten erm\u00f6glicht, wenn diese sich in unmittelbarer N\u00e4he befinden. Er wird h\u00e4ufig f\u00fcr den Datenaustausch, kontaktlose Zahlungen und verschiedene Anwendungen im Marketing und Informationsaustausch verwendet.<\/p>\n<h3>2.\u00a0<strong>Wie erh\u00f6ht die AES-128-Verschl\u00fcsselung die Sicherheit?<\/strong><\/h3>\n<p>Die AES-128-Verschl\u00fcsselung f\u00fcgt eine zus\u00e4tzliche Sicherheitsebene hinzu, indem sie die auf dem NFC-Tag gespeicherten Daten verschl\u00fcsselt. Das bedeutet, dass selbst wenn es jemandem gelingt, die Daten zu lesen, er sie ohne den entsprechenden Entschl\u00fcsselungsschl\u00fcssel nicht verstehen kann. So werden vertrauliche Informationen vor unbefugtem Zugriff gesch\u00fctzt.<\/p>\n<h3>3.\u00a0<strong>Kann dieser NFC-Tag auf Metalloberfl\u00e4chen verwendet werden?<\/strong><\/h3>\n<p>Ja, der NFC-Tag mit AES 128-Verschl\u00fcsselung ist besonders vielseitig und kann auf Metalloberfl\u00e4chen sowie anderen Materialien angebracht werden. Dies macht ihn ideal f\u00fcr verschiedene Anwendungen, einschlie\u00dflich Produktkennzeichnung und industrieller Nutzung.<\/p>\n<h3>4.\u00a0<strong>Welche Ger\u00e4te sind mit NFC-Tags kompatibel?<\/strong><\/h3>\n<p>Die meisten modernen Smartphones und Tablets, die die NFC-Technologie unterst\u00fctzen, sind mit diesem Tag kompatibel. Benutzer k\u00f6nnen die gespeicherten Daten einfach lesen, indem sie ihr Ger\u00e4t an den NFC-Tag halten.<\/p>\n<h3>5.\u00a0<strong>Kann dieses Tag umgeschrieben werden?<\/strong><\/h3>\n<p>Ja, der NFC-Tag mit AES 128-Verschl\u00fcsselung ist wiederbeschreibbar, sodass Sie die gespeicherten Daten nach Bedarf \u00e4ndern k\u00f6nnen. Diese Funktion ist besonders n\u00fctzlich f\u00fcr Unternehmen, die Flexibilit\u00e4t beim Aktualisieren von Informationen ben\u00f6tigen.<\/p>","protected":false},"excerpt":{"rendered":"<p>Der 30 mm gro\u00dfe NFC Forum 4 Tag mit AES 128-Verschl\u00fcsselung bietet robuste Sicherheit f\u00fcr die Daten\u00fcbertragung. Er ist ideal f\u00fcr verschiedene Anwendungen und gew\u00e4hrleistet nahtlose und zuverl\u00e4ssige NFC-Interaktionen.<\/p>","protected":false},"featured_media":3297,"template":"","meta":[],"product_brand":[],"product_cat":[47],"product_tag":[],"class_list":{"0":"post-3296","1":"product","2":"type-product","3":"status-publish","4":"has-post-thumbnail","6":"product_cat-nfc-tags","8":"first","9":"instock","10":"shipping-taxable","11":"product-type-simple"},"_links":{"self":[{"href":"https:\/\/nfc-readers.com\/de\/wp-json\/wp\/v2\/product\/3296","targetHints":{"allow":["GET"]}}],"collection":[{"href":"https:\/\/nfc-readers.com\/de\/wp-json\/wp\/v2\/product"}],"about":[{"href":"https:\/\/nfc-readers.com\/de\/wp-json\/wp\/v2\/types\/product"}],"wp:featuredmedia":[{"embeddable":true,"href":"https:\/\/nfc-readers.com\/de\/wp-json\/wp\/v2\/media\/3297"}],"wp:attachment":[{"href":"https:\/\/nfc-readers.com\/de\/wp-json\/wp\/v2\/media?parent=3296"}],"wp:term":[{"taxonomy":"product_brand","embeddable":true,"href":"https:\/\/nfc-readers.com\/de\/wp-json\/wp\/v2\/product_brand?post=3296"},{"taxonomy":"product_cat","embeddable":true,"href":"https:\/\/nfc-readers.com\/de\/wp-json\/wp\/v2\/product_cat?post=3296"},{"taxonomy":"product_tag","embeddable":true,"href":"https:\/\/nfc-readers.com\/de\/wp-json\/wp\/v2\/product_tag?post=3296"}],"curies":[{"name":"wp","href":"https:\/\/api.w.org\/{rel}","templated":true}]}}