{"id":3303,"date":"2024-11-01T05:12:29","date_gmt":"2024-11-01T05:12:29","guid":{"rendered":"https:\/\/nfc-readers.com\/?post_type=product&#038;p=3303"},"modified":"2024-11-01T05:12:29","modified_gmt":"2024-11-01T05:12:29","slug":"dia-30mm-ntag-424-dna-nfc-sticker-tamper-proof-high-security-2","status":"publish","type":"product","link":"https:\/\/nfc-readers.com\/de\/ic-reader\/dia-30mm-ntag-424-dna-nfc-sticker-tamper-proof-high-security-2\/","title":{"rendered":"Durchmesser 30 mm NTAG 424 DNA NFC-Aufkleber, manipulationssicher, hohe Sicherheit"},"content":{"rendered":"<h1 style=\"text-align: center;\"><strong>Durchmesser 30 mm NTAG 424 DNA NFC-Aufkleber, manipulationssicher, hohe Sicherheit<\/strong><\/h1>\n<p>&nbsp;<\/p>\n<p>Steigern Sie die Authentizit\u00e4t Ihrer Produkte mit dem innovativen\u00a0<strong>Durchmesser 30 mm NTAG 424 DNA NFC-Aufkleber<\/strong>. Dieses hochmoderne Produkt vereint hohe Sicherheit und benutzerfreundliche Funktionen und ist damit ein unverzichtbares Werkzeug f\u00fcr die F\u00e4lschungssicherheit von Rotwein und mehr. Mit seinen manipulationssicheren Eigenschaften, seinem wasserdichten Design und seiner sicheren Kommunikationsschnittstelle ist dieser NFC-Aufkleber unverzichtbar f\u00fcr Marken, die ihre Produkte sch\u00fctzen und das Vertrauen ihrer Kunden gewinnen m\u00f6chten.<\/p>\n<h3><\/h3>\n<p>&nbsp;<\/p>\n<p>Der wachsende Bedarf an Produktverifizierung auf dem heutigen Markt kann nicht genug betont werden. Angesichts der zunehmenden F\u00e4lle von Produktf\u00e4lschungen, insbesondere bei wertvollen Produkten wie Rotwein, ist die Gew\u00e4hrleistung der Integrit\u00e4t Ihrer Marke von gr\u00f6\u00dfter Bedeutung. Der NTAG 424 DNA NFC-Aufkleber bietet unglaublichen Schutz vor Manipulation und unbefugtem Zugriff und verf\u00fcgt \u00fcber Funktionen, die durch hochmoderne Sicherheitsprotokolle unterst\u00fctzt werden. Durch die Investition in diese NFC-Aufkleber sch\u00fctzen Sie Ihr Produkt, verbessern das Kundenerlebnis und st\u00e4rken die Markentreue.<\/p>\n<p>&nbsp;<\/p>\n<h3><strong>Produkt\u00fcbersicht und Spezifikationen<\/strong><\/h3>\n<p>Der\u00a0<strong>Durchmesser 30 mm NTAG 424 DNA NFC-Aufkleber<\/strong>\u00a0ist auf erstklassige Leistung ausgelegt und kombiniert einen Hochsicherheitschip mit multifunktionalen Funktionen. Hergestellt aus langlebigem\u00a0<strong>PET-Material<\/strong>Dieser Aufkleber ist nicht nur auf Langlebigkeit ausgelegt, sondern h\u00e4lt auch verschiedenen Umweltbedingungen stand. Nachfolgend finden Sie die wichtigsten Spezifikationen, die Sie beachten sollten:<\/p>\n<ul>\n<li><strong>Chip-Modell<\/strong>: NTAG 424 DNA<\/li>\n<li><strong>Gr\u00f6\u00dfe<\/strong>: Durchmesser 30mm<\/li>\n<li><strong>Erinnerung<\/strong>: 416 Bytes<\/li>\n<li><strong>Frequenz<\/strong>: 13,56 MHz<\/li>\n<li><strong>NFC-Forumtyp<\/strong>: Typ 4<\/li>\n<li><strong>Sicherheitsprotokoll<\/strong>: 128-Bit AES, LRP<\/li>\n<li><strong>Zugriffsschl\u00fcssel<\/strong>: 5 x 128 Bit<\/li>\n<li><strong>Ausdauer schreiben<\/strong>: 200.000 Zyklen<\/li>\n<li><strong>Material<\/strong>: PET (wasserdicht\/wetterfest)<\/li>\n<li><strong>Herkunftsort<\/strong>: Guangdong, China<\/li>\n<\/ul>\n<p>Diese Spezifikationen weisen darauf hin, dass dieser NFC-Sticker auf hohe Leistung und Zuverl\u00e4ssigkeit ausgelegt ist und sich ideal f\u00fcr Anwendungen eignet, die st\u00e4ndige Interaktion und Datensicherheit erfordern.<\/p>\n<p>&nbsp;<\/p>\n<p>&nbsp;<\/p>\n<h3><strong>Hauptmerkmale des NTAG 424 DNA NFC-Aufklebers<\/strong><\/h3>\n<p>&nbsp;<\/p>\n<p>Der\u00a0<strong>NFC-Aufkleber<\/strong>\u00a0integriert einige\u00a0<strong>besondere Merkmale<\/strong>\u00a0die seine Gesamtleistung verbessern. Hier sind einige herausragende Merkmale:<\/p>\n<ul>\n<li><strong>Wasserdicht und wetterfest<\/strong>: Dieser NFC-Aufkleber ist so konstruiert, dass er verschiedenen Umweltbedingungen standh\u00e4lt und sich daher sowohl f\u00fcr den Innen- als auch f\u00fcr den Au\u00dfenbereich eignet. Ob Spritzwasser oder Sonneneinstrahlung, der\u00a0<strong>NTAG 424 DNA NFC-Aufkleber<\/strong>\u00a0bleibt funktionsf\u00e4hig und intakt.<\/li>\n<li><strong>Leistungsstarke Kommunikation<\/strong>: Betrieb mit einer Frequenz von\u00a0<strong>13,56 MHz<\/strong>erm\u00f6glicht dieser NFC-Sticker eine schnelle Kommunikation mit\u00a0<strong>NFC-f\u00e4hige Smartphones<\/strong>\u00a0und Ger\u00e4te. Diese nahtlose Interaktion gew\u00e4hrleistet einen effizienten und schnellen Zugriff auf Informationen, wenn der Aufkleber gescannt wird.<\/li>\n<li><strong>Manipulationssichere Technologie<\/strong>: Die F\u00e4higkeit des Aufklebers, als manipulationssicheres Siegel zu fungieren, sorgt f\u00fcr Sicherheit. Wenn jemand versucht, ohne entsprechende Berechtigung auf die Informationen zuzugreifen, signalisiert der Aufkleber die Manipulation und sch\u00fctzt so die Integrit\u00e4t Ihres Produkts.<\/li>\n<\/ul>\n<p>Diese Kombination von Funktionen macht den NTAG 424 DNA NFC-Aufkleber zu einem wertvollen Aktivposten f\u00fcr Unternehmen, die in den Schutz und die Verifizierung ihrer Produkte investieren.<\/p>\n<p>&nbsp;<\/p>\n<h3><strong>FAQs: H\u00e4ufige Fragen zum Dia 30mm NTAG 424 DNA NFC Sticker<\/strong><\/h3>\n<h3>1.\u00a0<strong>Wof\u00fcr wird der 30 mm gro\u00dfe NTAG 424 DNA NFC-Aufkleber verwendet?<\/strong><\/h3>\n<p>Der NTAG 424 DNA NFC-Aufkleber wird haupts\u00e4chlich zur Produktauthentifizierung und zum Schutz vor F\u00e4lschungen verwendet, insbesondere bei wertvollen Artikeln wie Rotwein. Er kann auch in verschiedenen Bereichen wie Einzelhandel, Logistik und Bestandsverwaltung eingesetzt werden, indem er beim Scannen mit einem NFC-f\u00e4higen Smartphone einfachen Zugriff auf digitale Inhalte bietet.<\/p>\n<h3>2.\u00a0<strong>Wie verwende ich den NFC-Sticker?<\/strong><\/h3>\n<p>Um den NFC-Sticker zu verwenden, muss lediglich die Schutzfolie abgezogen und der Sticker auf der gew\u00fcnschten Oberfl\u00e4che angebracht werden. Zum Scannen ben\u00f6tigen Nutzer ein NFC-f\u00e4higes Smartphone oder Endger\u00e4t. Durch das Halten des Endger\u00e4ts in die N\u00e4he des Stickers k\u00f6nnen die darauf gespeicherten Informationen automatisch abgerufen werden.<\/p>\n<h3>3.\u00a0<strong>Ist der NTAG 424 DNA NFC-Sticker wasserdicht?<\/strong><\/h3>\n<p>Ja, der NTAG 424 DNA NFC-Aufkleber ist wasser- und wetterfest. Er h\u00e4lt verschiedenen Umweltbedingungen stand und ist daher sowohl f\u00fcr den Innen- als auch f\u00fcr den Au\u00dfenbereich geeignet.<\/p>\n<h3>4.\u00a0<strong>Wie sicher sind die auf dem NFC-Sticker gespeicherten Daten?<\/strong><\/h3>\n<p>Der Aufkleber verf\u00fcgt \u00fcber robuste Sicherheitsprotokolle, darunter 128-Bit-AES-Verschl\u00fcsselung und mehrere Zugriffsschl\u00fcssel (5 x 128 Bit). Diese Sicherheitsstufe sch\u00fctzt die Daten vor unbefugtem Zugriff und stellt sicher, dass nur autorisierte Benutzer die darauf gespeicherten Informationen abrufen oder \u00e4ndern k\u00f6nnen.<\/p>\n<h3>5.\u00a0<strong>K\u00f6nnen die Daten auf dem NFC-Sticker aktualisiert werden?<\/strong><\/h3>\n<p>Ja, die auf dem NTAG 424 DNA NFC-Aufkleber gespeicherten Daten k\u00f6nnen mit einem NFC-f\u00e4higen Ger\u00e4t aktualisiert werden. Diese Funktion ist besonders n\u00fctzlich f\u00fcr Unternehmen, die ihre Produktinformationen stets aktuell und relevant halten m\u00fcssen.<\/p>","protected":false},"excerpt":{"rendered":"<p>Der\u00a0<strong>Durchmesser 30 mm NTAG 424 DNA NFC-Aufkleber<\/strong>\u00a0bietet hohe Sicherheit und Manipulationsschutzfunktionen und ist damit eine unverzichtbare L\u00f6sung zur Produktauthentifizierung und zum Schutz vor F\u00e4lschungen. Dieser auf Langlebigkeit und Wasserfestigkeit ausgelegte NFC-Aufkleber gew\u00e4hrleistet zuverl\u00e4ssigen Schutz und R\u00fcckverfolgbarkeit f\u00fcr eine Vielzahl von Anwendungen.<\/p>","protected":false},"featured_media":3304,"template":"","meta":[],"product_brand":[],"product_cat":[48],"product_tag":[],"class_list":{"0":"post-3303","1":"product","2":"type-product","3":"status-publish","4":"has-post-thumbnail","6":"product_cat-nfc-stickers","8":"first","9":"instock","10":"shipping-taxable","11":"product-type-simple"},"_links":{"self":[{"href":"https:\/\/nfc-readers.com\/de\/wp-json\/wp\/v2\/product\/3303","targetHints":{"allow":["GET"]}}],"collection":[{"href":"https:\/\/nfc-readers.com\/de\/wp-json\/wp\/v2\/product"}],"about":[{"href":"https:\/\/nfc-readers.com\/de\/wp-json\/wp\/v2\/types\/product"}],"wp:featuredmedia":[{"embeddable":true,"href":"https:\/\/nfc-readers.com\/de\/wp-json\/wp\/v2\/media\/3304"}],"wp:attachment":[{"href":"https:\/\/nfc-readers.com\/de\/wp-json\/wp\/v2\/media?parent=3303"}],"wp:term":[{"taxonomy":"product_brand","embeddable":true,"href":"https:\/\/nfc-readers.com\/de\/wp-json\/wp\/v2\/product_brand?post=3303"},{"taxonomy":"product_cat","embeddable":true,"href":"https:\/\/nfc-readers.com\/de\/wp-json\/wp\/v2\/product_cat?post=3303"},{"taxonomy":"product_tag","embeddable":true,"href":"https:\/\/nfc-readers.com\/de\/wp-json\/wp\/v2\/product_tag?post=3303"}],"curies":[{"name":"wp","href":"https:\/\/api.w.org\/{rel}","templated":true}]}}