{"id":3318,"date":"2024-11-01T05:29:10","date_gmt":"2024-11-01T05:29:10","guid":{"rendered":"https:\/\/nfc-readers.com\/?post_type=product&#038;p=3318"},"modified":"2024-11-01T05:29:20","modified_gmt":"2024-11-01T05:29:20","slug":"iso15693-icode-custom-size-pet-wet-dry-inlay-nfc-sticker","status":"publish","type":"product","link":"https:\/\/nfc-readers.com\/de\/ic-reader\/iso15693-icode-custom-size-pet-wet-dry-inlay-nfc-sticker\/","title":{"rendered":"ISO15693 ICODE Benutzerdefinierte Gr\u00f6\u00dfe PET WET Dry Inlay NFC Aufkleber"},"content":{"rendered":"<h1 style=\"text-align: center;\"><strong>ISO15693 ICODE Benutzerdefinierte Gr\u00f6\u00dfe PET WET Dry Inlay NFC Aufkleber<\/strong><\/h1>\n<p>&nbsp;<\/p>\n<p>Im heutigen digitalen Zeitalter hat die Integration der Near Field Communication (NFC)-Technologie die Art und Weise ver\u00e4ndert, wie Unternehmen mit ihren Kunden kommunizieren und interagieren.\u00a0<strong>ISO15693 ICODE Benutzerdefinierte Gr\u00f6\u00dfe PET WET Dry Inlay NFC Aufkleber<\/strong>\u00a0stellt einen bedeutenden Fortschritt bei NFC-Produkten dar und bietet zuverl\u00e4ssige Kommunikation, vielseitige Anwendungen und au\u00dfergew\u00f6hnliche Haltbarkeit. Dieser vielseitige NFC-Aufkleber, der f\u00fcr verschiedene Anwendungsf\u00e4lle entwickelt wurde, gew\u00e4hrleistet nahtlose Interaktionen zwischen Ger\u00e4ten und ist damit ein unverzichtbares Werkzeug f\u00fcr moderne Unternehmen und Privatpersonen.<\/p>\n<p>Mit einem NFC-Sticker k\u00f6nnen Sie Prozesse optimieren, die Benutzereinbindung verbessern und allt\u00e4gliche Aufgaben effizienter gestalten. Egal, ob Sie Ihre Marketingstrategien verbessern, das Kundenerlebnis verbessern oder Transaktionen vereinfachen m\u00f6chten, dieser NFC-Sticker bietet die Funktionen und Zuverl\u00e4ssigkeit, die Sie ben\u00f6tigen.<\/p>\n<p>&nbsp;<\/p>\n<h2><strong>Einzigartige Funktionen<\/strong><\/h2>\n<p>Die herausragenden Eigenschaften des ISO15693 ICODE NFC-Aufklebers machen ihn zu einem Muss f\u00fcr Unternehmen und Privatpersonen, die ihre Betriebsabl\u00e4ufe rationalisieren m\u00f6chten.<\/p>\n<ul>\n<li><strong>Wasserdicht\/wetterfest<\/strong>: Die F\u00e4higkeit, verschiedenen Umweltbedingungen standzuhalten, bedeutet, dass die NFC-Aufkleber im Freien oder in Bereichen verwendet werden k\u00f6nnen, in denen Feuchtigkeit vorhanden sein kann. Diese Funktion stellt sicher, dass der Aufkleber seine Funktionalit\u00e4t im Laufe der Zeit ohne Beeintr\u00e4chtigung beibeh\u00e4lt.<\/li>\n<li><strong>Benutzerdefinierte Gr\u00f6\u00dfen<\/strong>: Dieser NFC-Sticker kann je nach Anforderung in unterschiedlichen Gr\u00f6\u00dfen und Formen hergestellt werden und eignet sich somit f\u00fcr vielf\u00e4ltige Einsatzzwecke \u2013 sei es zur Produktkennzeichnung, f\u00fcr Zugangskontrollausweise oder als Werbemittel.<\/li>\n<\/ul>\n<p>Diese einzigartigen Funktionen verbessern nicht nur die Benutzerfreundlichkeit, sondern erweitern auch die Anwendungsm\u00f6glichkeiten in zahlreichen Branchen.<\/p>\n<p>&nbsp;<\/p>\n<h2><strong>Technische Spezifikationen<\/strong><\/h2>\n<table class=\"w-fit !mb-0 !max-w-none\" style=\"height: 300px;\" width=\"443\">\n<thead>\n<tr>\n<th>Spezifikation<\/th>\n<th>Details<\/th>\n<\/tr>\n<\/thead>\n<tbody>\n<tr>\n<td><strong>Frequenz<\/strong><\/td>\n<td>13,56 MHz<\/td>\n<\/tr>\n<tr>\n<td><strong>Chip-Typen<\/strong><\/td>\n<td>ICODE SLIX \/ SLIX2 \/ SLIXS<\/td>\n<\/tr>\n<tr>\n<td><strong>Erinnerung<\/strong><\/td>\n<td>Basierend auf Chip<\/td>\n<\/tr>\n<tr>\n<td><strong>Protokoll<\/strong><\/td>\n<td>ISO 15693-Richtlinie<\/td>\n<\/tr>\n<tr>\n<td><strong>Material<\/strong><\/td>\n<td>HAUSTIER<\/td>\n<\/tr>\n<tr>\n<td><strong>Benutzerdefiniertes Format<\/strong><\/td>\n<td>50*50MM oder Benutzerdefiniert<\/td>\n<\/tr>\n<tr>\n<td><strong>Herkunftsort<\/strong><\/td>\n<td>Guangdong, China<\/td>\n<\/tr>\n<tr>\n<td><strong>Verpackungsdetails<\/strong><\/td>\n<td>100 St\u00fcck\/Beutel, 5000 St\u00fcck\/Karton<\/td>\n<\/tr>\n<tr>\n<td><strong>Hafen<\/strong><\/td>\n<td>Shenzhen<\/td>\n<\/tr>\n<tr>\n<td><strong>Gewicht<\/strong><\/td>\n<td>0,010 kg<\/td>\n<\/tr>\n<\/tbody>\n<\/table>\n<p>Die detaillierten technischen Spezifikationen stellen sicher, dass das Produkt den Industriestandards entspricht und gleichzeitig Flexibilit\u00e4t f\u00fcr verschiedene Anwendungen bietet.<\/p>\n<p>&nbsp;<\/p>\n<h2><strong>FAQs<\/strong><\/h2>\n<p>Hier sind einige h\u00e4ufig gestellte Fragen zum\u00a0<strong>ISO15693 ICODE Benutzerdefinierte Gr\u00f6\u00dfe PET WET Dry Inlay NFC Aufkleber<\/strong>\u00a0um Ihnen zu helfen, seine F\u00e4higkeiten und Anwendungen besser zu verstehen:<\/p>\n<h3><strong>1. Welche Ger\u00e4te k\u00f6nnen mit dem NFC-Sticker interagieren?<\/strong><\/h3>\n<p>NFC-Sticker sind kompatibel mit den meisten\u00a0<strong>NFC-f\u00e4hige Smartphones<\/strong>, Tablets und kontaktlose Leseger\u00e4te. Ger\u00e4te, die die NFC-Technologie unterst\u00fctzen, k\u00f6nnen die im Aufkleber eingebetteten Informationen lesen.<\/p>\n<h3><strong>2. Wie langlebig ist der NFC-Sticker?<\/strong><\/h3>\n<p>Der ISO15693 ICODE NFC-Aufkleber besteht aus\u00a0<strong>PET-Material<\/strong>, wodurch es sowohl\u00a0<strong>wasserdicht und wetterfest<\/strong>. Es ist so konzipiert, dass es verschiedenen Umgebungsbedingungen standh\u00e4lt und Zuverl\u00e4ssigkeit und Langlebigkeit in unterschiedlichen Umgebungen gew\u00e4hrleistet.<\/p>\n<h3><strong>3. Kann ich die Gr\u00f6\u00dfe und Form des NFC-Stickers individuell anpassen?<\/strong><\/h3>\n<p>Ja! Der NFC-Sticker kann hergestellt werden in\u00a0<strong>verschiedene Gr\u00f6\u00dfen und Formen<\/strong>, sodass eine Anpassung an Ihre spezifischen Anwendungsanforderungen m\u00f6glich ist. Bitte erkundigen Sie sich nach den verf\u00fcgbaren Optionen.<\/p>\n<h3><strong>4. Wie gro\u00df ist die Lesereichweite des NFC-Stickers?<\/strong><\/h3>\n<p>Die Lesereichweite der NFC-Technologie betr\u00e4gt typischerweise\u00a0<strong>ein paar Zentimeter<\/strong>\u00a0(bis zu 10 cm). Die Leistung des Aufklebers kann je nach zum Scannen verwendetem Ger\u00e4t und Umgebungsfaktoren variieren.<\/p>\n<h3><strong>5. Welche Informationen kann ich auf dem NFC-Sticker speichern?<\/strong><\/h3>\n<p>Auf einem NFC-Sticker k\u00f6nnen Sie verschiedene Informationen speichern, darunter\u00a0<strong>URLs, Kontaktinformationen, Text und kleine Bin\u00e4rdaten<\/strong>\u00a0(normalerweise innerhalb der Speicherbeschr\u00e4nkungen des Chips). Durch die Verwendung unterschiedlicher Chipoptionen (z. B. ICODE SLIX) kann der Speicher variieren.<\/p>","protected":false},"excerpt":{"rendered":"<p>Der ISO15693 ICODE Custom Size PET WET Dry Inlay NFC-Aufkleber ist eine vielseitige und langlebige NFC-L\u00f6sung, die f\u00fcr eine nahtlose Kommunikation in nassen und trockenen Umgebungen entwickelt wurde. Mit anpassbaren Gr\u00f6\u00dfen und robusten wasserdichten Eigenschaften ist er ideal f\u00fcr verschiedene Anwendungen, von Marketingaktionen bis hin zur sicheren Zugangskontrolle.<\/p>","protected":false},"featured_media":3319,"template":"","meta":[],"product_brand":[],"product_cat":[48],"product_tag":[],"class_list":{"0":"post-3318","1":"product","2":"type-product","3":"status-publish","4":"has-post-thumbnail","6":"product_cat-nfc-stickers","8":"first","9":"instock","10":"shipping-taxable","11":"product-type-simple"},"_links":{"self":[{"href":"https:\/\/nfc-readers.com\/de\/wp-json\/wp\/v2\/product\/3318","targetHints":{"allow":["GET"]}}],"collection":[{"href":"https:\/\/nfc-readers.com\/de\/wp-json\/wp\/v2\/product"}],"about":[{"href":"https:\/\/nfc-readers.com\/de\/wp-json\/wp\/v2\/types\/product"}],"wp:featuredmedia":[{"embeddable":true,"href":"https:\/\/nfc-readers.com\/de\/wp-json\/wp\/v2\/media\/3319"}],"wp:attachment":[{"href":"https:\/\/nfc-readers.com\/de\/wp-json\/wp\/v2\/media?parent=3318"}],"wp:term":[{"taxonomy":"product_brand","embeddable":true,"href":"https:\/\/nfc-readers.com\/de\/wp-json\/wp\/v2\/product_brand?post=3318"},{"taxonomy":"product_cat","embeddable":true,"href":"https:\/\/nfc-readers.com\/de\/wp-json\/wp\/v2\/product_cat?post=3318"},{"taxonomy":"product_tag","embeddable":true,"href":"https:\/\/nfc-readers.com\/de\/wp-json\/wp\/v2\/product_tag?post=3318"}],"curies":[{"name":"wp","href":"https:\/\/api.w.org\/{rel}","templated":true}]}}