{"id":3325,"date":"2024-11-01T05:35:51","date_gmt":"2024-11-01T05:35:51","guid":{"rendered":"https:\/\/nfc-readers.com\/?post_type=product&#038;p=3325"},"modified":"2024-11-01T05:35:51","modified_gmt":"2024-11-01T05:35:51","slug":"ntag-215-75mm-nfc-epoxy-custom-table-menu-sticker","status":"publish","type":"product","link":"https:\/\/nfc-readers.com\/de\/ic-reader\/ntag-215-75mm-nfc-epoxy-custom-table-menu-sticker\/","title":{"rendered":"Ntag 215 75MM NFC Epoxy Benutzerdefinierter Tischmen\u00fcaufkleber"},"content":{"rendered":"<h1 style=\"text-align: center;\"><strong>Ntag 215 75MM NFC Epoxy Benutzerdefinierter Tischmen\u00fcaufkleber<\/strong><\/h1>\n<p>&nbsp;<\/p>\n<p>In der sich st\u00e4ndig weiterentwickelnden Landschaft der Restauranttechnologie ist die\u00a0<strong>Ntag 215 75MM NFC Epoxy Benutzerdefinierter Tischmen\u00fcaufkleber<\/strong>\u00a0erweist sich als innovative L\u00f6sung f\u00fcr moderne Speiseerlebnisse. Mit diesem vielseitigen NFC-Aufkleber k\u00f6nnen Restaurants ihre Speisekarten auf eine frische, ansprechende Art pr\u00e4sentieren und gleichzeitig das Kundenerlebnis durch die Leistungsf\u00e4higkeit der kontaktlosen Technologie verbessern. Verabschieden Sie sich von traditionellen Papiermen\u00fcs und begr\u00fc\u00dfen Sie die nahtlose, digitale Interaktion.<\/p>\n<p>&nbsp;<\/p>\n<h3><strong>Vorteile des Ntag 215 NFC Epoxy-Aufklebers<\/strong><\/h3>\n<p>Der Ntag 215 NFC-Aufkleber ist nicht nur ein Produkt, sondern ein transformatives Werkzeug zur Verbesserung von Gastronomiedienstleistungen. Mit seiner wasserdichten Eigenschaft und den Anpassungsoptionen erf\u00fcllt dieser NFC-Aufkleber die einzigartigen Bed\u00fcrfnisse verschiedener Gastronomiebetriebe. Hier sind \u00fcberzeugende Gr\u00fcnde, in dieses Produkt zu investieren:<\/p>\n<ul>\n<li><strong>Kontaktloses Teilen<\/strong>: Kunden k\u00f6nnen mit ihren NFC-f\u00e4higen Smartphones problemlos auf digitale Men\u00fcs zugreifen und so f\u00fcr ein hygienisches und interaktives Speiseerlebnis sorgen.<\/li>\n<li><strong>Anpassung<\/strong>: Passen Sie den Aufkleber mit verschiedenen Gr\u00f6\u00dfen, Drucken und Designs an, damit er optimal zum Branding Ihres Restaurants passt und gleichzeitig Ihre Speisekarte und Werbeaktionen pr\u00e4sentiert.<\/li>\n<li><strong>Langlebig und zuverl\u00e4ssig<\/strong>: Dank seines wasser- und wetterfesten Designs und der Herstellung aus hochwertigen Materialien wie Epoxidharz und Papier\/PVC ist der Ntag 215-Aufkleber auf Langlebigkeit ausgelegt und gew\u00e4hrleistet eine langfristige Nutzung in stark frequentierten Restaurantumgebungen.<\/li>\n<li><\/li>\n<\/ul>\n<h3><strong>Funktionen des Ntag 215 NFC-Aufklebers<\/strong><\/h3>\n<p>Der\u00a0<strong>Ntag 215 75MM NFC Epoxy Benutzerdefinierter Tischmen\u00fcaufkleber<\/strong>\u00a0verf\u00fcgt \u00fcber zahlreiche Spezifikationen, die es von anderen abheben:<\/p>\n<ul>\n<li><strong>Materialien<\/strong>: Hergestellt aus\u00a0<strong>Epoxid und Papier\/PVC<\/strong>Dieser Aufkleber ist auf Langlebigkeit und Widerstandsf\u00e4higkeit gegen\u00fcber typischen Restaurantumgebungen ausgelegt.<\/li>\n<li><strong>Gr\u00f6\u00dfe und Anpassung<\/strong>: Die Standardgr\u00f6\u00dfe betr\u00e4gt\u00a0<strong>75 MM<\/strong>, benutzerdefinierte Abmessungen sind verf\u00fcgbar, sodass eine vollst\u00e4ndige Anpassung an jedes Shop-Thema oder jeden Men\u00fcbedarf m\u00f6glich ist.<\/li>\n<li><strong>Kommunikationsinterface<\/strong>: \u00dcber die NFC-Kommunikationsschnittstelle funktioniert es auf einem\u00a0<strong>Frequenz von 13,56 MHz<\/strong>, wodurch Zuverl\u00e4ssigkeit und Geschwindigkeit bei der Daten\u00fcbertragung gew\u00e4hrleistet werden.<\/li>\n<\/ul>\n<p>Bietet Optionen f\u00fcr\u00a0<strong>Offset- und Siebdruck<\/strong>Der Ntag 215-Aufkleber kann mit Ihrem Logo, QR-Codes oder detaillierten Men\u00fcpunkten versehen werden und so den Wiedererkennungswert Ihrer Marke und die Kundenbindung steigern.<\/p>\n<p>&nbsp;<\/p>\n<h3><strong>Anpassungsoptionen<\/strong><\/h3>\n<p>Da die Anpassung ein wesentlicher Aspekt der\u00a0<strong>Ntag 215 NFC-Aufkleber<\/strong>k\u00f6nnen Restaurants aus einer Vielzahl von Optionen w\u00e4hlen:<\/p>\n<ul>\n<li><strong>Druckoptionen<\/strong>: W\u00e4hlen Sie aus\u00a0<strong>Offsetdruck, Siebdruck oder QR-Codes<\/strong>\u00a0\u2013 alles individuell gestaltet, um zum Thema des Restaurants zu passen.<\/li>\n<li><strong>Gr\u00f6\u00dfen und Formen<\/strong>: Der Standarddurchmesser betr\u00e4gt\u00a0<strong>75 MM<\/strong>Unternehmen k\u00f6nnen Sondergr\u00f6\u00dfen anfordern, die zu bestimmten Tischen oder Dekorationsanforderungen passen. Flexible Optionen erm\u00f6glichen die Anpassung an unterschiedliche Umgebungen, egal ob flach oder auf Metall montiert.<\/li>\n<\/ul>\n<p>Durch die M\u00f6glichkeit, Ihren NFC-Aufkleber individuell anzupassen, kann Ihr Restaurant die Markenkonsistenz wahren und gleichzeitig die Kundeninteraktion verbessern.<\/p>\n<p>&nbsp;<\/p>\n<h3><strong>FAQs zum benutzerdefinierten Ntag 215 NFC Epoxy Tischmen\u00fcaufkleber<\/strong><\/h3>\n<h3>1.\u00a0<strong>Was ist der Ntag 215 NFC Epoxy Custom Table Menu Sticker?<\/strong><\/h3>\n<p>Der Ntag 215 NFC Epoxy Custom Table Menu Sticker ist ein langlebiger, kontaktloser NFC-Aufkleber f\u00fcr Restaurants und andere gastronomische Einrichtungen. Kunden k\u00f6nnen damit ganz einfach auf digitale Men\u00fcs und Sonderangebote zugreifen, indem sie ihr NFC-f\u00e4higes Smartphone an den Aufkleber halten.<\/p>\n<h3>2.\u00a0<strong>Wie funktioniert die NFC-Technologie?<\/strong><\/h3>\n<p>NFC (Near Field Communication) erm\u00f6glicht die drahtlose Kommunikation zwischen Ger\u00e4ten \u00fcber kurze Distanzen (normalerweise weniger als 4 cm). Wenn ein Kunde sein NFC-f\u00e4higes Smartphone an den Ntag 215-Aufkleber h\u00e4lt, liest dieser die im Aufkleber gespeicherten Daten und zeigt das digitale Men\u00fc auf seinem Ger\u00e4t an.<\/p>\n<h3>3.\u00a0<strong>Sind die Aufkleber wasserfest?<\/strong><\/h3>\n<p>Ja, die Ntag 215-Aufkleber sind wasser- und wetterfest. Dies gew\u00e4hrleistet Haltbarkeit und Langlebigkeit auch in gesch\u00e4ftigen Restaurantumgebungen, in denen h\u00e4ufig versch\u00fcttete Fl\u00fcssigkeiten und Spritzer vorkommen.<\/p>\n<h3>4.\u00a0<strong>Kann ich das Design des Aufklebers individuell gestalten?<\/strong><\/h3>\n<p>Auf jeden Fall! Sie k\u00f6nnen den Ntag 215 NFC-Aufkleber mit verschiedenen Designoptionen personalisieren, darunter Offsetdruck, Siebdruck, Logos, QR-Codes und benutzerdefinierte Abmessungen. So k\u00f6nnen Sie den Aufkleber effektiv an das Branding Ihres Restaurants anpassen.<\/p>\n<h3>5.\u00a0<strong>Welche Chip-Optionen sind verf\u00fcgbar?<\/strong><\/h3>\n<p>Auf dem Ntag 215-Aufkleber ist der Ntag 215-Chip bereits vorinstalliert. Sie k\u00f6nnen jedoch auch andere NFC-Chipoptionen wie Ntag 213, Ntag 216 oder benutzerdefinierte Konfigurationen entsprechend Ihren spezifischen Anforderungen w\u00e4hlen.<\/p>","protected":false},"excerpt":{"rendered":"<p>Der Ntag 215 75MM NFC Epoxy Custom Table Menu Sticker bietet Kunden eine nahtlose, kontaktlose M\u00f6glichkeit, auf digitale Men\u00fcs zuzugreifen. Er ist langlebig und anpassbar und verbessert das Speiseerlebnis in modernen Restaurants.<\/p>","protected":false},"featured_media":3326,"template":"","meta":[],"product_brand":[],"product_cat":[48],"product_tag":[],"class_list":{"0":"post-3325","1":"product","2":"type-product","3":"status-publish","4":"has-post-thumbnail","6":"product_cat-nfc-stickers","8":"first","9":"instock","10":"shipping-taxable","11":"product-type-simple"},"_links":{"self":[{"href":"https:\/\/nfc-readers.com\/de\/wp-json\/wp\/v2\/product\/3325","targetHints":{"allow":["GET"]}}],"collection":[{"href":"https:\/\/nfc-readers.com\/de\/wp-json\/wp\/v2\/product"}],"about":[{"href":"https:\/\/nfc-readers.com\/de\/wp-json\/wp\/v2\/types\/product"}],"wp:featuredmedia":[{"embeddable":true,"href":"https:\/\/nfc-readers.com\/de\/wp-json\/wp\/v2\/media\/3326"}],"wp:attachment":[{"href":"https:\/\/nfc-readers.com\/de\/wp-json\/wp\/v2\/media?parent=3325"}],"wp:term":[{"taxonomy":"product_brand","embeddable":true,"href":"https:\/\/nfc-readers.com\/de\/wp-json\/wp\/v2\/product_brand?post=3325"},{"taxonomy":"product_cat","embeddable":true,"href":"https:\/\/nfc-readers.com\/de\/wp-json\/wp\/v2\/product_cat?post=3325"},{"taxonomy":"product_tag","embeddable":true,"href":"https:\/\/nfc-readers.com\/de\/wp-json\/wp\/v2\/product_tag?post=3325"}],"curies":[{"name":"wp","href":"https:\/\/api.w.org\/{rel}","templated":true}]}}