{"id":3332,"date":"2024-11-01T05:43:23","date_gmt":"2024-11-01T05:43:23","guid":{"rendered":"https:\/\/nfc-readers.com\/?post_type=product&#038;p=3332"},"modified":"2024-11-01T05:43:24","modified_gmt":"2024-11-01T05:43:24","slug":"ntag-213-custom-nfc-epoxy-sticker-for-nfc-smart-phone","status":"publish","type":"product","link":"https:\/\/nfc-readers.com\/de\/ic-reader\/ntag-213-custom-nfc-epoxy-sticker-for-nfc-smart-phone\/","title":{"rendered":"Ntag 213 Benutzerdefinierter NFC-Epoxidaufkleber f\u00fcr NFC-Smartphones"},"content":{"rendered":"<h1 style=\"text-align: center;\"><strong>Ntag 213 Benutzerdefinierter NFC-Epoxidaufkleber f\u00fcr NFC-Smartphones<\/strong><\/h1>\n<p>&nbsp;<\/p>\n<p>Entdecken Sie die Zukunft der Konnektivit\u00e4t mit dem\u00a0<strong>Ntag 213 Benutzerdefinierter NFC-Epoxidaufkleber<\/strong>, ein vielseitiges und innovatives Produkt f\u00fcr die nahtlose Interaktion mit\u00a0<strong>NFC-f\u00e4hige Smartphones<\/strong>Mit seinen hervorragenden Eigenschaften, einschlie\u00dflich\u00a0<em>Abdichtung<\/em>, einem langlebigen Epoxidmaterial und anpassbaren Optionen ist dieser NFC-Tag nicht nur ein weiteres Gadget, sondern ein revolution\u00e4res Tool, das Ihr digitales Erlebnis verbessert. Von Zahlungsanwendungen bis zum einfachen Teilen digitaler Informationen ist der Ntag 213-Aufkleber ein Muss f\u00fcr alle, die Komfort und Effizienz suchen.<\/p>\n<p>&nbsp;<\/p>\n<h3><strong>Warum Sie Ntag 213 NFC-Aufkleber kaufen sollten<\/strong><\/h3>\n<p>Die Wahl des richtigen NFC-Tags kann Ihr gesch\u00e4ftliches oder pers\u00f6nliches Branding aufwerten und gleichzeitig f\u00fcr ein reibungsloses Benutzererlebnis sorgen. Der Ntag 213 Custom NFC Epoxy Sticker zeichnet sich durch seine einzigartige Kombination aus Zuverl\u00e4ssigkeit, hoher Leistung und Anpassungsf\u00e4higkeit aus. Mit der F\u00e4higkeit, 144 Byte Daten zu speichern, ist dieser NFC-Sticker ideal f\u00fcr eine Vielzahl von Anwendungen und damit ein unverzichtbares Werkzeug in der heutigen technologiegetriebenen Welt. Aber warum ist dieser Sticker den Kauf wert? Hier sind einige \u00fcberzeugende Gr\u00fcnde:<\/p>\n<ul>\n<li><strong>Haltbarkeit<\/strong>: Dank der Epoxidbeschichtung ist dieser NFC-Sticker\u00a0<strong>wasserdicht und wetterfest<\/strong>, sodass die Funktionalit\u00e4t in verschiedenen Umgebungen erhalten bleibt.<\/li>\n<li><strong>Vielseitigkeit<\/strong>: Mit Optionen zur Anpassung von Gr\u00f6\u00dfe, Farbe und Druckdesign k\u00f6nnen Sie dieses Produkt an Ihre spezifischen Markenanforderungen anpassen.<\/li>\n<li><strong>Einfache Integration<\/strong>: Kompatibel mit einer Vielzahl von\u00a0<strong>NFC-Ger\u00e4te<\/strong>, einschlie\u00dflich Android und iPhone, erm\u00f6glicht es Benutzern, m\u00fchelos Informationen auszutauschen und mit digitalen Inhalten zu interagieren.<\/li>\n<\/ul>\n<p>&nbsp;<\/p>\n<h3><strong>Produktmerkmale und Vorteile<\/strong><\/h3>\n<h3>Benutzerdefinierte Gr\u00f6\u00dfen und Farben<\/h3>\n<p>Jedes Projekt ist einzigartig und unsere\u00a0<strong>Ntag 213 NFC-Aufkleber<\/strong>\u00a0kann an spezifische Anforderungen angepasst werden. Ob Sie eine\u00a0<strong>Rechteck<\/strong>, ovales oder rundes Design, wir bieten Flexibilit\u00e4t in Form und Gr\u00f6\u00dfe. Sie k\u00f6nnen auch aus einer Vielzahl von Farben w\u00e4hlen, um Ihr Branding zu erg\u00e4nzen. Dieses Ma\u00df an\u00a0<strong>Anpassung<\/strong>\u00a0sorgt f\u00fcr eine perfekte Anpassung an Ihre Marketingstrategien oder pers\u00f6nlichen Projekte.<\/p>\n<h3>Wasserdichtes und wetterfestes Design<\/h3>\n<p>Der\u00a0<strong>Epoxidmaterial<\/strong>\u00a0verwendet im Ntag 213-Aufkleber bietet ihm einen bemerkenswerten Schutz gegen Feuchtigkeit und raue Wetterbedingungen. Dies\u00a0<strong>wasserdicht<\/strong>\u00a0Dank der Widerstandsf\u00e4higkeit m\u00fcssen Sie sich keine Sorgen um Witterungseinfl\u00fcsse machen. Egal, ob diese NFC-Tags im Innen- oder Au\u00dfenbereich verwendet werden, sie behalten ihre Funktionalit\u00e4t und Wirksamkeit und eignen sich daher f\u00fcr Anwendungen wie Au\u00dfenwerbung oder intelligente Ger\u00e4te, die Widerstandsf\u00e4higkeit erfordern.<\/p>\n<h3>13,56 MHz Kommunikationsfrequenz<\/h3>\n<p>Nutzung des Standards\u00a0<strong>13,56 MHz Kommunikationsfrequenz<\/strong>, diese NFC-Sticker nutzen die Kraft von\u00a0<strong>RFID<\/strong>\u00a0Technologie. Diese Frequenz bietet eine zuverl\u00e4ssige Kommunikationsschnittstelle und gew\u00e4hrleistet eine schnelle und sichere Daten\u00fcbertragung beim Scannen durch ein NFC-f\u00e4higes Ger\u00e4t. Diese Kompatibilit\u00e4t verbessert die Benutzerfreundlichkeit weiter und erm\u00f6glicht ein nahtloses Erlebnis \u00fcber verschiedene Plattformen und Ger\u00e4te hinweg.<\/p>\n<h3>NTAG213-Chip f\u00fcr hohe Leistung<\/h3>\n<p>Das Herzst\u00fcck jedes Ntag 213 Custom-Stickers ist die\u00a0<strong>NTAG213-Chip<\/strong>, bekannt f\u00fcr seine hohe Leistung und Vielseitigkeit. Mit einer Erinnerung von\u00a0<strong>144 Byte<\/strong>, es speichert erfolgreich URLs, Text oder kleine Datens\u00e4tze. Die Architektur des Chips erm\u00f6glicht umfangreiche Anwendungen von Visitenkarten bis hin zu interaktiven Marketingkampagnen. Seine Zuverl\u00e4ssigkeit stellt sicher, dass Ihre Tags wiederholt ohne Fehler gescannt und abgerufen werden k\u00f6nnen.<\/p>\n<p>&nbsp;<\/p>\n<h3><strong>Technische Spezifikationen<\/strong><\/h3>\n<table class=\"w-fit !mb-0 !max-w-none\" style=\"height: 297px;\" width=\"431\">\n<thead>\n<tr>\n<th>Besonderheit<\/th>\n<th>Spezifikation<\/th>\n<\/tr>\n<\/thead>\n<tbody>\n<tr>\n<td>Chip<\/td>\n<td>NTAG213<\/td>\n<\/tr>\n<tr>\n<td>Frequenz<\/td>\n<td>13,56 MHz<\/td>\n<\/tr>\n<tr>\n<td>Erinnerung<\/td>\n<td>144 Byte<\/td>\n<\/tr>\n<tr>\n<td>Protokoll<\/td>\n<td>ISO 14443-Richtlinie<\/td>\n<\/tr>\n<tr>\n<td>Material<\/td>\n<td>Epoxid<\/td>\n<\/tr>\n<tr>\n<td>Gr\u00f6\u00dfe<\/td>\n<td>Brauch<\/td>\n<\/tr>\n<tr>\n<td>Farbe<\/td>\n<td>Brauch<\/td>\n<\/tr>\n<tr>\n<td>Druckoptionen<\/td>\n<td>Offsetdruck\/Pantone\/QR<\/td>\n<\/tr>\n<tr>\n<td>Herkunftsort<\/td>\n<td>Guangdong, China<\/td>\n<\/tr>\n<tr>\n<td>Besondere Merkmale<\/td>\n<td>Wasserdicht \/ Wetterfest<\/td>\n<\/tr>\n<\/tbody>\n<\/table>\n<h3><\/h3>\n<h3><strong>FAQs<\/strong><\/h3>\n<h3>Welche Ger\u00e4te sind mit dem Ntag 213 NFC-Sticker kompatibel?<\/h3>\n<p>Die Ntag 213-Aufkleber sind mit allen NFC-f\u00e4higen Smartphones kompatibel, darunter beliebte Marken wie\u00a0<strong>iPhone<\/strong>\u00a0Und\u00a0<strong>Samsung<\/strong>.<\/p>\n<h3>Wie lange h\u00e4lt der Akku?<\/h3>\n<p>Ntag 213 NFC-Aufkleber ben\u00f6tigen keine Batterie. Es handelt sich um passive Ger\u00e4te, die ihren Strom vom NFC-f\u00e4higen Leseger\u00e4t beziehen. Solange der Aufkleber intakt und in Reichweite ist, funktioniert er.<\/p>\n<h3>K\u00f6nnen diese Aufkleber im Au\u00dfenbereich verwendet werden?<\/h3>\n<p>Ja! Unsere NFC-Sticker sind so konzipiert, dass sie\u00a0<strong>wasserdicht und wetterfest<\/strong>, wodurch sie sowohl f\u00fcr Innen- als auch f\u00fcr Au\u00dfenanwendungen geeignet sind.<\/p>\n<h3>Gibt es eine maximale Scan-Distanz?<\/h3>\n<p>Die effektive Scan-Distanz betr\u00e4gt normalerweise bis zu 10 cm (4 Zoll), abh\u00e4ngig von der St\u00e4rke der NFC-Antenne des Ger\u00e4ts und den Umgebungsfaktoren.<\/p>","protected":false},"excerpt":{"rendered":"<p>Der\u00a0<strong>NTAG-213 Benutzerdefinierter NFC-Epoxidaufkleber<\/strong>\u00a0ist ein vielseitiger, wasserdichter NFC-Tag, der f\u00fcr die nahtlose Interaktion mit NFC-f\u00e4higen Smartphones entwickelt wurde. Dieser langlebige Aufkleber ist in Gr\u00f6\u00dfe, Farbe und Druckoptionen anpassbar und erm\u00f6glicht Unternehmen und Einzelpersonen das m\u00fchelose Teilen digitaler Inhalte, was die Benutzereinbindung und die Branding-M\u00f6glichkeiten verbessert.<\/p>","protected":false},"featured_media":3333,"template":"","meta":[],"product_brand":[],"product_cat":[48],"product_tag":[],"class_list":{"0":"post-3332","1":"product","2":"type-product","3":"status-publish","4":"has-post-thumbnail","6":"product_cat-nfc-stickers","8":"first","9":"instock","10":"shipping-taxable","11":"product-type-simple"},"_links":{"self":[{"href":"https:\/\/nfc-readers.com\/de\/wp-json\/wp\/v2\/product\/3332","targetHints":{"allow":["GET"]}}],"collection":[{"href":"https:\/\/nfc-readers.com\/de\/wp-json\/wp\/v2\/product"}],"about":[{"href":"https:\/\/nfc-readers.com\/de\/wp-json\/wp\/v2\/types\/product"}],"wp:featuredmedia":[{"embeddable":true,"href":"https:\/\/nfc-readers.com\/de\/wp-json\/wp\/v2\/media\/3333"}],"wp:attachment":[{"href":"https:\/\/nfc-readers.com\/de\/wp-json\/wp\/v2\/media?parent=3332"}],"wp:term":[{"taxonomy":"product_brand","embeddable":true,"href":"https:\/\/nfc-readers.com\/de\/wp-json\/wp\/v2\/product_brand?post=3332"},{"taxonomy":"product_cat","embeddable":true,"href":"https:\/\/nfc-readers.com\/de\/wp-json\/wp\/v2\/product_cat?post=3332"},{"taxonomy":"product_tag","embeddable":true,"href":"https:\/\/nfc-readers.com\/de\/wp-json\/wp\/v2\/product_tag?post=3332"}],"curies":[{"name":"wp","href":"https:\/\/api.w.org\/{rel}","templated":true}]}}