{"id":3348,"date":"2024-11-01T10:53:48","date_gmt":"2024-11-01T10:53:48","guid":{"rendered":"https:\/\/nfc-readers.com\/?post_type=product&#038;p=3348"},"modified":"2024-11-04T09:04:23","modified_gmt":"2024-11-04T09:04:23","slug":"rfid-ultralight-playground-ticket-proximity-pvc-vip-card","status":"publish","type":"product","link":"https:\/\/nfc-readers.com\/de\/ic-reader\/rfid-ultralight-playground-ticket-proximity-pvc-vip-card\/","title":{"rendered":"Mifare Ultralight ev1 PVC-RFID-Karte f\u00fcr Spielplatzticket"},"content":{"rendered":"<h1><strong><span style=\"color: #000080;\">Mifare Ultralight ev1 PVC-RFID-Karte f\u00fcr Spielplatzticket<\/span><\/strong><\/h1>\n<p>&nbsp;<\/p>\n<h4><strong><span style=\"color: #008080;\">Revolutionierende L\u00f6sungen f\u00fcr Zutrittskontrolle und Ticketing<\/span><\/strong><\/h4>\n<p><span style=\"color: #666699;\">In der heutigen bargeldlosen Welt ist die Mifare Ultralight ev1 PVC-RFID-Karte f\u00fcr Spielplatztickets ein Vorreiter moderner Ticket- und Zugangskontrolll\u00f6sungen. Diese Hightech-Karte vereinfacht nicht nur den Zutritt zu Freizeitparks und Veranstaltungen, sondern verbessert mit ihrem robusten Design und der Smartcard-Technologie auch das Benutzererlebnis. Sie bietet un\u00fcbertroffene Sicherheit, Komfort und Vielseitigkeit und ist die ideale Wahl f\u00fcr Unternehmen, die ihre Kundenbindung und Betriebseffizienz steigern m\u00f6chten.<\/span><\/p>\n<hr \/>\n<h2><\/h2>\n<h2 style=\"text-align: center;\"><span style=\"color: #000080;\"><em><strong>Produktmerkmale und Vorteile<\/strong><\/em><\/span><\/h2>\n<h3><span style=\"color: #333399;\">1. <strong>Langlebiges und zuverl\u00e4ssiges Material<\/strong><\/span><\/h3>\n<p>Diese RFID-Karte ist aus hochwertigem PVC gefertigt und f\u00fcr raue Umgebungsbedingungen ausgelegt.\u00a0<strong>wasserdicht<\/strong>\u00a0Und\u00a0<strong>wetterfest<\/strong>\u00a0Eigenschaften verhindern Verschlei\u00df und sorgen f\u00fcr eine lange Haltbarkeit. Ob in Freizeitparks im Freien oder bei Veranstaltungen in Innenr\u00e4umen, die\u00a0<strong>RFID Ultralight Playground Karte<\/strong>\u00a0bleibt funktional und optisch ansprechend, was die Ersatzkosten im Laufe der Zeit senken kann.<\/p>\n<p>&nbsp;<\/p>\n<h3><span style=\"color: #333399;\"><strong>2. Vielseitige Anwendungen<\/strong><\/span><\/h3>\n<p>Die Mifare Ultralight ev1 PVC-RFID-Karte f\u00fcr Spielplatztickets ist f\u00fcr eine Vielzahl von Anwendungen konzipiert und eignet sich perfekt f\u00fcr\u00a0<strong>Buchung<\/strong>,\u00a0<strong>Zutrittskontrolle<\/strong>,\u00a0<strong>Treueprogramme<\/strong>, Und\u00a0<strong>Veranstaltungsmanagement<\/strong>. Die Karte vereinfacht effektiv die Zugangsprozesse und ist daher eine ausgezeichnete Wahl f\u00fcr \u00f6ffentliche Verkehrssysteme, Vergn\u00fcgungsparks, Festivals und mehr. Dank ihrer Vielseitigkeit k\u00f6nnen Unternehmen eine einheitliche L\u00f6sung f\u00fcr unterschiedliche Betriebsanforderungen implementieren.<\/p>\n<p>&nbsp;<\/p>\n<h3><span style=\"color: #333399;\">3. <strong>Bequemes Benutzererlebnis<\/strong><\/span><\/h3>\n<p>Mit einem\u00a0<strong>Leseabstand<\/strong>\u00a0von 1-20 cm und einer Dickenoption von\u00a0<strong>0,76 mm\/0,84 mm<\/strong>, die Karte sorgt f\u00fcr Benutzerfreundlichkeit und Kundenzufriedenheit. Benutzer k\u00f6nnen die Karte einfach an ein NFC-f\u00e4higes Ger\u00e4t halten, was zu einer schnellen Transaktion f\u00fchrt. Dies\u00a0<strong>kontaktlos<\/strong>\u00a0Diese Funktion minimiert den K\u00f6rperkontakt und verbessert die Hygiene \u2013 ein wesentlicher Aspekt in der heutigen Arbeitsumgebung.<\/p>\n<p>&nbsp;<\/p>\n<h3><span style=\"color: #333399;\"><strong>4. Anpassungsoptionen<\/strong><\/span><\/h3>\n<p>Die Mifare Ultralight ev1 PVC-RFID-Karte f\u00fcr Spielplatztickets bietet umfassende Anpassungsm\u00f6glichkeiten an Branding- und Marketinganforderungen. Kunden k\u00f6nnen aus verschiedenen Druckoptionen w\u00e4hlen, darunter\u00a0<strong>CMYK4C-Druck<\/strong>,\u00a0<strong>Thermodruck<\/strong>, Und\u00a0<strong>Siebdruck<\/strong>Dar\u00fcber hinaus k\u00f6nnen Elemente wie\u00a0<strong>Lasercode<\/strong>,\u00a0<strong>Seriennummern<\/strong>, Und\u00a0<strong>Pr\u00e4gung<\/strong>\u00a0kann individuell angepasst werden, um f\u00fcr jede Karte eine einzigartige Identit\u00e4t zu schaffen und so die Markensichtbarkeit und -treue zu verbessern.<\/p>\n<p>&nbsp;<\/p>\n<h3><span style=\"color: #333399;\"><strong>5. Technische Daten<\/strong><\/span><\/h3>\n<div class=\"table-with-header rounded-lg border border-solid border-grey-line2-normal w-fit max-w-full mb-2\">\n<div class=\"overflow-x-auto custom-scrollbar custom-scrollbar-float max-w-full\">\n<table class=\"w-fit !mb-0 !max-w-none\" style=\"height: 339px;\" width=\"403\">\n<thead>\n<tr>\n<th>Besonderheit<\/th>\n<th>Spezifikation<\/th>\n<\/tr>\n<\/thead>\n<tbody>\n<tr>\n<td><\/td>\n<td><\/td>\n<\/tr>\n<tr>\n<td>Chiptyp<\/td>\n<td>MIFARE Ultralight\u00ae C<\/td>\n<\/tr>\n<tr>\n<td>Frequenz<\/td>\n<td>13,56 MHz<\/td>\n<\/tr>\n<tr>\n<td>Material<\/td>\n<td>aus PVC<\/td>\n<\/tr>\n<tr>\n<td>Leseabstand<\/td>\n<td>2-10 CM<\/td>\n<\/tr>\n<tr>\n<td>Dicke<\/td>\n<td>0,76 mm\/0,84 mm\/kundenspezifisch<\/td>\n<\/tr>\n<tr>\n<td>Gr\u00f6\u00dfe<\/td>\n<td>CR80<\/td>\n<\/tr>\n<tr>\n<td>Handwerk<\/td>\n<td>Lasercode, UV-Tinte, Seriennummer.<\/td>\n<\/tr>\n<tr>\n<td>Schreibzyklus<\/td>\n<td>100.000 Mal<\/td>\n<\/tr>\n<tr>\n<td>Herkunftsort<\/td>\n<td>Guangdong, China<\/td>\n<\/tr>\n<\/tbody>\n<\/table>\n<\/div>\n<\/div>\n<hr \/>\n<h2 style=\"text-align: center;\"><span style=\"color: #000080;\"><strong>Gebrauchsanweisung<\/strong><\/span><\/h2>\n<ol>\n<li><strong>Aktivieren Sie die Karte<\/strong>: Stellen Sie sicher, dass die Karte \u00fcber Ihre RFID-Verwaltungssoftware aktiviert ist.<\/li>\n<li><strong>Tippen Sie auf Reader<\/strong>: Halten Sie die Karte 1\u201320 cm an das NFC-Leseger\u00e4t heran.<\/li>\n<li><strong>Transaktionsbest\u00e4tigung<\/strong>: Das Leseger\u00e4t best\u00e4tigt die Transaktion durch einen Piepton oder eine Lichtanzeige.<\/li>\n<li><strong>Zugriff gew\u00e4hrt<\/strong>: Benutzer k\u00f6nnen mit dem Betreten des Veranstaltungsortes oder der Nutzung des Dienstes fortfahren.<\/li>\n<\/ol>\n<p>&nbsp;<\/p>\n<h2 style=\"text-align: center;\"><em><span style=\"color: #000080;\"><strong>Umweltfreundliche Produktion<\/strong><\/span><\/em><\/h2>\n<p><span style=\"color: #666699;\">Nachhaltigkeit ist der Schl\u00fcssel zur modernen Fertigung, und die Produktion der Mifare Ultralight ev1 PVC-RFID-Karte f\u00fcr Spielplatztickets entspricht umweltfreundlichen Praktiken. Durch Investitionen in nachhaltige Materialien und Prozesse k\u00f6nnen Unternehmen zum Umweltschutz beitragen und gleichzeitig ein qualitativ hochwertiges Produkt liefern. Dieses Engagement kommt bei umweltbewussten Verbrauchern gut an und st\u00e4rkt die Unternehmensverantwortung.<\/span><\/p>","protected":false},"excerpt":{"rendered":"<p>Entdecken Sie die Mifare Ultralight ev1 PVC-RFID-Karte f\u00fcr Spielplatztickets \u2013 langlebig, vielseitig und umweltfreundlich f\u00fcr nahtlose Zugangskontrolle und Ticketverkauf.<\/p>","protected":false},"featured_media":3349,"template":"","meta":[],"product_brand":[],"product_cat":[46],"product_tag":[],"class_list":{"0":"post-3348","1":"product","2":"type-product","3":"status-publish","4":"has-post-thumbnail","6":"product_cat-nfc-cards","8":"first","9":"instock","10":"shipping-taxable","11":"product-type-simple"},"_links":{"self":[{"href":"https:\/\/nfc-readers.com\/de\/wp-json\/wp\/v2\/product\/3348","targetHints":{"allow":["GET"]}}],"collection":[{"href":"https:\/\/nfc-readers.com\/de\/wp-json\/wp\/v2\/product"}],"about":[{"href":"https:\/\/nfc-readers.com\/de\/wp-json\/wp\/v2\/types\/product"}],"wp:featuredmedia":[{"embeddable":true,"href":"https:\/\/nfc-readers.com\/de\/wp-json\/wp\/v2\/media\/3349"}],"wp:attachment":[{"href":"https:\/\/nfc-readers.com\/de\/wp-json\/wp\/v2\/media?parent=3348"}],"wp:term":[{"taxonomy":"product_brand","embeddable":true,"href":"https:\/\/nfc-readers.com\/de\/wp-json\/wp\/v2\/product_brand?post=3348"},{"taxonomy":"product_cat","embeddable":true,"href":"https:\/\/nfc-readers.com\/de\/wp-json\/wp\/v2\/product_cat?post=3348"},{"taxonomy":"product_tag","embeddable":true,"href":"https:\/\/nfc-readers.com\/de\/wp-json\/wp\/v2\/product_tag?post=3348"}],"curies":[{"name":"wp","href":"https:\/\/api.w.org\/{rel}","templated":true}]}}