{"id":3353,"date":"2024-11-01T11:19:32","date_gmt":"2024-11-01T11:19:32","guid":{"rendered":"https:\/\/nfc-readers.com\/?post_type=product&#038;p=3353"},"modified":"2024-11-04T08:59:53","modified_gmt":"2024-11-04T08:59:53","slug":"iso14443a-mifare-rfid-hotel-card-magnetic-stripe-available","status":"publish","type":"product","link":"https:\/\/nfc-readers.com\/de\/ic-reader\/iso14443a-mifare-rfid-hotel-card-magnetic-stripe-available\/","title":{"rendered":"ISO14443A MIFARE RFID Hotelkarte Magnetstreifen verf\u00fcgbar"},"content":{"rendered":"<h1><span style=\"color: #000080;\"><strong>ISO14443A MIFARE RFID Hotelkarte Magnetstreifen verf\u00fcgbar<\/strong><\/span><\/h1>\n<p><span style=\"color: #666699;\">Die Zukunft der ZutrittskontrolleIn der modernen Hotelbranche ist der nahtlose Zugang zu R\u00e4umen und Einrichtungen von gr\u00f6\u00dfter Bedeutung. <strong>ISO14443A MIFARE RFID-Hotelkarte mit Magnetstreifen<\/strong>\u00a0hat sich als bahnbrechende L\u00f6sung herausgestellt, die fortschrittliche RFID-Technologie und benutzerfreundliches Design vereint. Diese Karte verbessert das G\u00e4steerlebnis und gew\u00e4hrleistet gleichzeitig erstklassige Sicherheit f\u00fcr das Hotelmanagement. <\/span><\/p>\n<p><span style=\"color: #666699;\">G\u00e4ste k\u00f6nnen sich \u00fcber kontaktlosen Zugang freuen, w\u00e4hrend Hotelbetreiber von verbesserter Sicherheit und Effizienz profitieren. Dank ihrer wasser- und wetterfesten Eigenschaften ist die RFID-Karte auf Langlebigkeit ausgelegt und garantiert selbst in den gesch\u00e4ftigsten Umgebungen eine lange Lebensdauer. Diese Karte vereinfacht nicht nur den Check-in-Prozess, sondern dient auch als zuverl\u00e4ssiges Instrument f\u00fcr die Zugangskontrolle und bietet gleichzeitig Personalisierungsoptionen, um die Markenidentit\u00e4t Ihres Hotels widerzuspiegeln.<\/span><\/p>\n<hr \/>\n<h2><\/h2>\n<h2 style=\"text-align: center;\"><em><strong><span style=\"color: #000080;\">Produkt\u00fcbersicht<\/span><\/strong><\/em><\/h2>\n<h3><span style=\"color: #333399;\"> <strong>1. Hauptmerkmale der ISO14443A MIFARE RFID-Hotelkarte<\/strong><\/span><\/h3>\n<p>Der\u00a0<strong>ISO14443A MIFARE RFID-Hotelkarte<\/strong>\u00a0bietet eine Reihe innovativer Funktionen, die sowohl Hotelbetreiber als auch G\u00e4ste ansprechen. Durch die Nutzung fortschrittlicher\u00a0<strong>MIFARE\u00ae Ultralight C<\/strong>\u00a0Chip-Technologie, diese Karte arbeitet mit einer Frequenz von\u00a0<strong>13,56 MHz<\/strong>\u00a0unter dem\u00a0<strong>ISO14443A-Protokoll<\/strong>. Diese Spezifikation erm\u00f6glicht schnellen und sicheren Zugriff mit minimalem Interaktionsaufwand und bietet eine echte\u00a0<strong>kontaktloses Erlebnis<\/strong>.Mit seiner\u00a0<strong>wasserdicht<\/strong>\u00a0Und\u00a0<strong>wetterfest<\/strong>\u00a0Design bleibt die Karte in unterschiedlichsten Umgebungen funktionsf\u00e4hig und h\u00e4lt dem t\u00e4glichen Verschlei\u00df stand. Dar\u00fcber hinaus ist die Integration eines\u00a0<strong>Magnetstreifen<\/strong>\u00a0erm\u00f6glicht Vielseitigkeit in Zugangskontrollsystemen. Diese Doppelfunktion stellt sicher, dass die RFID-Karte, egal ob sie f\u00fcr den Zugang zu Hotelzimmern oder anderen Einrichtungen verwendet wird, einen nahtlosen und zuverl\u00e4ssigen Dienst bietet.<\/p>\n<p>&nbsp;<\/p>\n<h3><span style=\"color: #333399;\"><strong>3. Technische Daten<\/strong><\/span><\/h3>\n<p>Das Verst\u00e4ndnis der technischen Spezifikationen ist entscheidend f\u00fcr die Auswahl der richtigen Zugangskontrolll\u00f6sung. Nachfolgend finden Sie eine detaillierte Tabelle der\u00a0<strong>ISO14443A MIFARE RFID-Hotelkarte<\/strong> Spezifikationen:<\/p>\n<div class=\"table-with-header rounded-lg border border-solid border-grey-line2-normal w-fit max-w-full mb-2\">\n<div class=\"h-8 items-center flex justify-between px-2 text-xs border-0 border-b border-solid border-grey-line2-normal\">\n<div class=\"h-[26px] w-[26px] text-text-primary-3 cursor-pointer hover:text-text-primary-2 flex-center\"><\/div>\n<\/div>\n<div class=\"overflow-x-auto custom-scrollbar custom-scrollbar-float max-w-full\">\n<table class=\"w-fit !mb-0 !max-w-none\">\n<thead>\n<tr>\n<th>Spezifikation<\/th>\n<th>Wert<\/th>\n<\/tr>\n<\/thead>\n<tbody>\n<tr>\n<td>Chip<\/td>\n<td>MIFARE\u00ae Ultralight C<\/td>\n<\/tr>\n<tr>\n<td>Frequenz<\/td>\n<td>13,56 MHz<\/td>\n<\/tr>\n<tr>\n<td>Kommunikationsinterface<\/td>\n<td>RFID, NFC<\/td>\n<\/tr>\n<tr>\n<td>Material<\/td>\n<td>aus PVC<\/td>\n<\/tr>\n<tr>\n<td>Gr\u00f6\u00dfe<\/td>\n<td>85,5 x 54 mm \/ kundenspezifisch<\/td>\n<\/tr>\n<tr>\n<td>Magnetstreifen<\/td>\n<td>Loco300 oe \/ Hico2750\/4000 oe<\/td>\n<\/tr>\n<tr>\n<td>Oberfl\u00e4chenfinish<\/td>\n<td>Gl\u00e4nzend, Matt, Frosted<\/td>\n<\/tr>\n<tr>\n<td>Kodieren<\/td>\n<td>QR-Code Druck\/Lasercode<\/td>\n<\/tr>\n<tr>\n<td>Druckoptionen<\/td>\n<td>Offsetdruck CMYK\/Siebdruck\/Digital<\/td>\n<\/tr>\n<\/tbody>\n<\/table>\n<\/div>\n<\/div>\n<p>Diese Spezifikationen unterstreichen die Vielseitigkeit und fortschrittliche Technologie der Karte und das Design erf\u00fcllt die Anforderungen sowohl der Benutzer als auch des Hotelmanagements.<\/p>\n<p>&nbsp;<\/p>\n<h3><span style=\"color: #333399;\"><strong>4. Vorteile der Verwendung von RFID-Hotelkarten<\/strong><\/span><\/h3>\n<p><span style=\"color: #666699;\">Integration der\u00a0<strong>ISO14443A MIFARE RFID-Hotelkarte<\/strong>\u00a0in den Betrieb eines Hotels bringt zahlreiche Vorteile. Erstens die\u00a0<strong>kontaktlos<\/strong>\u00a0Technologie verbessert das G\u00e4steerlebnis und erm\u00f6glicht schnellen und einfachen Zugang zu Zimmern und Einrichtungen, ohne dass man mit herk\u00f6mmlichen Schl\u00fcsseln herumfummeln muss. Dies beschleunigt den Check-in-Prozess, was sich letztlich in einer h\u00f6heren G\u00e4stezufriedenheit niederschl\u00e4gt.<\/span><\/p>\n<p><span style=\"color: #666699;\">Dar\u00fcber hinaus erm\u00f6glicht die RFID-Technologie eine effektive\u00a0<strong>Zutrittskontrolle<\/strong>\u00a0Management. Das Hotelpersonal kann Nutzungsmuster problemlos verfolgen, was f\u00fcr mehr Sicherheit sorgt und gleichzeitig den unbefugten Zugriff minimiert. Mit Funktionen wie\u00a0<strong>gegenseitige Authentifizierung<\/strong>wird die Gefahr einer unbefugten Vervielf\u00e4ltigung praktisch ausgeschlossen.<\/span><\/p>\n<p>&nbsp;<\/p>\n<h2 style=\"text-align: center;\"><span style=\"color: #000080;\"><em><strong>H\u00e4ufig gestellte Fragen<\/strong><\/em><\/span><\/h2>\n<p><span style=\"color: #008080;\"><strong>1. Wie lange ist die RFID-Hotelkarte g\u00fcltig?<\/strong><\/span><\/p>\n<p>Dank des langlebigen PVC-Materials und der Wetterfestigkeit h\u00e4lt die Karte bei normaler Nutzung mehrere Jahre.<\/p>\n<hr \/>\n<p><span style=\"color: #008080;\"><strong>2. Kann die Karte mit unserem Branding personalisiert werden?<\/strong><\/span><\/p>\n<p>Ja, Sie k\u00f6nnen die Karte mithilfe verschiedener Druck- und Veredelungsoptionen mit dem Logo und den Farben Ihres Hotels individualisieren.<\/p>\n<hr \/>\n<p><strong><span style=\"color: #008080;\">3. Ist die Karte mit bestehenden RFID-Systemen kompatibel?<\/span><\/strong><\/p>\n<p>Ja, es ist mit den meisten RFID-Zugangskontrollsystemen kompatibel, die das <strong>ISO14443A-Protokoll<\/strong>.<\/p>","protected":false},"excerpt":{"rendered":"<p>Die ISO14443A MIFARE RFID-Hotelkarte bietet kontaktlosen Zugang, verbesserte Sicherheit und Anpassungsoptionen und ist damit ideal f\u00fcr die Anforderungen der modernen Hotellerie.<\/p>","protected":false},"featured_media":3354,"template":"","meta":[],"product_brand":[],"product_cat":[46],"product_tag":[],"class_list":{"0":"post-3353","1":"product","2":"type-product","3":"status-publish","4":"has-post-thumbnail","6":"product_cat-nfc-cards","8":"first","9":"instock","10":"shipping-taxable","11":"product-type-simple"},"_links":{"self":[{"href":"https:\/\/nfc-readers.com\/de\/wp-json\/wp\/v2\/product\/3353","targetHints":{"allow":["GET"]}}],"collection":[{"href":"https:\/\/nfc-readers.com\/de\/wp-json\/wp\/v2\/product"}],"about":[{"href":"https:\/\/nfc-readers.com\/de\/wp-json\/wp\/v2\/types\/product"}],"wp:featuredmedia":[{"embeddable":true,"href":"https:\/\/nfc-readers.com\/de\/wp-json\/wp\/v2\/media\/3354"}],"wp:attachment":[{"href":"https:\/\/nfc-readers.com\/de\/wp-json\/wp\/v2\/media?parent=3353"}],"wp:term":[{"taxonomy":"product_brand","embeddable":true,"href":"https:\/\/nfc-readers.com\/de\/wp-json\/wp\/v2\/product_brand?post=3353"},{"taxonomy":"product_cat","embeddable":true,"href":"https:\/\/nfc-readers.com\/de\/wp-json\/wp\/v2\/product_cat?post=3353"},{"taxonomy":"product_tag","embeddable":true,"href":"https:\/\/nfc-readers.com\/de\/wp-json\/wp\/v2\/product_tag?post=3353"}],"curies":[{"name":"wp","href":"https:\/\/api.w.org\/{rel}","templated":true}]}}