{"id":3365,"date":"2024-11-01T14:47:51","date_gmt":"2024-11-01T14:47:51","guid":{"rendered":"https:\/\/nfc-readers.com\/?post_type=product&#038;p=3365"},"modified":"2024-11-01T15:00:46","modified_gmt":"2024-11-01T15:00:46","slug":"custom-read-write-flexible-ntag213-215-216-epoxy-nfc-tag","status":"publish","type":"product","link":"https:\/\/nfc-readers.com\/de\/ic-reader\/custom-read-write-flexible-ntag213-215-216-epoxy-nfc-tag\/","title":{"rendered":"Benutzerdefinierter flexibler Epoxy-NFC-Tag NTAG213 215 216 mit Lese-\/Schreibfunktion"},"content":{"rendered":"<h1 style=\"text-align: center;\"><strong>Benutzerdefinierter flexibler Epoxy-NFC-Tag NTAG213 215 216 mit Lese-\/Schreibfunktion<\/strong><\/h1>\n<p>&nbsp;<\/p>\n<p>In der heutigen schnelllebigen digitalen Welt revolutioniert die NFC-Technologie (Near Field Communication) die Art und Weise, wie wir mit unseren Ger\u00e4ten interagieren, Informationen austauschen und mit Verbrauchern in Kontakt treten. Die <strong>Benutzerdefinierter flexibler Epoxy-NFC-Tag NTAG213\/215\/216 mit Lese- und Schreibfunktion<\/strong>\u00a0ist ein innovatives Produkt, das Ihre Kommunikationsm\u00f6glichkeiten verbessert und gleichzeitig vielseitig und einfach zu verwenden ist. Mit seiner Wasserdichtigkeit, seinen anpassbaren Funktionen und einer Reihe von Anwendungen ist dieser NFC-Tag sowohl f\u00fcr Unternehmen als auch f\u00fcr Privatpersonen die erste Wahl.<\/p>\n<p>Indem Sie die Leistungsf\u00e4higkeit von NFC nutzen, k\u00f6nnen Sie Interaktionen vereinfachen, die Effizienz steigern und Benutzer direkt einbinden. Egal, ob Sie nach NFC-Tags zum Teilen in sozialen Medien oder zum Erstellen intelligenter L\u00f6sungen suchen, dieses Produkt bietet die perfekte Mischung aus Funktionalit\u00e4t und Komfort. Verbessern Sie Ihre Betriebseffizienz und Benutzereinbindung, indem Sie diese integrieren <strong>NFC-Tags<\/strong>\u00a0in Ihre Strategie ein!<\/p>\n<p>&nbsp;<\/p>\n<h3><strong>Besonderheiten des NTAG213\/215\/216 Epoxy NFC Tags<\/strong><\/h3>\n<p>Der\u00a0<strong>Benutzerdefinierter flexibler Epoxy-NFC-Tag NTAG213\/215\/216 mit Lese- und Schreibfunktion<\/strong>\u00a0ist ausgestattet mit einer Vielzahl von\u00a0<strong>besondere Merkmale<\/strong>\u00a0die es von herk\u00f6mmlichen NFC-Tags unterscheiden.<\/p>\n<ul>\n<li><strong>Wasserdicht\/wetterfest:<\/strong>\u00a0Diese NFC-Tags werden aus Materialien hergestellt, die Haltbarkeit und Funktionalit\u00e4t unter verschiedenen Umweltbedingungen gew\u00e4hrleisten. Egal, ob sie im Innen- oder Au\u00dfenbereich verwendet werden, sie sind feuchtigkeitsbest\u00e4ndig und so konstruiert, dass sie den Strapazen verschiedener Klimazonen standhalten.<\/li>\n<li><strong>Anpassbare Gr\u00f6\u00dfe und Formfaktor:<\/strong>\u00a0Erh\u00e4ltlich in einer Standardgr\u00f6\u00dfe von\u00a0<strong>25 mm<\/strong>, mit Optionen zur Anpassung, diese\u00a0<strong>NFC-Aufkleber<\/strong>\u00a0kann an spezifische Projektanforderungen oder Markenbed\u00fcrfnisse angepasst werden.<\/li>\n<li><strong>Optionen f\u00fcr wiederbeschreibbaren Speicher:<\/strong>\u00a0Je nach ausgew\u00e4hltem Chiptyp kann der Speicher zwischen\u00a0<strong>144 bis 888 Bytes<\/strong>, sodass Benutzer wichtige Informationen wie URLs, Kontaktdaten oder App-Daten speichern k\u00f6nnen. Dies erm\u00f6glicht die\u00a0<strong>wiederbeschreibbare NFC-Tags<\/strong>\u00a0um sie bei Bedarf f\u00fcr verschiedene Kampagnen und Anwendungen wiederzuverwenden.<\/li>\n<\/ul>\n<p>In einer digitalen Landschaft, in der Informationen st\u00e4ndig aktualisiert werden, sind anpassbare und flexible Optionen f\u00fcr Unternehmen, die relevant bleiben m\u00f6chten, von unsch\u00e4tzbarem Wert.<\/p>\n<p>&nbsp;<\/p>\n<h3><strong>Vorteile der Verwendung von NTAG213-, NTAG215- und NTAG216-Chips<\/strong><\/h3>\n<p>Jeder Chip der NTAG-Serie bietet einzigartige Vorteile, die auf unterschiedliche Benutzeranforderungen zugeschnitten sind:<\/p>\n<ul>\n<li><strong>NTAG213:<\/strong>\u00a0Dieser f\u00fcr einfache Anwendungen konzipierte Chip bietet reichlich Speicherplatz und grundlegende Funktionen, ideal zum Teilen von URLs oder Kontaktdaten.<\/li>\n<li><strong>NTAG215:<\/strong>\u00a0Dank erweiterter Speicherkapazit\u00e4ten eignet sich der NTAG215 perfekt f\u00fcr komplexere Anwendungen, wie etwa mobiles Gaming, und die Schaffung interaktiver Erlebnisse, die hervorstechen.<\/li>\n<li><strong>NTAG216:<\/strong>\u00a0F\u00fcr diejenigen, die noch mehr Datenspeicher ben\u00f6tigen, bietet der NTAG216 die h\u00f6chste Speicherkapazit\u00e4t der Serie und eignet sich daher f\u00fcr Anwendungen, die umfangreichere Daten\u00fcbertragung oder -speicherung erfordern<\/li>\n<\/ul>\n<p>&nbsp;<\/p>\n<h3><strong>H\u00e4ufig gestellte Fragen (FAQs)<\/strong><\/h3>\n<h3>1.\u00a0<strong>Welche Arten von NFC-Tags gibt es?<\/strong><\/h3>\n<p>Es gibt verschiedene Arten von NFC-Tags, darunter NTAG213, NTAG215 und NTAG216. Jeder bietet unterschiedliche Speicherkapazit\u00e4ten und Funktionen. Dar\u00fcber hinaus gibt es wiederbeschreibbare Tags, Klebeaufkleber und spezielle Tags f\u00fcr bestimmte Oberfl\u00e4chen, darunter Metall und Auf-Metall-Anwendungen.<\/p>\n<h3>2.\u00a0<strong>Woher wei\u00df ich, ob mein Telefon NFC-f\u00e4hig ist?<\/strong><\/h3>\n<p>Die meisten Smartphones der letzten Jahre, sowohl Android- als auch iOS-Ger\u00e4te, sind mit NFC-Technologie ausgestattet. Sie k\u00f6nnen die Spezifikationen oder Einstellungen Ihres Ger\u00e4ts \u00fcberpr\u00fcfen, um herauszufinden, ob NFC unterst\u00fctzt wird. Suchen Sie im Einstellungsmen\u00fc nach der NFC-Option oder konsultieren Sie die Website des Herstellers.<\/p>\n<h3>3.\u00a0<strong>Kann ich Daten auf NFC-Tags neu schreiben?<\/strong><\/h3>\n<p>Ja! Unsere\u00a0<strong>NTAG213\/215\/216 NFC-Tags<\/strong>\u00a0sind wiederbeschreibbar, d. h. Sie k\u00f6nnen die darauf gespeicherten Daten mehrfach aktualisieren oder \u00e4ndern. Dies macht sie zu einer vielseitigen L\u00f6sung f\u00fcr Unternehmen und Privatpersonen, da sie einfache Aktualisierungen erm\u00f6glichen, ohne das Etikett ersetzen zu m\u00fcssen.<\/p>\n<h3>4.\u00a0<strong>Wie gro\u00df ist die Lesereichweite bei NFC-Tags?<\/strong><\/h3>\n<p>Typischerweise haben NFC-Tags eine Lesereichweite von\u00a0<strong>1-5 cm<\/strong>Diese kurze Reichweite gew\u00e4hrleistet eine sichere und direkte Kommunikation zwischen dem NFC-Tag und dem NFC-f\u00e4higen Ger\u00e4t.<\/p>\n<h3>5.\u00a0<strong>Sind NFC-Tags wasserdicht?<\/strong><\/h3>\n<p>Ja, unsere\u00a0<strong>Benutzerdefinierte flexible NTAG213\/215\/216 Epoxy NFC-Tags mit Lese-\/Schreibfunktion<\/strong>\u00a0sind wasserdicht und wetterfest und somit f\u00fcr den Einsatz im Freien und unterschiedliche Umweltbedingungen geeignet.<\/p>","protected":false},"excerpt":{"rendered":"<p>Der benutzerdefinierte, flexible Epoxy-NFC-Tag NTAG213\/215\/216 mit Lese- und Schreibfunktion bietet langlebige und wasserdichte L\u00f6sungen f\u00fcr vielseitige Anwendungen und erm\u00f6glicht nahtloses Teilen und Interagieren mit Daten. Perfekt f\u00fcr Marketing, soziale Medien und mehr!<\/p>","protected":false},"featured_media":3366,"template":"","meta":[],"product_brand":[],"product_cat":[47],"product_tag":[],"class_list":{"0":"post-3365","1":"product","2":"type-product","3":"status-publish","4":"has-post-thumbnail","6":"product_cat-nfc-tags","8":"first","9":"instock","10":"shipping-taxable","11":"product-type-simple"},"_links":{"self":[{"href":"https:\/\/nfc-readers.com\/de\/wp-json\/wp\/v2\/product\/3365","targetHints":{"allow":["GET"]}}],"collection":[{"href":"https:\/\/nfc-readers.com\/de\/wp-json\/wp\/v2\/product"}],"about":[{"href":"https:\/\/nfc-readers.com\/de\/wp-json\/wp\/v2\/types\/product"}],"wp:featuredmedia":[{"embeddable":true,"href":"https:\/\/nfc-readers.com\/de\/wp-json\/wp\/v2\/media\/3366"}],"wp:attachment":[{"href":"https:\/\/nfc-readers.com\/de\/wp-json\/wp\/v2\/media?parent=3365"}],"wp:term":[{"taxonomy":"product_brand","embeddable":true,"href":"https:\/\/nfc-readers.com\/de\/wp-json\/wp\/v2\/product_brand?post=3365"},{"taxonomy":"product_cat","embeddable":true,"href":"https:\/\/nfc-readers.com\/de\/wp-json\/wp\/v2\/product_cat?post=3365"},{"taxonomy":"product_tag","embeddable":true,"href":"https:\/\/nfc-readers.com\/de\/wp-json\/wp\/v2\/product_tag?post=3365"}],"curies":[{"name":"wp","href":"https:\/\/api.w.org\/{rel}","templated":true}]}}