{"id":3372,"date":"2024-11-01T14:57:52","date_gmt":"2024-11-01T14:57:52","guid":{"rendered":"https:\/\/nfc-readers.com\/?post_type=product&#038;p=3372"},"modified":"2024-11-01T14:57:52","modified_gmt":"2024-11-01T14:57:52","slug":"13-56mhz-iso14443a-anti-fake-ntag-424-tamper-nfc-sticker","status":"publish","type":"product","link":"https:\/\/nfc-readers.com\/de\/ic-reader\/13-56mhz-iso14443a-anti-fake-ntag-424-tamper-nfc-sticker\/","title":{"rendered":"13,56 MHz ISO14443A Anti-Fake NTAG 424 Manipulationssicherer NFC-Aufkleber"},"content":{"rendered":"<h1 style=\"text-align: center;\"><strong>13,56 MHz ISO14443A Anti-Fake NTAG 424 Manipulationssicherer NFC-Aufkleber<\/strong><\/h1>\n<p>&nbsp;<\/p>\n<p>Der\u00a0<strong>13,56 MHz ISO14443A Anti-Fake NTAG 424 Manipulationssicherer NFC-Aufkleber<\/strong>\u00a0stellt eine hochmoderne L\u00f6sung in der digitalen Authentifizierungs- und F\u00e4lschungsschutztechnologie dar. Dieser mit fortschrittlichen Funktionen ausgestattete NFC-Aufkleber nutzt die Leistung der RFID-Kommunikation und ist mit dem NTAG424-DNA-Chip ausgestattet, mit dem Unternehmen und Einzelpersonen Produkte und vertrauliche Informationen vor F\u00e4lschungsgefahren sch\u00fctzen k\u00f6nnen.<\/p>\n<p>Auf dem heutigen Markt ist die Sicherstellung der Echtheit von Produkten von entscheidender Bedeutung, und dieser NFC-Tag bietet Unternehmen eine kosteng\u00fcnstige und effektive M\u00f6glichkeit, dies zu tun. Egal, ob Sie ein Einzelh\u00e4ndler sind, der die Produktsicherheit verbessern m\u00f6chte, oder eine Privatperson, die die Echtheit von Waren \u00fcberpr\u00fcfen m\u00f6chte, die Investition in unsere NTAG 424 NFC-Aufkleber ist eine kluge Entscheidung.<\/p>\n<p>&nbsp;<\/p>\n<h3><strong>Produktmerkmale und Vorteile<\/strong><\/h3>\n<p>&nbsp;<\/p>\n<h3>1. Fortschrittliche Technologie zur F\u00e4lschungssicherheit<\/h3>\n<p>Der\u00a0<strong>NTAG 424 DNA NFC Tag<\/strong>\u00a0verwendet modernste F\u00e4lschungsschutztechnologie, mit der Benutzer die Echtheit von Produkten nahtlos \u00fcberpr\u00fcfen k\u00f6nnen. Der integrierte Kennwortschutz und die sichere verschl\u00fcsselte Kommunikation stellen sicher, dass nur autorisierte Benutzer auf vertrauliche Informationen zugreifen k\u00f6nnen. Egal, ob Sie ihn f\u00fcr Markenartikel, Sammlerst\u00fccke oder sogar pers\u00f6nliche Gegenst\u00e4nde verwenden, dieser NFC-Aufkleber bietet Ihnen die Gewissheit, dass jedes Etikett manipulationssicher ist.<\/p>\n<ul>\n<li><strong>Integrierte Sicherheitsfunktionen:<\/strong>\u00a0Der NTAG 424-Chip verf\u00fcgt \u00fcber mehrere Verschl\u00fcsselungsoptionen, um Ihre Daten effektiv zu sichern.<\/li>\n<li><strong>Benutzerfreundlicher Zugriff:<\/strong>\u00a0Verbraucher k\u00f6nnen die Echtheit problemlos durch einfaches Tippen \u00fcberpr\u00fcfen.<\/li>\n<\/ul>\n<h3>2. Vielseitige Kommunikationsschnittstelle<\/h3>\n<p>Basierend auf dem ISO 14443A-Protokoll unterst\u00fctzt unser NFC-Sticker sowohl\u00a0<strong>RFID<\/strong>\u00a0und NFC-Kommunikationsschnittstellen, wodurch es mit einer Vielzahl von Ger\u00e4ten kompatibel ist, darunter Smartphones, Tablets und NFC-f\u00e4hige Leseger\u00e4te. Diese Vielseitigkeit stellt sicher, dass Kunden problemlos auf Produktinformationen zugreifen k\u00f6nnen, was das Engagement und die Kundentreue erh\u00f6ht.<\/p>\n<ul>\n<li><strong>Kompatible Ger\u00e4te:<\/strong>\u00a0Funktioniert nahtlos mit Android, iPhone und anderen NFC-Ger\u00e4ten.<\/li>\n<li><strong>Verbessertes Benutzererlebnis:<\/strong>\u00a0Kunden k\u00f6nnen m\u00fchelos mit Produkten interagieren.<\/li>\n<\/ul>\n<h3>3.Benutzerdefinierte Gr\u00f6\u00dfenoptionen<\/h3>\n<p>W\u00e4hrend die\u00a0<strong>NTAG 424 Tamper NFC-Aufkleber<\/strong>\u00a0ist in Standardgr\u00f6\u00dfen erh\u00e4ltlich, wir bieten jedoch auch individuelle Anpassungen an spezielle Anforderungen an. Zu den Optionen geh\u00f6ren:<\/p>\n<ul>\n<li><strong>Durchmesseroptionen:<\/strong>\u00a0Konfigurierbare Gr\u00f6\u00dfen, einschlie\u00dflich 25 mm und 45 mm x 30 mm.<\/li>\n<li><strong>Formenvielfalt:<\/strong>\u00a0Rechteckige, kreisf\u00f6rmige oder benutzerdefinierte Umrisse erg\u00e4nzen die \u00c4sthetik Ihrer Marke.<\/li>\n<\/ul>\n<p>Diese vielf\u00e4ltigen Gr\u00f6\u00dfen- und Formoptionen erm\u00f6glichen es Unternehmen, einzigartige Markenerlebnisse zu schaffen und sicherzustellen, dass ihre Produkte in den Regalen hervorstechen.<\/p>\n<h3>4. Langlebiges und zuverl\u00e4ssiges Material<\/h3>\n<p>Diese NFC-Aufkleber bestehen aus beschichtetem Papier und PET und sind auf Langlebigkeit und Zuverl\u00e4ssigkeit unter verschiedenen Umgebungsbedingungen ausgelegt. Ihr robustes Material ist verschlei\u00dffest und daher f\u00fcr den Einsatz im Innen- und Au\u00dfenbereich geeignet.<\/p>\n<ul>\n<li><strong>Wasserdichte Optionen:<\/strong>\u00a0Verbessert die Haltbarkeit und Langlebigkeit, perfekt f\u00fcr Produkte, die Feuchtigkeit ausgesetzt sind.<\/li>\n<li><strong>Klebstoffqualit\u00e4t:<\/strong>\u00a0Durch die starke Haftung bleiben die Aufkleber auf verschiedenen Oberfl\u00e4chen intakt.<\/li>\n<\/ul>\n<p>&nbsp;<\/p>\n<h3><strong>Technische Spezifikationen<\/strong><\/h3>\n<p>&nbsp;<\/p>\n<table class=\"w-fit !mb-0 !max-w-none\" style=\"height: 373px;\" width=\"446\">\n<thead>\n<tr>\n<th>Besonderheit<\/th>\n<th>Spezifikation<\/th>\n<\/tr>\n<\/thead>\n<tbody>\n<tr>\n<td>Frequenz<\/td>\n<td>13,56 MHz<\/td>\n<\/tr>\n<tr>\n<td>Protokoll<\/td>\n<td>ISO 14443A<\/td>\n<\/tr>\n<tr>\n<td>Chip<\/td>\n<td>NTAG424 DNA<\/td>\n<\/tr>\n<tr>\n<td>Material<\/td>\n<td>Beschichtetes Papier, PET<\/td>\n<\/tr>\n<tr>\n<td>Gr\u00f6\u00dfenoptionen<\/td>\n<td>Durchmesser 25 mm, 45 mm x 30 mm (kundenspezifisch)<\/td>\n<\/tr>\n<tr>\n<td>Leseabstand<\/td>\n<td>1-10 cm<\/td>\n<\/tr>\n<tr>\n<td>Druckoptionen<\/td>\n<td>CMYK, Offset, Siebdruck<\/td>\n<\/tr>\n<tr>\n<td>Herkunftsort<\/td>\n<td>Guangdong, China<\/td>\n<\/tr>\n<tr>\n<td>Markenname<\/td>\n<td>SHUNXIN<\/td>\n<\/tr>\n<tr>\n<td>Modell-Nr<\/td>\n<td>SX-NFC<\/td>\n<\/tr>\n<tr>\n<td>Verkaufseinheiten<\/td>\n<td>Einzelst\u00fcck<\/td>\n<\/tr>\n<tr>\n<td>Paketgr\u00f6\u00dfe<\/td>\n<td>0,3 x 0,3 x 0,02 cm<\/td>\n<\/tr>\n<tr>\n<td>Bruttogewicht<\/td>\n<td>0,001 kg<\/td>\n<\/tr>\n<\/tbody>\n<\/table>\n<h3><\/h3>\n<h3><strong>H\u00e4ufig gestellte Fragen (FAQs)<\/strong><\/h3>\n<p><strong>F: Kann ich die Gr\u00f6\u00dfe des NFC-Aufklebers anpassen?<\/strong><br \/>\n<strong>A:<\/strong>\u00a0Ja, wir bieten individuelle Gr\u00f6\u00dfenanpassungen f\u00fcr die NFC-Sticker an. Die Standardgr\u00f6\u00dfen umfassen einen Durchmesser von 25 mm und 45 mm x 30 mm, Sie k\u00f6nnen jedoch auch spezielle Abmessungen anfordern, die Ihren Anforderungen entsprechen.<\/p>\n<hr \/>\n<p><strong>F: Wie funktioniert die Funktion zum Schutz vor F\u00e4lschungen?<\/strong><br \/>\n<strong>A:<\/strong>\u00a0Der NTAG 424 DNA-Chip enth\u00e4lt erweiterte Verschl\u00fcsselungs- und Authentifizierungsprotokolle. Wenn ein Benutzer den NFC-Aufkleber mit einem NFC-f\u00e4higen Ger\u00e4t scannt, \u00fcberpr\u00fcft er die Integrit\u00e4t der Daten und erm\u00f6glicht es dem Benutzer, die Echtheit des Produkts zu best\u00e4tigen.<\/p>\n<hr \/>\n<p><strong>F: Welche Ger\u00e4te sind mit dem NTAG 424 NFC-Sticker kompatibel?<\/strong><br \/>\n<strong>A:<\/strong>\u00a0Unsere NFC-Aufkleber sind mit allen NFC-f\u00e4higen Ger\u00e4ten kompatibel, einschlie\u00dflich der meisten modernen Smartphones und Tablets mit Android und iOS. Stellen Sie einfach sicher, dass Ihr Ger\u00e4t NFC-f\u00e4hig ist.<\/p>\n<hr \/>\n<p><strong>F: Welche Materialien werden zur Herstellung der NFC-Aufkleber verwendet?<\/strong><br \/>\n<strong>A:<\/strong>\u00a0Die Aufkleber bestehen aus beschichtetem Papier und PET und sind daher langlebig und verschlei\u00dffest. Sie sind so konzipiert, dass sie auch unter unterschiedlichen Umweltbedingungen ihre Qualit\u00e4t behalten.<\/p>\n<p>&nbsp;<\/p>","protected":false},"excerpt":{"rendered":"<p>Der 13,56 MHz ISO14443A Anti-Fake NTAG 424 Tamper NFC-Aufkleber bietet erweiterte F\u00e4lschungsschutzfunktionen und gew\u00e4hrleistet Produktauthentizit\u00e4t und -sicherheit. Sein kompaktes Design erm\u00f6glicht eine einfache Integration in verschiedene Anwendungen und bietet zuverl\u00e4ssige NFC-Funktionalit\u00e4t f\u00fcr sicheren Zugriff und Daten\u00fcbertragung.<\/p>","protected":false},"featured_media":3373,"template":"","meta":[],"product_brand":[],"product_cat":[48],"product_tag":[],"class_list":{"0":"post-3372","1":"product","2":"type-product","3":"status-publish","4":"has-post-thumbnail","6":"product_cat-nfc-stickers","8":"first","9":"instock","10":"shipping-taxable","11":"product-type-simple"},"_links":{"self":[{"href":"https:\/\/nfc-readers.com\/de\/wp-json\/wp\/v2\/product\/3372","targetHints":{"allow":["GET"]}}],"collection":[{"href":"https:\/\/nfc-readers.com\/de\/wp-json\/wp\/v2\/product"}],"about":[{"href":"https:\/\/nfc-readers.com\/de\/wp-json\/wp\/v2\/types\/product"}],"wp:featuredmedia":[{"embeddable":true,"href":"https:\/\/nfc-readers.com\/de\/wp-json\/wp\/v2\/media\/3373"}],"wp:attachment":[{"href":"https:\/\/nfc-readers.com\/de\/wp-json\/wp\/v2\/media?parent=3372"}],"wp:term":[{"taxonomy":"product_brand","embeddable":true,"href":"https:\/\/nfc-readers.com\/de\/wp-json\/wp\/v2\/product_brand?post=3372"},{"taxonomy":"product_cat","embeddable":true,"href":"https:\/\/nfc-readers.com\/de\/wp-json\/wp\/v2\/product_cat?post=3372"},{"taxonomy":"product_tag","embeddable":true,"href":"https:\/\/nfc-readers.com\/de\/wp-json\/wp\/v2\/product_tag?post=3372"}],"curies":[{"name":"wp","href":"https:\/\/api.w.org\/{rel}","templated":true}]}}