{"id":3379,"date":"2024-11-02T11:48:42","date_gmt":"2024-11-02T11:48:42","guid":{"rendered":"https:\/\/nfc-readers.com\/?post_type=product&#038;p=3379"},"modified":"2024-11-04T08:54:15","modified_gmt":"2024-11-04T08:54:15","slug":"custom-ntag-215-digital-smart-nfc-business-card","status":"publish","type":"product","link":"https:\/\/nfc-readers.com\/de\/ic-reader\/custom-ntag-215-digital-smart-nfc-business-card\/","title":{"rendered":"Benutzerdefinierte digitale Smart NFC-Visitenkarte NTAG 215"},"content":{"rendered":"<h1><span style=\"color: #000080;\"><strong>Benutzerdefinierte digitale Smart NFC-Visitenkarte NTAG 215<\/strong><\/span><\/h1>\n<p><span style=\"color: #666699;\">Revolutionierung der VernetzungIn der heutigen schnelllebigen digitalen Welt ist es entscheidend, einen bleibenden Eindruck zu hinterlassen. Die <strong>Benutzerdefinierte digitale Smart NFC-Visitenkarte NTAG215<\/strong>\u00a0bietet eine innovative L\u00f6sung f\u00fcr Berufst\u00e4tige, die sich von der Masse abheben und ihre Kontaktinformationen auf moderne Weise effizient weitergeben m\u00f6chten. Diese Karte ist f\u00fcr die nahtlose Zusammenarbeit mit verschiedenen Ger\u00e4ten konzipiert und verwandelt einen traditionellen Netzwerkansatz in ein elegantes, technisch versiertes Erlebnis.<\/span><\/p>\n<p>&nbsp;<\/p>\n<h2 style=\"text-align: center;\"><span style=\"color: #000080;\"><em><strong>Vorteile der benutzerdefinierten NTAG215 NFC-Visitenkarte<\/strong><\/em><\/span><\/h2>\n<p><span style=\"color: #666699;\">Der\u00a0<strong>Benutzerdefinierte digitale Smart NFC-Visitenkarte NTAG215<\/strong>\u00a0bietet eine einzigartige Kombination aus Komfort, Haltbarkeit und Funktionalit\u00e4t. Einige der wichtigsten Vorteile sind:<\/span><\/p>\n<ol>\n<li><strong>Sofortige Konnektivit\u00e4t<\/strong>: Durch einfaches Antippen der Karte an einem NFC-f\u00e4higen Ger\u00e4t k\u00f6nnen Ihre potenziellen Kunden oder Kontakte sofort auf Ihre Kontaktinformationen, Social-Media-Profile oder Werbematerialien zugreifen. Sie m\u00fcssen nicht mehr in Ihrem Portemonnaie oder Ihrer Handtasche herumkramen.<\/li>\n<li><strong>Langlebig und wasserdicht<\/strong>: Diese Karte besteht aus hochwertigem PVC und ist wasser- und wetterfest, sodass sie der t\u00e4glichen Beanspruchung standh\u00e4lt.<\/li>\n<li><strong>Anpassbares Design<\/strong>: Personalisierungsoptionen wie einzigartige Druckstile und Oberfl\u00e4chen wie matte, gl\u00e4nzende oder frostige Transparenz erm\u00f6glichen Ihnen, die Identit\u00e4t Ihrer Marke vollst\u00e4ndig zum Ausdruck zu bringen.<\/li>\n<\/ol>\n<hr \/>\n<h2 style=\"text-align: center;\"><em><span style=\"color: #000080;\"><strong>Produkt\u00fcbersicht<\/strong><\/span><\/em><\/h2>\n<h3><span style=\"color: #333399;\"><strong>1. Was ist die benutzerdefinierte NTAG215 NFC-Visitenkarte?<\/strong><\/span><\/h3>\n<p><span style=\"color: #666699;\">Der\u00a0<strong>Benutzerdefinierte digitale Smart NFC-Visitenkarte NTAG215<\/strong>\u00a0ist ein modernes Netzwerktool mit integrierter NFC-Technologie. Diese Karte ist ein voll funktionsf\u00e4higes\u00a0<strong>RFID<\/strong>\u00a0Ger\u00e4t arbeitet mit einer Frequenz von\u00a0<strong>13,56 MHz<\/strong>. Benutzer k\u00f6nnen ein individuelles digitales Erlebnis erstellen, indem sie diese Karte f\u00fcr verschiedene Aktionen programmieren, z. B. das Verlinken mit einer Website oder das Speichern von Kontaktinformationen.<\/span><\/p>\n<p>&nbsp;<\/p>\n<h3><span style=\"color: #333399;\"><strong>2. Wichtige Eigenschaften der NTAG215 NFC-Karte<\/strong><\/span><\/h3>\n<h3><strong>Diese NFC-Visitenkarte weist mehrere bemerkenswerte Schl\u00fcsselattribute auf:<\/strong><\/h3>\n<ul>\n<li><strong>Chip-Technologie<\/strong>: Ausgestattet mit dem NTAG215-Chip, einem eingetragenen Warenzeichen von NXP, unterst\u00fctzt diese Karte Lese- und Schreibfunktionen.<\/li>\n<li><strong>Leseabstand<\/strong>: Die Karte kann aus einer Entfernung von\u00a0<strong>1-20 cm<\/strong>, was Flexibilit\u00e4t bei der Nutzung bietet.<\/li>\n<li><strong>Gr\u00f6\u00dfe und Dicke<\/strong>: Die Abmessungen der Karte betragen\u00a0<strong>85,5 x 54 x 0,84 mm<\/strong>, wodurch es die Standardgr\u00f6\u00dfe f\u00fcr einfaches Tragen hat.<\/li>\n<\/ul>\n<p>&nbsp;<\/p>\n<h3 style=\"text-align: left;\"><span style=\"color: #333399;\"><strong>3. Technische Daten<\/strong><\/span><\/h3>\n<div class=\"table-with-header rounded-lg border border-solid border-grey-line2-normal w-fit max-w-full mb-2\">\n<div class=\"table-with-header rounded-lg border border-solid border-grey-line2-normal w-fit max-w-full mb-2\">\n<div class=\"overflow-x-auto custom-scrollbar custom-scrollbar-float max-w-full\">\n<table class=\"w-fit !mb-0 !max-w-none\">\n<thead>\n<tr>\n<th><strong>Spezifikation<\/strong><\/th>\n<th><strong>Details<\/strong><\/th>\n<\/tr>\n<\/thead>\n<tbody>\n<tr>\n<td><strong>Chiptyp<\/strong><\/td>\n<td>NTAG\u00ae215<\/td>\n<\/tr>\n<tr>\n<td><strong>Betriebsfrequenz<\/strong><\/td>\n<td>13,56 MHz<\/td>\n<\/tr>\n<tr>\n<td><strong>Kommunikationsinterface<\/strong><\/td>\n<td>RFID<\/td>\n<\/tr>\n<tr>\n<td><strong>Material<\/strong><\/td>\n<td>aus PVC<\/td>\n<\/tr>\n<tr>\n<td><strong>Kartengr\u00f6\u00dfe<\/strong><\/td>\n<td>85,5 x 54 x 0,84 mm<\/td>\n<\/tr>\n<tr>\n<td><strong>Leseabstand<\/strong><\/td>\n<td>2-10 cm<\/td>\n<\/tr>\n<tr>\n<td><strong>Speicherkapazit\u00e4t<\/strong><\/td>\n<td>540 Bytes (davon sind ca. 120 Bytes f\u00fcr Benutzerdaten verf\u00fcgbar)<\/td>\n<\/tr>\n<tr>\n<td><strong>Betriebstemperatur<\/strong><\/td>\n<td>+20\u00b0C bis +80\u00b0C<\/td>\n<\/tr>\n<tr>\n<td><strong>Lagertemperatur<\/strong><\/td>\n<td>-25\u00b0C bis +70\u00b0C<\/td>\n<\/tr>\n<tr>\n<td><strong>Dicke<\/strong><\/td>\n<td>0,84 mm<\/td>\n<\/tr>\n<tr>\n<td><strong>Oberfl\u00e4chenveredelung<\/strong><\/td>\n<td>Matt, gl\u00e4nzend, gefrostet, transparent (anpassbare Optionen)<\/td>\n<\/tr>\n<tr>\n<td><strong>Protokoll<\/strong><\/td>\n<td>ISO\/IEC14443A<\/td>\n<\/tr>\n<tr>\n<td><strong>Wasserbest\u00e4ndigkeit<\/strong><\/td>\n<td>IP68 (wasser- und staubdicht)<\/td>\n<\/tr>\n<tr>\n<td><strong>Kompatibilit\u00e4t<\/strong><\/td>\n<td>Kompatibel mit allen NFC-f\u00e4higen Ger\u00e4ten<\/td>\n<\/tr>\n<tr>\n<td><strong>Anpassungsoptionen<\/strong><\/td>\n<td>Verschiedene Druckoptionen (Vollfarbe, Monochrom) verf\u00fcgbar<\/td>\n<\/tr>\n<tr>\n<td><strong>Umweltauswirkungen<\/strong><\/td>\n<td>Hergestellt in umweltfreundlichen Verfahren und unter Einhaltung von Nachhaltigkeitsstandards<\/td>\n<\/tr>\n<tr>\n<td><strong>Anwendungen<\/strong><\/td>\n<td>Ideal f\u00fcr Fachleute aus verschiedenen Branchen (Verkauf, Immobilien, Veranstaltungen usw.)<\/td>\n<\/tr>\n<tr>\n<td><strong>Zus\u00e4tzliche Merkmale<\/strong><\/td>\n<td>Einfache Programmierung \u00fcber NFC zum \u00c4ndern von Daten, unterst\u00fctzt Social Media-Links<\/td>\n<\/tr>\n<tr>\n<td><strong>Lebensdauer<\/strong><\/td>\n<td>5 Jahre<\/td>\n<\/tr>\n<\/tbody>\n<\/table>\n<\/div>\n<\/div>\n<p><span style=\"color: #282828;\">Diese Tabelle bietet einen umfassenden \u00dcberblick \u00fcber die\u00a0<strong>Benutzerdefinierte digitale Smart NFC-Visitenkarte NTAG215<\/strong>, und hilft Kunden, die Funktionen und Vorteile des Produkts im Detail zu verstehen.<\/span><\/p>\n<p>&nbsp;<\/p>\n<\/div>\n<h2 style=\"text-align: center;\"><em><span style=\"color: #000080;\"><strong>Umweltfreundliche Praktiken<\/strong><\/span><\/em><\/h2>\n<p style=\"text-align: left;\"><span style=\"color: #666699;\"><strong>Technologie ist zwar wichtig, aber auch das Engagement f\u00fcr die Umwelt. Die benutzerdefinierte digitale Smart NFC-Visitenkarte NTAG215 wird in umweltfreundlichen Verfahren hergestellt, wodurch ihre Umweltbelastung minimiert wird.<\/strong><\/span><\/p>\n<p>&nbsp;<\/p>\n<h2 style=\"text-align: center;\"><em><span style=\"color: #000080;\"><strong>Anwendungen in der Praxis<\/strong><\/span><\/em><\/h2>\n<p style=\"text-align: left;\"><span style=\"color: #666699;\"><strong>Fachleute aus den verschiedensten Branchen k\u00f6nnen diese NFC-Visitenkarten verwenden. Ob Sie im Vertrieb, in der Immobilienbranche oder in einer anderen Funktion mit Kundenkontakt t\u00e4tig sind, eine Smartcard kann Ihre Vernetzung verbessern.<\/strong><\/span><\/p>\n<p>&nbsp;<\/p>\n<h2 style=\"text-align: center;\"><em><span style=\"color: #000080;\"><strong>Kundenrezensionen und Erfahrungsberichte<\/strong><\/span><\/em><\/h2>\n<p>Kunden schw\u00e4rmen von der Bequemlichkeit und dem modernen Aussehen des\u00a0<strong>Benutzerdefinierte digitale Smart NFC-Visitenkarte NTAG215<\/strong>. In den Testberichten wird die Benutzerfreundlichkeit und das beeindruckende Design als Hauptfaktoren f\u00fcr ihren Erfolg beim Networking hervorgehoben.<\/p>\n<blockquote><p>\u201eIch liebe es, wie einfach ich meine Informationen weitergeben kann! Jedes Mal, wenn ich meine Karte verteile, bekomme ich Komplimente. Das hat das Netzwerken so viel einfacher gemacht!\u201c \u2013 Jessica H.<\/p>\n<p>&nbsp;<\/p><\/blockquote>\n<h2 style=\"text-align: center;\"><span style=\"color: #000080;\"><em><strong>FAQs<\/strong><\/em><\/span><\/h2>\n<p><span style=\"color: #008080;\"><strong>F: Ist die Karte mit allen Smartphones kompatibel?<\/strong><\/span><\/p>\n<p>A: Ja, die <strong>Benutzerdefinierte NTAG215 NFC-Visitenkarte<\/strong>\u00a0ist mit allen NFC-f\u00e4higen Smartphones und Ger\u00e4ten kompatibel und somit vielseitig f\u00fcr die moderne Vernetzung einsetzbar.<\/p>\n<p><span style=\"color: #008080;\"><strong>F: Kann ich das Kartendesign personalisieren?<\/strong><\/span><\/p>\n<p>A: Auf jeden Fall! Sie k\u00f6nnen das Design der Karte mit verschiedenen Druckoptionen, Farben und Veredelungen individuell gestalten, um Ihre pers\u00f6nliche oder Markenidentit\u00e4t widerzuspiegeln.<\/p>","protected":false},"excerpt":{"rendered":"<p>Verwandeln Sie die Vernetzung mit der benutzerdefinierten NTAG215 NFC-Visitenkarte und erm\u00f6glichen Sie die sofortige Weitergabe von Kontaktinformationen durch einfaches Tippen \u2013 und das alles in einem langlebigen, anpassbaren Design.<\/p>","protected":false},"featured_media":3380,"template":"","meta":[],"product_brand":[],"product_cat":[46],"product_tag":[],"class_list":{"0":"post-3379","1":"product","2":"type-product","3":"status-publish","4":"has-post-thumbnail","6":"product_cat-nfc-cards","8":"first","9":"instock","10":"shipping-taxable","11":"product-type-simple"},"_links":{"self":[{"href":"https:\/\/nfc-readers.com\/de\/wp-json\/wp\/v2\/product\/3379","targetHints":{"allow":["GET"]}}],"collection":[{"href":"https:\/\/nfc-readers.com\/de\/wp-json\/wp\/v2\/product"}],"about":[{"href":"https:\/\/nfc-readers.com\/de\/wp-json\/wp\/v2\/types\/product"}],"wp:featuredmedia":[{"embeddable":true,"href":"https:\/\/nfc-readers.com\/de\/wp-json\/wp\/v2\/media\/3380"}],"wp:attachment":[{"href":"https:\/\/nfc-readers.com\/de\/wp-json\/wp\/v2\/media?parent=3379"}],"wp:term":[{"taxonomy":"product_brand","embeddable":true,"href":"https:\/\/nfc-readers.com\/de\/wp-json\/wp\/v2\/product_brand?post=3379"},{"taxonomy":"product_cat","embeddable":true,"href":"https:\/\/nfc-readers.com\/de\/wp-json\/wp\/v2\/product_cat?post=3379"},{"taxonomy":"product_tag","embeddable":true,"href":"https:\/\/nfc-readers.com\/de\/wp-json\/wp\/v2\/product_tag?post=3379"}],"curies":[{"name":"wp","href":"https:\/\/api.w.org\/{rel}","templated":true}]}}