{"id":3386,"date":"2024-11-02T12:57:27","date_gmt":"2024-11-02T12:57:27","guid":{"rendered":"https:\/\/nfc-readers.com\/?post_type=product&#038;p=3386"},"modified":"2024-11-04T08:53:34","modified_gmt":"2024-11-04T08:53:34","slug":"rfid-design-music-event-event-staff-pvc-nfc-card","status":"publish","type":"product","link":"https:\/\/nfc-readers.com\/de\/ic-reader\/rfid-design-music-event-event-staff-pvc-nfc-card\/","title":{"rendered":"PVC-NFC-Karte f\u00fcr Musikevent"},"content":{"rendered":"<h1 style=\"text-align: left;\"><span style=\"color: #000080;\"><strong>PVC-NFC-Karte f\u00fcr Musikevent<\/strong><\/span><\/h1>\n<div class=\"table-with-header rounded-lg border border-solid border-grey-line2-normal w-fit max-w-full mb-2\">\n<div class=\"h-8 items-center flex justify-between px-2 text-xs border-0 border-b border-solid border-grey-line2-normal\">\n<div class=\"text-text-primary-3 flex items-center gap-1\">\n<h3 style=\"text-align: left;\"><span style=\"color: #008080;\"><strong>Sch\u00f6pfen Sie die Leistungsf\u00e4higkeit eines nahtlosen Eventmanagements<\/strong><\/span><\/h3>\n<p style=\"text-align: left;\"><strong><span style=\"color: #666699;\">Als Veranstalter wissen Sie, dass eine reibungslose Zugangskontrolle und ein effizientes Publikumsmanagement der Schl\u00fcssel zu einer erfolgreichen Veranstaltung sind. Die PVC-NFC-Karte f\u00fcr Musikveranstaltungen ist die L\u00f6sung, nach der Sie gesucht haben, und revolutioniert die Art und Weise, wie Sie Ihre Musikfestivals, Ausstellungen und Foren organisieren.<\/span><\/strong><\/p>\n<p style=\"text-align: left;\"><strong><span style=\"color: #666699;\">Diese NFC-Karten werden mit branchenf\u00fchrender Technologie und beispielloser Haltbarkeit hergestellt und bieten ein umfassendes Paket an Funktionen, die Ihr Event-Erlebnis verbessern. Von der zuverl\u00e4ssigen Identit\u00e4tsauthentifizierung bis zur reibungslosen t\u00e4glichen Besucherkontrolle ist die PVC-NFC-Karte f\u00fcr Musikevents das unverzichtbare Werkzeug, mit dem Sie Ihr Eventmanagement auf die n\u00e4chste Stufe heben k\u00f6nnen.<\/span><\/strong><\/p>\n<h2 style=\"text-align: left;\"><span style=\"color: #000080;\"><em><strong>Produkt\u00fcbersicht<\/strong><\/em><\/span><\/h2>\n<h3 style=\"text-align: left;\"><span style=\"color: #333399;\"><strong>1. Wichtige Eigenschaften: <\/strong><\/span><\/h3>\n<h3 style=\"text-align: left;\"><span style=\"color: #333399;\"><strong>Kompromisslose Qualit\u00e4t und Sicherheit<\/strong><\/span><\/h3>\n<p style=\"text-align: left;\">Die PVC NFC-Karte f\u00fcr Musikveranstaltungen ist so konstruiert, dass sie den Belastungen in stark frequentierten Umgebungen standh\u00e4lt. Hergestellt aus strapazierf\u00e4higem\u00a0<strong>aus PVC<\/strong>Diese Karten sind auf Verschlei\u00dffestigkeit ausgelegt und gew\u00e4hrleisten langfristige Zuverl\u00e4ssigkeit selbst unter anspruchsvollsten Bedingungen.<\/p>\n<h3 style=\"text-align: left;\"><strong><span style=\"color: #333399;\">2. Branchenspezifische Vorteile: <\/span><\/strong><\/h3>\n<h3 style=\"text-align: left;\"><strong><span style=\"color: #333399;\">Ma\u00dfgeschneidert f\u00fcr Eventorganisatoren<\/span><\/strong><\/h3>\n<p style=\"text-align: left;\">Entwickelt f\u00fcr die besonderen Bed\u00fcrfnisse von Eventorganisatoren, <strong>die PVC-NFC-Karte f\u00fcr Musikevents<\/strong>\u00a0bietet eine Reihe von Funktionen, die sich nahtlos in Zugangskontrollsysteme integrieren lassen und das Crowd Management optimieren.<\/p>\n<p>&nbsp;<\/p>\n<h3><span style=\"color: #333399;\"><strong>3. Funktionen<\/strong><\/span><\/h3>\n<\/div>\n<\/div>\n<\/div>\n<div class=\"table-with-header rounded-lg border border-solid border-grey-line2-normal w-fit max-w-full mb-2\">\n<div class=\"overflow-x-auto custom-scrollbar custom-scrollbar-float max-w-full\">\n<table class=\"w-fit !mb-0 !max-w-none\">\n<thead>\n<tr>\n<th><strong>Kategorie<\/strong><\/th>\n<th><strong>Details<\/strong><\/th>\n<\/tr>\n<\/thead>\n<tbody>\n<tr>\n<td><strong>Material<\/strong><\/td>\n<td>Hochwertiges PVC, langlebig f\u00fcr den Langzeitgebrauch.<\/td>\n<\/tr>\n<tr>\n<td><strong>Chip-Technologie<\/strong><\/td>\n<td>NFC-kompatible Chips (Ntag213, Ntag215, Ntag216) f\u00fcr mehr Sicherheit.<\/td>\n<\/tr>\n<tr>\n<td><strong>Haltbarkeit<\/strong><\/td>\n<td>Wasserdicht und wetterbest\u00e4ndig f\u00fcr Veranstaltungen im Freien.<\/td>\n<\/tr>\n<tr>\n<td><strong>Frequenz<\/strong><\/td>\n<td>13,56 MHz<\/td>\n<\/tr>\n<tr>\n<td><strong>Leseabstand<\/strong><\/td>\n<td>0-10 cm<\/td>\n<\/tr>\n<tr>\n<td><strong>Gr\u00f6\u00dfenoptionen<\/strong><\/td>\n<td>Benutzerdefinierte Gr\u00f6\u00dfen: 70 x 100 mm, 80 x 120 mm, 85,5 x 54 mm<\/td>\n<\/tr>\n<tr>\n<td><strong>Dickenoptionen<\/strong><\/td>\n<td>0,76 mm bis 0,85 mm<\/td>\n<\/tr>\n<tr>\n<td><strong>Druckverfahren<\/strong><\/td>\n<td>CMYK-Vierfarbdruck, Offset- und Siebdruck.<\/td>\n<\/tr>\n<tr>\n<td><strong>Oberfl\u00e4chenfinish<\/strong><\/td>\n<td>In den Ausf\u00fchrungen Gl\u00e4nzend, Matt oder Frosted erh\u00e4ltlich.<\/td>\n<\/tr>\n<tr>\n<td><strong>Identit\u00e4tspr\u00fcfung<\/strong><\/td>\n<td>Unterst\u00fctzt Zugangskontrollsysteme, um unbefugten Zutritt zu verhindern.<\/td>\n<\/tr>\n<tr>\n<td><strong>Besucherkontrolle<\/strong><\/td>\n<td>Effizientes Teilnehmerstrommanagement f\u00fcr mehrt\u00e4gige Veranstaltungen.<\/td>\n<\/tr>\n<tr>\n<td><strong>Menschenmengenmanagement<\/strong><\/td>\n<td>Erm\u00f6glicht reibungslose Einlassprozesse und verk\u00fcrzt die Wartezeiten.<\/td>\n<\/tr>\n<tr>\n<td><strong>Anpassung<\/strong><\/td>\n<td>Personalisierte Designs f\u00fcr Branding- und Eventthemen.<\/td>\n<\/tr>\n<tr>\n<td><strong>Umweltauswirkungen<\/strong><\/td>\n<td>Umweltfreundliche Materialien mit Recyclingoptionen.<\/td>\n<\/tr>\n<tr>\n<td><strong>Kundenstimmen<\/strong><\/td>\n<td>Benutzerbewertungen heben Wirksamkeit und Zuverl\u00e4ssigkeit hervor.<\/td>\n<\/tr>\n<tr>\n<td><\/td>\n<td><\/td>\n<\/tr>\n<\/tbody>\n<\/table>\n<\/div>\n<\/div>\n<div class=\"chat-list relative custom-scrollbar-reset-margin custom-scrollbar custom-scrollbar-hidden custom-scrollbar-float pb-9 flex-1 overflow-y-auto\">\n<div class=\"mx-auto max-w-[790px]\">\n<div class=\"message-item-outer relative px-4 mb-2\" data-id=\"d48d37b0-da1a-4c85-9917-d0c1a6993b41\">\n<div class=\"content-area pl-[0px]\">\n<div class=\"message-item select-text relative\">\n<div class=\"message-inner relative\">\n<div class=\"py-[2px]\">\n<div class=\"flex flex-col gap-2\">\n<div class=\"answer-markdown-box overflow-x-auto select-text custom-scrollbar\">\n<div class=\"markdown-body\">\n<h3><strong><span style=\"color: #333399;\">4. Kommunikationsschnittstelle: <\/span><\/strong><\/h3>\n<h3><strong><span style=\"color: #333399;\">Nutzung von RFID- und NFC-Technologie<\/span><\/strong><\/h3>\n<p>Durch die Nutzung\u00a0<strong>RFID- und NFC-Kommunikationsschnittstellen<\/strong>Die PVC-NFC-Karte f\u00fcr Musikveranstaltungen erm\u00f6glicht einen schnellen und zuverl\u00e4ssigen Datenaustausch zwischen Karte und Leseger\u00e4ten und sorgt so f\u00fcr eine reibungslose Zugangskontrolle und ein effizientes Crowd Management.<\/p>\n<p>&nbsp;<\/p>\n<h3><span style=\"color: #333399;\"><strong>5. Frequenz und Leseabstand: <\/strong><\/span><\/h3>\n<h3><span style=\"color: #333399;\"><strong>Optimiert f\u00fcr nahtlose Leistung<\/strong><\/span><\/h3>\n<p>Betrieb bei einer\u00a0<strong>13,56 MHz Frequenz<\/strong>\u00a0und verf\u00fcgt \u00fcber eine\u00a0<strong>0-10 cm Leseabstand<\/strong>Diese NFC-Karten bieten eine zuverl\u00e4ssige Leistung und sorgen sowohl f\u00fcr ein reibungsloses Erlebnis f\u00fcr Veranstalter als auch f\u00fcr Teilnehmer.<\/p>\n<p>&nbsp;<\/p>\n<h3><strong><span style=\"color: #333399;\">6. Anpassungsoptionen: <\/span><\/strong><\/h3>\n<h3><strong><span style=\"color: #333399;\">Auf Ihre Bed\u00fcrfnisse zugeschnitten<\/span><\/strong><\/h3>\n<p>Bietet eine Reihe von\u00a0<strong>Gr\u00f6\u00dfen- und Dickenoptionen<\/strong>, die PVC-NFC-Karte f\u00fcr Musikveranstaltungen kann individuell an die speziellen Anforderungen Ihrer Veranstaltung angepasst werden, egal ob es sich um ein gro\u00dfes Musikfestival oder ein kleines Branchenforum handelt.<\/p>\n<p>&nbsp;<\/p>\n<h3><strong><span style=\"color: #333399;\">7. Druck und Oberfl\u00e4chenveredelung: <\/span><\/strong><\/h3>\n<h3><strong><span style=\"color: #333399;\">Verbessern Sie Ihr Branding<\/span><\/strong><\/h3>\n<p>Mit\u00a0<strong>CMYK 4C-Druck, Offsetdruck und Siebdruck<\/strong>\u00a0Diese NFC-Karten k\u00f6nnen mit lebendigen Grafiken und Logos versehen werden, erg\u00e4nzt durch eine Auswahl an\u00a0<strong>gl\u00e4nzende, matte oder frostete Oberfl\u00e4chen<\/strong>\u00a0um es an die \u00c4sthetik Ihrer Marke anzupassen.<\/p>\n<p>&nbsp;<\/p>\n<h3><strong><span style=\"color: #333399;\">8. Umweltauswirkungen: <\/span><\/strong><\/h3>\n<h3><strong><span style=\"color: #333399;\">Nachhaltige L\u00f6sungen f\u00fcr Events<\/span><\/strong><\/h3>\n<p>Als Veranstalter wissen wir, wie wichtig Umweltverantwortung ist. Deshalb besteht die PVC-NFC-Karte f\u00fcr Musikveranstaltungen aus umweltfreundlichen Materialien und Recyclingoptionen, sodass Sie Ihre Veranstaltungen mit einem Fokus auf Nachhaltigkeit durchf\u00fchren k\u00f6nnen.<\/p>\n<p>&nbsp;<\/p>\n<\/div>\n<\/div>\n<\/div>\n<\/div>\n<\/div>\n<\/div>\n<\/div>\n<\/div>\n<\/div>\n<\/div>\n<p>&nbsp;<\/p>\n<p><strong><span style=\"color: #008080;\">In dieser Tabelle werden die wichtigsten Funktionen und Vorteile der PVC-NFC-Karte f\u00fcr Musikveranstaltungen hervorgehoben, die sie zu einem unverzichtbaren Werkzeug f\u00fcr ein effektives Eventmanagement machen. <\/span><\/strong><\/p>\n<h3><span style=\"color: #008000;\"><em><strong>Wenn Sie weitere Informationen w\u00fcnschen oder kostenlose Muster anfordern m\u00f6chten, f\u00fcllen Sie bitte das Anfrageformular aus. Wir helfen Ihnen gern weiter!<\/strong><\/em><\/span><\/h3>","protected":false},"excerpt":{"rendered":"<p>Werten Sie Ihr Eventerlebnis mit der PVC-NFC-Karte f\u00fcr Musikevents auf \u2013 die ultimative L\u00f6sung f\u00fcr nahtlose Zugangskontrolle und effizientes Crowd Management.<\/p>","protected":false},"featured_media":3387,"template":"","meta":[],"product_brand":[],"product_cat":[46],"product_tag":[],"class_list":{"0":"post-3386","1":"product","2":"type-product","3":"status-publish","4":"has-post-thumbnail","6":"product_cat-nfc-cards","8":"first","9":"instock","10":"shipping-taxable","11":"product-type-simple"},"_links":{"self":[{"href":"https:\/\/nfc-readers.com\/de\/wp-json\/wp\/v2\/product\/3386","targetHints":{"allow":["GET"]}}],"collection":[{"href":"https:\/\/nfc-readers.com\/de\/wp-json\/wp\/v2\/product"}],"about":[{"href":"https:\/\/nfc-readers.com\/de\/wp-json\/wp\/v2\/types\/product"}],"wp:featuredmedia":[{"embeddable":true,"href":"https:\/\/nfc-readers.com\/de\/wp-json\/wp\/v2\/media\/3387"}],"wp:attachment":[{"href":"https:\/\/nfc-readers.com\/de\/wp-json\/wp\/v2\/media?parent=3386"}],"wp:term":[{"taxonomy":"product_brand","embeddable":true,"href":"https:\/\/nfc-readers.com\/de\/wp-json\/wp\/v2\/product_brand?post=3386"},{"taxonomy":"product_cat","embeddable":true,"href":"https:\/\/nfc-readers.com\/de\/wp-json\/wp\/v2\/product_cat?post=3386"},{"taxonomy":"product_tag","embeddable":true,"href":"https:\/\/nfc-readers.com\/de\/wp-json\/wp\/v2\/product_tag?post=3386"}],"curies":[{"name":"wp","href":"https:\/\/api.w.org\/{rel}","templated":true}]}}