{"id":3396,"date":"2024-11-03T02:56:29","date_gmt":"2024-11-03T02:56:29","guid":{"rendered":"https:\/\/nfc-readers.com\/?post_type=product&#038;p=3396"},"modified":"2024-11-03T02:56:30","modified_gmt":"2024-11-03T02:56:30","slug":"fast-read-encrypted-rfid-nfc-event-wristband-ntag215-mifare","status":"publish","type":"product","link":"https:\/\/nfc-readers.com\/de\/ic-reader\/fast-read-encrypted-rfid-nfc-event-wristband-ntag215-mifare\/","title":{"rendered":"Schnell lesbares, verschl\u00fcsseltes RFID-NFC-Eventarmband Ntag215 MIFARE"},"content":{"rendered":"<h1 style=\"text-align: center;\">Schnell lesbares, verschl\u00fcsseltes RFID-NFC-Eventarmband Ntag215 MIFARE<\/h1>\n<p>&nbsp;<\/p>\n<p>Im digitalen Zeitalter sind nahtlose Zugangskontrollen und bargeldlose Zahlungsl\u00f6sungen f\u00fcr Veranstaltungen jeder Gr\u00f6\u00dfe unverzichtbar geworden. Wir stellen vor: <strong>Schnell lesbares, verschl\u00fcsseltes RFID-NFC-Eventarmband Ntag215 MIFARE<\/strong>\u00a0aus\u00a0<em>SXNFC<\/em>, die ultimative L\u00f6sung zur Verbesserung des G\u00e4steerlebnisses und zur Gew\u00e4hrleistung eines effizienten Eventmanagements. Dieses Armband wurde speziell f\u00fcr verschiedene Veranstaltungen entwickelt \u2013 von Musikfestivals und Sportveranstaltungen bis hin zu Konferenzen und Zutrittskontrollszenarien \u2013 und kombiniert Spitzentechnologie mit benutzerfreundlichen Funktionen.<\/p>\n<p>&nbsp;<\/p>\n<h3>Warum das schnell lesbare, verschl\u00fcsselte RFID-NFC-Eventarmband kaufen?<\/h3>\n<p>Der\u00a0<strong>Ntag215 MIFARE<\/strong>\u00a0Das RFID\/NFC-Armband ist ein innovatives Produkt, das zahlreiche Vorteile bietet. Es ist aus strapazierf\u00e4higem PVC und gewebten Materialien gefertigt und verspricht Langlebigkeit und Zuverl\u00e4ssigkeit. Seine Schnelllesefunktion sorgt f\u00fcr k\u00fcrzere Wartezeiten und verbessert den G\u00e4stefluss an den Eingangspunkten. Dank des wasserdichten Designs k\u00f6nnen Sie diese Armb\u00e4nder au\u00dferdem bedenkenlos bei Veranstaltungen im Freien, in Wasserparks und mehr verwenden, wo Feuchtigkeit ein Problem darstellt.<\/p>\n<p>Mit dem\u00a0<strong>NFC-Armband<\/strong>, Sie kaufen nicht nur ein Produkt; Sie investieren in ein verbessertes Teilnehmererlebnis. Diese Armb\u00e4nder sind ideal f\u00fcr bargeldlose Transaktionen und vereinfachen Eink\u00e4ufe mit kontaktlosen Zahlungsl\u00f6sungen. Sie m\u00fcssen sich nicht mehr um den Umgang mit Bargeld oder physischen Tickets k\u00fcmmern \u2013 alles l\u00e4sst sich bequem \u00fcber das Armband abwickeln.<\/p>\n<p>&nbsp;<\/p>\n<h2>Besonderheiten des RFID NFC Eventarmbands<\/h2>\n<p>Der\u00a0<strong>Schnell lesbares, verschl\u00fcsseltes RFID-NFC-Eventarmband Ntag215 MIFARE<\/strong>\u00a0ist vollgepackt mit Funktionen, die es zu einer intelligenten Wahl f\u00fcr jeden Anlass machen.<\/p>\n<ul>\n<li><strong>Manipulationssichere Sicherheit:<\/strong>\u00a0Jedes Armband ist mit einer Verschl\u00fcsselungstechnologie zum Schutz vertraulicher Daten ausgestattet, sodass sowohl Veranstalter als auch Teilnehmer der Veranstaltung beruhigt sein k\u00f6nnen.<\/li>\n<li><strong>Benutzerfreundlich:<\/strong>\u00a0Die Handhabung der Armb\u00e4nder ist ganz einfach: Einfach an ein NFC-f\u00e4higes Leseger\u00e4t halten und schon erh\u00e4ltst du Zutritt oder kannst bargeldlos bezahlen.<\/li>\n<li><strong>Lesebereich:<\/strong>\u00a0Mit einer Lesedistanz von bis zu 10 cm funktionieren diese Armb\u00e4nder effizient, ohne dass direkter Kontakt mit dem Leseger\u00e4t erforderlich ist.<\/li>\n<\/ul>\n<p>Die Kombination dieser besonderen Funktionen sorgt nicht nur f\u00fcr erh\u00f6hte Sicherheit, sondern verbessert auch das allgemeine Benutzererlebnis.<\/p>\n<p>&nbsp;<\/p>\n<h2>Vorteile bargeldloser Transaktionen mit NFC-Armb\u00e4ndern<\/h2>\n<p>Der Anstieg bargeldloser Zahlungen ver\u00e4ndert die Veranstaltungsbranche rasant. Hier sind die wichtigsten Vorteile der Nutzung\u00a0<strong>NFC-Armb\u00e4nder<\/strong>\u00a0f\u00fcr den bargeldlosen Zahlungsverkehr:<\/p>\n<ul>\n<li><strong>Erh\u00f6hter Komfort:<\/strong>\u00a0G\u00e4ste k\u00f6nnen Eink\u00e4ufe durch einfaches Antippen ihres Armbandes t\u00e4tigen, was Transaktionen schnell und einfach macht.<\/li>\n<li><strong>Reduzierte Wartezeiten:<\/strong>\u00a0Weniger Warteschlangen bedeuten bessere<\/li>\n<\/ul>\n<h2>Vorteile bargeldloser Transaktionen mit NFC-Armb\u00e4ndern<\/h2>\n<p>Der Anstieg bargeldloser Zahlungen ver\u00e4ndert die Veranstaltungsbranche rasant. Hier sind die wichtigsten Vorteile der Nutzung\u00a0<strong>NFC-Armb\u00e4nder<\/strong>\u00a0f\u00fcr den bargeldlosen Zahlungsverkehr:<\/p>\n<ul>\n<li><strong>Erh\u00f6hter Komfort:<\/strong>\u00a0G\u00e4ste k\u00f6nnen Eink\u00e4ufe durch einfaches Antippen ihres Armbandes t\u00e4tigen, was Transaktionen schnell und einfach macht.<\/li>\n<li><strong>Reduzierte Wartezeiten:<\/strong>\u00a0Weniger Warteschlangen bedeuten bessere<\/li>\n<\/ul>\n<p>&nbsp;<\/p>\n<h3>FAQs zu RFID NFC Event-Armb\u00e4ndern<\/h3>\n<h4>1.\u00a0<strong>Was sind RFID-NFC-Eventarmb\u00e4nder?<\/strong><\/h4>\n<p>RFID-NFC-Eventarmb\u00e4nder sind tragbare Ger\u00e4te, die mit Radiofrequenzidentifikation (RFID) und Near Field Communication (NFC)-Technologie ausgestattet sind. Sie erm\u00f6glichen eine sichere Zugangskontrolle, bargeldlose Transaktionen und die Datenerfassung bei Veranstaltungen.<\/p>\n<h4>2.\u00a0<strong>Wie funktionieren RFID-Armb\u00e4nder?<\/strong><\/h4>\n<p>RFID-Armb\u00e4nder funktionieren, indem sie Informationen drahtlos \u00fcber Funkwellen an ein RFID-Leseger\u00e4t \u00fcbertragen. Wenn ein Teilnehmer sein Armband in die N\u00e4he eines Leseger\u00e4ts h\u00e4lt, \u00fcbertr\u00e4gt es Daten f\u00fcr die Zugangskontrolle oder Zahlungsabwicklung.<\/p>\n<h4>3.\u00a0<strong>Aus welchen Materialien bestehen RFID-NFC-Armb\u00e4nder?<\/strong><\/h4>\n<p>Unsere RFID-Armb\u00e4nder bestehen haupts\u00e4chlich aus strapazierf\u00e4higem PVC und gewebten Materialien und sind sowohl wasserdicht als auch wetterfest, um verschiedenen Veranstaltungsbedingungen standzuhalten.<\/p>\n<h4>4.\u00a0<strong>Welche Vorteile bietet die Verwendung der NFC-Technologie in Armb\u00e4ndern?<\/strong><\/h4>\n<p>Die NFC-Technologie erm\u00f6glicht schnelle und sichere kontaktlose Transaktionen, was das G\u00e4steerlebnis verbessert, indem es die Wartezeiten verk\u00fcrzt und den Bedarf an Bargeld oder Tickets minimiert.<\/p>\n<h4>5.\u00a0<strong>Sind die Armb\u00e4nder anpassbar?<\/strong><\/h4>\n<p>Ja! Unsere RFID-Armb\u00e4nder k\u00f6nnen mit Ihrem Event-Branding, Ihren Logos und Farben personalisiert werden, um die Beteiligung der Teilnehmer zu erh\u00f6hen und f\u00fcr Ihr Event zu werben.<\/p>","protected":false},"excerpt":{"rendered":"<p>Das schnell lesbare, verschl\u00fcsselte RFID-NFC-Eventarmband Ntag215 MIFARE erm\u00f6glicht eine sichere Zugangskontrolle und bargeldlose Zahlungen und verbessert so das G\u00e4steerlebnis bei Veranstaltungen. Es ist wasserdicht und anpassbar und gew\u00e4hrleistet Zuverl\u00e4ssigkeit und Komfort f\u00fcr jeden Anlass.<\/p>","protected":false},"featured_media":3397,"template":"","meta":[],"product_brand":[],"product_cat":[50],"product_tag":[],"class_list":{"0":"post-3396","1":"product","2":"type-product","3":"status-publish","4":"has-post-thumbnail","6":"product_cat-silicone-rfid-nfc-wristbands","8":"first","9":"instock","10":"shipping-taxable","11":"product-type-simple"},"_links":{"self":[{"href":"https:\/\/nfc-readers.com\/de\/wp-json\/wp\/v2\/product\/3396","targetHints":{"allow":["GET"]}}],"collection":[{"href":"https:\/\/nfc-readers.com\/de\/wp-json\/wp\/v2\/product"}],"about":[{"href":"https:\/\/nfc-readers.com\/de\/wp-json\/wp\/v2\/types\/product"}],"wp:featuredmedia":[{"embeddable":true,"href":"https:\/\/nfc-readers.com\/de\/wp-json\/wp\/v2\/media\/3397"}],"wp:attachment":[{"href":"https:\/\/nfc-readers.com\/de\/wp-json\/wp\/v2\/media?parent=3396"}],"wp:term":[{"taxonomy":"product_brand","embeddable":true,"href":"https:\/\/nfc-readers.com\/de\/wp-json\/wp\/v2\/product_brand?post=3396"},{"taxonomy":"product_cat","embeddable":true,"href":"https:\/\/nfc-readers.com\/de\/wp-json\/wp\/v2\/product_cat?post=3396"},{"taxonomy":"product_tag","embeddable":true,"href":"https:\/\/nfc-readers.com\/de\/wp-json\/wp\/v2\/product_tag?post=3396"}],"curies":[{"name":"wp","href":"https:\/\/api.w.org\/{rel}","templated":true}]}}