{"id":3403,"date":"2024-11-03T03:04:22","date_gmt":"2024-11-03T03:04:22","guid":{"rendered":"https:\/\/nfc-readers.com\/?post_type=product&#038;p=3403"},"modified":"2024-11-04T03:10:35","modified_gmt":"2024-11-04T03:10:35","slug":"silicone-wristband-smart-nfc-rfidtag-wristband-silicone-b","status":"publish","type":"product","link":"https:\/\/nfc-readers.com\/de\/ic-reader\/silicone-wristband-smart-nfc-rfidtag-wristband-silicone-b\/","title":{"rendered":"Silikonarmband Smart NFC RFIDTag Armband Silikon B"},"content":{"rendered":"<h1 style=\"text-align: center;\"><strong>Silikonarmband Smart NFC RFIDTag Armband Silikon B<\/strong><\/h1>\n<p>&nbsp;<\/p>\n<p>Der <strong>Silikonarmband Smart NFC RFID Tag Armband Silikon B<\/strong>\u00a0ist ein bahnbrechendes Produkt, das f\u00fcr verschiedene Anwendungen wie Eventmanagement, Zugangskontrolle und bargeldlose Zahlungsl\u00f6sungen entwickelt wurde. Dieses Armband kombiniert Innovation und Funktionalit\u00e4t und vereint RFID- und NFC-Technologien, um Benutzern und Veranstaltern gleicherma\u00dfen ein nahtloses Erlebnis zu bieten. Dank seiner Wasserdichtigkeit und seines anpassbaren Designs ist das RFID-Armband perfekt f\u00fcr verschiedene Anl\u00e4sse geeignet, sei es ein Musikfestival, eine Firmenveranstaltung oder sogar ein Besuch im Wasserpark. Die Entscheidung f\u00fcr dieses hochmoderne Armband steigert nicht nur die Betriebseffizienz, sondern verbessert auch das Gesamterlebnis der G\u00e4ste erheblich.<\/p>\n<p>&nbsp;<\/p>\n<h2>\u00dcberblick \u00fcber das RFID-Armband<\/h2>\n<p>Der\u00a0<strong>RFID-Armband<\/strong>\u00a0ist f\u00fcr eine schnelle Zugangskontrolle konzipiert und erm\u00f6glicht es Veranstaltern, ihre Abl\u00e4ufe zu optimieren. Durch den Einsatz fortschrittlicher RFID-Technologie mit einer Frequenz von\u00a0<strong>13,56 MHz<\/strong>, diese\u00a0<strong>Silikon-RFID-Armb\u00e4nder<\/strong>\u00a0bieten Sicherheit und Komfort. Entwickelt f\u00fcr das Lesen innerhalb einer\u00a0<strong>2-5 cm<\/strong>\u00a0Reichweite bieten sie eine schnelle Daten\u00fcbertragung, die f\u00fcr verschiedene Veranstaltungsanwendungen geeignet ist, von Musikfestivals bis zu Firmenveranstaltungen.<\/p>\n<p>Mit erweiterten Funktionen wie\u00a0<strong>wasserdicht und wetterfest<\/strong>\u00a0Materialien sorgt dieses Armband f\u00fcr Langlebigkeit und Zuverl\u00e4ssigkeit, auch im Au\u00dfenbereich. Benutzer k\u00f6nnen bargeldlose Zahlungsoptionen nutzen, was die Effizienz steigert und gleichzeitig die Wartezeiten f\u00fcr Einlass und Transaktionen verk\u00fcrzt.<\/p>\n<p>&nbsp;<\/p>\n<hr \/>\n<h2>Hauptmerkmale des Silikon-RFID-Armbands<\/h2>\n<p>Der\u00a0<strong>Silikon-RFID-Armband<\/strong>\u00a0umfasst eine Vielzahl von Funktionen, die es zu einer hervorragenden Wahl f\u00fcr Veranstalter und Benutzer machen.<\/p>\n<ul>\n<li><strong>Wasserdicht\/wetterfest:<\/strong>\u00a0Im Gegensatz zu Standardarmb\u00e4ndern ist dieses Modell feuchtigkeitsbest\u00e4ndig und h\u00e4lt verschiedenen Wetterbedingungen stand. Damit ist es ideal f\u00fcr Veranstaltungen im Freien wie Konzerte und Wasserparks geeignet.<\/li>\n<li><strong>Kommunikationsschnittstelle:<\/strong>\u00a0Mit integriertem\u00a0<strong>NFC und RFID<\/strong>\u00a0Dieses Armband erm\u00f6glicht nahtlose Transaktionen und Datenaustausch. Benutzer k\u00f6nnen bargeldlos bezahlen, T\u00fcren \u00f6ffnen und Zutritt zu Sperrbereichen erhalten, ohne sich mit physischen Tickets oder Ausweisen herumschlagen zu m\u00fcssen.<\/li>\n<li><strong>Anpassung:<\/strong>\u00a0Ma\u00dfgeschneiderte Optionen sind f\u00fcr Gr\u00f6\u00dfen, Farben und Druckstile verf\u00fcgbar. Diese Anpassungsf\u00e4higkeit erm\u00f6glicht es Marken, ihre Sichtbarkeit zu erh\u00f6hen durch\u00a0<strong>Siebdruck<\/strong>\u00a0und andere fortgeschrittene Handwerkstechniken wie\u00a0<strong>Lasercodierung und Thermodruck<\/strong>.<\/li>\n<\/ul>\n<p>Diese besonderen Merkmale unterstreichen nicht nur die Funktionalit\u00e4t, sondern sorgen auch f\u00fcr ein ansprechendes Benutzererlebnis.<\/p>\n<p>&nbsp;<\/p>\n<hr \/>\n<h2>Vorteile der Verwendung von RFID-Armb\u00e4ndern f\u00fcr Veranstaltungen<\/h2>\n<p>Annahme\u00a0<strong>RFID-Armb\u00e4nder f\u00fcr Events<\/strong>\u00a0kann das gesamte Eventmanagement drastisch verbessern:<\/p>\n<ol>\n<li><strong>Erh\u00f6hte Sicherheit:<\/strong>\u00a0Das manipulationssichere Design stellt sicher, dass die im Armband enthaltenen Daten sicher bleiben. Unbefugte Vervielf\u00e4ltigung oder Zugriff ist praktisch unm\u00f6glich, was diese Armb\u00e4nder zu einer ausgezeichneten Wahl f\u00fcr hochkar\u00e4tige Veranstaltungen macht, die erh\u00f6hte Sicherheitsma\u00dfnahmen erfordern.<\/li>\n<li><strong>Datenerfassung:<\/strong>\u00a0Sammeln Sie wichtige Erkenntnisse \u00fcber das Verhalten der Teilnehmer, die f\u00fcr zuk\u00fcnftige Veranstaltungen genutzt werden k\u00f6nnen.\u00a0<strong>RFID-Technologie<\/strong>k\u00f6nnen Veranstalter Anmeldemuster und Pr\u00e4ferenzen analysieren und so zuk\u00fcnftige Angebote individuell anpassen.<\/li>\n<li><strong>Reduzierte Wartezeiten:<\/strong>\u00a0Die Effizienz der RFID-Armb\u00e4nder f\u00fchrt zu k\u00fcrzeren Warteschlangen. Die Besucher k\u00f6nnen sich schneller vom Eingang zum Festivalgel\u00e4nde bewegen, was ihr Erlebnis verbessert und potenzielle Frustrationen reduziert.<\/li>\n<\/ol>\n<p>Angesichts dieser erheblichen Vorteile ist es klar, dass\u00a0<strong>Silikon-RFID-Armb\u00e4nder<\/strong>\u00a0sind nicht nur ein Trend \u2013 sie sind eine kluge Investition.<\/p>\n<p>&nbsp;<\/p>\n<h2>Technische Daten des NFC-Armbands<\/h2>\n<table class=\"w-fit !mb-0 !max-w-none\" style=\"height: 260px;\" width=\"451\">\n<thead>\n<tr>\n<th>Besonderheit<\/th>\n<th>Spezifikation<\/th>\n<\/tr>\n<\/thead>\n<tbody>\n<tr>\n<td>Frequenz<\/td>\n<td>13,56 MHz<\/td>\n<\/tr>\n<tr>\n<td>Chiptyp<\/td>\n<td>FO8<\/td>\n<\/tr>\n<tr>\n<td>Leseabstand<\/td>\n<td>2-5 cm<\/td>\n<\/tr>\n<tr>\n<td>Standard<\/td>\n<td>ISO\/IEC14443A<\/td>\n<\/tr>\n<tr>\n<td>Material<\/td>\n<td>Gummi<\/td>\n<\/tr>\n<tr>\n<td>Gr\u00f6\u00dfe<\/td>\n<td>Ma\u00dfgeschneiderte Gr\u00f6\u00dfe<\/td>\n<\/tr>\n<tr>\n<td>Drucktechniken<\/td>\n<td>Siebdruck<\/td>\n<\/tr>\n<tr>\n<td>Verpackung<\/td>\n<td>Einzelst\u00fcck<\/td>\n<\/tr>\n<tr>\n<td>Bruttogewicht<\/td>\n<td>0,500 kg<\/td>\n<\/tr>\n<\/tbody>\n<\/table>\n<h2><\/h2>\n<h2>H\u00e4ufig gestellte Fragen zum Silikon-RFID-Armband<\/h2>\n<h3>1.\u00a0<strong>Was ist ein RFID-Armband?<\/strong><\/h3>\n<p>Ein RFID-Armband (Radio Frequency Identification) verwendet Hochfrequenztechnologie zur drahtlosen Daten\u00fcbertragung. Es erm\u00f6glicht schnellen Zugang zu gesicherten Bereichen, erleichtert bargeldlose Zahlungen und verbessert das Gesamterlebnis f\u00fcr Veranstaltungsteilnehmer.<\/p>\n<h3>2.\u00a0<strong>Wie funktioniert das RFID-Armband?<\/strong><\/h3>\n<p>Das Armband enth\u00e4lt einen passiven RFID-Chip, der mit RFID-Leseger\u00e4ten kommuniziert. Wenn sich ein Benutzer einem Leseger\u00e4t n\u00e4hert, \u00fcbertr\u00e4gt das Armband Daten \u00fcber Funkwellen und erm\u00f6glicht so eine schnelle Identifizierung und Zugangskontrolle.<\/p>\n<h3>3.\u00a0<strong>Ist das Armband wasserdicht?<\/strong><\/h3>\n<p>Ja, die\u00a0<strong>Silikon-RFID-Armband<\/strong>\u00a0ist wasser- und wetterfest und eignet sich daher f\u00fcr Veranstaltungen und Umgebungen im Freien wie Wasserparks und Konzerte.<\/p>\n<h3>4.\u00a0<strong>Kann das Armband individuell gestaltet werden?<\/strong><\/h3>\n<p>Auf jeden Fall! Das Armband kann in verschiedenen Gr\u00f6\u00dfen, Farben und Designs individuell gestaltet werden. Organisationen k\u00f6nnen auch zwischen verschiedenen Druckverfahren w\u00e4hlen, darunter Siebdruck, Lasercodierung und Thermodruck.<\/p>\n<h3>5.\u00a0<strong>Wie gro\u00df ist die Lesereichweite des RFID-Armbands?<\/strong><\/h3>\n<p>Das Armband hat eine Lesereichweite von\u00a0<strong>2-5 cm<\/strong>, wodurch eine schnelle und zuverl\u00e4ssige Daten\u00fcbertragung und Zugriffsverwaltung gew\u00e4hrleistet wird.<\/p>","protected":false},"excerpt":{"rendered":"<p>Der\u00a0<strong>Silikonarmband Smart NFC RFID Tag Armband Silikon B<\/strong>\u00a0ist eine vielseitige Zugangskontrolll\u00f6sung f\u00fcr Veranstaltungen, die eine nahtlose Integration von RFID- und NFC-Technologien bietet. Wasserdicht und anpassbar verbessert es das Benutzererlebnis und erm\u00f6glicht gleichzeitig sichere, bargeldlose Transaktionen und ein einfaches Zugangsmanagement.<\/p>","protected":false},"featured_media":3404,"template":"","meta":[],"product_brand":[],"product_cat":[50],"product_tag":[],"class_list":{"0":"post-3403","1":"product","2":"type-product","3":"status-publish","4":"has-post-thumbnail","6":"product_cat-silicone-rfid-nfc-wristbands","8":"first","9":"instock","10":"shipping-taxable","11":"product-type-simple"},"_links":{"self":[{"href":"https:\/\/nfc-readers.com\/de\/wp-json\/wp\/v2\/product\/3403","targetHints":{"allow":["GET"]}}],"collection":[{"href":"https:\/\/nfc-readers.com\/de\/wp-json\/wp\/v2\/product"}],"about":[{"href":"https:\/\/nfc-readers.com\/de\/wp-json\/wp\/v2\/types\/product"}],"wp:featuredmedia":[{"embeddable":true,"href":"https:\/\/nfc-readers.com\/de\/wp-json\/wp\/v2\/media\/3404"}],"wp:attachment":[{"href":"https:\/\/nfc-readers.com\/de\/wp-json\/wp\/v2\/media?parent=3403"}],"wp:term":[{"taxonomy":"product_brand","embeddable":true,"href":"https:\/\/nfc-readers.com\/de\/wp-json\/wp\/v2\/product_brand?post=3403"},{"taxonomy":"product_cat","embeddable":true,"href":"https:\/\/nfc-readers.com\/de\/wp-json\/wp\/v2\/product_cat?post=3403"},{"taxonomy":"product_tag","embeddable":true,"href":"https:\/\/nfc-readers.com\/de\/wp-json\/wp\/v2\/product_tag?post=3403"}],"curies":[{"name":"wp","href":"https:\/\/api.w.org\/{rel}","templated":true}]}}