{"id":3410,"date":"2024-11-03T03:16:05","date_gmt":"2024-11-03T03:16:05","guid":{"rendered":"https:\/\/nfc-readers.com\/?post_type=product&#038;p=3410"},"modified":"2024-11-04T03:17:59","modified_gmt":"2024-11-04T03:17:59","slug":"custom-logo-waterproof-polyester-woven-rfid-nfc-wristbands","status":"publish","type":"product","link":"https:\/\/nfc-readers.com\/de\/ic-reader\/custom-logo-waterproof-polyester-woven-rfid-nfc-wristbands\/","title":{"rendered":"Wasserdichte RFID-NFC-Armb\u00e4nder aus gewebtem Polyester mit individuellem Logo"},"content":{"rendered":"<h1 style=\"text-align: center;\"><strong>Wasserdichte RFID-NFC-Armb\u00e4nder aus gewebtem Polyester mit individuellem Logo<\/strong><\/h1>\n<p>&nbsp;<\/p>\n<p>In einer Welt, in der Komfort und Konnektivit\u00e4t immer mehr an Bedeutung gewinnen, <strong>Wasserdichte, mit RFID-NFC-Armb\u00e4ndern aus gewebtem Polyester mit individuellem Logo<\/strong>\u00a0zeichnen sich als hervorragende Wahl f\u00fcr Unternehmen und Veranstalter gleicherma\u00dfen aus. Diese innovativen Armb\u00e4nder kombinieren die neuesten\u00a0<strong>RFID-Technologie<\/strong>\u00a0mit stilvollem Design und robusten Materialien, wodurch sie sich ideal f\u00fcr eine Vielzahl von Anwendungen eignen, von Festivals und Wasserparks bis hin zu Firmenveranstaltungen und bargeldlosen Zahlungsl\u00f6sungen. Mit ihren\u00a0<strong>wasserdicht<\/strong>\u00a0Dank ihrer vielf\u00e4ltigen Funktionen und Anpassbarkeit steigern diese Armb\u00e4nder nicht nur die Markensichtbarkeit, sondern verbessern auch das Benutzererlebnis und sorgen daf\u00fcr, dass Sie den gr\u00f6\u00dftm\u00f6glichen Nutzen aus Ihrer Investition ziehen.<\/p>\n<p>&nbsp;<\/p>\n<h2>Warum sollten Sie sich f\u00fcr individuell gewebte RFID-NFC-Armb\u00e4nder entscheiden?<\/h2>\n<p>Als Veranstalter wissen Sie, wie wichtig eine nahtlose Zugangskontrolle, effektives Branding und ein optimales G\u00e4steerlebnis sind. Diese Armb\u00e4nder bieten all das und noch mehr.\u00a0<strong>RFID-Technologie<\/strong>\u00a0Betrieb mit einer Frequenz von\u00a0<strong>13,56 MHz<\/strong>, sie rationalisieren den Betrieb, verk\u00fcrzen Wartezeiten und verbessern die Sicherheit bei Veranstaltungen jeder Gr\u00f6\u00dfe. Dar\u00fcber hinaus k\u00f6nnen benutzerdefinierte Logos durch erweiterte\u00a0<strong>CMYK-Druck<\/strong>, diese Armb\u00e4nder dienen gleichzeitig als Werbemittel. Sie sind nicht nur funktional, sondern auch modisch und daher ein Hit bei den Besuchern!<\/p>\n<p>&nbsp;<\/p>\n<h2>Merkmale von RFID NFC-Armb\u00e4ndern<\/h2>\n<h3>Fortschrittliche Zutrittskontrolll\u00f6sungen<\/h3>\n<p>RFID NFC-Armb\u00e4nder dienen als leistungsstarkes Werkzeug f\u00fcr\u00a0<strong>Zutrittskontrolle<\/strong>, sodass Veranstalter ganz einfach VIP-Bereiche und Sonderzug\u00e4nge bereitstellen k\u00f6nnen.\u00a0<strong>MIFARE Classic 1K-Chip<\/strong>k\u00f6nnen diese Armb\u00e4nder wichtige Informationen speichern und \u00fcber eine sichere\u00a0<strong>NFC-Kommunikationsschnittstelle<\/strong>. Daher eignen sie sich perfekt f\u00fcr Veranstaltungsorte, die Bereiche f\u00fcr G\u00e4ste zuweisen oder bei Veranstaltungen einen abgestuften Zugang bereitstellen m\u00fcssen.<\/p>\n<h3>Bargeldlose Zahlungsfunktion<\/h3>\n<p>Verabschieden Sie sich von langen Warteschlangen und unn\u00f6tigem Bargeldhandling mit\u00a0<strong>bargeldlose Zahlung<\/strong>\u00a0Systeme. Unsere RFID-Armb\u00e4nder erm\u00f6glichen nahtlose Transaktionen und erm\u00f6glichen es den Benutzern, schnell und einfach an St\u00e4nden, Bars und Attraktionen zu bezahlen. Dies verbessert nicht nur die\u00a0<strong>G\u00e4steerlebnis<\/strong>\u00a0sondern verk\u00fcrzt die Wartezeiten erheblich, sodass die Teilnehmer sich ganz auf das Vergn\u00fcgen der Veranstaltung konzentrieren k\u00f6nnen und sich keine Gedanken \u00fcber Bargeld machen m\u00fcssen.<\/p>\n<h2>Materialien und Haltbarkeit<\/h2>\n<h3>Robustes Design f\u00fcr jede Umgebung<\/h3>\n<p>Hergestellt aus einer einzigartigen Mischung aus\u00a0<strong>gewebtes Polyester<\/strong>\u00a0Und\u00a0<strong>aus PVC<\/strong>, diese Armb\u00e4nder zeichnen sich durch beeindruckende Haltbarkeit aus und\u00a0<strong>wasserdicht<\/strong>\u00a0F\u00e4higkeiten. Ob an einem sonnigen Tag auf einem Festival oder einem Tag im Wasserpark, diese Armb\u00e4nder sind so konzipiert, dass sie den Elementen standhalten. Ihre wetterbest\u00e4ndigen Eigenschaften stellen sicher, dass sie sich bei Kontakt mit Regen oder Wasser nicht verschlechtern, wodurch die Nutzbarkeit und Zuverl\u00e4ssigkeit der\u00a0<strong>RFID-Technologie<\/strong>\u00a0darin eingebettet.<\/p>\n<h3>Temperaturbest\u00e4ndigkeit<\/h3>\n<p>Der\u00a0<strong>Arbeitstemperatur<\/strong>\u00a0unserer Armb\u00e4nder reicht von\u00a0<strong>-20\u00b0C bis +80\u00b0C<\/strong>, wodurch ihre Funktionalit\u00e4t sowohl bei hei\u00dfen Sommerveranstaltungen als auch bei k\u00fchlen Zusammenk\u00fcnften im Freien gew\u00e4hrleistet wird. Diese Temperaturbest\u00e4ndigkeit sichert die Leistung der\u00a0<strong>RFID-Chip<\/strong>\u00a0und tr\u00e4gt zur Aufrechterhaltung der Integrit\u00e4t bei, sodass Sie sicher sein k\u00f6nnen, dass Ihr Armband unter allen Bedingungen effektiv funktioniert.<\/p>\n<p>&nbsp;<\/p>\n<h2>Technische Spezifikationen<\/h2>\n<table class=\"w-fit !mb-0 !max-w-none\" style=\"height: 303px;\" width=\"424\">\n<thead>\n<tr>\n<th><strong>Spezifikation<\/strong><\/th>\n<th><strong>Details<\/strong><\/th>\n<\/tr>\n<\/thead>\n<tbody>\n<tr>\n<td><strong>Modell-Nr<\/strong><\/td>\n<td>SX-NW<\/td>\n<\/tr>\n<tr>\n<td><strong>Chiptyp<\/strong><\/td>\n<td>MIFARE Classic 1K<\/td>\n<\/tr>\n<tr>\n<td><strong>Frequenz<\/strong><\/td>\n<td>13,56 MHz<\/td>\n<\/tr>\n<tr>\n<td><strong>Lesebereich<\/strong><\/td>\n<td>2-5 cm<\/td>\n<\/tr>\n<tr>\n<td><strong>Material<\/strong><\/td>\n<td>Gewebe + PVC<\/td>\n<\/tr>\n<tr>\n<td><strong>Gr\u00f6\u00dfenoptionen<\/strong><\/td>\n<td>30<em>26 mm, 40<\/em>25 mm oder benutzerdefiniert<\/td>\n<\/tr>\n<tr>\n<td><strong>Drucktyp<\/strong><\/td>\n<td>CMYK 4C Druck, Siebdruck<\/td>\n<\/tr>\n<tr>\n<td><strong>Oberfl\u00e4chenfinish<\/strong><\/td>\n<td>Gl\u00e4nzend, Frosted, Matt<\/td>\n<\/tr>\n<tr>\n<td><strong>Temperaturbereich<\/strong><\/td>\n<td>-20\u00b0C bis +80\u00b0C<\/td>\n<\/tr>\n<tr>\n<td><strong>Protokoll<\/strong><\/td>\n<td>ISO 14443A<\/td>\n<\/tr>\n<\/tbody>\n<\/table>\n<h2><\/h2>\n<h2>H\u00e4ufig gestellte Fragen (FAQs)<\/h2>\n<h3>1. Was sind RFID-Armb\u00e4nder?<\/h3>\n<p><strong>RFID-Armb\u00e4nder<\/strong>\u00a0sind tragbare Armb\u00e4nder mit integrierter Radio Frequency Identification (RFID)-Technologie. Sie speichern Daten, die drahtlos \u00fcber NFC (Near Field Communication) \u00fcbertragen werden k\u00f6nnen und so eine effiziente Zugangskontrolle, bargeldlose Transaktionen und Datenerfassung bei Veranstaltungen erm\u00f6glichen.<\/p>\n<h3>2. Wie funktionieren RFID-Armb\u00e4nder?<\/h3>\n<p>RFID-Armb\u00e4nder enthalten einen kleinen RFID-Chip, der \u00fcber Funkwellen mit einem Leseger\u00e4t kommuniziert. Wenn das Armband von einem RFID-Leseger\u00e4t gescannt wird, \u00fcbertr\u00e4gt es gespeicherte Informationen und gew\u00e4hrt so Zugang oder verarbeitet Transaktionen, ohne dass physischer Kontakt erforderlich ist.<\/p>\n<h3>3. Sind diese Armb\u00e4nder wasserdicht?<\/h3>\n<p>Ja! Unsere\u00a0<strong>individuell gewebte RFID-Armb\u00e4nder<\/strong>\u00a0sind so konzipiert, dass sie\u00a0<strong>wasserdicht<\/strong>, wodurch sie f\u00fcr verschiedene Veranstaltungen geeignet sind, darunter solche in Wasserparks und auf Open-Air-Festivals. Ihre langlebigen Materialien sorgen daf\u00fcr, dass sie auch bei Kontakt mit Wasser ihre Funktionalit\u00e4t behalten.<\/p>\n<h3>4. K\u00f6nnen die Armb\u00e4nder individuell gestaltet werden?<\/h3>\n<p>Absolut! Unsere RFID-Armb\u00e4nder k\u00f6nnen vollst\u00e4ndig an Ihre Markenanforderungen angepasst werden. Sie k\u00f6nnen zwischen verschiedenen Gr\u00f6\u00dfen, Farben und Drucktechniken w\u00e4hlen, wie z. B.\u00a0<strong>CMYK-Farbdruck<\/strong>,\u00a0<strong>UV-Spotdruck<\/strong>und metallische Oberfl\u00e4chen wie\u00a0<strong>Silber- oder Goldfolie<\/strong>.<\/p>\n<h3>5. Wie langlebig sind die Armb\u00e4nder?<\/h3>\n<p>Hergestellt aus einer Kombination aus\u00a0<strong>gewebtes Polyester<\/strong>\u00a0Und\u00a0<strong>aus PVC<\/strong>, unsere Armb\u00e4nder sind robust und so konzipiert, dass sie unterschiedlichen Umweltbedingungen standhalten, einschlie\u00dflich Temperaturbereichen von\u00a0<strong>-20\u00b0C bis +80\u00b0C<\/strong>. Sie sind au\u00dferdem manipulationssicher, sodass ihre Sicherheit w\u00e4hrend der Veranstaltung gew\u00e4hrleistet bleibt.<\/p>","protected":false},"excerpt":{"rendered":"<p>Wasserdichte RFID-NFC-Armb\u00e4nder aus gewebtem Polyester mit individuellem Logo vereinen Haltbarkeit mit stilvollem Branding und sind daher ideal f\u00fcr Veranstaltungen und sichere Zugangskontrollen. Sie sind perfekt f\u00fcr bargeldlose Transaktionen, verbessern das Benutzererlebnis und f\u00f6rdern gleichzeitig Ihre Marke.<\/p>","protected":false},"featured_media":3411,"template":"","meta":[],"product_brand":[],"product_cat":[50],"product_tag":[],"class_list":{"0":"post-3410","1":"product","2":"type-product","3":"status-publish","4":"has-post-thumbnail","6":"product_cat-silicone-rfid-nfc-wristbands","8":"first","9":"instock","10":"shipping-taxable","11":"product-type-simple"},"_links":{"self":[{"href":"https:\/\/nfc-readers.com\/de\/wp-json\/wp\/v2\/product\/3410","targetHints":{"allow":["GET"]}}],"collection":[{"href":"https:\/\/nfc-readers.com\/de\/wp-json\/wp\/v2\/product"}],"about":[{"href":"https:\/\/nfc-readers.com\/de\/wp-json\/wp\/v2\/types\/product"}],"wp:featuredmedia":[{"embeddable":true,"href":"https:\/\/nfc-readers.com\/de\/wp-json\/wp\/v2\/media\/3411"}],"wp:attachment":[{"href":"https:\/\/nfc-readers.com\/de\/wp-json\/wp\/v2\/media?parent=3410"}],"wp:term":[{"taxonomy":"product_brand","embeddable":true,"href":"https:\/\/nfc-readers.com\/de\/wp-json\/wp\/v2\/product_brand?post=3410"},{"taxonomy":"product_cat","embeddable":true,"href":"https:\/\/nfc-readers.com\/de\/wp-json\/wp\/v2\/product_cat?post=3410"},{"taxonomy":"product_tag","embeddable":true,"href":"https:\/\/nfc-readers.com\/de\/wp-json\/wp\/v2\/product_tag?post=3410"}],"curies":[{"name":"wp","href":"https:\/\/api.w.org\/{rel}","templated":true}]}}