{"id":3417,"date":"2024-11-03T03:26:02","date_gmt":"2024-11-03T03:26:02","guid":{"rendered":"https:\/\/nfc-readers.com\/?post_type=product&#038;p=3417"},"modified":"2024-11-03T03:26:03","modified_gmt":"2024-11-03T03:26:03","slug":"fabric-wrist-band-13-56mhz-nfc-bracelet-dispose-wristbands","status":"publish","type":"product","link":"https:\/\/nfc-readers.com\/de\/ic-reader\/fabric-wrist-band-13-56mhz-nfc-bracelet-dispose-wristbands\/","title":{"rendered":"Stoffarmband 13,56 MHz NFC-Armband Entsorgungsarmb\u00e4nder"},"content":{"rendered":"<h1 style=\"text-align: center;\"><strong>Stoffarmband 13,56 MHz NFC-Armband Entsorgungsarmb\u00e4nder<\/strong><\/h1>\n<p>&nbsp;<\/p>\n<p>In der heutigen schnelllebigen Welt ist der Bedarf an nahtloser Verwaltung und verbesserter Benutzererfahrung von gr\u00f6\u00dfter Bedeutung, insbesondere bei Veranstaltungen, Festivals und Veranstaltungsorten, bei denen eine effiziente Zugangskontrolle von entscheidender Bedeutung ist. Unsere <strong>Stoffarmband 13,56 MHz NFC-Armband Entsorgungsarmb\u00e4nder<\/strong>\u00a0bieten eine einzigartige Kombination aus Funktionalit\u00e4t und \u00c4sthetik und sorgen daf\u00fcr, dass Ihr Betrieb reibungslos l\u00e4uft und Ihren G\u00e4sten ein unvergessliches Erlebnis geboten wird. Mit Funktionen wie\u00a0<strong>einmaliger Gebrauch<\/strong>,\u00a0<strong>farbenfrohe Designs<\/strong>und fortgeschritten\u00a0<strong>NFC<\/strong>\u00a0Technologie stellen diese Armb\u00e4nder f\u00fcr jeden Veranstalter eine bahnbrechende Neuerung dar.<\/p>\n<p>&nbsp;<\/p>\n<h2>Warum sollten Sie sich f\u00fcr NFC-Armb\u00e4nder aus Stoff entscheiden?<\/h2>\n<p>Wenn es darum geht, sich im Spektrum der RFID- und NFC-Produkte zurechtzufinden, sticht das Stoffarmband mit 13,56 MHz NFC-Armband zum Einmalgebrauch aufgrund seines innovativen Designs und seiner robusten Leistungsf\u00e4higkeit hervor.<\/p>\n<h3>Highlights des Produkts:<\/h3>\n<ul>\n<li><strong>Leicht anpassbar<\/strong>\u00a0mit Optionen f\u00fcr Logodruck, Barcodes und QR-Codes.<\/li>\n<li><strong>Schnelle Zutrittskontrolle<\/strong>\u00a0und optimierte Abl\u00e4ufe, die das G\u00e4steerlebnis und die Sicherheit verbessern.<\/li>\n<li><strong>Strapazierf\u00e4higer und dennoch bequemer Stoff<\/strong>\u00a0Das eignet sich perfekt f\u00fcr den ganzen Tag bei Musikfestivals, in Wasserparks oder Firmenveranstaltungen.<\/li>\n<\/ul>\n<p>Diese Armb\u00e4nder sind so konstruiert, dass sie eine\u00a0<strong>bargeldlose Zahlung<\/strong>\u00a0L\u00f6sung und sorgt daf\u00fcr, dass die Veranstalter beruhigt sein k\u00f6nnen, da sie wissen, dass sie \u00fcber zuverl\u00e4ssige Mittel zur effizienten Verwaltung der Zugangskontrolle verf\u00fcgen.<\/p>\n<p>&nbsp;<\/p>\n<h2>Besonderheiten von NFC-Armb\u00e4ndern aus Stoff<\/h2>\n<p>Bei der Betrachtung\u00a0<strong>RFID-Armb\u00e4nder f\u00fcr Veranstaltungen<\/strong>, Die\u00a0<em>Stoffarmband 13,56 MHz NFC-Armband<\/em>\u00a0bietet zahlreiche Sonderfunktionen zur Verbesserung der Effizienz und des G\u00e4steerlebnisses.<\/p>\n<h3>Farbenfrohes Design f\u00fcr den einmaligen Gebrauch<\/h3>\n<p>Diese Armb\u00e4nder sind in einer Reihe von leuchtenden Farben erh\u00e4ltlich, sodass sie nicht nur einen funktionalen Zweck erf\u00fcllen, sondern auch den \u00e4sthetischen Anforderungen Ihrer Marke entsprechen. Die\u00a0<strong>einmaliger Gebrauch<\/strong>\u00a0Diese Funktion bietet zus\u00e4tzliche Sicherheit, da jedes Armband f\u00fcr eine einzelne Veranstaltung eindeutig codiert ist und das Risiko eines unbefugten Zugriffs minimiert wird.<\/p>\n<h3>RFID- und NFC-Kommunikationsschnittstellen<\/h3>\n<p>Diese Armb\u00e4nder wurden mit modernster Technologie entwickelt und nutzen\u00a0<strong>RFID<\/strong>\u00a0Und\u00a0<strong>NFC<\/strong>\u00a0Kommunikationsschnittstellen, um eine schnelle und zuverl\u00e4ssige Interaktion mit RFID-Leseger\u00e4ten zu gew\u00e4hrleisten. Diese Funktion erleichtert\u00a0<strong>kontaktloses Bezahlen<\/strong>\u00a0und Zugangsmanagement, das den Zulassungsprozess f\u00fcr G\u00e4ste und Mitarbeiter gleicherma\u00dfen optimiert.<\/p>\n<p>&nbsp;<\/p>\n<h2>H\u00e4ufig gestellte Fragen zur NFC-Technologie<\/h2>\n<h3>Was ist NFC-Technologie?<\/h3>\n<p>NFC (Near Field Communication) erm\u00f6glicht es Ger\u00e4ten, \u00fcber Funkwellen miteinander zu kommunizieren. Es erm\u00f6glicht nahtlose Transaktionen und Informationsaustausch durch einfaches Aneinandertippen der Ger\u00e4te.<\/p>\n<h3>Sind diese Armb\u00e4nder wasserdicht?<\/h3>\n<p>Unsere NFC-Armb\u00e4nder sind wasserbest\u00e4ndig und eignen sich daher f\u00fcr Veranstaltungen in Wasserparks oder Outdoor-Festivals.<\/p>\n<h3>Kann ich die Armb\u00e4nder individuell gestalten?<\/h3>\n<p>Ja, es sind Anpassungsoptionen verf\u00fcgbar, einschlie\u00dflich Logodruck, Barcodes und QR-Codedruck sowohl auf dem Armband als auch auf der Karte.<\/p>","protected":false},"excerpt":{"rendered":"<p>Der\u00a0<strong>Stoffarmband 13,56 MHz NFC-Armband<\/strong>\u00a0ist eine stilvolle und praktische L\u00f6sung f\u00fcr das Eventmanagement, die nahtlose Zugangskontrolle und bargeldlose Zahlungsm\u00f6glichkeiten bietet. Diese farbenfrohen Armb\u00e4nder sind f\u00fcr den einmaligen Gebrauch konzipiert und verbessern das G\u00e4steerlebnis und sorgen gleichzeitig f\u00fcr Sicherheit und Effizienz bei jeder Veranstaltung.<\/p>","protected":false},"featured_media":3424,"template":"","meta":[],"product_brand":[],"product_cat":[50],"product_tag":[],"class_list":{"0":"post-3417","1":"product","2":"type-product","3":"status-publish","4":"has-post-thumbnail","6":"product_cat-silicone-rfid-nfc-wristbands","8":"first","9":"instock","10":"shipping-taxable","11":"product-type-simple"},"_links":{"self":[{"href":"https:\/\/nfc-readers.com\/de\/wp-json\/wp\/v2\/product\/3417","targetHints":{"allow":["GET"]}}],"collection":[{"href":"https:\/\/nfc-readers.com\/de\/wp-json\/wp\/v2\/product"}],"about":[{"href":"https:\/\/nfc-readers.com\/de\/wp-json\/wp\/v2\/types\/product"}],"wp:featuredmedia":[{"embeddable":true,"href":"https:\/\/nfc-readers.com\/de\/wp-json\/wp\/v2\/media\/3424"}],"wp:attachment":[{"href":"https:\/\/nfc-readers.com\/de\/wp-json\/wp\/v2\/media?parent=3417"}],"wp:term":[{"taxonomy":"product_brand","embeddable":true,"href":"https:\/\/nfc-readers.com\/de\/wp-json\/wp\/v2\/product_brand?post=3417"},{"taxonomy":"product_cat","embeddable":true,"href":"https:\/\/nfc-readers.com\/de\/wp-json\/wp\/v2\/product_cat?post=3417"},{"taxonomy":"product_tag","embeddable":true,"href":"https:\/\/nfc-readers.com\/de\/wp-json\/wp\/v2\/product_tag?post=3417"}],"curies":[{"name":"wp","href":"https:\/\/api.w.org\/{rel}","templated":true}]}}