{"id":3430,"date":"2024-11-03T03:39:41","date_gmt":"2024-11-03T03:39:41","guid":{"rendered":"https:\/\/nfc-readers.com\/?post_type=product&#038;p=3430"},"modified":"2024-11-03T03:39:42","modified_gmt":"2024-11-03T03:39:42","slug":"waterproof-passive-nfc-rfid-silicone-wristband","status":"publish","type":"product","link":"https:\/\/nfc-readers.com\/de\/ic-reader\/waterproof-passive-nfc-rfid-silicone-wristband\/","title":{"rendered":"Wasserdichtes passives NFC-RFID-Silikonarmband"},"content":{"rendered":"<h1 style=\"text-align: center;\"><strong>Wasserdichtes passives NFC-RFID-Silikonarmband<\/strong><\/h1>\n<p>&nbsp;<\/p>\n<p>In einer Zeit, in der Technologie und Funktionalit\u00e4t nahtlos ineinander \u00fcbergehen, <strong>Wasserdichtes passives NFC-RFID-Silikonarmband<\/strong>\u00a0ist ein au\u00dfergew\u00f6hnliches Accessoire. Dieses innovative Armband wurde entwickelt, um den dynamischen Bed\u00fcrfnissen der Benutzer gerecht zu werden und bietet beispiellosen Komfort und Sicherheit f\u00fcr eine Vielzahl von Anwendungen, darunter Veranstaltungen, Zugangskontrolle und bargeldlose Transaktionen. Egal, ob Sie ein beeindruckendes Festival organisieren, ein Fitnessstudio betreiben oder einen Wasserpark verwalten, dieses Armband bietet eine wasserdichte L\u00f6sung, um Abl\u00e4ufe zu optimieren und das Benutzererlebnis zu verbessern.<\/p>\n<p>Aber warum lohnt es sich, in das wasserdichte passive NFC-RFID-Silikonarmband zu investieren? Es bietet nicht nur praktische Vorteile wie Wasserfestigkeit und Haltbarkeit, sondern auch ein anpassbares Design, das daf\u00fcr sorgt, dass Ihre Marke auff\u00e4llt. Mit der M\u00f6glichkeit, bargeldlose Zahlungen und Zugangskontrolle zu unterst\u00fctzen, ist es ein wirksames Werkzeug f\u00fcr Veranstalter und Unternehmen gleicherma\u00dfen. Lassen Sie uns tiefer in die Funktionen und Vorteile dieses bemerkenswerten Produkts eintauchen.<\/p>\n<p>&nbsp;<\/p>\n<h2>Un\u00fcbertroffene Haltbarkeit und wasserdichte Eigenschaften<\/h2>\n<p>Eines der herausragenden Merkmale des\u00a0<strong>Wasserdichtes passives NFC-RFID-Silikonarmband<\/strong>\u00a0ist seine bemerkenswerte Haltbarkeit. Dieses Armband aus hochwertigem Silikon ist\u00a0<strong>wasserdicht<\/strong>,\u00a0<strong>wetterfest<\/strong>, Und\u00a0<strong>feuchtigkeitsbest\u00e4ndig<\/strong>, wodurch es f\u00fcr verschiedene Umgebungen und Bedingungen geeignet ist. Egal ob es regnet oder die Sonne scheint, dieses Armband wird nicht so leicht besch\u00e4digt, sodass Ihre G\u00e4ste oder Teilnehmer ihr Erlebnis genie\u00dfen k\u00f6nnen, ohne sich um Abnutzung sorgen zu m\u00fcssen.<\/p>\n<p>Der\u00a0<strong>Silikon<\/strong>\u00a0Das Material ist nicht nur langlebig, sondern auch angenehm auf der Haut, sodass es sich sowohl f\u00fcr die Freizeit als auch f\u00fcr aktive Anl\u00e4sse wie Festivals oder Sportveranstaltungen eignet. Dank dieser Langlebigkeit m\u00fcssen Sie die Armb\u00e4nder nicht h\u00e4ufig ersetzen, was im Laufe der Zeit zu erheblichen Kosteneinsparungen f\u00fchrt.<\/p>\n<p>Dar\u00fcber hinaus machen die Eigenschaften des Silikons es widerstandsf\u00e4hig gegen raue Elemente und erm\u00f6glichen es, den Belastungen in Wasserparks, Spas, Fitnessstudios und verschiedenen Outdoor-Events standzuhalten. Daher k\u00f6nnen Benutzer dieses Armband beruhigt tragen, da sie wissen, dass es anspruchsvollen Aktivit\u00e4ten standh\u00e4lt, ohne dass die Funktionalit\u00e4t beeintr\u00e4chtigt wird.<\/p>\n<h2>Vielseitige Kommunikationsschnittstelle<\/h2>\n<p>Nutzung\u00a0<strong>NFC-Technologie<\/strong>Das wasserdichte passive NFC-RFID-Silikonarmband verf\u00fcgt \u00fcber eine nahtlose Kommunikationsschnittstelle, die das Benutzererlebnis verbessert. Betrieb mit einer Frequenz von\u00a0<strong>13,56 MHz<\/strong>, dieses Armband ist f\u00fcr schnelle und zuverl\u00e4ssige Interaktionen optimiert.<\/p>\n<p>NFC-Technologie erm\u00f6glicht\u00a0<strong>kontaktloses Bezahlen<\/strong>, was es zu einer perfekten L\u00f6sung f\u00fcr Veranstalter macht, die Prozesse optimieren m\u00f6chten. G\u00e4ste k\u00f6nnen ihr Armband einfach an den Verkaufsstellen antippen, ohne mit Bargeld oder Karten herumfummeln zu m\u00fcssen, wodurch die Wartezeiten verk\u00fcrzt und der Gesamtablauf bei Veranstaltungen verbessert werden. Dies\u00a0<strong>kontaktloses Bezahlen<\/strong>\u00a0Die Funktion erh\u00f6ht nicht nur den Komfort f\u00fcr die Benutzer, sondern verbessert auch die Effizienz f\u00fcr Anbieter und Veranstaltungspersonal.<\/p>\n<p>Dar\u00fcber hinaus sind NFC-f\u00e4hige Armb\u00e4nder ein Segen f\u00fcr die Zugangskontrolle. Sie k\u00f6nnen den Zugang zu bestimmten Bereichen gew\u00e4hren oder einschr\u00e4nken, indem Sie das Armband einfach mit einem RFID-Leseger\u00e4t scannen. So ist ein reibungsloser und sicherer Zutritt zu VIP-Bereichen, Backstage-Bereichen oder Sperrzonen gew\u00e4hrleistet.<\/p>\n<h2>Innovative Anpassungsoptionen<\/h2>\n<p>Die Anpassbarkeit ist ein wesentliches Merkmal des wasserdichten passiven NFC-RFID-Silikonarmbands. Mit Optionen f\u00fcr\u00a0<strong>benutzerdefinierte Logos<\/strong>\u00a0und verschiedene Drucktechniken wie\u00a0<strong>Siebdruck<\/strong>,\u00a0<strong>Pr\u00e4gung<\/strong>, Und\u00a0<strong>Lasergravur<\/strong>k\u00f6nnen Unternehmen eine einzigartige Identit\u00e4t schaffen, die mit ihrer Marke in Einklang steht.<\/p>\n<p>Die Anpassung erstreckt sich auf Gr\u00f6\u00dfe, Farben und Designs, sodass Unternehmen Armb\u00e4nder an Veranstaltungsthemen oder Marken\u00e4sthetik anpassen k\u00f6nnen. Diese pers\u00f6nliche Note erh\u00f6ht nicht nur die Markensichtbarkeit, sondern kann auch die Beteiligung der Teilnehmer durch unvergessliche Erlebnisse steigern. Stellen Sie sich vor, Sie kommen zu einem Festival, bei dem jedes Armband ein einzigartiges Logo oder Design tr\u00e4gt, das das Veranstaltungsthema repr\u00e4sentiert \u2013 dieser Aspekt tr\u00e4gt erheblich zur Gesamtatmosph\u00e4re und zum Vergn\u00fcgen bei.<\/p>\n<p>Dar\u00fcber hinaus kann die Integration von QR-Codes auch M\u00f6glichkeiten f\u00fcr eine verbesserte Interaktion er\u00f6ffnen. Teilnehmer k\u00f6nnen ihre Armb\u00e4nder scannen, um auf Zeitpl\u00e4ne zuzugreifen, an Wettbewerben teilzunehmen oder sogar Kontaktinformationen abzurufen und so ihr Gesamterlebnis bei der Veranstaltung zu verbessern.<\/p>\n<h2>Sicherheits- und Zugriffskontrollfunktionen<\/h2>\n<p>Sicherheit ist bei jeder Veranstaltung oder Gesch\u00e4ftst\u00e4tigkeit von gr\u00f6\u00dfter Bedeutung, und das wasserdichte passive NFC-RFID-Silikonarmband erf\u00fcllt dieses Bed\u00fcrfnis effektiv. Durch die Integration fortschrittlicher\u00a0<strong>RFID-Technologie<\/strong>bieten diese Armb\u00e4nder eine\u00a0<strong>manipulationssicher<\/strong>\u00a0Mittel zur Zutrittskontrolle, die die Sicherheit bei Veranstaltungen deutlich erh\u00f6ht.<\/p>\n<p>Mit integriertem\u00a0<strong>MIFARE DESfire EV3 Chip-Technologie<\/strong>profitieren Benutzer von einer sicheren Daten\u00fcbertragung, die sicherstellt, dass die im Armband enthaltenen Informationen gesch\u00fctzt bleiben. Dieser Chip unterst\u00fctzt nicht nur Verschl\u00fcsselungstechniken und bietet mehrere Sicherheitsebenen, sondern garantiert auch eine schnelle Daten\u00fcbertragung, was das Benutzererlebnis verbessert und Verz\u00f6gerungen reduziert.<\/p>\n<p>Dar\u00fcber hinaus k\u00f6nnen RFID-Armb\u00e4nder f\u00fcr bestimmte Zugangsberechtigungen programmiert werden, sodass nur autorisiertes Personal bestimmte Bereiche betreten kann. Diese Funktion ist besonders n\u00fctzlich bei Gro\u00dfveranstaltungen, bei denen die Kontrolle der Menschenmenge sowohl f\u00fcr die Sicherheit als auch f\u00fcr die betriebliche Effizienz von entscheidender Bedeutung ist.<\/p>\n<p>&nbsp;<\/p>\n<h2>Technische Daten und Abmessungen<\/h2>\n<table class=\"w-fit !mb-0 !max-w-none\" style=\"height: 133px;\" width=\"407\">\n<thead>\n<tr>\n<th>Spezifikation<\/th>\n<th>Details<\/th>\n<\/tr>\n<\/thead>\n<tbody>\n<tr>\n<td><strong>Material<\/strong><\/td>\n<td>Silikon<\/td>\n<\/tr>\n<tr>\n<td><strong>Gr\u00f6\u00dfe<\/strong><\/td>\n<td>238 x 13 mm<\/td>\n<\/tr>\n<tr>\n<td><strong>Dicke<\/strong><\/td>\n<td>3 mm<\/td>\n<\/tr>\n<tr>\n<td><strong>Chiptyp<\/strong><\/td>\n<td>MIFARE DESfire EV3<\/td>\n<\/tr>\n<\/tbody>\n<\/table>\n<p>&nbsp;<\/p>\n<h2>H\u00e4ufig gestellte Fragen (FAQs)<\/h2>\n<p>Hier sind einige h\u00e4ufig gestellte Fragen zum\u00a0<strong>Wasserdichtes passives NFC-RFID-Silikonarmband<\/strong>, zusammen mit ihren Antworten, um Ihnen zu helfen, eine fundierte Entscheidung zu treffen.<\/p>\n<h3>1.\u00a0<strong>Was ist NFC-Technologie und wie funktioniert sie mit dem Armband?<\/strong><\/h3>\n<p>NFC (Near Field Communication) ist eine Reihe von Kommunikationsprotokollen, die es zwei elektronischen Ger\u00e4ten, normalerweise einem Smartphone und einem Leseger\u00e4t, erm\u00f6glicht, \u00fcber kurze Distanzen \u2013 normalerweise weniger als 10 cm \u2013 zu kommunizieren. Das Armband enth\u00e4lt einen eingebetteten NFC-Chip, der Informationen \u00fcbertragen kann, wenn er in die N\u00e4he eines NFC-Leseger\u00e4ts gebracht wird, und erm\u00f6glicht so Funktionen wie kontaktloses Bezahlen, Zugangskontrolle und Datenaustausch.<\/p>\n<h3>2.\u00a0<strong>Ist das Armband f\u00fcr Wasseraktivit\u00e4ten geeignet?<\/strong><\/h3>\n<p>Absolut! Das wasserdichte passive NFC-RFID-Silikonarmband ist so konzipiert, dass es\u00a0<strong>wasserdicht<\/strong>\u00a0Und\u00a0<strong>wetterfest<\/strong>. Dadurch ist es ideal f\u00fcr den Einsatz in verschiedenen Wasserumgebungen wie Wasserparks, Schwimmb\u00e4dern und Spas geeignet.<\/p>\n<h3>3.\u00a0<strong>Kann ich die Armb\u00e4nder mit meinem Logo oder Design personalisieren?<\/strong><\/h3>\n<p>Ja, Anpassungsoptionen sind verf\u00fcgbar! Sie k\u00f6nnen Armb\u00e4nder mit dem Logo Ihres Unternehmens bestellen und aus verschiedenen Drucktechniken wie Siebdruck, Pr\u00e4gung oder Lasergravur w\u00e4hlen, um ein Armband zu erstellen, das Ihre Markenidentit\u00e4t erg\u00e4nzt.<\/p>\n<h3>4.\u00a0<strong>Wie lange h\u00e4lt das Armband?<\/strong><\/h3>\n<p>Das Armband besteht aus hochwertigem Silikon, das selbst in rauen Umgebungen eine hervorragende Haltbarkeit und Verschlei\u00dffestigkeit bietet. Bei richtiger Pflege kann es mehrfach verwendet werden, insbesondere bei Verwendung in kontrollierten Umgebungen.<\/p>\n<h3>5.\u00a0<strong>Kann das Armband wiederverwendet werden?<\/strong><\/h3>\n<p>Obwohl das Armband langlebig ist, ist es in erster Linie f\u00fcr einzelne Veranstaltungen wie Festivals oder Konzerte gedacht. Es kann jedoch in verschiedenen Szenarien wiederverwendet werden, solange es nicht besch\u00e4digt oder so markiert ist, dass es als gebraucht gekennzeichnet wird.<\/p>","protected":false},"excerpt":{"rendered":"<div class=\"chat-list relative custom-scrollbar-reset-margin custom-scrollbar custom-scrollbar-hidden custom-scrollbar-float pb-9 flex-1 overflow-y-auto\">\n<div class=\"mx-auto max-w-[790px]\">\n<div class=\"message-item-outer relative px-4 mb-2\" data-id=\"d5e57210-2b0a-4a51-8aa4-f3908258a790\">\n<div class=\"content-area pl-[0px]\">\n<div class=\"message-item select-text relative\">\n<div class=\"message-inner relative\">\n<div class=\"py-[2px]\">\n<div class=\"flex flex-col gap-2\">\n<div class=\"answer-markdown-box overflow-x-auto select-text custom-scrollbar\">\n<div class=\"markdown-body\"><\/div>\n<\/div>\n<\/div>\n<\/div>\n<\/div>\n<\/div>\n<\/div>\n<\/div>\n<\/div>\n<\/div>\n<div>\n<div class=\"input-box relative max-w-[790px] mx-auto\">\n<div class=\"chat-input-box relative bg-grey-layer2-normal px-3 max-w-[790px] mx-auto pb-1\">\n<div class=\"main-input-area\">\n<div class=\"chat-input-top-bar gap-2 py-2 flex justify-start items-center\">\n<div class=\"flex gap-[6px] min-w-[90px] max-w-[calc(100%-40px)]\">\n<div class=\"flex gap-0\">\n<div class=\"relative\">\n<div class=\"topbar-btn h-[30px] w-[30px] flex overflow-hidden text-text-primary-1 items-center justify-center text-xs leading-4 rounded-lg model-btn model-btn-no-bg\" role=\"button\">Das wasserdichte passive NFC-RFID-Silikonarmband bietet eine zuverl\u00e4ssige, langlebige L\u00f6sung f\u00fcr sichere Zugangskontrolle und bargeldlose Transaktionen bei jeder Veranstaltung. Es ist ideal f\u00fcr Festivals, Fitnessstudios und Wasserparks und bietet Komfort und Anpassung mit einem stilvollen Design.<\/div>\n<\/div>\n<\/div>\n<\/div>\n<\/div>\n<\/div>\n<\/div>\n<\/div>\n<\/div>","protected":false},"featured_media":3431,"template":"","meta":[],"product_brand":[],"product_cat":[50],"product_tag":[],"class_list":{"0":"post-3430","1":"product","2":"type-product","3":"status-publish","4":"has-post-thumbnail","6":"product_cat-silicone-rfid-nfc-wristbands","8":"first","9":"instock","10":"shipping-taxable","11":"product-type-simple"},"_links":{"self":[{"href":"https:\/\/nfc-readers.com\/de\/wp-json\/wp\/v2\/product\/3430","targetHints":{"allow":["GET"]}}],"collection":[{"href":"https:\/\/nfc-readers.com\/de\/wp-json\/wp\/v2\/product"}],"about":[{"href":"https:\/\/nfc-readers.com\/de\/wp-json\/wp\/v2\/types\/product"}],"wp:featuredmedia":[{"embeddable":true,"href":"https:\/\/nfc-readers.com\/de\/wp-json\/wp\/v2\/media\/3431"}],"wp:attachment":[{"href":"https:\/\/nfc-readers.com\/de\/wp-json\/wp\/v2\/media?parent=3430"}],"wp:term":[{"taxonomy":"product_brand","embeddable":true,"href":"https:\/\/nfc-readers.com\/de\/wp-json\/wp\/v2\/product_brand?post=3430"},{"taxonomy":"product_cat","embeddable":true,"href":"https:\/\/nfc-readers.com\/de\/wp-json\/wp\/v2\/product_cat?post=3430"},{"taxonomy":"product_tag","embeddable":true,"href":"https:\/\/nfc-readers.com\/de\/wp-json\/wp\/v2\/product_tag?post=3430"}],"curies":[{"name":"wp","href":"https:\/\/api.w.org\/{rel}","templated":true}]}}