{"id":3437,"date":"2024-11-03T04:49:53","date_gmt":"2024-11-03T04:49:53","guid":{"rendered":"https:\/\/nfc-readers.com\/?post_type=product&#038;p=3437"},"modified":"2024-11-05T10:39:50","modified_gmt":"2024-11-05T10:39:50","slug":"disposable-hf-uhf-rfid-nfc-wristband-for-event-ticket","status":"publish","type":"product","link":"https:\/\/nfc-readers.com\/de\/ic-reader\/disposable-hf-uhf-rfid-nfc-wristband-for-event-ticket\/","title":{"rendered":"Einweg-HF-RFID-NFC-Armband f\u00fcr Veranstaltungstickets"},"content":{"rendered":"<h1 style=\"text-align: center;\"><strong>Einweg-HF-RFID-NFC-Armband f\u00fcr Veranstaltungstickets<\/strong><\/h1>\n<p>&nbsp;<\/p>\n<p>In der heutigen schnelllebigen Welt m\u00fcssen Veranstalter mit den neuesten Technologien Schritt halten, um ihren Teilnehmern ein unvergessliches Erlebnis zu bieten. Eine der effektivsten M\u00f6glichkeiten, dies zu erreichen, ist durch <strong>Einweg-HF-RFID-NFC-Armb\u00e4nder<\/strong>. Diese innovativen Armb\u00e4nder revolutionieren die Art und Weise, wie Veranstaltungen organisiert werden, indem sie die Sicherheit erh\u00f6hen, die Zugangskontrolle vereinfachen und bargeldlose Zahlungen erm\u00f6glichen. Ob f\u00fcr Musikfestivals, Wasserparks oder Firmenveranstaltungen \u2013 diese Armb\u00e4nder sorgen f\u00fcr ein nahtloses Erlebnis f\u00fcr G\u00e4ste und Veranstalter.<\/p>\n<p>&nbsp;<\/p>\n<h3><strong>Warum sollten Sie sich f\u00fcr Einweg-RFID\/NFC-Armb\u00e4nder entscheiden?<\/strong><\/h3>\n<p>Der\u00a0<strong>Einweg-HF-RFID-NFC-Armband<\/strong>\u00a0wurde speziell f\u00fcr Veranstaltungen entwickelt und kombiniert Komfort mit modernster Technologie. Deshalb lohnt sich die Investition in diese Armb\u00e4nder:<\/p>\n<ol>\n<li><strong>Verbesserte Sicherheit:<\/strong>\u00a0Die Armb\u00e4nder nutzen RFID-Technologie, um sichere Zugangsl\u00f6sungen zu bieten und das Risiko eines unbefugten Zugriffs deutlich zu reduzieren. Das langlebige Material und Design sorgen daf\u00fcr, dass sie manipulationssicher sind.<\/li>\n<li><strong>Bargeldlose L\u00f6sungen:<\/strong>\u00a0Da die Verbraucher zunehmend bargeldlose Zahlungen bevorzugen, k\u00f6nnen diese Armb\u00e4nder in Zahlungsabwicklungssysteme integriert werden, sodass die Teilnehmer schnell und m\u00fchelos Eink\u00e4ufe t\u00e4tigen k\u00f6nnen. Dies optimiert den Handelsfluss w\u00e4hrend der Veranstaltung und verbessert das G\u00e4steerlebnis.<\/li>\n<li><strong>Komfort und Benutzerfreundlichkeit:<\/strong>\u00a0Die Besucher k\u00f6nnen zum Einlass und f\u00fcr Eink\u00e4ufe einfach ihre Armb\u00e4nder scannen lassen. Das verk\u00fcrzt die Wartezeiten und macht das Erlebnis noch angenehmer.<\/li>\n<li><strong>Anpassung:<\/strong>\u00a0Marken haben die M\u00f6glichkeit, jedes Armband mit Logos, Veranstaltungsdetails und QR-Codes zu personalisieren und so ein effektives Branding und Marketing zu erm\u00f6glichen.<\/li>\n<li><strong>Kosteng\u00fcnstig:<\/strong>\u00a0Da es sich bei diesen Armb\u00e4ndern um Einwegartikel handelt, stellen sie eine kosteng\u00fcnstige Alternative dar, ohne dass Sie Kompromisse bei Qualit\u00e4t oder Sicherheit eingehen m\u00fcssen.<\/li>\n<\/ol>\n<p>Lassen Sie uns nun tiefer in die Funktionen unserer\u00a0<strong>Einweg-HF-RFID-NFC-Armband f\u00fcr Veranstaltungstickets<\/strong>.<\/p>\n<p>&nbsp;<\/p>\n<h3><strong>Technische Spezifikationen<\/strong><\/h3>\n<table class=\"w-fit !mb-0 !max-w-none\">\n<thead>\n<tr>\n<th>Besonderheit<\/th>\n<th>Spezifikation<\/th>\n<\/tr>\n<\/thead>\n<tbody>\n<tr>\n<td>Markenname<\/td>\n<td>SXNFC<\/td>\n<\/tr>\n<tr>\n<td>Herkunftsort<\/td>\n<td>Guangdong, China<\/td>\n<\/tr>\n<tr>\n<td>Frequenz<\/td>\n<td>13,56 MHz<\/td>\n<\/tr>\n<tr>\n<td>Protokoll<\/td>\n<td>ISO14443A<\/td>\n<\/tr>\n<tr>\n<td>Chiptyp<\/td>\n<td>NFC-Chip\/ HF<\/td>\n<\/tr>\n<tr>\n<td>Verwendung<\/td>\n<td>Event-Ticketing, Zutrittskontrolle, Bargeldloses Bezahlen<\/td>\n<\/tr>\n<tr>\n<td>Material<\/td>\n<td>Dupont-Papier<\/td>\n<\/tr>\n<tr>\n<td>Gr\u00f6\u00dfe<\/td>\n<td>250 x 19,5 mm<\/td>\n<\/tr>\n<tr>\n<td>Drucken<\/td>\n<td>Vollfarb-Offsetdruck<\/td>\n<\/tr>\n<\/tbody>\n<\/table>\n<p>&nbsp;<\/p>\n<h3><strong>H\u00e4ufig gestellte Fragen (FAQs)<\/strong><\/h3>\n<p><strong>F1: Wie kann ich die Armb\u00e4nder individuell gestalten?<\/strong><br \/>\nA: Anpassungen k\u00f6nnen w\u00e4hrend des Bestellvorgangs angefordert werden. Sie k\u00f6nnen Ihr Design, Logo, QR-Codes oder Seriennummern angeben.<\/p>\n<p><strong>F2: Sind die Armb\u00e4nder wasserdicht?<\/strong><br \/>\nA: Ja, die\u00a0<strong>Dupont-Papier<\/strong>\u00a0Das bei der Herstellung verwendete Material ist wasserbest\u00e4ndig, sodass es den unterschiedlichsten Veranstaltungsbedingungen standh\u00e4lt.<\/p>\n<p><strong>F3: K\u00f6nnen die Armb\u00e4nder wiederverwendet werden?<\/strong><br \/>\nA: Diese Armb\u00e4nder sind nur f\u00fcr den einmaligen Gebrauch bestimmt. Sie gew\u00e4hrleisten maximale Sicherheit und sind w\u00e4hrend der gesamten Veranstaltung f\u00e4lschungssicher.<\/p>\n<p>&nbsp;<\/p>\n<h3><strong>Bei gleichzeitiger Abfallreduzierung: Umweltfreundliche L\u00f6sungen<\/strong><\/h3>\n<p>Bei unserer Suche nach innovativen L\u00f6sungen achten wir auch auf unsere Umweltauswirkungen.\u00a0<strong>Einweg-HF-UHF-RFID-NFC-Armband<\/strong>\u00a0unterst\u00fctzt die \u00f6kologische Nachhaltigkeit auf folgende Weise:<\/p>\n<ul>\n<li><strong>Einweg-Design:<\/strong>\u00a0Als\u00a0<strong>Einmalarmband<\/strong>, entfallen R\u00fccknahmeprozesse und Waschvorg\u00e4nge, das spart Ressourcen und Energie.<\/li>\n<li><strong>Wesentliche Erw\u00e4gungen:<\/strong>\u00a0Verwenden von\u00a0<strong>Dupont-Papier<\/strong>, bekannt f\u00fcr seine Recyclingf\u00e4higkeit, tr\u00e4gt dazu bei, den gesamten CO2-Fu\u00dfabdruck im Zusammenhang mit Veranstaltungsbedarf zu reduzieren.<\/li>\n<\/ul>","protected":false},"excerpt":{"rendered":"<p>Das Einweg-HF-RFID-NFC-Armband f\u00fcr Veranstaltungstickets bietet eine sichere und effiziente M\u00f6glichkeit, die Zugangskontrolle bei jeder Veranstaltung zu verwalten. Sein anpassbares Design sorgt f\u00fcr ein nahtloses Teilnehmererlebnis und erm\u00f6glicht gleichzeitig bargeldlose Zahlungen und verbesserte Sicherheitsma\u00dfnahmen.<\/p>","protected":false},"featured_media":3438,"template":"","meta":[],"product_brand":[],"product_cat":[50],"product_tag":[],"class_list":{"0":"post-3437","1":"product","2":"type-product","3":"status-publish","4":"has-post-thumbnail","6":"product_cat-silicone-rfid-nfc-wristbands","8":"first","9":"instock","10":"shipping-taxable","11":"product-type-simple"},"_links":{"self":[{"href":"https:\/\/nfc-readers.com\/de\/wp-json\/wp\/v2\/product\/3437","targetHints":{"allow":["GET"]}}],"collection":[{"href":"https:\/\/nfc-readers.com\/de\/wp-json\/wp\/v2\/product"}],"about":[{"href":"https:\/\/nfc-readers.com\/de\/wp-json\/wp\/v2\/types\/product"}],"wp:featuredmedia":[{"embeddable":true,"href":"https:\/\/nfc-readers.com\/de\/wp-json\/wp\/v2\/media\/3438"}],"wp:attachment":[{"href":"https:\/\/nfc-readers.com\/de\/wp-json\/wp\/v2\/media?parent=3437"}],"wp:term":[{"taxonomy":"product_brand","embeddable":true,"href":"https:\/\/nfc-readers.com\/de\/wp-json\/wp\/v2\/product_brand?post=3437"},{"taxonomy":"product_cat","embeddable":true,"href":"https:\/\/nfc-readers.com\/de\/wp-json\/wp\/v2\/product_cat?post=3437"},{"taxonomy":"product_tag","embeddable":true,"href":"https:\/\/nfc-readers.com\/de\/wp-json\/wp\/v2\/product_tag?post=3437"}],"curies":[{"name":"wp","href":"https:\/\/api.w.org\/{rel}","templated":true}]}}