{"id":3444,"date":"2024-11-03T06:44:10","date_gmt":"2024-11-03T06:44:10","guid":{"rendered":"https:\/\/nfc-readers.com\/?post_type=product&#038;p=3444"},"modified":"2024-11-04T08:51:14","modified_gmt":"2024-11-04T08:51:14","slug":"custom-fm1208-8k-memory-smart-campus-card","status":"publish","type":"product","link":"https:\/\/nfc-readers.com\/de\/ic-reader\/custom-fm1208-8k-memory-smart-campus-card\/","title":{"rendered":"Benutzerdefinierte FM1208 8k Speicher Smart Campus Karte"},"content":{"rendered":"<h1><span style=\"color: #000080;\"><strong>Benutzerdefinierte FM1208 8k Speicher Smart Campus Karte<\/strong><\/span><\/h1>\n<p><span style=\"color: #666699;\">Die Zukunft der Zutrittskontrolll\u00f6sungenIn einer zunehmend digitalen Welt ist eine nahtlose Zutrittskontrolle wichtiger denn je. <strong>Benutzerdefinierte FM12088K Smart Campus-Speicherkarte<\/strong>\u00a0wurde f\u00fcr moderne Institutionen entwickelt, die nach sicheren und effizienten M\u00f6glichkeiten suchen, Zugang, Identifikation und Transaktionen auf dem Campus zu verwalten. Mit 8K-Speicher, RFID- und NFC-Kommunikationsfunktionen und einem robusten Design ist diese Karte eine unverzichtbare L\u00f6sung f\u00fcr Bildungseinrichtungen, Unternehmen und Organisationen. Dieses Produkt bietet zahlreiche Vorteile, die es zu einer wertvollen Investition f\u00fcr alle Einrichtungen machen, die Wert auf verbesserte Sicherheit und optimierte Abl\u00e4ufe legen.<\/span><\/p>\n<p>&nbsp;<\/p>\n<h2 style=\"text-align: center;\"><em><strong><span style=\"color: #000080;\">Warum sollten Sie sich f\u00fcr die benutzerdefinierte FM12088K Memory Smart Campus Card entscheiden?<\/span><\/strong><\/em><\/h2>\n<p>Die Custom FM12088K Memory Smart Campus Card ist mehr als nur ein St\u00fcck Plastik; sie ist ein innovatives Werkzeug, das fortschrittliche Technologie mit praktischen Anwendungen verbindet. Die wichtigsten Vorteile sind:<\/p>\n<ul>\n<li><strong>Erh\u00f6hte Sicherheit<\/strong>: Mit erweiterten\u00a0<strong>Mifare Desfire<\/strong>\u00a0F\u00e4higkeiten und\u00a0<strong>gegenseitige Authentifizierung<\/strong>wird Ihr Zutrittskontrollsystem deutlich sicherer.<\/li>\n<li><strong>Verbessertes Benutzererlebnis<\/strong>: Die Karte ist f\u00fcr eine einfache Bedienung konzipiert und\u00a0<strong>kontaktloses Design<\/strong>\u00a0erm\u00f6glicht schnellen und bequemen Zugriff \u2013 ideal f\u00fcr gesch\u00e4ftige Campusumgebungen.<\/li>\n<li><strong>Vielseitige Einsatzm\u00f6glichkeiten<\/strong>: Diese Karten sind nicht nur f\u00fcr die Zugangskontrolle gedacht, sondern k\u00f6nnen auch f\u00fcr Finanztransaktionen, Ticketing und Treueprogramme verwendet werden.<\/li>\n<li><strong>Haltbarkeit und Langlebigkeit<\/strong>: Hergestellt aus\u00a0<strong>aus PVC<\/strong>, diese Karten sind\u00a0<strong>wasserdicht\/wetterfest<\/strong>, wodurch eine lange Lebensdauer auch unter anspruchsvollen Umgebungsbedingungen gew\u00e4hrleistet wird.<\/li>\n<\/ul>\n<hr \/>\n<h2><\/h2>\n<h2 style=\"text-align: center;\"><span style=\"color: #000080;\"><em><strong>Entwicklung der Mifare-Technologie<\/strong><\/em><\/span><\/h2>\n<p><span style=\"color: #008080;\">Die Mifare-Technologie hat sich im Laufe der Jahre weiterentwickelt und ist von der urspr\u00fcnglichen <strong>Mifare Classic<\/strong>\u00a0Familie bis hin zu fortgeschrittenen Iterationen wie dem\u00a0<strong>Mifare Desfire<\/strong>\u00a0Serie. <\/span><\/p>\n<p><span style=\"color: #008080;\">Diese Fortschritte erm\u00f6glichen gr\u00f6\u00dfere Speicherkapazit\u00e4ten, h\u00f6here Sicherheitsfunktionen und vielf\u00e4ltigere Anwendungen. Die FM1208\u00a0<strong>8K Speicher<\/strong>\u00a0bekr\u00e4ftigt seine F\u00e4higkeit, komplexe Datentransaktionen sicher und effektiv abzuwickeln.<\/span><\/p>\n<p>&nbsp;<\/p>\n<h2 style=\"text-align: center;\"><em><strong><span style=\"color: #000080;\">Wichtige Eigenschaften von Smart Cards<\/span><\/strong><\/em><\/h2>\n<h3>Smartcards wie die FM1208 bieten mehrere wichtige Eigenschaften, darunter:<\/h3>\n<ul>\n<li><strong>Kontaktlose Kommunikation<\/strong>: Nutzung\u00a0<strong>RFID\/NFC<\/strong>\u00a0Technologie erm\u00f6glicht ein schnelles und ber\u00fchrungsloses Scannen der Karte und damit einen z\u00fcgigen Zutritt.<\/li>\n<li><strong>Hohe Sicherheit<\/strong>: Mit\u00a0<strong>Verschl\u00fcsselungsschl\u00fcssel<\/strong>\u00a0und gegenseitige Authentifizierungsfunktionen k\u00f6nnen Benutzer sicher sein, dass ihre Anmeldeinformationen sicher sind.<\/li>\n<li><strong>Skalierbarkeit<\/strong>: Der FM1208 l\u00e4sst sich problemlos in vorhandene Systeme integrieren oder an wachsende Campus-Anforderungen anpassen und so die allgemeine Betriebseffizienz verbessern.<\/li>\n<\/ul>\n<hr \/>\n<h2><\/h2>\n<h2 style=\"text-align: center;\"><em><span style=\"color: #000080;\"><strong>Einzigartige Funktionen<\/strong><\/span><\/em><\/h2>\n<p><span style=\"color: #666699;\">Die benutzerdefinierte FM1208 Smart Campus Card ist mit einzigartigen Funktionen ausgestattet, die f\u00fcr die heutige Technologielandschaft entwickelt wurden.<\/span><\/p>\n<h3><span style=\"color: #333399;\"><strong>Wasserdicht und wetterfest<\/strong><\/span><\/h3>\n<p>Diese Chipkarte ist f\u00fcr raue Bedingungen ausgelegt und eignet sich daher sowohl f\u00fcr den Innen- als auch f\u00fcr den Au\u00dfenbereich. Die\u00a0<strong>aus PVC<\/strong>\u00a0Das verwendete Material stellt sicher, dass es unter verschiedenen Umweltbelastungen intakt und voll funktionsf\u00e4hig bleibt.<\/p>\n<p>&nbsp;<\/p>\n<h3><span style=\"color: #333399;\"><strong>Mini-Tag-Kompatibilit\u00e4t<\/strong><\/span><\/h3>\n<p>Der FM1208 kann auch als\u00a0<strong>Mini-Tag<\/strong>, was vielf\u00e4ltige Einsatzszenarien erm\u00f6glicht. Ob in Kleidung, Rucks\u00e4cke oder Geldb\u00f6rsen integriert, es bietet Flexibilit\u00e4t f\u00fcr Sch\u00fcler und Mitarbeiter gleicherma\u00dfen.<\/p>\n<hr \/>\n<h3><span style=\"color: #333399;\"><strong>Technische Spezifikationen<\/strong><\/span><\/h3>\n<p><strong>Hier ist ein detaillierter Blick auf die technischen Daten der benutzerdefinierten FM12088K Memory Smart Campus Card:<\/strong><\/p>\n<div class=\"table-with-header rounded-lg border border-solid border-grey-line2-normal w-fit max-w-full mb-2\">\n<div class=\"overflow-x-auto custom-scrollbar custom-scrollbar-float max-w-full\">\n<table class=\"w-fit !mb-0 !max-w-none\">\n<thead>\n<tr>\n<th>Besonderheit<\/th>\n<th>Spezifikation<\/th>\n<\/tr>\n<\/thead>\n<tbody>\n<tr>\n<td><strong>Produktname<\/strong><\/td>\n<td>RFID-Karte<\/td>\n<\/tr>\n<tr>\n<td><strong>Chip<\/strong><\/td>\n<td>FM1208<\/td>\n<\/tr>\n<tr>\n<td><strong>Erinnerung<\/strong><\/td>\n<td>8K<\/td>\n<\/tr>\n<tr>\n<td><strong>Material<\/strong><\/td>\n<td>aus PVC<\/td>\n<\/tr>\n<tr>\n<td><strong>Gr\u00f6\u00dfe<\/strong><\/td>\n<td>85,5 x 54 mm<\/td>\n<\/tr>\n<tr>\n<td><strong>Frequenz<\/strong><\/td>\n<td>13,56 MHz<\/td>\n<\/tr>\n<tr>\n<td><strong>Leseabstand<\/strong><\/td>\n<td>1-10 cm<\/td>\n<\/tr>\n<tr>\n<td><strong>MOQ (Mindestbestellmenge)<\/strong><\/td>\n<td>500<\/td>\n<\/tr>\n<tr>\n<td><strong>Drucken<\/strong><\/td>\n<td>Offsetdruck<\/td>\n<\/tr>\n<tr>\n<td><strong>Herkunftsort<\/strong><\/td>\n<td>Guangdong, China<\/td>\n<\/tr>\n<tr>\n<td><strong>Anwendung<\/strong><\/td>\n<td>Zugriffskontrolle, Transaktionen<\/td>\n<\/tr>\n<\/tbody>\n<\/table>\n<\/div>\n<\/div>\n<p><strong>Diese Spezifikationen pr\u00e4sentieren eine Karte, bei der Sicherheit, Haltbarkeit und Effizienz im Vordergrund stehen.<\/strong><\/p>\n<hr \/>\n<h2><\/h2>\n<h2 style=\"text-align: center;\"><em><span style=\"color: #000080;\"><strong>Umweltauswirkungen und Nachhaltigkeit<\/strong><\/span><\/em><\/h2>\n<p><span style=\"color: #666699;\">Die Custom FM1208-Karte ist sich des \u00f6kologischen Fu\u00dfabdrucks der Technologie bewusst und verfolgt einen nachhaltigen Ansatz. Sie besteht aus\u00a0<strong>aus PVC<\/strong>, es bietet Haltbarkeit ohne Kompromisse bei den Umweltbelangen. Nachhaltige Praktiken- <strong>Recyclingf\u00e4higkeit<\/strong>: Die verwendeten Materialien sind wiederverwertbar und unterstreichen damit unser Engagement f\u00fcr den Umweltschutz.<\/span><\/p>\n<ul>\n<li><strong>Lange Lebensdauer<\/strong>: Dank des langlebigen Designs muss die Karte seltener ausgetauscht werden, was letztlich zu weniger Abfall f\u00fchrt.<\/li>\n<\/ul>\n<hr \/>\n<h2><\/h2>\n<h2 style=\"text-align: center;\"><em><span style=\"color: #000080;\"><strong>Anwendungen in der Bildung und dar\u00fcber hinaus<\/strong><\/span><\/em><\/h2>\n<p><span style=\"color: #666699;\">Die benutzerdefinierte FM1208 Smart Campus Card dient verschiedenen Anwendungen, insbesondere in Bildungseinrichtungen, und verbessert das allgemeine Campus-Erlebnis.<\/span><\/p>\n<p>&nbsp;<\/p>\n<h2 style=\"text-align: center;\"><em><strong><span style=\"color: #000080;\">In Bildungseinrichtungen<\/span><\/strong><\/em><\/h2>\n<p style=\"text-align: left;\">1.\u00a0<strong>Zugriffskontrolle<\/strong>: Sicherer Zugang zu Geb\u00e4uden, Bibliotheken oder Laboren.<\/p>\n<ol start=\"2\">\n<li><strong>Campus-Ausweis<\/strong>: Die Karten dienen als Studierendenausweis und vereinfachen den Identifikationsprozess.<\/li>\n<li><strong>Zahlungssysteme<\/strong>: Integration mit Schulkonten f\u00fcr bargeldlose Transaktionen in Cafeterias und an Verkaufsautomaten.<\/li>\n<\/ol>","protected":false},"excerpt":{"rendered":"<p>Die benutzerdefinierte FM12088K Memory Smart Campus Card bietet eine sichere, kontaktlose Zugangskontrolle, ideal f\u00fcr Bildungseinrichtungen und Unternehmen. Langlebig und vielseitig!<\/p>","protected":false},"featured_media":3449,"template":"","meta":[],"product_brand":[],"product_cat":[46],"product_tag":[],"class_list":{"0":"post-3444","1":"product","2":"type-product","3":"status-publish","4":"has-post-thumbnail","6":"product_cat-nfc-cards","8":"first","9":"instock","10":"shipping-taxable","11":"product-type-simple"},"_links":{"self":[{"href":"https:\/\/nfc-readers.com\/de\/wp-json\/wp\/v2\/product\/3444","targetHints":{"allow":["GET"]}}],"collection":[{"href":"https:\/\/nfc-readers.com\/de\/wp-json\/wp\/v2\/product"}],"about":[{"href":"https:\/\/nfc-readers.com\/de\/wp-json\/wp\/v2\/types\/product"}],"wp:featuredmedia":[{"embeddable":true,"href":"https:\/\/nfc-readers.com\/de\/wp-json\/wp\/v2\/media\/3449"}],"wp:attachment":[{"href":"https:\/\/nfc-readers.com\/de\/wp-json\/wp\/v2\/media?parent=3444"}],"wp:term":[{"taxonomy":"product_brand","embeddable":true,"href":"https:\/\/nfc-readers.com\/de\/wp-json\/wp\/v2\/product_brand?post=3444"},{"taxonomy":"product_cat","embeddable":true,"href":"https:\/\/nfc-readers.com\/de\/wp-json\/wp\/v2\/product_cat?post=3444"},{"taxonomy":"product_tag","embeddable":true,"href":"https:\/\/nfc-readers.com\/de\/wp-json\/wp\/v2\/product_tag?post=3444"}],"curies":[{"name":"wp","href":"https:\/\/api.w.org\/{rel}","templated":true}]}}