{"id":3460,"date":"2024-11-04T06:26:42","date_gmt":"2024-11-04T06:26:42","guid":{"rendered":"https:\/\/nfc-readers.com\/?post_type=product&#038;p=3460"},"modified":"2024-11-04T08:39:37","modified_gmt":"2024-11-04T08:39:37","slug":"custom-logo-printing-yelptripadvisor-review-nfc-card","status":"publish","type":"product","link":"https:\/\/nfc-readers.com\/de\/ic-reader\/custom-logo-printing-yelptripadvisor-review-nfc-card\/","title":{"rendered":"NFC-Karte mit individuellem Logodruck f\u00fcr Yelp\\Tripadvisor-Bewertung"},"content":{"rendered":"<h1><span style=\"color: #000080;\"><strong>NFC-Karte mit individuellem Logodruck f\u00fcr Yelp\\Tripadvisor-Bewertung<\/strong><\/span><\/h1>\n<p>&nbsp;<\/p>\n<p><span style=\"color: #666699;\">Vorteile des benutzerdefinierten Logodrucks Yelp\/Tripadvisor Review NFC-KartenDie Integration von\u00a0<strong>NFC-Technologie<\/strong>\u00a0in Kundenbindungsstrategien kann den Komfort erheblich steigern und wertvolles Feedback effizient sammeln. Diese Karten k\u00f6nnen Gespr\u00e4che anregen, Kundeninteraktionen f\u00f6rdern und so Ihr Yelp- oder TripAdvisor-Ranking verbessern. Mit Eigenschaften wie Wasser- und Wetterfestigkeit sind diese Karten f\u00fcr eine Vielzahl von Umgebungen geeignet und somit eine wertvolle Erg\u00e4nzung Ihres Marketing-Arsenals.<\/span><\/p>\n<hr \/>\n<h2><\/h2>\n<h2 style=\"text-align: center;\"><em><strong><span style=\"color: #000080;\">Produkt\u00fcbersicht<\/span><\/strong><\/em><\/h2>\n<h3><span style=\"color: #333399;\"><strong>1. Was sind NFC-Karten mit benutzerdefiniertem Logo?<\/strong><\/span><\/h3>\n<p>Die NFC-Karte mit individuellem Logodruck f\u00fcr Yelp\\Tripadvisor-Bewertungen ist eine Smartcard, die\u00a0<strong>NFC (Nahfeldkommunikation)<\/strong>\u00a0Technologie zur Erleichterung kontaktloser Interaktionen. Durch einfaches Antippen der Karte mit einem kompatiblen Smartphone k\u00f6nnen Kunden auf einen Link zugreifen, der direkt zu Ihrer Bewertungsseite f\u00fchrt. Dadurch entf\u00e4llt die Notwendigkeit manueller Eingaben, der Feedback-Prozess wird optimiert und die Gesamtantwortrate verbessert.<\/p>\n<p>&nbsp;<\/p>\n<h3><span style=\"color: #333399;\"><strong>2. Hauptmerkmale von NFC-Karten<\/strong><\/span><\/h3>\n<p><strong>Hauptmerkmale<\/strong>\u00a0unserer NFC-Karten umfassen:<\/p>\n<ul>\n<li><strong>Betriebsh\u00e4ufigkeit<\/strong>:13,56 MHz erm\u00f6glicht eine stabile Kommunikation.<\/li>\n<li><strong>Leseabstand<\/strong>: Das Lesen der Karten aus einer Entfernung von 2 bis 10 cm ist problemlos m\u00f6glich.<\/li>\n<li><strong>Materialzusammensetzung<\/strong>: Aus strapazierf\u00e4higem PVC, das eine lange Lebensdauer gew\u00e4hrleistet.<\/li>\n<li><strong>Benutzerdefiniertes Drucken<\/strong>: Verf\u00fcgbar mit CMYK4C-Druck, der ein lebendiges Branding erm\u00f6glicht.<\/li>\n<\/ul>\n<p>&nbsp;<\/p>\n<h3><span style=\"color: #333399;\"><strong>3. Vorteile der Verwendung von NFC-Karten f\u00fcr Kundenbewertungen<\/strong><\/span><\/h3>\n<p>NFC-Karten sind nicht nur effektiv, um den Verkehr auf Ihre Bewertungsseiten zu lenken, sondern steigern auch die Kundenzufriedenheit. Indem Sie es Ihren Kunden einfach machen, Feedback zu geben, erhalten Sie schnell Einblicke in ihre Erfahrungen, was zu Verbesserungen f\u00fchrt und Ihr Engagement f\u00fcr den Kundenservice unter Beweis stellt.<\/p>\n<p>&nbsp;<\/p>\n<h2><span style=\"color: #333399;\"><strong>4. Technische Spezifikationen der NFC-Karten<\/strong><\/span><\/h2>\n<p>Nachfolgend finden Sie die <strong>technische Daten<\/strong> unserer NFC-Karte mit individuellem Logodruck f\u00fcr Yelp\\Tripadvisor-Bewertungen:<\/p>\n<div class=\"table-with-header rounded-lg border border-solid border-grey-line2-normal w-fit max-w-full mb-2\">\n<div class=\"overflow-x-auto custom-scrollbar custom-scrollbar-float max-w-full\">\n<table class=\"w-fit !mb-0 !max-w-none\">\n<thead>\n<tr>\n<th>Attribut<\/th>\n<th>Spezifikation<\/th>\n<\/tr>\n<\/thead>\n<tbody>\n<tr>\n<td>Herkunftsort<\/td>\n<td>Guangdong, China<\/td>\n<\/tr>\n<tr>\n<td>Chiptyp<\/td>\n<td>NFC213\/215\/216 (NTAG\u00ae)<\/td>\n<\/tr>\n<tr>\n<td>Speichergr\u00f6\u00dfe<\/td>\n<td>144\/504\/888 Byte<\/td>\n<\/tr>\n<tr>\n<td>Gr\u00f6\u00dfe<\/td>\n<td>85,5 x 54 mm\/Benutzerdefiniert<\/td>\n<\/tr>\n<tr>\n<td>Kommunikationsinterface<\/td>\n<td>RFID, NFC<\/td>\n<\/tr>\n<tr>\n<td>Drucken<\/td>\n<td>CMYK-Offsetdruck<\/td>\n<\/tr>\n<tr>\n<td>Mindestbestellmenge (MOQ)<\/td>\n<td>500<\/td>\n<\/tr>\n<tr>\n<td>Besondere Merkmale<\/td>\n<td>Wasserdicht \/ Wetterfest, MINI TAG<\/td>\n<\/tr>\n<\/tbody>\n<\/table>\n<\/div>\n<\/div>\n<h3><strong><span style=\"color: #333399;\">5. Alleinstellungsmerkmale: <\/span><\/strong><\/h3>\n<h3><strong>Wasserdicht und wetterfest<\/strong><\/h3>\n<p>Eines der Hauptanliegen bei physischen Werbematerialien ist die Haltbarkeit. Unsere NFC-Karten werden geliefert mit <strong>wasserdicht und wetterfest<\/strong>\u00a0Eigenschaften, die sicherstellen, dass sie unter unterschiedlichen Bedingungen \u00fcberleben, sei es drinnen oder drau\u00dfen. Diese besondere Eigenschaft macht sie f\u00fcr jede Marketingkampagne geeignet, sei es in einem Restaurant, einem Einzelhandelsgesch\u00e4ft oder bei Veranstaltungen im Freien.<\/p>\n<p>&nbsp;<\/p>\n<h2 style=\"text-align: center;\"><em><span style=\"color: #000080;\"><strong>So verwenden Sie NFC-Karten mit benutzerdefiniertem Logo<\/strong><\/span><\/em><\/h2>\n<p>Die Verwendung der NFC-Karten ist unkompliziert:<\/p>\n<ol>\n<li>Verteilen Sie die Karten an die Kunden und stellen Sie sicher, dass sie deren Zweck verstehen.<\/li>\n<li>Kunden halten ihr Mobilger\u00e4t an die Karte.<\/li>\n<li>Das Ger\u00e4t verlinkt auf Ihre Feedback-Seite auf Plattformen wie Yelp oder TripAdvisor.<\/li>\n<li>Ermutigen Sie sie, eine Bewertung zu hinterlassen, damit andere Kunden diese sehen k\u00f6nnen.<\/li>\n<\/ol>\n<p>&nbsp;<\/p>\n<h2 style=\"text-align: center;\"><em><span style=\"color: #000080;\"><strong>Entwerfen der perfekten NFC-Karte mit benutzerdefiniertem Logo<\/strong><\/span><\/em><\/h2>\n<p>Das Design Ihrer <strong>Bewertungskarte<\/strong>\u00a0ist entscheidend, um Aufmerksamkeit zu erregen. Integrieren Sie die Farben und das Logo Ihrer Marke sowie einen klaren Handlungsaufruf. Hochwertiger CMYK-Druck sorgt daf\u00fcr, dass Ihr Design nicht nur ins Auge f\u00e4llt, sondern auch Ihr Markenethos widerspiegelt, sodass Ihre Kunden Ihre Karten gerne verwenden.<\/p>\n<p>&nbsp;<\/p>\n<h2 style=\"text-align: center;\"><em><span style=\"color: #000080;\"><strong>Umweltauswirkungen von NFC-Karten<\/strong><\/span><\/em><\/h2>\n<p>In einer sich schnell ver\u00e4ndernden Welt ist Nachhaltigkeit der Schl\u00fcssel. Unsere NFC-Karten werden aus umweltfreundlichem PVC-Material hergestellt und reduzieren den \u00f6kologischen Fu\u00dfabdruck, der mit herk\u00f6mmlichen Methoden zur Erfassung von Bewertungen verbunden ist. Der \u00dcbergang zu digitalen L\u00f6sungen wie <strong>NFC-Technologie<\/strong>\u00a0tr\u00e4gt zu einem nachhaltigeren Gesch\u00e4ftsmodell bei.<\/p>\n<p>&nbsp;<\/p>\n<h2 style=\"text-align: center;\"><em><span style=\"color: #000080;\"><strong>Kundenrezensionen<\/strong><\/span><\/em><\/h2>\n<p>Echtes Feedback von BenutzernKunden, die bereits integriert haben <strong>NFC-Karten<\/strong>\u00a0in ihren Unternehmen berichten von deutlichen Steigerungen des Engagements und der Feedbackqualit\u00e4t. Hier sind einige Erfahrungsberichte:<\/p>\n<ul>\n<li><span style=\"color: #008080;\"><strong>\u201eMit den NFC-Karten ist das Sammeln von Bewertungen viel einfacher geworden. Unsere Kunden lieben die schnelle und unkomplizierte Abwicklung!\u201c<\/strong><\/span> \u2013 Emily R.<\/li>\n<li><span style=\"color: #666699;\"><strong>\u201eNachdem wir mit der Nutzung von NFC-Karten begonnen haben, haben wir eine Steigerung des Feedbacks festgestellt. Das hat sich positiv auf unseren Online-Ruf ausgewirkt.\u201c<\/strong><\/span> \u2013 Mike T.<\/li>\n<\/ul>","protected":false},"excerpt":{"rendered":"<p>NFC-Karten mit individuellem Logo steigern die Kundenbindung, indem sie das einfache und kontaktlose Einreichen von Bewertungen erm\u00f6glichen und durch ihre wasserfeste Haltbarkeit den Online-Ruf st\u00e4rken.<\/p>","protected":false},"featured_media":3462,"template":"","meta":[],"product_brand":[],"product_cat":[46],"product_tag":[],"class_list":{"0":"post-3460","1":"product","2":"type-product","3":"status-publish","4":"has-post-thumbnail","6":"product_cat-nfc-cards","8":"first","9":"instock","10":"shipping-taxable","11":"product-type-simple"},"_links":{"self":[{"href":"https:\/\/nfc-readers.com\/de\/wp-json\/wp\/v2\/product\/3460","targetHints":{"allow":["GET"]}}],"collection":[{"href":"https:\/\/nfc-readers.com\/de\/wp-json\/wp\/v2\/product"}],"about":[{"href":"https:\/\/nfc-readers.com\/de\/wp-json\/wp\/v2\/types\/product"}],"wp:featuredmedia":[{"embeddable":true,"href":"https:\/\/nfc-readers.com\/de\/wp-json\/wp\/v2\/media\/3462"}],"wp:attachment":[{"href":"https:\/\/nfc-readers.com\/de\/wp-json\/wp\/v2\/media?parent=3460"}],"wp:term":[{"taxonomy":"product_brand","embeddable":true,"href":"https:\/\/nfc-readers.com\/de\/wp-json\/wp\/v2\/product_brand?post=3460"},{"taxonomy":"product_cat","embeddable":true,"href":"https:\/\/nfc-readers.com\/de\/wp-json\/wp\/v2\/product_cat?post=3460"},{"taxonomy":"product_tag","embeddable":true,"href":"https:\/\/nfc-readers.com\/de\/wp-json\/wp\/v2\/product_tag?post=3460"}],"curies":[{"name":"wp","href":"https:\/\/api.w.org\/{rel}","templated":true}]}}