{"id":3499,"date":"2024-11-04T07:44:11","date_gmt":"2024-11-04T07:44:11","guid":{"rendered":"https:\/\/nfc-readers.com\/?post_type=product&#038;p=3499"},"modified":"2024-11-04T08:27:35","modified_gmt":"2024-11-04T08:27:35","slug":"mifare-1k-4k-s50-membership-loyalty-colorful-hotel-key-card","status":"publish","type":"product","link":"https:\/\/nfc-readers.com\/de\/ic-reader\/mifare-1k-4k-s50-membership-loyalty-colorful-hotel-key-card\/","title":{"rendered":"Mifare 1k 4k S50 Mitgliedschaft Treue bunte Hotel Schl\u00fcsselkarte"},"content":{"rendered":"<h1><span style=\"color: #000080;\"><strong>Mifare 1k 4k S50 Mitgliedschaft Treue bunte Hotel Schl\u00fcsselkarte<\/strong><\/span><\/h1>\n<p><span style=\"color: #666699;\">Im Zeitalter der Digitalisierung kann die Bedeutung einer effizienten Zugangskontrolle und Kundenbindung nicht untersch\u00e4tzt werden. <strong>Mifare1k4k S50 Mitgliedschaft Treue bunte Hotel Schl\u00fcsselkarte<\/strong>\u00a0ist ein unverzichtbares Produkt im Gastgewerbe und im Mitgliederbereich. Diese vielseitigen Karten integrieren nahtlos RFID-Technologie f\u00fcr sicheren Zugang und verbessern das G\u00e4steerlebnis durch Treueprogramme. Dieser Artikel untersucht die \u00fcberzeugenden Funktionen, Vorteile und Anwendungen der Mifare S50-Karte.<\/span><\/p>\n<p>&nbsp;<\/p>\n<h2 style=\"text-align: center;\"><em><span style=\"color: #000080;\"><strong>Warum in bunte Mifare1k4k S50-Mitgliedertreuekarten f\u00fcr Hotels investieren?<\/strong><\/span><\/em><\/h2>\n<p><span style=\"color: #333333;\"><strong>Die Investition in Mifare-Mitgliedskarten bietet Unternehmen <span style=\"color: #333399;\">eine einmalige Gelegenheit, das Kundenerlebnis und die Sicherheit zu verbessern<\/span>. Mit speziell auf den Gastgewerbesektor zugeschnittenen Funktionen optimieren diese Karten den Check-in-Prozess der G\u00e4ste und erm\u00f6glichen gleichzeitig personalisierte Kundeninteraktionen. Egal, ob Sie ein Hotel sind, das Zimmer verwaltet, oder ein Unternehmen, das nach Treuel\u00f6sungen sucht, diese Karten garantieren Zuverl\u00e4ssigkeit und Sicherheit.<\/strong><\/span><\/p>\n<p><span style=\"color: #333333;\"><strong><span style=\"color: #333399;\">Die lebendigen Farben und anpassbaren Designs<\/span> machen Mifare-Mitgliedskarten f\u00fcr G\u00e4ste nicht nur funktional, sondern auch optisch ansprechend. Sie dienen sowohl als Identifikations- als auch als Marketinginstrument, da Hotels Branding-Elemente integrieren k\u00f6nnen, die die Wiedererkennung und Erinnerung der G\u00e4ste verbessern.<\/strong><\/span><\/p>\n<p>&nbsp;<\/p>\n<p>&nbsp;<\/p>\n<h2 style=\"text-align: center;\"><em><span style=\"color: #000080;\"><strong>Produkt\u00fcbersicht<\/strong><\/span><\/em><\/h2>\n<h3><strong><span style=\"color: #333399;\">1. Wichtige Eigenschaften von Mifare-Karten<\/span><\/strong><\/h3>\n<h4>Der <strong>Mifare1k4k S50<\/strong>\u00a0Schl\u00fcsselkarten werden entwickelt, um das Benutzererlebnis durch mehrere wichtige Eigenschaften zu verbessern:<\/h4>\n<h4><span style=\"color: #008080;\"><strong>Haltbarkeit und Vielseitigkeit<\/strong><\/span><\/h4>\n<h4>Hergestellt aus\u00a0<strong>PVC\/PET<\/strong>, diese Karten sind nicht nur wasserdicht, sondern auch wetterfest und gew\u00e4hrleisten eine lange Lebensdauer unter verschiedenen Umweltbedingungen. Ob im Innen- oder Au\u00dfenbereich verwendet, ihre Haltbarkeit garantiert eine lange Nutzbarkeit.<\/h4>\n<h4><span style=\"color: #008080;\"><strong>Smartcard-Technologie<\/strong><\/span><\/h4>\n<h4>Diese Karten verwenden\u00a0<strong>RFID-Technologie<\/strong>\u00a0Betrieb mit einer Frequenz von\u00a0<strong>13,56 MHz<\/strong>, das sichere, kontaktlose Transaktionen erm\u00f6glicht. Die Integration der Chiptechnologie von NXP gew\u00e4hrleistet die Kompatibilit\u00e4t mit vorhandenen Zugangskontrollsystemen und bietet gleichzeitig hohe Leistung und Zuverl\u00e4ssigkeit.<\/h4>\n<p>&nbsp;<\/p>\n<h3><span style=\"color: #333399;\"><strong>2. Branchenspezifische Anwendungen f\u00fcr Mifare-Karten<\/strong><\/span><\/h3>\n<p>Mifare-Karten werden in vielen Branchen eingesetzt, insbesondere im Gastgewerbe zur Zugangskontrolle:<\/p>\n<h4><span style=\"color: #008080;\"><strong>Gastgewerbe<\/strong><\/span><\/h4>\n<h4>Hoteliers nutzen Mifare-Karten f\u00fcr den Zimmerzugang und f\u00fcr Zahlungen. G\u00e4ste k\u00f6nnen ihr Zimmer ganz einfach durch Antippen der Karte betreten, sodass herk\u00f6mmliche Schl\u00fcssel nicht mehr erforderlich sind.<\/h4>\n<h4><span style=\"color: #008080;\"><strong>Mitgliedschafts- und Treueprogramme<\/strong><\/span><\/h4>\n<h4>Unternehmen, die Treueprogramme implementieren, k\u00f6nnen Mifare-Karten ausgeben, mit denen Punkte f\u00fcr Eink\u00e4ufe gesammelt werden. Dies f\u00f6rdert Folgegesch\u00e4fte und belohnt treue Kunden effektiv.<\/h4>\n<p>&nbsp;<\/p>\n<h3><span style=\"color: #333399;\"><strong>3. Technische Daten <\/strong><\/span><\/h3>\n<p>Das ist wichtigDas Verst\u00e4ndnis der technischen Details ist f\u00fcr Unternehmen entscheidend, um fundierte Entscheidungen treffen zu k\u00f6nnen. Hier sind die wichtigsten Spezifikationen der Mifare1k S50-Karte:<\/p>\n<div class=\"table-with-header rounded-lg border border-solid border-grey-line2-normal w-fit max-w-full mb-2\">\n<div class=\"overflow-x-auto custom-scrollbar custom-scrollbar-float max-w-full\">\n<table class=\"w-fit !mb-0 !max-w-none\">\n<thead>\n<tr>\n<th>Spezifikation<\/th>\n<th>Details<\/th>\n<\/tr>\n<\/thead>\n<tbody>\n<tr>\n<td>Frequenz<\/td>\n<td>13,56 MHz<\/td>\n<\/tr>\n<tr>\n<td>Speicheroptionen<\/td>\n<td>1.000, 4.000<\/td>\n<\/tr>\n<tr>\n<td>Material<\/td>\n<td>PVC\/PET<\/td>\n<\/tr>\n<tr>\n<td>Gr\u00f6\u00dfe<\/td>\n<td>85,5\u00a0mm x 54\u00a0mm\/Benutzerdefiniert<\/td>\n<\/tr>\n<tr>\n<td>Chip<\/td>\n<td>MIFARE Classic1K<\/td>\n<\/tr>\n<tr>\n<td>Leseabstand<\/td>\n<td>2-10 cm<\/td>\n<\/tr>\n<tr>\n<td>Handwerk<\/td>\n<td>Lasercode, UV-Tinte, Seriennummer<\/td>\n<\/tr>\n<\/tbody>\n<\/table>\n<p>&nbsp;<\/p>\n<\/div>\n<\/div>\n<h2 style=\"text-align: center;\"><em><span style=\"color: #000080;\"><strong>Umweltauswirkungen von Mifare-Karten<\/strong><\/span><\/em><\/h2>\n<p>Umweltfreundlichkeit spielt auf dem heutigen Markt eine immer gr\u00f6\u00dfere Rolle und Mifare-Karten stehen im Einklang mit nachhaltigen Praktiken.<\/p>\n<h3><strong><span style=\"color: #008080;\">Nachhaltige Materialien<\/span><\/strong><\/h3>\n<h4>Hergestellt aus umweltbewusstem\u00a0<strong>PVC- und PET-Materialien<\/strong>, diese Karten minimieren die Umweltbelastung. Am Ende ihres Lebenszyklus k\u00f6nnen sie recycelt werden und tragen so zu einem gr\u00fcneren Planeten bei.<\/h4>\n<h3><span style=\"color: #008080;\"><strong>Reduzierung des CO2-Fu\u00dfabdrucks<\/strong><\/span><\/h3>\n<h4>Durch die Erm\u00f6glichung des kontaktlosen Zugangs k\u00f6nnen Unternehmen ihren CO2-Fu\u00dfabdruck verringern, den Bedarf an papierbasierten Ticketsystemen reduzieren und so die Nachhaltigkeit in ihrem gesamten Betrieb f\u00f6rdern.<\/h4>\n<p>&nbsp;<\/p>\n<p>&nbsp;<\/p>\n<h2 style=\"text-align: center;\"><em><span style=\"color: #000080;\"><strong>H\u00e4ufig gestellte Fragen<\/strong><\/span><\/em><\/h2>\n<h4><span style=\"color: #008080;\"><strong>F1: Sind Mifare-Karten mit bestehenden Systemen kompatibel?<\/strong><\/span><\/h4>\n<p><strong>A1:<\/strong>\u00a0Ja, Mifare-Karten sind mit einer Vielzahl von RFID-Leseger\u00e4ten und Zugangskontrollsystemen kompatibel, insbesondere mit denen, die den ISO\/IEC14443 Typ A-Standard verwenden. Diese Flexibilit\u00e4t stellt sicher, dass Unternehmen Mifare-Karten problemlos in ihre vorhandene Infrastruktur integrieren k\u00f6nnen.<\/p>\n<p>&nbsp;<\/p>\n<h4><strong><span style=\"color: #008080;\">F2: Wie funktioniert die Sicherheit von Mifare-Karten?<\/span><\/strong><\/h4>\n<p><strong>Antwort:<\/strong>\u00a0Mifare-Karten nutzen gegenseitige Authentifizierungs- und Verschl\u00fcsselungsprotokolle, um die Daten\u00fcbertragung zwischen Karte und Leseger\u00e4t zu sichern. Dadurch wird sichergestellt, dass nur autorisierte Ger\u00e4te auf die auf der Karte gespeicherten Informationen zugreifen k\u00f6nnen, was ein hohes Ma\u00df an Sicherheit f\u00fcr vertrauliche Daten gew\u00e4hrleistet.<\/p>","protected":false},"excerpt":{"rendered":"<p>Entdecken Sie die farbenfrohen Mifare1k4k S50-Hotelschl\u00fcsselkarten f\u00fcr sicheren Zugang und Treueprogramme. Verbessern Sie das G\u00e4steerlebnis mit anpassbaren, langlebigen Designs!<\/p>","protected":false},"featured_media":3356,"template":"","meta":[],"product_brand":[],"product_cat":[46],"product_tag":[],"class_list":{"0":"post-3499","1":"product","2":"type-product","3":"status-publish","4":"has-post-thumbnail","6":"product_cat-nfc-cards","8":"first","9":"instock","10":"shipping-taxable","11":"product-type-simple"},"_links":{"self":[{"href":"https:\/\/nfc-readers.com\/de\/wp-json\/wp\/v2\/product\/3499","targetHints":{"allow":["GET"]}}],"collection":[{"href":"https:\/\/nfc-readers.com\/de\/wp-json\/wp\/v2\/product"}],"about":[{"href":"https:\/\/nfc-readers.com\/de\/wp-json\/wp\/v2\/types\/product"}],"wp:featuredmedia":[{"embeddable":true,"href":"https:\/\/nfc-readers.com\/de\/wp-json\/wp\/v2\/media\/3356"}],"wp:attachment":[{"href":"https:\/\/nfc-readers.com\/de\/wp-json\/wp\/v2\/media?parent=3499"}],"wp:term":[{"taxonomy":"product_brand","embeddable":true,"href":"https:\/\/nfc-readers.com\/de\/wp-json\/wp\/v2\/product_brand?post=3499"},{"taxonomy":"product_cat","embeddable":true,"href":"https:\/\/nfc-readers.com\/de\/wp-json\/wp\/v2\/product_cat?post=3499"},{"taxonomy":"product_tag","embeddable":true,"href":"https:\/\/nfc-readers.com\/de\/wp-json\/wp\/v2\/product_tag?post=3499"}],"curies":[{"name":"wp","href":"https:\/\/api.w.org\/{rel}","templated":true}]}}