{"id":3505,"date":"2024-11-04T15:45:07","date_gmt":"2024-11-04T15:45:07","guid":{"rendered":"https:\/\/nfc-readers.com\/?post_type=product&#038;p=3505"},"modified":"2024-11-04T15:45:07","modified_gmt":"2024-11-04T15:45:07","slug":"high-quality-ntag-213-ntag-215-pvc-nfc-business-card","status":"publish","type":"product","link":"https:\/\/nfc-readers.com\/de\/ic-reader\/high-quality-ntag-213-ntag-215-pvc-nfc-business-card\/","title":{"rendered":"Hochwertige NTAG 213 NTAG 215 PVC NFC Visitenkarte"},"content":{"rendered":"<h1><span style=\"color: #000080;\"><strong>Hochwertige NTAG 213 NTAG 215 PVC NFC Visitenkarte<\/strong><\/span><\/h1>\n<p><span style=\"color: #666699;\">Im digitalen Zeitalter sind effiziente Kommunikation und Konnektivit\u00e4t f\u00fcr Unternehmen, die einen bleibenden Eindruck hinterlassen wollen, von gr\u00f6\u00dfter Bedeutung. <strong>Hochwertige NTAG213 NTAG215 PVC NFC Visitenkarte<\/strong>\u00a0ist ein leistungsstarkes Tool, das fortschrittliche Technologie mit Funktionalit\u00e4t verbindet. Diese NFC-Visitenkarten bieten nahtlosen Zugriff auf Informationen und vereinfachen nicht nur die Netzwerkarbeit, sondern verbessern auch Ihr professionelles Image. Dieser Artikel befasst sich eingehend mit den un\u00fcbertroffenen Vorteilen dieser Visitenkarten und hebt ihre besonderen Merkmale, branchenspezifischen Eigenschaften und vieles mehr hervor.<\/span><\/p>\n<p>&nbsp;<\/p>\n<h2 style=\"text-align: center;\"><em><span style=\"color: #000080;\"><strong>Warum in NTAG213 NTAG215 PVC NFC-Visitenkarten investieren?<\/strong><\/span><\/em><\/h2>\n<p>Investieren in\u00a0<strong>NTAG213 NTAG215 PVC NFC Visitenkarten<\/strong>\u00a0kann die Art und Weise ver\u00e4ndern, wie Sie mit potenziellen Kunden und Partnern interagieren. Im Gegensatz zu herk\u00f6mmlichen Visitenkarten k\u00f6nnen Sie mit diesen NFC-f\u00e4higen Karten Ihre Kontaktinformationen, Social-Media-Links und Werbeinhalte m\u00fchelos durch einfaches Tippen teilen. Diese kontaktlose Technologie f\u00f6rdert eine interaktivere Verbindung mit Ihrem Publikum und sorgt daf\u00fcr, dass Sie sich in Wettbewerbsumgebungen von der Masse abheben.<\/p>\n<p>Die Haltbarkeit dieser Karten erh\u00f6ht ihren Wert. Hergestellt aus hochwertigem\u00a0<strong>schwarzes PVC<\/strong>, die NTAG213 und NTAG215 Karten sind\u00a0<strong>wasserdicht<\/strong>\u00a0Und\u00a0<strong>wetterfest<\/strong>und halten verschiedenen Umweltbedingungen stand. Diese Widerstandsf\u00e4higkeit garantiert, dass Ihre Karten im Laufe der Zeit funktional und optisch ansprechend bleiben und bei jeder Interaktion Professionalit\u00e4t und Engagement f\u00fcr Qualit\u00e4t widerspiegeln.<\/p>\n<p>&nbsp;<\/p>\n<hr \/>\n<h2 style=\"text-align: center;\"><span style=\"color: #000080;\"><em><strong>Technische Spezifikationen<\/strong><\/em><\/span><\/h2>\n<p><span style=\"color: #008080;\"><strong>Das Verst\u00e4ndnis der technischen Details von NTAG-Karten ist f\u00fcr eine fundierte Entscheidung entscheidend. Hier ist ein detaillierter \u00dcberblick:<\/strong><\/span><\/p>\n<div class=\"table-with-header rounded-lg border border-solid border-grey-line2-normal w-fit max-w-full mb-2\">\n<div class=\"overflow-x-auto custom-scrollbar custom-scrollbar-float max-w-full\">\n<table class=\"w-fit !mb-0 !max-w-none\" style=\"height: 288px;\" width=\"404\">\n<thead>\n<tr>\n<th>Spezifikation<\/th>\n<th>Details<\/th>\n<\/tr>\n<\/thead>\n<tbody>\n<tr>\n<td><strong>Chip<\/strong><\/td>\n<td>NTAG213 \/ NTAG215<\/td>\n<\/tr>\n<tr>\n<td><strong>Material<\/strong><\/td>\n<td>Schwarzes PVC<\/td>\n<\/tr>\n<tr>\n<td><strong>Dicke<\/strong><\/td>\n<td>0,84 mm<\/td>\n<\/tr>\n<tr>\n<td><strong>Frequenz<\/strong><\/td>\n<td>13,56 MHz<\/td>\n<\/tr>\n<tr>\n<td><strong>Protokoll<\/strong><\/td>\n<td>ISO14443 Typ A<\/td>\n<\/tr>\n<tr>\n<td><strong>Oberfl\u00e4chenfinish<\/strong><\/td>\n<td>Gl\u00e4nzend Matt \/ Frosted<\/td>\n<\/tr>\n<\/tbody>\n<\/table>\n<p>&nbsp;<\/p>\n<\/div>\n<\/div>\n<h2 style=\"text-align: center;\"><span style=\"color: #000080;\"><em><strong>Produkt\u00fcbersicht<\/strong><\/em><\/span><\/h2>\n<h4><span style=\"color: #008080;\"><strong>Wichtige Eigenschaften der NTAG213- und NTAG215-Karten<\/strong><\/span><\/h4>\n<p>Bei der Auswahl eines\u00a0<strong>NFC-Visitenkarte<\/strong>ist es wichtig, seine Kerneigenschaften zu verstehen. Die\u00a0<strong>NTAG213<\/strong>\u00a0Und\u00a0<strong>NTAG215<\/strong>\u00a0Modelle verf\u00fcgen \u00fcber fortschrittliche\u00a0<strong>RFID<\/strong>\u00a0Technologie, die kontaktlose Kommunikation erm\u00f6glicht. Mit einer Frequenz von\u00a0<strong>13,56 MHz<\/strong>unterst\u00fctzen diese Karten eine Lesereichweite von\u00a0<strong>2-10 cm<\/strong>, wodurch sie benutzerfreundlich und effizient sind.<\/p>\n<h2 style=\"text-align: center;\"><\/h2>\n<h2 style=\"text-align: center;\"><strong><em><span style=\"color: #000080;\">Vorteile<\/span><\/em><\/strong><\/h2>\n<ul>\n<li><strong>Haltbarkeit<\/strong>: Aus Qualit\u00e4t\u00a0<strong>schwarzes PVC<\/strong>, diese Karten sind robust und auf Langlebigkeit ausgelegt. Durch ihre Wetterbest\u00e4ndigkeit sind sie f\u00fcr den t\u00e4glichen Gebrauch geeignet.<\/li>\n<li><strong>Vielseitigkeit<\/strong>: Diese Karten eignen sich perfekt f\u00fcr verschiedene Anwendungen und k\u00f6nnen f\u00fcr Zugangskontrollsysteme, Treueprogramme und den Ticketverkauf bei Veranstaltungen verwendet werden.<\/li>\n<\/ul>\n<hr \/>\n<h2><\/h2>\n<h2 style=\"text-align: center;\"><em><span style=\"color: #000080;\"><strong>Besonderheiten von NFC-Visitenkarten<\/strong><\/span><\/em><\/h2>\n<p>Der\u00a0<strong>Hochwertige NTAG213 NTAG215 PVC NFC Visitenkarte<\/strong> ist mit einzigartigen Funktionen ausgestattet, die auf die Bed\u00fcrfnisse moderner Berufst\u00e4tiger zugeschnitten sind.<\/p>\n<p>&nbsp;<\/p>\n<h2 style=\"text-align: center;\"><em><span style=\"color: #000080;\"><strong>Kommunikationsinterface<\/strong><\/span><\/em><\/h2>\n<p>Die fortgeschrittenen\u00a0<strong>Kommunikationsschnittstelle<\/strong>\u00a0bereitgestellt von\u00a0<strong>RFID<\/strong>\u00a0Die Technologie sorgt f\u00fcr einen reibungslosen und effektiven Datentransfer und erm\u00f6glicht sofortige Verbindungen. Die in diesen Karten verwendeten NTAG-Chips sind auf Geschwindigkeit und Zuverl\u00e4ssigkeit ausgelegt.<\/p>\n<ul>\n<li><strong>NTAG213<\/strong>: Ideal f\u00fcr Standardanforderungen zur Datenspeicherung, bietet eine Speichergr\u00f6\u00dfe von ca. 144 Byte.<\/li>\n<li><strong>NTAG215<\/strong>: Bietet erh\u00f6hte Speicherkapazit\u00e4t, ideal f\u00fcr Benutzer, die zus\u00e4tzliche Informationen oder Links speichern m\u00f6chten.<\/li>\n<\/ul>\n<hr \/>\n<h2><\/h2>\n<h2 style=\"text-align: center;\"><em><span style=\"color: #000080;\"><strong>Branchenspezifische Anwendungen<\/strong><\/span><\/em><\/h2>\n<p>NTAG213- und NTAG215-NFC-Visitenkarten sind in verschiedenen Branchen besonders n\u00fctzlich.<\/p>\n<p>&nbsp;<\/p>\n<h2 style=\"text-align: center;\"><em><span style=\"color: #000080;\"><strong>Unternehmensnetzwerke<\/strong><\/span><\/em><\/h2>\n<p>Im Unternehmenssektor ist effizientes Networking von entscheidender Bedeutung. Durch den Austausch von NFC-Visitenkarten k\u00f6nnen Fachleute ihre Profile schnell teilen. Anstatt Informationen abzuschreiben, k\u00f6nnen die Empf\u00e4nger einfach auf ihr Smartphone tippen, um wichtige Details sofort abzurufen.<\/p>\n<p>&nbsp;<\/p>\n<h2 style=\"text-align: center;\"><span style=\"color: #000080;\"><em><strong>Marketing und Branding<\/strong><\/em><\/span><\/h2>\n<p><strong><span style=\"color: #666699;\">Unternehmen k\u00f6nnen diese Karten als Marketinginstrument nutzen, indem sie Links zu ihren Websites oder Sonderaktionen einbetten. So dienen sie nicht nur als Identifikationsmittel, sondern f\u00f6rdern auch die Marke und steigern die Bekanntheit bei jeder Interaktion.<\/span><\/strong><\/p>\n<ul>\n<li><strong>Treueprogramme<\/strong>: Steigern Sie die Kundenbindung, indem Sie Treuerabatte in NFC-Karten integrieren, die Verbraucher an der Kasse vorzeigen k\u00f6nnen.<\/li>\n<li><strong>Veranstaltungsmanagement<\/strong>: Optimieren Sie den Zugang zu Veranstaltungen und Konferenzen, indem Sie diese Karten zum einfachen Einchecken der Registranten verwenden.<\/li>\n<\/ul>","protected":false},"excerpt":{"rendered":"<p>Entdecken Sie die hochwertigen NTAG213\/215 PVC NFC-Visitenkarten f\u00fcr nahtloses Networking. Wasserdicht und vielseitig einsetzbar verbessern sie m\u00fchelos Ihr professionelles Image.<\/p>","protected":false},"featured_media":3509,"template":"","meta":[],"product_brand":[],"product_cat":[46],"product_tag":[],"class_list":{"0":"post-3505","1":"product","2":"type-product","3":"status-publish","4":"has-post-thumbnail","6":"product_cat-nfc-cards","8":"first","9":"instock","10":"shipping-taxable","11":"product-type-simple"},"_links":{"self":[{"href":"https:\/\/nfc-readers.com\/de\/wp-json\/wp\/v2\/product\/3505","targetHints":{"allow":["GET"]}}],"collection":[{"href":"https:\/\/nfc-readers.com\/de\/wp-json\/wp\/v2\/product"}],"about":[{"href":"https:\/\/nfc-readers.com\/de\/wp-json\/wp\/v2\/types\/product"}],"wp:featuredmedia":[{"embeddable":true,"href":"https:\/\/nfc-readers.com\/de\/wp-json\/wp\/v2\/media\/3509"}],"wp:attachment":[{"href":"https:\/\/nfc-readers.com\/de\/wp-json\/wp\/v2\/media?parent=3505"}],"wp:term":[{"taxonomy":"product_brand","embeddable":true,"href":"https:\/\/nfc-readers.com\/de\/wp-json\/wp\/v2\/product_brand?post=3505"},{"taxonomy":"product_cat","embeddable":true,"href":"https:\/\/nfc-readers.com\/de\/wp-json\/wp\/v2\/product_cat?post=3505"},{"taxonomy":"product_tag","embeddable":true,"href":"https:\/\/nfc-readers.com\/de\/wp-json\/wp\/v2\/product_tag?post=3505"}],"curies":[{"name":"wp","href":"https:\/\/api.w.org\/{rel}","templated":true}]}}