{"id":3515,"date":"2024-11-06T08:47:18","date_gmt":"2024-11-06T08:47:18","guid":{"rendered":"https:\/\/nfc-readers.com\/?post_type=product&#038;p=3515"},"modified":"2024-11-06T14:47:51","modified_gmt":"2024-11-06T14:47:51","slug":"custom-etched-copper-antenna-hf-nfc-inlay","status":"publish","type":"product","link":"https:\/\/nfc-readers.com\/de\/ic-reader\/custom-etched-copper-antenna-hf-nfc-inlay\/","title":{"rendered":"Ge\u00e4tzte Kupferantenne der NTAG-Serie, HF-NFC-Inlay"},"content":{"rendered":"<h1 style=\"text-align: center;\">Ge\u00e4tzte Kupferantenne der NTAG-Serie, HF-NFC-Inlay<\/h1>\n<p>&nbsp;<\/p>\n<p>Der <strong>Ge\u00e4tzte Kupferantenne der NTAG-Serie, HF-NFC-Inlay\u00a0<\/strong>bietet eine innovative L\u00f6sung in der Welt der NFC-Technologie (Near Field Communication). Mit seinem hochmodernen Design und seiner hohen Leistung sticht dieses Produkt in einem Markt hervor, in dem Effizienz, Vielseitigkeit und Nachhaltigkeit immer mehr an Bedeutung gewinnen. Ganz gleich, ob Sie Ihre Gesch\u00e4ftsm\u00f6glichkeiten erweitern oder Ihrer Produktlinie eine einzigartige Funktion hinzuf\u00fcgen m\u00f6chten, diese NFC-Tags bieten beispiellose Vorteile, die sie zu einer \u00dcberlegung wert machen.<\/p>\n<p>&nbsp;<\/p>\n<h3>Warum Sie sich f\u00fcr das individuell ge\u00e4tzte Kupferantennen-HF-NFC-Inlay entscheiden sollten<\/h3>\n<p>Eingliederung\u00a0<strong>NFC-Technologie<\/strong>\u00a0in Ihre Anwendungen erm\u00f6glicht einen nahtlosen Datenaustausch und verbessert die Benutzerfreundlichkeit. Die\u00a0<strong>Kundenspezifisch ge\u00e4tzte Kupferantenne HF NFC Inlay<\/strong>\u00a0bietet eine zuverl\u00e4ssige Kommunikationsschnittstelle auf einer Frequenz von\u00a0<strong>13,56 MHz<\/strong>, wodurch es mit verschiedenen NFC-f\u00e4higen Ger\u00e4ten kompatibel ist. Dieses NFC-Tag ist nicht nur funktional; es besteht aus hochwertigen Materialien wie\u00a0<strong>HAUSTIER<\/strong>, was Langlebigkeit und Belastbarkeit gew\u00e4hrleistet.<\/p>\n<p>Ob im Marketing, bei intelligenten Verpackungen oder f\u00fcr interaktive Anwendungen \u2013 die Vorteile liegen auf der Hand:<\/p>\n<ul>\n<li><strong>Verbesserte Kommunikation<\/strong>: Erm\u00f6glicht den sofortigen Datentransfer zwischen Ger\u00e4ten und optimiert so die Abl\u00e4ufe in verschiedenen Branchen.<\/li>\n<li><strong>Vielseitigkeit<\/strong>: Individuelle Gr\u00f6\u00dfen und Designs stellen sicher, dass die NFC-Inlays in vielf\u00e4ltige Anwendungen passen, von Marketingmaterialien bis hin zur Produktverpackung.<\/li>\n<li><strong>Haltbarkeit<\/strong>: Wasserdichte und wetterfeste Eigenschaften verbessern die Leistung und machen sie sowohl f\u00fcr den Innen- als auch f\u00fcr den Au\u00dfenbereich geeignet.<\/li>\n<li><strong>Hohe Speicherkapazit\u00e4t<\/strong>: Mit\u00a0<strong>416 Bytes<\/strong>\u00a0beschreibbaren Speichers erm\u00f6glicht es eine effiziente Datenspeicherung und -abfrage.<\/li>\n<\/ul>\n<p>&nbsp;<\/p>\n<h3>Hauptmerkmale des individuell ge\u00e4tzten Kupferantennen-HF-NFC-Inlays<\/h3>\n<p>Der\u00a0<strong>Kundenspezifisch ge\u00e4tzte Kupferantenne HF NFC Inlay<\/strong>\u00a0ist mit einer Reihe von Funktionen ausgestattet, die f\u00fcr verschiedene Anwendungen geeignet sind.<\/p>\n<h3>Erweiterte Kommunikation<\/h3>\n<p>Dieser NFC-Tag verwendet eine\u00a0<strong>Kommunikationsschnittstelle<\/strong>\u00a0das nahtlos mit\u00a0<strong>NFC-f\u00e4hige Ger\u00e4te<\/strong>. Benutzer k\u00f6nnen einfach auf ihre\u00a0<strong>NFC-Leseger\u00e4t<\/strong>\u00a0oder\u00a0<strong>Smartphone<\/strong>\u00a0gegen das Inlay, um sofortige Verbindungen und Daten\u00fcbertragungen zu erreichen.<\/p>\n<h3>Anpassbare Gr\u00f6\u00dfenoptionen<\/h3>\n<p>Unsere NFC-Inlays haben eine Standardgr\u00f6\u00dfe von\u00a0<strong>Durchmesser 30 mm<\/strong>mit Optionen f\u00fcr\u00a0<strong>individuelle Gr\u00f6\u00dfen<\/strong>\u00a0um Ihren individuellen Anforderungen gerecht zu werden. Egal, ob Sie ein kleineres Etikett f\u00fcr ein bestimmtes Produkt oder ein gr\u00f6\u00dferes f\u00fcr Marketingdisplays ben\u00f6tigen, wir haben das Richtige f\u00fcr Sie.<\/p>\n<h3>Wasserdicht und wetterfest<\/h3>\n<p>Nicht alle NFC-Tags sind gleich. Unsere bieten\u00a0<strong>wasserdicht und wetterfest<\/strong>. Das bedeutet, dass Sie sie im Freien verwenden k\u00f6nnen, ohne sich Gedanken \u00fcber ihre Haltbarkeit oder Leistung machen zu m\u00fcssen, was sie ideal f\u00fcr Veranstaltungen, Marketingkampagnen und Produkte macht, die den Elementen ausgesetzt sind.<\/p>\n<p>&nbsp;<\/p>\n<h2>Technische Daten des NFC-Inlays<\/h2>\n<table class=\"w-fit !mb-0 !max-w-none\" style=\"height: 311px;\" width=\"449\">\n<thead>\n<tr>\n<th><strong>Spezifikation<\/strong><\/th>\n<th><strong>Details<\/strong><\/th>\n<\/tr>\n<\/thead>\n<tbody>\n<tr>\n<td><strong>Typ<\/strong><\/td>\n<td>NFC Forum Typ 4<\/td>\n<\/tr>\n<tr>\n<td><strong>Material<\/strong><\/td>\n<td>HAUSTIER<\/td>\n<\/tr>\n<tr>\n<td><strong>Gr\u00f6\u00dfe<\/strong><\/td>\n<td>Durchmesser 30 mm\/Sondergr\u00f6\u00dfe<\/td>\n<\/tr>\n<tr>\n<td><strong>Speicherkapazit\u00e4t<\/strong><\/td>\n<td>416 Bytes<\/td>\n<\/tr>\n<tr>\n<td><strong>Chip<\/strong><\/td>\n<td>NTAG-Serie<\/td>\n<\/tr>\n<tr>\n<td><strong>Frequenz<\/strong><\/td>\n<td>13,56 MHz<\/td>\n<\/tr>\n<tr>\n<td><strong>Ausdauer schreiben<\/strong><\/td>\n<td>100.000 Mal<\/td>\n<\/tr>\n<tr>\n<td><strong>Drucken<\/strong><\/td>\n<td>CMYK-Offsetdruck<\/td>\n<\/tr>\n<tr>\n<td><strong>Verpackung<\/strong><\/td>\n<td>200 St\u00fcck\/wei\u00dfe Innenschachtel, 25 Schachteln\/Karton<\/td>\n<\/tr>\n<tr>\n<td><strong>Hafen<\/strong><\/td>\n<td>Shenzhen<\/td>\n<\/tr>\n<tr>\n<td><strong>Einzelbruttogewicht<\/strong><\/td>\n<td>0,010 kg<\/td>\n<\/tr>\n<\/tbody>\n<\/table>\n<p>&nbsp;<\/p>\n<p>&nbsp;<\/p>\n<h3>H\u00e4ufig gestellte Fragen (FAQs)<\/h3>\n<h2>1. Was ist das individuell ge\u00e4tzte HF-NFC-Inlay aus Kupferantenne?<\/h2>\n<p>Der\u00a0<strong>Kundenspezifisch ge\u00e4tzte Kupferantenne HF NFC Inlay<\/strong>\u00a0ist ein Hochfrequenz-NFC-Tag, der f\u00fcr effizienten Datenaustausch und nahtlose Kommunikation mit NFC-f\u00e4higen Ger\u00e4ten entwickelt wurde. Es nutzt fortschrittliche Technologie f\u00fcr Langlebigkeit und Vielseitigkeit in verschiedenen Anwendungen, darunter Marketing, intelligente Verpackung und Produktinteraktionen.<\/p>\n<h2>2. Wie funktioniert die NFC-Technologie?<\/h2>\n<p>Die NFC-Technologie (Near Field Communication) erm\u00f6glicht die drahtlose Daten\u00fcbertragung zwischen Ger\u00e4ten \u00fcber kurze Distanzen. Wenn ein NFC-f\u00e4higes Ger\u00e4t, beispielsweise ein Smartphone oder ein Leseger\u00e4t, in die N\u00e4he des NFC-Tags kommt, werden Daten \u00fcber Funkfrequenzkommunikation ausgetauscht, sodass Benutzer schnell auf Informationen zugreifen oder Anwendungen starten k\u00f6nnen.<\/p>\n<h2>3. Wie hoch sind die Speicherkapazit\u00e4t und Schreibbest\u00e4ndigkeit des NFC-Inlays?<\/h2>\n<p>Der\u00a0<strong>Kundenspezifisch ge\u00e4tzte Kupferantenne HF NFC Inlay<\/strong>\u00a0verf\u00fcgt \u00fcber eine Speicherkapazit\u00e4t von\u00a0<strong>416 Bytes<\/strong>\u00a0und unterst\u00fctzt bis zu\u00a0<strong>100.000 Schreibzyklen<\/strong>. Dies erm\u00f6glicht eine umfangreiche Datenspeicherung und die M\u00f6glichkeit, Informationen nach Bedarf zu aktualisieren.<\/p>\n<h2>4. Ist das individuell ge\u00e4tzte Kupferantennen-HF-NFC-Inlay wasserdicht und wetterfest?<\/h2>\n<p>Ja, eines der herausragenden Merkmale unseres NFC-Inlays ist seine\u00a0<strong>wasserdicht und wetterfest<\/strong>. Dadurch wird sichergestellt, dass das Etikett Witterungseinfl\u00fcssen standh\u00e4lt und sich sowohl f\u00fcr den Innen- als auch f\u00fcr den Au\u00dfenbereich eignet.<\/p>","protected":false},"excerpt":{"rendered":"<p>Das individuell ge\u00e4tzte Kupferantennen-HF-NFC-Inlay ist eine vielseitige und langlebige NFC-L\u00f6sung f\u00fcr nahtlose Daten\u00fcbertragung und innovative Anwendungen. Durch sein wasserdichtes Design und die anpassbaren Optionen ist es ideal f\u00fcr verschiedene Branchen und verbessert die Benutzereinbindung und Betriebseffizienz.<\/p>","protected":false},"featured_media":3516,"template":"","meta":[],"product_brand":[],"product_cat":[48],"product_tag":[],"class_list":{"0":"post-3515","1":"product","2":"type-product","3":"status-publish","4":"has-post-thumbnail","6":"product_cat-nfc-stickers","8":"first","9":"instock","10":"shipping-taxable","11":"product-type-simple"},"_links":{"self":[{"href":"https:\/\/nfc-readers.com\/de\/wp-json\/wp\/v2\/product\/3515","targetHints":{"allow":["GET"]}}],"collection":[{"href":"https:\/\/nfc-readers.com\/de\/wp-json\/wp\/v2\/product"}],"about":[{"href":"https:\/\/nfc-readers.com\/de\/wp-json\/wp\/v2\/types\/product"}],"wp:featuredmedia":[{"embeddable":true,"href":"https:\/\/nfc-readers.com\/de\/wp-json\/wp\/v2\/media\/3516"}],"wp:attachment":[{"href":"https:\/\/nfc-readers.com\/de\/wp-json\/wp\/v2\/media?parent=3515"}],"wp:term":[{"taxonomy":"product_brand","embeddable":true,"href":"https:\/\/nfc-readers.com\/de\/wp-json\/wp\/v2\/product_brand?post=3515"},{"taxonomy":"product_cat","embeddable":true,"href":"https:\/\/nfc-readers.com\/de\/wp-json\/wp\/v2\/product_cat?post=3515"},{"taxonomy":"product_tag","embeddable":true,"href":"https:\/\/nfc-readers.com\/de\/wp-json\/wp\/v2\/product_tag?post=3515"}],"curies":[{"name":"wp","href":"https:\/\/api.w.org\/{rel}","templated":true}]}}