{"id":3530,"date":"2024-11-06T09:00:03","date_gmt":"2024-11-06T09:00:03","guid":{"rendered":"https:\/\/nfc-readers.com\/?post_type=product&#038;p=3530"},"modified":"2024-11-06T09:00:03","modified_gmt":"2024-11-06T09:00:03","slug":"iso14443a-high-security-anti-fake-ntag-424-nfc-sticker","status":"publish","type":"product","link":"https:\/\/nfc-readers.com\/de\/ic-reader\/iso14443a-high-security-anti-fake-ntag-424-nfc-sticker\/","title":{"rendered":"ISO14443A Hochsicherer Anti-Fake NTAG 424 NFC-Aufkleber"},"content":{"rendered":"<h1 style=\"text-align: center;\"><strong>ISO14443A Hochsicherer Anti-Fake NTAG 424 NFC-Aufkleber<\/strong><\/h1>\n<p>&nbsp;<\/p>\n<p>Der <strong>NTAG 424 DNA NFC Tag<\/strong>\u00a0ist eine hochmoderne L\u00f6sung f\u00fcr verbesserte F\u00e4lschungsschutzanwendungen. Dieser NFC-Aufkleber nutzt das ISO 14443A-Protokoll und verf\u00fcgt \u00fcber erweiterte Sicherheitsfunktionen. Er ist f\u00fcr Marken, die ihr geistiges Eigentum sch\u00fctzen und das Vertrauen ihrer Kunden st\u00e4rken m\u00f6chten, von entscheidender Bedeutung. Mit seinen leistungsstarken Funktionen, seinem benutzerfreundlichen Design und seinen vielseitigen Anwendungen ist der NTAG 424 DNA NFC-Aufkleber nicht nur ein Produkt \u2013 er ist ein sicheres Tor in eine intelligentere Zukunft.<\/p>\n<p>&nbsp;<\/p>\n<h3>Einf\u00fchrung zum NTAG 424 DNA NFC-Aufkleber<\/h3>\n<p>Der\u00a0<strong>NTAG 424 DNA NFC Tag<\/strong>\u00a0repr\u00e4sentiert die Spitze der NFC-Technologie und konzentriert sich auf die Maximierung der Sicherheit f\u00fcr verschiedene Anwendungen, insbesondere im Bereich der Produktauthentifizierung. Dieser NFC-Aufkleber integriert erweiterte Funktionen des NTAG424-DNA-Chips, der eine sichere Kommunikation erm\u00f6glicht und einen hervorragenden Schutz vor F\u00e4lschungen bietet. Mit Abmessungen von\u00a0<strong>25 mm<\/strong>\u00a0Durchmesser und\u00a0<strong>45mm x 30mm<\/strong>\u00a0F\u00fcr rechteckige Optionen ist dieses Produkt auf Marken zugeschnitten, die Wert auf Effektivit\u00e4t legen, ohne Kompromisse bei der \u00c4sthetik einzugehen.<\/p>\n<p>&nbsp;<\/p>\n<h3>Hauptmerkmale des NTAG 424 NFC-Tags<\/h3>\n<p>Der NTAG 424 DNA NFC-Tag verf\u00fcgt \u00fcber mehrere Sonderfunktionen zur Verbesserung der Funktionalit\u00e4t und Sicherheit:<\/p>\n<ul>\n<li><strong>Protokollkonformit\u00e4t<\/strong>: Das Tag arbeitet auf der\u00a0<strong>ISO 14443A<\/strong>\u00a0Protokoll und gew\u00e4hrleistet so die Kompatibilit\u00e4t mit einer breiten Palette NFC-f\u00e4higer Ger\u00e4te.<\/li>\n<li><strong>Hohe Kommunikationsfrequenz<\/strong>: Mit einer Frequenz von\u00a0<strong>13,56 MHz<\/strong>bieten diese Aufkleber optimale Kommunikationsm\u00f6glichkeiten f\u00fcr einen zuverl\u00e4ssigen Datenaustausch.<\/li>\n<li><strong>Anpassbare Optionen<\/strong>: Benutzer k\u00f6nnen aus verschiedenen Gr\u00f6\u00dfen und Druckoptionen w\u00e4hlen, darunter\u00a0<strong>CMYK-Vollfarbdruck<\/strong>,\u00a0<strong>Offsetdruck<\/strong>, Und\u00a0<strong>Siebdruck<\/strong>, was einzigartige Branding-M\u00f6glichkeiten erm\u00f6glicht.<\/li>\n<\/ul>\n<p>Der NTAG 424 DNA unterst\u00fctzt zudem verschl\u00fcsselte Kommunikation und eignet sich daher ideal f\u00fcr sensible Anwendungen wie Zahlungssysteme und sichere Authentifizierung.<\/p>\n<p>&nbsp;<\/p>\n<h3>Vorteile von NFC-Stickern f\u00fcr den Markenschutz<\/h3>\n<p>Investieren in\u00a0<strong>NFC-Technologie<\/strong>\u00a0wie der NTAG 424 DNA-Aufkleber bietet zahlreiche Vorteile:<\/p>\n<ul>\n<li><strong>Verbesserte Sicherheit<\/strong>: Dank seiner Hochsicherheitsfunktionen bietet das NFC-Tag Marken die Gewissheit, dass ihre Produkte vor F\u00e4lschungen gesch\u00fctzt sind.<\/li>\n<li><strong>Erh\u00f6htes Verbrauchervertrauen<\/strong>: Verbrauchern eine einfache M\u00f6glichkeit bieten, die Echtheit von Produkten \u00fcber ihre\u00a0<strong>NFC-f\u00e4hige Smartphones<\/strong>\u00a0kann die Markentreue und das Vertrauen st\u00e4rken.<\/li>\n<li><strong>Kosteneffizienz<\/strong>: Im Vergleich zu herk\u00f6mmlichen Sicherheitsma\u00dfnahmen stellen NFC-Tags oft eine kosteng\u00fcnstigere L\u00f6sung zum Schutz von Produkten dar.<\/li>\n<\/ul>\n<p>&nbsp;<\/p>\n<h3>Technische Daten von NTAG 424 DNA<\/h3>\n<table class=\"w-fit !mb-0 !max-w-none\">\n<thead>\n<tr>\n<th>Spezifikation<\/th>\n<th>Details<\/th>\n<\/tr>\n<\/thead>\n<tbody>\n<tr>\n<td><strong>Chip<\/strong><\/td>\n<td>NTAG424 DNA<\/td>\n<\/tr>\n<tr>\n<td><strong>Frequenz<\/strong><\/td>\n<td>13,56 MHz<\/td>\n<\/tr>\n<tr>\n<td><strong>Kommunikationsinterface<\/strong><\/td>\n<td>NFC, RFID<\/td>\n<\/tr>\n<tr>\n<td><strong>Leseabstand<\/strong><\/td>\n<td>1-10 cm<\/td>\n<\/tr>\n<tr>\n<td><strong>Material<\/strong><\/td>\n<td>Beschichtetes Papier, PET<\/td>\n<\/tr>\n<tr>\n<td><strong>Gr\u00f6\u00dfenoptionen<\/strong><\/td>\n<td>Durchmesser: 25 mm, Rechteck: 45 mm x 30 mm oder individuell<\/td>\n<\/tr>\n<tr>\n<td><strong>Verpackungsgr\u00f6\u00dfe<\/strong><\/td>\n<td>0,3 x 0,3 x 0,02 cm<\/td>\n<\/tr>\n<tr>\n<td><strong>Bruttogewicht<\/strong><\/td>\n<td>0,001 kg<\/td>\n<\/tr>\n<\/tbody>\n<\/table>\n<p>&nbsp;<\/p>\n<h3>H\u00e4ufig gestellte Fragen (FAQs)<\/h3>\n<h4>1.\u00a0<strong>Was ist der NTAG 424 DNA NFC-Tag und wie funktioniert er?<\/strong><\/h4>\n<p>Der NTAG 424 DNA NFC-Tag ist ein hochsicherer NFC-Aufkleber, mit dem Benutzer Produkte mit ihren NFC-f\u00e4higen Smartphones authentifizieren k\u00f6nnen. Er arbeitet mit dem ISO 14443A-Protokoll auf einer Frequenz von 13,56 MHz und erm\u00f6glicht so eine sichere Kommunikation und Daten\u00fcbertragung zwischen dem Tag und kompatiblen Ger\u00e4ten.<\/p>\n<h4>2.\u00a0<strong>Was sind die Hauptmerkmale des NTAG 424 DNA?<\/strong><\/h4>\n<p>Zu den Hauptmerkmalen geh\u00f6ren:<\/p>\n<ul>\n<li>Dynamische Authentifizierung f\u00fcr mehr Sicherheit.<\/li>\n<li>Manipulationsschutztechnologie zur Verhinderung unbefugten Zugriffs.<\/li>\n<li>Anpassbare Gr\u00f6\u00dfen und Druckoptionen f\u00fcr das Branding.<\/li>\n<li>Leseabstand von 1-10 cm, geeignet f\u00fcr verschiedene Anwendungen.<\/li>\n<\/ul>\n<h4>3.\u00a0<strong>Wie kann ich den NTAG 424 DNA NFC-Tag verwenden?<\/strong><\/h4>\n<p>Der NFC-Tag kann verwendet werden f\u00fcr:<\/p>\n<ul>\n<li>Produktauthentifizierung zur \u00dcberpr\u00fcfung der Rechtm\u00e4\u00dfigkeit von Artikeln.<\/li>\n<li>Bereitstellung einer sicheren und leicht lesbaren Zugangsmethode f\u00fcr Veranstaltungstickets.<\/li>\n<li>Intelligente Verpackung zur Steigerung der Kundenbindung durch Produktinformationen und Werbeinhalte.<\/li>\n<\/ul>\n<h4>4.\u00a0<strong>Welche Materialien werden im NTAG 424 DNA NFC-Tag verwendet?<\/strong><\/h4>\n<p>Der NTAG 424 DNA NFC-Tag besteht haupts\u00e4chlich aus beschichtetem Papier und PET und bietet Haltbarkeit und Flexibilit\u00e4t f\u00fcr verschiedene Anwendungen.<\/p>","protected":false},"excerpt":{"rendered":"<p>Der\u00a0<strong>ISO14443A Hochsicherer Anti-Fake NTAG 424 NFC-Aufkleber<\/strong>\u00a0ist eine hochmoderne L\u00f6sung f\u00fcr die sichere Produktauthentifizierung und zum Schutz vor Produktf\u00e4lschungen. Mit erweiterten Verschl\u00fcsselungs- und dynamischen Authentifizierungsfunktionen erm\u00f6glicht dieser NFC-Aufkleber Marken, ihre Produkte zu sch\u00fctzen und das Vertrauen der Verbraucher m\u00fchelos zu st\u00e4rken.<\/p>","protected":false},"featured_media":3531,"template":"","meta":[],"product_brand":[],"product_cat":[48],"product_tag":[],"class_list":{"0":"post-3530","1":"product","2":"type-product","3":"status-publish","4":"has-post-thumbnail","6":"product_cat-nfc-stickers","8":"first","9":"instock","10":"shipping-taxable","11":"product-type-simple"},"_links":{"self":[{"href":"https:\/\/nfc-readers.com\/de\/wp-json\/wp\/v2\/product\/3530","targetHints":{"allow":["GET"]}}],"collection":[{"href":"https:\/\/nfc-readers.com\/de\/wp-json\/wp\/v2\/product"}],"about":[{"href":"https:\/\/nfc-readers.com\/de\/wp-json\/wp\/v2\/types\/product"}],"wp:featuredmedia":[{"embeddable":true,"href":"https:\/\/nfc-readers.com\/de\/wp-json\/wp\/v2\/media\/3531"}],"wp:attachment":[{"href":"https:\/\/nfc-readers.com\/de\/wp-json\/wp\/v2\/media?parent=3530"}],"wp:term":[{"taxonomy":"product_brand","embeddable":true,"href":"https:\/\/nfc-readers.com\/de\/wp-json\/wp\/v2\/product_brand?post=3530"},{"taxonomy":"product_cat","embeddable":true,"href":"https:\/\/nfc-readers.com\/de\/wp-json\/wp\/v2\/product_cat?post=3530"},{"taxonomy":"product_tag","embeddable":true,"href":"https:\/\/nfc-readers.com\/de\/wp-json\/wp\/v2\/product_tag?post=3530"}],"curies":[{"name":"wp","href":"https:\/\/api.w.org\/{rel}","templated":true}]}}