{"id":3537,"date":"2024-11-06T10:55:59","date_gmt":"2024-11-06T10:55:59","guid":{"rendered":"https:\/\/nfc-readers.com\/?post_type=product&#038;p=3537"},"modified":"2024-11-06T10:56:00","modified_gmt":"2024-11-06T10:56:00","slug":"customize-replicable-uid-iso14443a-rfid-card-for-attendance","status":"publish","type":"product","link":"https:\/\/nfc-readers.com\/de\/ic-reader\/customize-replicable-uid-iso14443a-rfid-card-for-attendance\/","title":{"rendered":"Passen Sie die replizierbare UID ISO14443A-RFID-Karte f\u00fcr die Anwesenheit an"},"content":{"rendered":"<h1 style=\"text-align: center;\"><span style=\"color: #000080;\"><strong>Passen Sie die replizierbare UID ISO14443A-RFID-Karte f\u00fcr die Anwesenheit an<\/strong><\/span><\/h1>\n<p><span style=\"color: #666699;\"><strong>Die anpassbare, replizierbare UID ISO14443A RFID-Karte f\u00fcr die Anwesenheit revolutioniert die Art und Weise, wie Organisationen Anwesenheit und Zugangskontrolle verwalten. Diese Karten sind auf Vielseitigkeit und Zuverl\u00e4ssigkeit ausgelegt und bieten eine nahtlose Erfahrung bei der Anwesenheitsverfolgung, Verbesserung der Sicherheit und Vereinfachung des Arbeitsablaufs in verschiedenen Anwendungen. Mit robusten Funktionen und einem benutzerfreundlichen Design ist diese RFID-Karte ein Muss f\u00fcr Unternehmen, die Effizienz und Sicherheit suchen.<\/strong><\/span><\/p>\n<p><span style=\"color: #666699;\"><strong>Produktvorteile und Kaufargumente \u2013 Nahtlose Anwesenheitsverfolgung: Die UID ISO14443A RFID-Karte vereinfacht den Anwesenheitsprozess. Benutzer k\u00f6nnen ihre Karten schnell an ein Leseger\u00e4t halten und so ihre Anwesenheit sofort protokollieren, ohne dass manuelle Check-ins erforderlich sind.<\/strong><\/span><\/p>\n<ul>\n<li><strong>Anpassbare Optionen<\/strong>: Passen Sie das Design und die Funktionalit\u00e4t dieser RFID-Karten an die spezifischen Anforderungen Ihrer Organisation an. Ob f\u00fcr ein Unternehmensumfeld, eine Schule oder eine Veranstaltung \u2013 durch die Anpassung wird sichergestellt, dass jede Karte individuell f\u00fcr ihren Zweck geeignet ist.<\/li>\n<li><strong>Zuverl\u00e4ssigkeit und Haltbarkeit<\/strong>: Diese Karten werden aus hochwertigem PVC\/PET-Material hergestellt und sind f\u00fcr den t\u00e4glichen Gebrauch konzipiert. Ihre wasser- und wetterfesten Eigenschaften gew\u00e4hrleisten Langlebigkeit und Zuverl\u00e4ssigkeit, was f\u00fcr jedes Zugangskontrollsystem unerl\u00e4sslich ist.<\/li>\n<li><strong>Kosteng\u00fcnstige L\u00f6sung<\/strong>: Durch die Investition in diese RFID-Karten wird der Zeit- und Ressourcenaufwand f\u00fcr manuelle Anwesenheitssysteme reduziert. Dar\u00fcber hinaus halten sie aufgrund ihrer geringen Anschaffungskosten und hohen Haltbarkeit l\u00e4nger als herk\u00f6mmliche Papiersysteme.<\/li>\n<\/ul>\n<p>&nbsp;<\/p>\n<p>&nbsp;<\/p>\n<h2 style=\"text-align: center;\"><span style=\"color: #000080;\"><em><strong>\u00dcbersicht \u00fcber MIFARE-Produkte<\/strong><\/em><\/span><\/h2>\n<p><strong>Die von NXP Semiconductors entwickelte MIFARE-Technologie ist eine f\u00fchrende L\u00f6sung f\u00fcr kontaktlose Chipkarten und RFID-Anwendungen. <\/strong><\/p>\n<p><span style=\"color: #008080;\"><strong>Der MIFARE Classic1K, der in unseren kundenspezifischen UID-Karten enthalten ist, zeichnet sich besonders durch seine Zuverl\u00e4ssigkeit bei Zugangskontrollen und sicheren Identifikationssystemen aus. Diese Chipkarte funktioniert reibungslos mit verschiedenen Leseger\u00e4ten und ist damit ein Industriestandard.<\/strong><\/span><\/p>\n<p>&nbsp;<\/p>\n<p>&nbsp;<\/p>\n<h2 style=\"text-align: center;\"><em><span style=\"color: #000080;\"><strong>Hauptmerkmale der anpassbaren UID-RFID-Karte<\/strong><\/span><\/em><\/h2>\n<h4>Der\u00a0<strong>Anpassbare replizierbare UID ISO14443A RFID-Karte f\u00fcr die Anwesenheit<\/strong>\u00a0verf\u00fcgt \u00fcber hochmoderne Funktionen:<\/h4>\n<ul>\n<li><strong>Wasserdicht und wetterfest<\/strong>: Diese Karten halten rauen Umgebungen stand und gew\u00e4hrleisten eine kontinuierliche Leistung.<\/li>\n<li><strong>Einfache Anpassung<\/strong>: W\u00e4hlen Sie aus verschiedenen Druckoptionen wie\u00a0<strong>CMYK4C-Druck<\/strong>, Offsetdruck, Siebdruck, Lasercodierung und UV-Tinte, sodass Unternehmen jede Karte effizient personalisieren k\u00f6nnen.<\/li>\n<li><strong>Kommunikationsinterface<\/strong>: Die Karten nutzen RFID- und NFC-Technologie und erm\u00f6glichen eine schnelle Kommunikation mit Leseger\u00e4ten auf einer Frequenz von 13,56 MHz.<\/li>\n<\/ul>\n<p>&nbsp;<\/p>\n<p>&nbsp;<\/p>\n<h2 style=\"text-align: center;\"><em><span style=\"color: #000080;\"><strong>Technische Spezifikationen<\/strong><\/span><\/em><\/h2>\n<p style=\"text-align: left;\">\n|\u00a0<strong>Chip-Modell<\/strong>\u00a0| MIFARE Classic1K |<br \/>\n|\u00a0<strong>Leseabstand<\/strong> |2-10 cm |<br \/>\n|\u00a0<strong>Gr\u00f6\u00dfe<\/strong>\u00a0|85,5 x 54 mm |<br \/>\n|\u00a0<strong>Material<\/strong>\u00a0| PVC\/PET |<br \/>\n|\u00a0<strong>Besondere Merkmale<\/strong>\u00a0| Wasserfest, wetterfest |<br \/>\n|\u00a0<strong>Herkunftsort<\/strong>\u00a0| Guangdong, China |<br \/>\n|\u00a0<strong>Handwerk<\/strong>\u00a0| Lasercode, UV-Tinte, Seriennummer, Pr\u00e4gung, Thermodruck |<br \/>\n|\u00a0<strong>Verkaufseinheiten<\/strong>\u00a0| Einzelst\u00fcck |<br \/>\n|\u00a0<strong>Verpackungsgr\u00f6\u00dfe<\/strong>\u00a0|8,55 x5,4 x0,08 cm |<br \/>\n|\u00a0<strong>Gewicht<\/strong>\u00a0|0,006 kg |<\/p>\n<p>&nbsp;<\/p>\n<p>&nbsp;<\/p>\n<h3 style=\"text-align: center;\"><span style=\"color: #000080;\"><em><strong>Anwendungen von RFID-Karten<\/strong><\/em><\/span><\/h3>\n<h4>Der\u00a0<strong>Anpassbare replizierbare UID ISO14443A RFID-Karte f\u00fcr die Anwesenheit<\/strong>\u00a0kann in verschiedenen Bereichen eingesetzt werden, darunter:<\/h4>\n<ul>\n<li><strong>Zugriffskontrolle<\/strong>: Diese Karten sind ideal f\u00fcr die Zutrittskontrolle zu sicheren Bereichen und stellen sicher, dass nur autorisiertes Personal Zutritt erh\u00e4lt.<\/li>\n<li><strong>Anwesenheitsverfolgung<\/strong>: Perfekt f\u00fcr Schulen und Firmenb\u00fcros, in denen die Anwesenheitserfassung unerl\u00e4sslich ist. Die Schnelltippfunktion reduziert den Zeitaufwand f\u00fcr manuelle Protokolle erheblich.<\/li>\n<li><strong>\u00d6ffentliche Verkehrsmittel<\/strong>: Verbessern Sie den Benutzerkomfort in Transitsystemen, indem Sie durch kontaktlose Technologie ein schnelles Einsteigen erm\u00f6glichen.<\/li>\n<\/ul>\n<p>&nbsp;<\/p>\n<p>&nbsp;<\/p>\n<h2 style=\"text-align: center;\"><span style=\"color: #000080;\"><em><strong>Umweltauswirkungen und Nachhaltigkeit<\/strong><\/em><\/span><\/h2>\n<p><strong>Die Wahl der anpassbaren, replizierbaren UID ISO14443A RFID-Karten tr\u00e4gt zu nachhaltigen Praktiken bei. Ihre Haltbarkeit bedeutet weniger Ersatz und Abfall und minimiert den \u00f6kologischen Fu\u00dfabdruck, der mit herk\u00f6mmlichen Papier- oder Plastikkarten verbunden ist.<\/strong><\/p>\n<p>&nbsp;<\/p>\n<p>&nbsp;<\/p>\n<h2 style=\"text-align: center;\"><em><span style=\"color: #000080;\"><strong>Kundenrezensionen und Erfahrungsberichte<\/strong><\/span><\/em><\/h2>\n<p><span style=\"color: #008080;\">\u201eMit diesen RFID-Karten ist die Anwesenheitskontrolle in unserer Schule viel einfacher geworden! Die Anpassungsm\u00f6glichkeiten waren ein gro\u00dfes Plus.\u201c \u2013 <em>Emily R., Schulverwalterin<\/em><\/span><\/p>\n<blockquote><p>\u201eSehr zuverl\u00e4ssig und langlebig. Wir verwenden sie seit Monaten ohne Probleme in unserem Zutrittskontrollsystem.\u201c<\/p><\/blockquote>","protected":false},"excerpt":{"rendered":"<p>Anpassbare RFID-Karte f\u00fcr effiziente Anwesenheitsverfolgung und sichere Zugangskontrolle, mit MIFARE Classic1K-Technologie und langlebigem PVC\/PET-Material.<\/p>","protected":false},"featured_media":3357,"template":"","meta":[],"product_brand":[],"product_cat":[46],"product_tag":[],"class_list":{"0":"post-3537","1":"product","2":"type-product","3":"status-publish","4":"has-post-thumbnail","6":"product_cat-nfc-cards","8":"first","9":"instock","10":"shipping-taxable","11":"product-type-simple"},"_links":{"self":[{"href":"https:\/\/nfc-readers.com\/de\/wp-json\/wp\/v2\/product\/3537","targetHints":{"allow":["GET"]}}],"collection":[{"href":"https:\/\/nfc-readers.com\/de\/wp-json\/wp\/v2\/product"}],"about":[{"href":"https:\/\/nfc-readers.com\/de\/wp-json\/wp\/v2\/types\/product"}],"wp:featuredmedia":[{"embeddable":true,"href":"https:\/\/nfc-readers.com\/de\/wp-json\/wp\/v2\/media\/3357"}],"wp:attachment":[{"href":"https:\/\/nfc-readers.com\/de\/wp-json\/wp\/v2\/media?parent=3537"}],"wp:term":[{"taxonomy":"product_brand","embeddable":true,"href":"https:\/\/nfc-readers.com\/de\/wp-json\/wp\/v2\/product_brand?post=3537"},{"taxonomy":"product_cat","embeddable":true,"href":"https:\/\/nfc-readers.com\/de\/wp-json\/wp\/v2\/product_cat?post=3537"},{"taxonomy":"product_tag","embeddable":true,"href":"https:\/\/nfc-readers.com\/de\/wp-json\/wp\/v2\/product_tag?post=3537"}],"curies":[{"name":"wp","href":"https:\/\/api.w.org\/{rel}","templated":true}]}}