{"id":3538,"date":"2024-11-06T11:31:12","date_gmt":"2024-11-06T11:31:12","guid":{"rendered":"https:\/\/nfc-readers.com\/?post_type=product&#038;p=3538"},"modified":"2024-11-06T11:31:12","modified_gmt":"2024-11-06T11:31:12","slug":"ntag213-nfc-card-with-qr-code-printed-for-whatsapp-marketing","status":"publish","type":"product","link":"https:\/\/nfc-readers.com\/de\/ic-reader\/ntag213-nfc-card-with-qr-code-printed-for-whatsapp-marketing\/","title":{"rendered":"NTAG213 NFC-Karte mit gedrucktem QR-Code f\u00fcr WhatsApp-Marketing"},"content":{"rendered":"<h1><span style=\"color: #000080;\"><strong>NTAG213 NFC-Karte mit gedrucktem QR-Code f\u00fcr WhatsApp-Marketing<\/strong><\/span><\/h1>\n<div class=\"chat-list relative custom-scrollbar-reset-margin custom-scrollbar custom-scrollbar-hidden custom-scrollbar-float pb-9 flex-1 overflow-y-auto\">\n<div class=\"mx-auto max-w-[790px]\">\n<div class=\"message-item-outer relative px-4 mb-2\" data-id=\"314708bd-f25a-4472-bc0c-0927c643c147\">\n<div class=\"content-area pl-[0px]\">\n<div class=\"message-item select-text relative\">\n<div class=\"message-inner relative\">\n<div class=\"py-[2px]\">\n<div class=\"flex flex-col gap-2\">\n<div class=\"answer-markdown-box overflow-x-auto select-text custom-scrollbar\">\n<div class=\"markdown-body\">\n<h3><span style=\"color: #008080;\"><strong>Revolutionieren Sie Ihr Kundenengagement<\/strong><\/span><\/h3>\n<p>Im heutigen digitalen Zeitalter suchen Unternehmen st\u00e4ndig nach innovativen M\u00f6glichkeiten, mit ihren Kunden in Kontakt zu treten und ihre Marke zu bewerben. Eine effektive M\u00f6glichkeit hierf\u00fcr ist die Verwendung der NFC-Technologie (Near Field Communication), insbesondere NTAG213-NFC-Karten mit QR-Code-Druck.<\/p>\n<p>Diese Karten erfreuen sich im WhatsApp-Marketing zunehmender Beliebtheit und erm\u00f6glichen Unternehmen die Verwaltung ihres privaten Datenverkehrs und eine pers\u00f6nlichere und interaktivere Verbindung mit ihren Kunden.<\/p>\n<p>&nbsp;<\/p>\n<\/div>\n<\/div>\n<\/div>\n<\/div>\n<p>&nbsp;<\/p>\n<div class=\"py-[2px]\">\n<div class=\"flex flex-col gap-2\">\n<div class=\"answer-markdown-box overflow-x-auto select-text custom-scrollbar\">\n<div class=\"markdown-body\">\n<h2 style=\"text-align: center;\"><span style=\"color: #333399;\"><em><strong>Vorteile der NTAG213 NFC-Karte<\/strong><\/em><\/span><\/h2>\n<p>NTAG213 NFC-Karten mit QR-Code-Druck bieten eine Reihe von Vorteilen f\u00fcr Unternehmen, die ihre Kundenbindung und Marketingbem\u00fchungen verbessern m\u00f6chten. Zu diesen Vorteilen geh\u00f6ren:<\/p>\n<ul>\n<li><strong>Einfach zu bedienen und zu verwalten<\/strong>: NTAG213-NFC-Karten sind einfach zu verwenden und zu verwalten und erm\u00f6glichen Unternehmen das einfache Erstellen und Teilen von WhatsApp-Links mit ihren Kunden.<\/li>\n<li><strong>Hohe Kapazit\u00e4t<\/strong>: NTAG213-NFC-Karten verf\u00fcgen \u00fcber eine gro\u00dfe Speicherkapazit\u00e4t, sodass Unternehmen eine erhebliche Menge an Daten speichern k\u00f6nnen, wie beispielsweise WhatsApp-Links, Kontaktinformationen und mehr.<\/li>\n<li><strong>Anpassbar<\/strong>: NTAG213-NFC-Karten k\u00f6nnen mit einer Vielzahl von Druckoptionen, einschlie\u00dflich QR-Codes, angepasst werden, sodass Unternehmen ihre Marketingbem\u00fchungen personalisieren k\u00f6nnen.<\/li>\n<li><\/li>\n<\/ul>\n<p>&nbsp;<\/p>\n<\/div>\n<p>&nbsp;<\/p>\n<div class=\"markdown-body\">\n<h2 style=\"text-align: center;\"><span style=\"color: #333399;\"><em><strong>Funktionen der NTAG213 NFC-Karte<\/strong><\/em><\/span><\/h2>\n<p>NTAG213 NFC-Karten mit QR-Code-Druck f\u00fcr WhatsApp-Marketing verf\u00fcgen \u00fcber eine Reihe erweiterter Funktionen, darunter:<\/p>\n<ul>\n<li><strong>Kompatibilit\u00e4t mit WhatsApp<\/strong>: NTAG213-NFC-Karten sind speziell f\u00fcr die Verwendung mit WhatsApp konzipiert und erm\u00f6glichen Unternehmen das einfache Erstellen und Teilen von WhatsApp-Links mit ihren Kunden.<\/li>\n<li><strong>QR-Code drucken<\/strong>: NTAG213 NFC-Karten verf\u00fcgen \u00fcber einen QR-Code-Druck, mit dem Unternehmen ihre Marketingbem\u00fchungen einfach anpassen k\u00f6nnen.<\/li>\n<li><strong>NFC-Technologie<\/strong>: NTAG213-NFC-Karten verwenden fortschrittliche NFC-Technologie, die eine schnelle und zuverl\u00e4ssige Daten\u00fcbertragung zwischen der Karte und einem mobilen Ger\u00e4t erm\u00f6glicht.<\/li>\n<li><strong>Hochsichere Verschl\u00fcsselung<\/strong>: NTAG213-NFC-Karten verf\u00fcgen \u00fcber eine erweiterte Sicherheitsverschl\u00fcsselung, die vor unbefugtem Zugriff sch\u00fctzt und gew\u00e4hrleistet, dass die Kundendaten sicher bleiben.<\/li>\n<\/ul>\n<p>&nbsp;<\/p>\n<\/div>\n<p>&nbsp;<\/p>\n<div class=\"markdown-body\">\n<h2 style=\"text-align: center;\"><span style=\"color: #333399;\"><em><strong>Technische Daten<\/strong><\/em><\/span><\/h2>\n<div class=\"table-with-header rounded-lg border border-solid border-grey-line2-normal w-fit max-w-full mb-2\">\n<div class=\"overflow-x-auto custom-scrollbar custom-scrollbar-float max-w-full\">\n<table class=\"w-fit !mb-0 !max-w-none\">\n<thead>\n<tr>\n<th>Spezifikation<\/th>\n<th>Wert<\/th>\n<\/tr>\n<\/thead>\n<tbody>\n<tr>\n<td>Material<\/td>\n<td>aus PVC<\/td>\n<\/tr>\n<tr>\n<td>Gr\u00f6\u00dfe<\/td>\n<td>Brauch<\/td>\n<\/tr>\n<tr>\n<td>Erinnerung<\/td>\n<td>144 Byte<\/td>\n<\/tr>\n<tr>\n<td>Chip<\/td>\n<td>NTAG213<\/td>\n<\/tr>\n<tr>\n<td>Drucken<\/td>\n<td>QR-Code-Druck wird unterst\u00fctzt<\/td>\n<\/tr>\n<tr>\n<td>Verpackung<\/td>\n<td>200 St\u00fcck\/innere wei\u00dfe Schachtel, 25 Schachteln\/Karton, Kartongr\u00f6\u00dfe: 48<em>22.5<\/em>30 cm<\/td>\n<\/tr>\n<tr>\n<td>Verkaufseinheiten<\/td>\n<td>Einzelst\u00fcck<\/td>\n<\/tr>\n<tr>\n<td>Einzelpaketgr\u00f6\u00dfe<\/td>\n<td>35X1,5X0,02 cm<\/td>\n<\/tr>\n<tr>\n<td>Einzelbruttogewicht<\/td>\n<td>0,010 kg<\/td>\n<\/tr>\n<\/tbody>\n<\/table>\n<p>&nbsp;<\/p>\n<\/div>\n<\/div>\n<h2 style=\"text-align: center;\"><span style=\"color: #333399;\"><em><strong>So verwenden Sie die NTAG213 NFC-Karte\u00a0<\/strong><\/em><\/span><\/h2>\n<p>Die Verwendung der NTAG213 NFC-Karte ist einfach und unkompliziert. Hier ist eine Schritt-f\u00fcr-Schritt-Anleitung f\u00fcr den Einstieg:<\/p>\n<ol>\n<li><strong>Einen WhatsApp-Link erstellen<\/strong>: Erstellen Sie einen WhatsApp-Link im Format \u201e<a href=\"https:\/\/wa.me\/WhatsAppnumber\" target=\"_blank\" rel=\"noopener\">https:\/\/wa.me\/WhatsAppnumber<\/a>\u201c, wobei \u201eWhatsApp-Nummer\u201c Ihre Telefonnummer im internationalen Format ist.<\/li>\n<li><strong>Den WhatsApp-Link programmieren<\/strong>: Programmieren Sie den WhatsApp-Link mit einem kompatiblen Ger\u00e4t und einer kompatiblen Software auf die NTAG213-NFC-Karte.<\/li>\n<li><strong>Passen Sie die Karte an<\/strong>: Passen Sie die NTAG213 NFC-Karte mit dem Branding und der Marketingbotschaft Ihres Unternehmens an.<\/li>\n<li><strong>Verteilen Sie die Karte<\/strong>: Verteilen Sie die NTAG213 NFC-Karte an Ihre Kunden, entweder pers\u00f6nlich oder per Post.<\/li>\n<\/ol>\n<p>&nbsp;<\/p>\n<\/div>\n<p>&nbsp;<\/p>\n<div class=\"markdown-body\">\n<h2 style=\"text-align: center;\"><em><span style=\"color: #333399;\"><strong>Vorteile der NTAG213 NFC-Karte<\/strong><\/span><\/em><\/h2>\n<p>NTAG213 NFC-Karten mit QR-Code-Druck f\u00fcr WhatsApp-Marketing bieten eine Reihe von Vorteilen gegen\u00fcber herk\u00f6mmlichen Marketingmethoden. Zu diesen Vorteilen geh\u00f6ren:<\/p>\n<ul>\n<li><strong>Erh\u00f6htes Engagement<\/strong>: NTAG213-NFC-Karten mit QR-Code-Druck f\u00fcr WhatsApp-Marketing erm\u00f6glichen Unternehmen eine pers\u00f6nlichere und interaktivere Interaktion mit Kunden.<\/li>\n<li><strong>Verbesserte Markenbekanntheit<\/strong>: NTAG213-NFC-Karten mit QR-Code-Druck f\u00fcr WhatsApp-Marketing k\u00f6nnen mit dem Branding und der Marketingbotschaft eines Unternehmens personalisiert werden, wodurch die Markenbekanntheit und das Markenbewusstsein verbessert werden.<\/li>\n<li><strong>Kosteneffizient<\/strong>: NTAG213 NFC-Karten mit QR-Code-Druck f\u00fcr WhatsApp-Marketing sind eine kosteng\u00fcnstige Marketingl\u00f6sung und bieten Unternehmen einen hohen Return on Investment.<\/li>\n<\/ul>\n<p>&nbsp;<\/p>\n<h2 style=\"text-align: center;\"><span style=\"color: #008080;\"><em><strong>W\u00c4HLEN SIE UNS JETZT!<\/strong><\/em><\/span><\/h2>\n<p>NTAG213 NFC-Karten mit QR-Code-Druck f\u00fcr WhatsApp-Marketing sind eine innovative und effektive M\u00f6glichkeit, mit Kunden in Kontakt zu treten und Ihre Marke zu bewerben. Mit ihrer Benutzerfreundlichkeit, hohen Kapazit\u00e4t, sicheren Verschl\u00fcsselung und ihrem anpassbaren Design sind NTAG213 NFC-Karten mit QR-Code-Druck f\u00fcr WhatsApp-Marketing eine ideale L\u00f6sung f\u00fcr Unternehmen, die ihre Kundenbindung und Marketingbem\u00fchungen verbessern m\u00f6chten.<\/p>\n<\/div>\n<\/div>\n<\/div>\n<\/div>\n<\/div>\n<\/div>\n<\/div>\n<\/div>\n<\/div>\n<\/div>","protected":false},"excerpt":{"rendered":"<p><strong>NTAG213 NFC-Karte mit QR-Code f\u00fcr WhatsApp-Marketing<\/strong>: Revolutionieren Sie Ihre Kundenbindung mit benutzerfreundlichen, leistungsstarken und anpassbaren NFC-Karten f\u00fcr personalisiertes Marketing.<\/p>","protected":false},"featured_media":3543,"template":"","meta":[],"product_brand":[],"product_cat":[46],"product_tag":[],"class_list":{"0":"post-3538","1":"product","2":"type-product","3":"status-publish","4":"has-post-thumbnail","6":"product_cat-nfc-cards","8":"first","9":"instock","10":"shipping-taxable","11":"product-type-simple"},"_links":{"self":[{"href":"https:\/\/nfc-readers.com\/de\/wp-json\/wp\/v2\/product\/3538","targetHints":{"allow":["GET"]}}],"collection":[{"href":"https:\/\/nfc-readers.com\/de\/wp-json\/wp\/v2\/product"}],"about":[{"href":"https:\/\/nfc-readers.com\/de\/wp-json\/wp\/v2\/types\/product"}],"wp:featuredmedia":[{"embeddable":true,"href":"https:\/\/nfc-readers.com\/de\/wp-json\/wp\/v2\/media\/3543"}],"wp:attachment":[{"href":"https:\/\/nfc-readers.com\/de\/wp-json\/wp\/v2\/media?parent=3538"}],"wp:term":[{"taxonomy":"product_brand","embeddable":true,"href":"https:\/\/nfc-readers.com\/de\/wp-json\/wp\/v2\/product_brand?post=3538"},{"taxonomy":"product_cat","embeddable":true,"href":"https:\/\/nfc-readers.com\/de\/wp-json\/wp\/v2\/product_cat?post=3538"},{"taxonomy":"product_tag","embeddable":true,"href":"https:\/\/nfc-readers.com\/de\/wp-json\/wp\/v2\/product_tag?post=3538"}],"curies":[{"name":"wp","href":"https:\/\/api.w.org\/{rel}","templated":true}]}}