{"id":3564,"date":"2024-11-06T13:06:22","date_gmt":"2024-11-06T13:06:22","guid":{"rendered":"https:\/\/nfc-readers.com\/?post_type=product&#038;p=3564"},"modified":"2024-11-14T14:59:24","modified_gmt":"2024-11-14T14:59:24","slug":"t5577-dia-25mm-coated-paper-programmable-flexible-rfid-tag","status":"publish","type":"product","link":"https:\/\/nfc-readers.com\/de\/ic-reader\/t5577-dia-25mm-coated-paper-programmable-flexible-rfid-tag\/","title":{"rendered":"T5577 Dia 25mm beschichtetes Papier Programmierbarer flexibler RFID-Tag"},"content":{"rendered":"<h1 style=\"text-align: center;\"><strong>T5577 Dia 25mm beschichtetes Papier Programmierbarer flexibler RFID-Tag<\/strong><\/h1>\n<p>Der <strong>T5577 Durchmesser 25 mm, beschichtetes Papier, programmierbarer, flexibler RFID-Tag<\/strong>\u00a0ist ein bemerkenswertes Produkt in der Welt der NFC-Technologie, das entwickelt wurde, um Ticketl\u00f6sungen zu verbessern und Identifikationsprozesse in verschiedenen Branchen zu optimieren.<\/p>\n<p>Mit dem fortschrittlichen T5577-Chip in einem robusten und vielseitigen Design vereint dieser RFID-Tag Funktionalit\u00e4t mit Komfort. Diese Beschreibung f\u00fchrt Sie durch die Vorteile, Funktionen, Spezifikationen und mehr und zeigt, warum dieser Tag f\u00fcr Ihre gesch\u00e4ftlichen oder pers\u00f6nlichen Anforderungen unverzichtbar ist.<\/p>\n<p>&nbsp;<\/p>\n<h3><strong>Kommunikationsschnittstelle: So funktioniert RFID<\/strong><\/h3>\n<p>Ausgestattet mit einem leistungsstarken\u00a0<strong>RFID<\/strong>\u00a0Kommunikationsschnittstelle arbeitet der 12T5577 auf einer Frequenz von\u00a0<strong>125 kHz<\/strong>. Dies erm\u00f6glicht die Kommunikation zwischen dem Tag und NFC-f\u00e4higen Ger\u00e4ten oder Leseger\u00e4ten und erleichtert den schnellen Datenaustausch. Tippen Sie einfach auf\u00a0<strong>NFC-f\u00e4higes Mobiltelefon oder Ger\u00e4t<\/strong>\u00a0gegen das Tag, um Informationen sofort abzurufen oder zu schreiben.<\/p>\n<p>&nbsp;<\/p>\n<p>&nbsp;<\/p>\n<h3><strong>Anwendungsbereiche: Vom Ticketing bis zum Asset Management<\/strong><\/h3>\n<p>Die T5577 RFID-Tags sind in erster Linie f\u00fcr <strong>Buchung<\/strong>\u00a0Anwendungen, sondern k\u00f6nnen in verschiedenen Bereichen effektiv eingesetzt werden, darunter Bestandsverwaltung im Einzelhandel, Zugangskontrollsysteme und Eventmanagement. Ihre F\u00e4higkeit, Daten einfach zu programmieren und neu zu schreiben, macht sie in dynamischen Umgebungen, in denen Informationen h\u00e4ufig aktualisiert werden m\u00fcssen, au\u00dferordentlich n\u00fctzlich.<\/p>\n<p>&nbsp;<\/p>\n<h3><strong>Warum den RFID-Tag 12T5577 kaufen?<\/strong><\/h3>\n<p>Investieren in die\u00a0<strong>12T5577 RFID-Tag<\/strong>\u00a0bedeutet, sich f\u00fcr Effizienz, Anpassungsf\u00e4higkeit und Haltbarkeit zu entscheiden. Im Gegensatz zu herk\u00f6mmlichen Identifikationsmethoden bieten RFID-Tags schnellen Datenzugriff und k\u00f6nnen so programmiert werden, dass sie problemlos eine Vielzahl von Informationen speichern. F\u00fcr Unternehmen, die im Ticketing, in der Bestandsverwaltung oder in der Serviceidentifikation t\u00e4tig sind, vereinfachen diese Tags die Abl\u00e4ufe erheblich, reduzieren menschliche Fehler und verbessern das Kundenerlebnis.<\/p>\n<p>Das Etikett besteht aus beschichtetem Papier mit einem Durchmesser von 25 mm, ist leicht und flexibel und eignet sich daher ideal f\u00fcr verschiedene Anwendungen von Branding bis Logistik. Dar\u00fcber hinaus zeichnet sich dieses Produkt durch Eigenschaften wie Wasser-\/Wetterfestigkeit, eine gro\u00dfe Lesereichweite von 2 bis 10 cm und einen Schreibzyklus von bis zu 100.000 Mal aus, was Langlebigkeit und zuverl\u00e4ssige Leistung gew\u00e4hrleistet.<\/p>\n<p>&nbsp;<\/p>\n<h3><strong>Technische Spezifikationen<\/strong><\/h3>\n<table class=\"w-fit !mb-0 !max-w-none\" style=\"height: 285px;\" width=\"426\">\n<thead>\n<tr>\n<th><strong>Spezifikation<\/strong><\/th>\n<th><strong>Details<\/strong><\/th>\n<\/tr>\n<\/thead>\n<tbody>\n<tr>\n<td><strong>Chip<\/strong><\/td>\n<td>T5577<\/td>\n<\/tr>\n<tr>\n<td><strong>Gr\u00f6\u00dfe<\/strong><\/td>\n<td>Durchmesser 25 mm<\/td>\n<\/tr>\n<tr>\n<td><strong>Material<\/strong><\/td>\n<td>Beschichtetes Papier<\/td>\n<\/tr>\n<tr>\n<td><strong>Oberfl\u00e4che<\/strong><\/td>\n<td>Matt, Gl\u00e4nzend, Frosted<\/td>\n<\/tr>\n<tr>\n<td><strong>Lesebereich<\/strong><\/td>\n<td>2-10 cm<\/td>\n<\/tr>\n<tr>\n<td><strong>Protokoll<\/strong><\/td>\n<td>ISO 11784\/11785<\/td>\n<\/tr>\n<tr>\n<td><strong>Schreibzyklus<\/strong><\/td>\n<td>100.000 Mal<\/td>\n<\/tr>\n<tr>\n<td><strong>Betriebstemperatur<\/strong><\/td>\n<td>20~+80\u00b0C<\/td>\n<\/tr>\n<tr>\n<td><strong>Herkunftsort<\/strong><\/td>\n<td>Guangdong, China<\/td>\n<\/tr>\n<tr>\n<td><strong>Druckoption<\/strong><\/td>\n<td>4C Offset-\/Siebdruck<\/td>\n<\/tr>\n<\/tbody>\n<\/table>\n<p>&nbsp;<\/p>\n<h2><strong>H\u00e4ufig gestellte Fragen (FAQs)<\/strong><\/h2>\n<h3><strong>1. Was sind NFC- und RFID-Technologien?<\/strong><\/h3>\n<p><strong>NFC (Nahfeldkommunikation)<\/strong>\u00a0Und\u00a0<strong>RFID (Radiofrequenz-Identifikation)<\/strong>\u00a0sind drahtlose Kommunikationstechnologien, die es Ger\u00e4ten erm\u00f6glichen, Daten \u00fcber kurze Distanzen auszutauschen. NFC wird h\u00e4ufig f\u00fcr mobile Zahlungen und Daten\u00fcbertragung verwendet, w\u00e4hrend RFID h\u00e4ufig f\u00fcr die Sendungsverfolgung und Bestandsverwaltung eingesetzt wird.<\/p>\n<h3><strong>2. Wie programmiere ich die T5577 RFID-Tags?<\/strong><\/h3>\n<p>Zum Programmieren der 12T5577 RFID-Tags ben\u00f6tigen Sie ein NFC-f\u00e4higes Ger\u00e4t und eine kompatible App. Laden Sie einfach eine NFC-Schreib-App herunter, \u00f6ffnen Sie sie und folgen Sie den Anweisungen, um die Daten einzugeben, die Sie auf dem Tag speichern m\u00f6chten. Sobald die Daten programmiert sind, kann der Tag von jedem NFC-f\u00e4higen Ger\u00e4t gelesen werden.<\/p>\n<h3><strong>3. Wie gro\u00df ist die Lesereichweite des T5577 RFID-Tags?<\/strong><\/h3>\n<p>Die Lesereichweite des RFID-Tags 12T5577 betr\u00e4gt\u00a0<strong>2 bis 10 Zentimeter<\/strong>Dieser Bereich ist f\u00fcr die meisten Anwendungen optimal und erm\u00f6glicht einen schnellen und effizienten Datenaustausch ohne physischen Kontakt.<\/p>\n<h3><strong>4. Sind diese Etiketten wasserdicht?<\/strong><\/h3>\n<p>Ja, die T5577 RFID-Tags sind wasserdicht\/wetterfest und eignen sich daher sowohl f\u00fcr den Innen- als auch f\u00fcr den Au\u00dfenbereich. Sie sind widerstandsf\u00e4hig gegen Feuchtigkeit und verschiedene Umweltbedingungen.<\/p>","protected":false},"excerpt":{"rendered":"<p>Der <strong>T5577 Durchmesser 25 mm, beschichtetes Papier, programmierbarer, flexibler RFID-Tag<\/strong>\u00a0ist eine vielseitige und langlebige L\u00f6sung f\u00fcr effiziente Datenspeicherung und -abruf, ideal f\u00fcr Ticketing und Bestandsverwaltung. Sein wasserdichtes Design, kombiniert mit der M\u00f6glichkeit, es einfach zu programmieren und anzupassen, macht es zu einer zuverl\u00e4ssigen Wahl f\u00fcr eine Vielzahl von Anwendungen.<\/p>","protected":false},"featured_media":3565,"template":"","meta":[],"product_brand":[],"product_cat":[47],"product_tag":[],"class_list":{"0":"post-3564","1":"product","2":"type-product","3":"status-publish","4":"has-post-thumbnail","6":"product_cat-nfc-tags","8":"first","9":"instock","10":"shipping-taxable","11":"product-type-simple"},"_links":{"self":[{"href":"https:\/\/nfc-readers.com\/de\/wp-json\/wp\/v2\/product\/3564","targetHints":{"allow":["GET"]}}],"collection":[{"href":"https:\/\/nfc-readers.com\/de\/wp-json\/wp\/v2\/product"}],"about":[{"href":"https:\/\/nfc-readers.com\/de\/wp-json\/wp\/v2\/types\/product"}],"wp:featuredmedia":[{"embeddable":true,"href":"https:\/\/nfc-readers.com\/de\/wp-json\/wp\/v2\/media\/3565"}],"wp:attachment":[{"href":"https:\/\/nfc-readers.com\/de\/wp-json\/wp\/v2\/media?parent=3564"}],"wp:term":[{"taxonomy":"product_brand","embeddable":true,"href":"https:\/\/nfc-readers.com\/de\/wp-json\/wp\/v2\/product_brand?post=3564"},{"taxonomy":"product_cat","embeddable":true,"href":"https:\/\/nfc-readers.com\/de\/wp-json\/wp\/v2\/product_cat?post=3564"},{"taxonomy":"product_tag","embeddable":true,"href":"https:\/\/nfc-readers.com\/de\/wp-json\/wp\/v2\/product_tag?post=3564"}],"curies":[{"name":"wp","href":"https:\/\/api.w.org\/{rel}","templated":true}]}}