{"id":3595,"date":"2024-11-07T12:13:18","date_gmt":"2024-11-07T12:13:18","guid":{"rendered":"https:\/\/nfc-readers.com\/?post_type=product&#038;p=3595"},"modified":"2024-11-07T12:13:18","modified_gmt":"2024-11-07T12:13:18","slug":"custom-plastic-pvc-nfc-card-printing-for-business","status":"publish","type":"product","link":"https:\/\/nfc-readers.com\/de\/ic-reader\/custom-plastic-pvc-nfc-card-printing-for-business\/","title":{"rendered":"Benutzerdefinierter Druck von NFC-Karten aus PVC f\u00fcr Unternehmen"},"content":{"rendered":"<h1><span style=\"color: #000080;\"><strong>Benutzerdefinierter Druck von NFC-Karten aus PVC f\u00fcr Unternehmen<\/strong><\/span><\/h1>\n<p><strong><span style=\"color: #666699;\">In der heutigen schnelllebigen digitalen Welt ist die Optimierung der Gesch\u00e4ftsabl\u00e4ufe von entscheidender Bedeutung, und der Druck von kundenspezifischen NFC-Karten aus PVC-Kunststoff f\u00fcr Unternehmen ist hier f\u00fchrend. Die NFC-Technologie (Near Field Communication) verbessert die Art und Weise, wie Unternehmen Zugangskontrolle, Kundeninteraktionen und Werbeaktivit\u00e4ten verwalten. Kundenspezifische NFC-Karten verbessern nicht nur das Engagement, sondern erm\u00f6glichen auch nahtlose Transaktionen, individuelles Branding und effektives Datenmanagement. Egal, ob Sie nach Zugangskontrollkarten, Mifare-Karten oder Kundenkarten suchen, die Investition in kundenspezifische NFC-L\u00f6sungen ist ein strategischer Schritt, der die Funktionalit\u00e4t Ihres Unternehmens verbessern kann.<\/span><\/strong><\/p>\n<p><span style=\"color: #008080;\">Mit zahlreichen Vorteilen, die von erh\u00f6hter Sicherheit bis zu einem verbesserten Kundenerlebnis reichen, k\u00f6nnen diese Karten in verschiedenen Branchen eingesetzt werden, darunter Einzelhandel, Gastgewerbe und \u00f6ffentlicher Verkehr. Lassen Sie uns die vielf\u00e4ltigen Vorteile und Funktionen von NFC-Karten erkunden, warum sie die Investition wert sind und wie sie Ihre Gesch\u00e4ftsprozesse erheblich verbessern k\u00f6nnen.<\/span><\/p>\n<hr \/>\n<h2><\/h2>\n<h2 style=\"text-align: center;\"><span style=\"color: #333399;\"><em><strong>Wichtige Eigenschaften von benutzerdefinierten NFC-Karten<\/strong><\/em><\/span><\/h2>\n<p><strong>Wenn Sie sich f\u00fcr den Druck individueller NFC-Karten aus PVC-Kunststoff f\u00fcr Unternehmen entscheiden, erhalten Sie ein vielseitiges Tool, das auf Ihre individuellen Anforderungen zugeschnitten ist. Diese Karten k\u00f6nnen aus strapazierf\u00e4higem PVC+Epoxid-Material hergestellt werden, sodass sie der t\u00e4glichen Abnutzung standhalten. Die Standardgr\u00f6\u00dfe betr\u00e4gt 85,5 mm x 54 mm, aber Sie k\u00f6nnen auch andere Abmessungen f\u00fcr Ihre Anwendungen anpassen. Dar\u00fcber hinaus k\u00f6nnen Sie sich f\u00fcr eine benutzerdefinierte Dicke von 0,85 mm f\u00fcr zus\u00e4tzliche Haltbarkeit entscheiden.<\/strong><\/p>\n<p>&nbsp;<\/p>\n<h2 style=\"text-align: center;\"><em><span style=\"color: #333399;\"><strong>Vorteile<\/strong><\/span><\/em><\/h2>\n<ul>\n<li><strong>Haltbarkeit<\/strong>: Ma\u00dfgefertigtes PVC sorgt f\u00fcr Langlebigkeit und macht Ihre Investition lohnenswert.<\/li>\n<li><strong>Anpassung<\/strong>: W\u00e4hlen Sie Farben, Logos und Druckstile, die Ihre Markenidentit\u00e4t widerspiegeln.<\/li>\n<\/ul>\n<p>&nbsp;<\/p>\n<h2 style=\"text-align: center;\"><em><span style=\"color: #333399;\"><strong>Besondere Merkmale<\/strong><\/span><\/em><\/h2>\n<p><strong>Wasserdicht und wetterfest<\/strong><\/p>\n<p><strong>Benutzerdefinierte NFC-Karten bieten spezielle Funktionen, die das Benutzererlebnis verbessern und die Vielseitigkeit maximieren sollen. Sie k\u00f6nnen wasserdicht und wetterfest gemacht werden, was f\u00fcr Unternehmen, die in unterschiedlichen Umgebungen t\u00e4tig sind, von entscheidender Bedeutung ist.<\/strong><\/p>\n<h3><span style=\"color: #666699;\"><strong>Warum das wichtig ist:<\/strong><\/span><\/h3>\n<ul>\n<li><strong>Vielseitigkeit<\/strong>: Ideal f\u00fcr Veranstaltungen im Freien, Zugangskontrolle an Veranstaltungsorten im Freien und mehr.<\/li>\n<li><strong>Langlebigkeit<\/strong>: Wasserbest\u00e4ndige Karten halten l\u00e4nger, sodass Ihnen nicht so h\u00e4ufig Kosten f\u00fcr deren Ersatz entstehen.<\/li>\n<\/ul>\n<p>&nbsp;<\/p>\n<h2 style=\"text-align: center;\"><em><span style=\"color: #333399;\"><strong>Technische Daten von PVC-NFC-Karten<\/strong><\/span><\/em><\/h2>\n<p><span style=\"color: #008080;\"><strong>Das Verst\u00e4ndnis der technischen Spezifikationen von NFC-Karten ist f\u00fcr eine fundierte Entscheidung von entscheidender Bedeutung. <\/strong><\/span><\/p>\n<p><span style=\"color: #008080;\"><strong>Hier ist eine Aufschl\u00fcsselung der wesentlichen Details:<\/strong><\/span><\/p>\n<div class=\"table-with-header rounded-lg border border-solid border-grey-line2-normal w-fit max-w-full mb-2\">\n<div class=\"overflow-x-auto custom-scrollbar custom-scrollbar-float max-w-full\">\n<table class=\"w-fit !mb-0 !max-w-none\" style=\"height: 265px;\" width=\"435\">\n<thead>\n<tr>\n<th>Attribut<\/th>\n<th>Spezifikation<\/th>\n<\/tr>\n<\/thead>\n<tbody>\n<tr>\n<td>Chip<\/td>\n<td>F08\/NTag213\/Tag215\/Tag216 (2k\/4k\/8k)<\/td>\n<\/tr>\n<tr>\n<td>Gr\u00f6\u00dfe<\/td>\n<td>85,5 mm x 54 mm\/kundenspezifisch<\/td>\n<\/tr>\n<tr>\n<td>Druckoptionen<\/td>\n<td>CMYK4C Druck\/Offset\/Siebdruck<\/td>\n<\/tr>\n<tr>\n<td>Frequenz<\/td>\n<td>13,56 MHz<\/td>\n<\/tr>\n<tr>\n<td>Erinnerung<\/td>\n<td>Bis zu 8k, anpassbar<\/td>\n<\/tr>\n<tr>\n<td>Verpackungsgr\u00f6\u00dfe<\/td>\n<td>5,55 cm x 5,4 cm x 0,01 cm<\/td>\n<\/tr>\n<tr>\n<td>Bruttogewicht<\/td>\n<td>0,010 kg<\/td>\n<\/tr>\n<\/tbody>\n<\/table>\n<\/div>\n<\/div>\n<h2><span style=\"color: #666699;\"><strong>Zus\u00e4tzliche Funktionen:<\/strong><\/span><\/h2>\n<ul>\n<li><strong>Individuelles Logo<\/strong>: Die Verwendung Ihres Brandings erh\u00f6ht die Sichtbarkeit und Professionalit\u00e4t.<\/li>\n<li><strong>D\u00fcnn, aber stark<\/strong>: Eine Dicke von 0,85 mm sorgt f\u00fcr eine leichte und langlebige Karte.<\/li>\n<\/ul>\n<p>&nbsp;<\/p>\n<h2 style=\"text-align: center;\"><strong><em><span style=\"color: #000080;\">Erweiterte Kommunikationsschnittstellen RFID und NFC<\/span><\/em><\/strong><\/h2>\n<p>Der <strong>Kommunikationsschnittstellen<\/strong>\u00a0von NFC-Karten sind integraler Bestandteil ihrer Funktion. Arbeiten mit einer Frequenz von\u00a0<strong>13,56 MHz<\/strong>NFC-Karten nutzen sowohl RFID- als auch NFC-Technologien, die einen schnellen, kontaktlosen Datenaustausch erm\u00f6glichen.<\/p>\n<h3><span style=\"color: #666699;\"><strong>Wichtige Punkte:<\/strong><\/span><\/h3>\n<ul>\n<li><strong>Nahtlose Transaktionen<\/strong>: Schnelle und problemlose Benutzerinteraktionen f\u00fcr Zahlungen und Zugriff.<\/li>\n<li><strong>Kompatibilit\u00e4t<\/strong>: Funktioniert einwandfrei mit verschiedenen\u00a0<strong>Kartenleser<\/strong>\u00a0und Managementsysteme, wodurch die Integration unkompliziert wird.<\/li>\n<\/ul>\n<p>&nbsp;<\/p>\n<h3><span style=\"color: #666699;\"><strong>Industrieanwendungen: <\/strong><\/span><\/h3>\n<p><strong>St\u00e4rken Sie Ihr UnternehmenBenutzerdefinierte NFC-Karten sind unglaublich vielseitig und k\u00f6nnen in zahlreichen Branchen eingesetzt werden. Von Mifare-Karten f\u00fcr den \u00f6ffentlichen Nahverkehr bis hin zu Zugangskontrollkarten f\u00fcr sichere Umgebungen sind die Anwendungsm\u00f6glichkeiten zahlreich.<\/strong><\/p>\n<p>&nbsp;<\/p>\n<h3><span style=\"color: #666699;\"><strong>Anwendungsbeispiele:<\/strong><\/span><\/h3>\n<ul>\n<li><strong>Einzelhandel<\/strong>: Nutzen Sie Treuekarten, um Kunden direkt anzusprechen, wiederholte Besuche zu belohnen und gleichzeitig wertvolle Daten zu erfassen.<\/li>\n<li><strong>Gastfreundschaft<\/strong>: Implementieren Sie intelligente Zimmerschl\u00fcssel f\u00fcr Hotels und bieten Sie G\u00e4sten ein nahtloses Check-in-Erlebnis.<\/li>\n<\/ul>\n<p>&nbsp;<\/p>\n<p>&nbsp;<\/p>\n<h2 style=\"text-align: center;\"><span style=\"color: #333399;\"><em><strong>Umweltauswirkungen und Nachhaltigkeit<\/strong><\/em><\/span><\/h2>\n<p><strong>Die Einbeziehung umweltfreundlicher Praktiken ist f\u00fcr heutige Unternehmen von entscheidender Bedeutung. Unsere PVC-NFC-Karten k\u00f6nnen so gestaltet werden, dass sie die Umweltbelastung verringern. Die Verwendung recycelbarer Materialien tr\u00e4gt Nachhaltigkeitsaspekten Rechnung und sorgt gleichzeitig f\u00fcr eine hohe Funktionalit\u00e4t.<\/strong><\/p>\n<ul>\n<li><strong>Geringerer CO2-Fu\u00dfabdruck<\/strong>: Die Verwendung nachhaltiger Materialien reduziert Abfall.<\/li>\n<li><strong>Langlebige Lebensdauer<\/strong>: Hochwertige Karten bedeuten weniger Kartenaustausch, was besser f\u00fcr die Umwelt ist.<\/li>\n<\/ul>\n<p>&nbsp;<\/p>\n<h2 style=\"text-align: center;\"><em><span style=\"color: #333399;\"><strong>Kundenrezensionen<\/strong><\/span><\/em><\/h2>\n<ul>\n<li><strong>Sarah K.<\/strong>: \u201eDurch die Individualisierungsm\u00f6glichkeiten konnten wir unser Branding perfekt integrieren. Unsere G\u00e4ste lieben die neuen smarten Zimmerschl\u00fcssel!\u201c<\/li>\n<li><strong>Mike R.<\/strong>: \u201eDiese Karten funktionieren reibungslos mit unserem Zugangskontrollsystem. Die Installation ging schnell und wir k\u00f6nnen unsere Zugangsdaten jetzt problemlos verwalten.\u201c<\/li>\n<\/ul>","protected":false},"excerpt":{"rendered":"<p>Optimieren Sie Ihr Gesch\u00e4ft mit benutzerdefinierten PVC-NFC-Karten, die Haltbarkeit, Wasserfestigkeit, reibungslose Transaktionen und ma\u00dfgeschneidertes Branding f\u00fcr verschiedene Anwendungen bieten.<\/p>","protected":false},"featured_media":3597,"template":"","meta":[],"product_brand":[],"product_cat":[46],"product_tag":[],"class_list":{"0":"post-3595","1":"product","2":"type-product","3":"status-publish","4":"has-post-thumbnail","6":"product_cat-nfc-cards","8":"first","9":"instock","10":"shipping-taxable","11":"product-type-simple"},"_links":{"self":[{"href":"https:\/\/nfc-readers.com\/de\/wp-json\/wp\/v2\/product\/3595","targetHints":{"allow":["GET"]}}],"collection":[{"href":"https:\/\/nfc-readers.com\/de\/wp-json\/wp\/v2\/product"}],"about":[{"href":"https:\/\/nfc-readers.com\/de\/wp-json\/wp\/v2\/types\/product"}],"wp:featuredmedia":[{"embeddable":true,"href":"https:\/\/nfc-readers.com\/de\/wp-json\/wp\/v2\/media\/3597"}],"wp:attachment":[{"href":"https:\/\/nfc-readers.com\/de\/wp-json\/wp\/v2\/media?parent=3595"}],"wp:term":[{"taxonomy":"product_brand","embeddable":true,"href":"https:\/\/nfc-readers.com\/de\/wp-json\/wp\/v2\/product_brand?post=3595"},{"taxonomy":"product_cat","embeddable":true,"href":"https:\/\/nfc-readers.com\/de\/wp-json\/wp\/v2\/product_cat?post=3595"},{"taxonomy":"product_tag","embeddable":true,"href":"https:\/\/nfc-readers.com\/de\/wp-json\/wp\/v2\/product_tag?post=3595"}],"curies":[{"name":"wp","href":"https:\/\/api.w.org\/{rel}","templated":true}]}}