{"id":3602,"date":"2024-11-07T15:58:55","date_gmt":"2024-11-07T15:58:55","guid":{"rendered":"https:\/\/nfc-readers.com\/?post_type=product&#038;p=3602"},"modified":"2024-11-07T16:39:39","modified_gmt":"2024-11-07T16:39:39","slug":"write-url-dynamic-qr-code-ntag-213-nfc-card","status":"publish","type":"product","link":"https:\/\/nfc-readers.com\/de\/ic-reader\/write-url-dynamic-qr-code-ntag-213-nfc-card\/","title":{"rendered":"Schreiben Sie URL dynamischen QR-Code Ntag 213 NFC-Karte"},"content":{"rendered":"<h1 style=\"text-align: center;\"><span style=\"color: #000080;\"><strong>Schreiben Sie URL dynamischen QR-Code Ntag 213 NFC-Karte<\/strong><\/span><\/h1>\n<p><span style=\"color: #666699;\"><strong>NTAG213 NFC-Karte mit dynamischem QR-Code zum Beschreiben einer URL: Transformieren Sie Ihre Gesch\u00e4ftsinteraktionen. In einer zunehmend digitalen Welt sind effektive Kommunikation und betriebliche Effizienz f\u00fcr jedes Unternehmen von gr\u00f6\u00dfter Bedeutung. Die NTAG213 NFC-Karte mit dynamischem QR-Code zum Beschreiben einer URL ist ein revolution\u00e4res Produkt, das Interaktionen verbessert, Prozesse rationalisiert und die Verbindung zwischen Kunden und Unternehmen erleichtert.<\/strong><\/span><\/p>\n<p>Diese NFC-Karten nutzen modernste\u00a0<strong>NTAG213-Technologie<\/strong>\u00a0um dynamische URL-Funktionen bereitzustellen, mit denen Unternehmen Benutzer nahtlos zu jeder Website oder digitalen Ressource weiterleiten k\u00f6nnen. Diese leistungsstarke Kombination aus NFC- und QR-Code-Technologie erm\u00f6glicht vielseitige Anwendungen, darunter Marketingkampagnen, Eventmanagement, Produktauthentifizierung und vieles mehr. Die Investition in NTAG213 NFC-Karten ist nicht nur ein strategischer Schritt, sondern auch ein Schritt zur Modernisierung Ihrer Gesch\u00e4ftsabl\u00e4ufe.<\/p>\n<hr \/>\n<p>&nbsp;<\/p>\n<p>&nbsp;<\/p>\n<h2 style=\"text-align: center;\"><em><strong><span style=\"color: #333399;\">Hauptmerkmale der NTAG213 NFC-Karte<\/span><\/strong><\/em><\/h2>\n<p><span style=\"color: #008080;\"><strong>Die NTAG213 NFC Karte besticht durch innovative Features und eine robuste Bauweise. Hier die wesentlichen Merkmale:<\/strong><\/span><\/p>\n<ul>\n<li><strong>Material<\/strong>: Aus hochwertigem\u00a0<strong>aus PVC<\/strong>Diese Karten sind auf Haltbarkeit und Langlebigkeit ausgelegt. Sie halten den Belastungen des t\u00e4glichen Gebrauchs stand, egal ob sie bei Veranstaltungen ausgegeben oder in Zugangskontrollsystemen verwendet werden.<\/li>\n<li><strong>Chip-Technologie<\/strong>: Der NTAG213-Chip wurde speziell f\u00fcr Anwendungen entwickelt, die dynamische Daten erfordern und bietet eine Speicherkapazit\u00e4t von\u00a0<strong>144 Byte<\/strong>\u00a0und die M\u00f6glichkeit, URLs jederzeit neu zu schreiben, ohne neue Karten drucken zu m\u00fcssen.<\/li>\n<li><strong>Gr\u00f6\u00dfe und Anpassung<\/strong>: Standardabmessungen sind\u00a0<strong>85,5 mm x 54 mm<\/strong>, wodurch eine Einheitlichkeit mit herk\u00f6mmlichen Kreditkartengr\u00f6\u00dfen gew\u00e4hrleistet wird und sie leicht zu tragen sind. Anpassungen in Gr\u00f6\u00dfe und Design sind ebenfalls m\u00f6glich, um Ihren Markenanforderungen gerecht zu werden.<\/li>\n<\/ul>\n<p>&nbsp;<\/p>\n<p>&nbsp;<\/p>\n<h2 style=\"text-align: center;\"><em><strong><span style=\"color: #333399;\">Besondere Merkmale<\/span><\/strong><\/em><\/h2>\n<p style=\"text-align: left;\"><strong>Wasserdichtes und wetterfestes Design<\/strong><\/p>\n<p style=\"text-align: left;\">Eines der herausragenden Merkmale der Write URL NFC-Karten ist ihre\u00a0<strong>wasserdicht und wetterfest<\/strong>\u00a0Eigenschaften. Unternehmen, die in unterschiedlichen Umgebungen t\u00e4tig sind, k\u00f6nnen von diesen Funktionen erheblich profitieren.<\/p>\n<ul>\n<li><strong>Vielseitigkeit<\/strong>: Diese Karten sind ideal f\u00fcr Veranstaltungen im Freien, bei denen Feuchtigkeit die Standardkarten besch\u00e4digen k\u00f6nnte. Ob Musikfestival, Sportveranstaltung oder Outdoor-Marketingkampagnen, Ihre\u00a0<strong>NTAG213 NFC-Karte<\/strong>\u00a0wird zuverl\u00e4ssig funktionieren.<\/li>\n<li><strong>Langlebigkeit<\/strong>: Die Widerstandsf\u00e4higkeit gegen Wassersch\u00e4den verl\u00e4ngert nicht nur die Lebensdauer der Karte, sondern erspart Ihnen auch die Kosten, die mit h\u00e4ufigem Austausch verbunden w\u00e4ren.<\/li>\n<\/ul>\n<p>&nbsp;<\/p>\n<h2 style=\"text-align: center;\"><em><strong><span style=\"color: #333399;\">Kommunikationsschnittstellen<\/span><\/strong><\/em><\/h2>\n<ul>\n<li><strong>RFID und NFC<\/strong>: Betrieb mit einer Frequenz von\u00a0<strong>13,56 MHz<\/strong>, diese Karten nutzen sowohl RFID- als auch NFC-Technologien, um kontaktlose Kommunikation zu erm\u00f6glichen. Dies gew\u00e4hrleistet einen schnellen und effizienten Datenaustausch und verbessert das Benutzererlebnis bei Transaktionen.<\/li>\n<li><strong>Nahtlose Transaktionen<\/strong>: Die Integration der NFC-Technologie erm\u00f6glicht eine m\u00fchelose Interaktion. Benutzer k\u00f6nnen ihre Karte einfach an ein kompatibles Leseger\u00e4t halten und sofort die verkn\u00fcpfte URL aufrufen, die sie zu einer Website, einem Formular oder Multimedia-Inhalt weiterleiten kann.<\/li>\n<\/ul>\n<p>&nbsp;<\/p>\n<p>&nbsp;<\/p>\n<h2 style=\"text-align: center;\"><em><span style=\"color: #333399;\"><strong>Technische Spezifikationen<\/strong><\/span><\/em><\/h2>\n<p><span style=\"color: #008080;\"><strong>Damit Sie eine fundierte Entscheidung treffen k\u00f6nnen, finden Sie hier die detaillierten technischen Daten der NFC-Karte \u201eWrite URL Dynamic QR Code NTAG213\u201c:<\/strong><\/span><\/p>\n<div class=\"table-with-header rounded-lg border border-solid border-grey-line2-normal w-fit max-w-full mb-2\">\n<div class=\"overflow-x-auto custom-scrollbar custom-scrollbar-float max-w-full\">\n<table class=\"w-fit !mb-0 !max-w-none\">\n<thead>\n<tr>\n<th><strong>Attribut<\/strong><\/th>\n<th><strong>Spezifikation<\/strong><\/th>\n<\/tr>\n<\/thead>\n<tbody>\n<tr>\n<td><strong>Chip<\/strong><\/td>\n<td>NTAG213 (eingetragenes Warenzeichen von NXP\u00ae)<\/td>\n<\/tr>\n<tr>\n<td><strong>Material<\/strong><\/td>\n<td>aus PVC<\/td>\n<\/tr>\n<tr>\n<td><strong>Gr\u00f6\u00dfe<\/strong><\/td>\n<td>85,5 mm x 54 mm<\/td>\n<\/tr>\n<tr>\n<td><strong>Erinnerung<\/strong><\/td>\n<td>144 Bytes (benutzerdefinierte Optionen verf\u00fcgbar)<\/td>\n<\/tr>\n<tr>\n<td><strong>Frequenz<\/strong><\/td>\n<td>13,56 MHz<\/td>\n<\/tr>\n<tr>\n<td><strong>Druckoptionen<\/strong><\/td>\n<td>CMYK-Offsetdruck<\/td>\n<\/tr>\n<tr>\n<td><strong>Leseabstand<\/strong><\/td>\n<td>2-10 cm<\/td>\n<\/tr>\n<tr>\n<td><strong>Herkunftsort<\/strong><\/td>\n<td>Guangdong, China<\/td>\n<\/tr>\n<tr>\n<td><strong>Handwerk<\/strong><\/td>\n<td>Verschiedene Optionen: Lasercode, UV-Tinte usw.<\/td>\n<\/tr>\n<\/tbody>\n<\/table>\n<p>&nbsp;<\/p>\n<\/div>\n<\/div>\n<h2 style=\"text-align: center;\"><em><strong><span style=\"color: #333399;\">Branchen\u00fcbergreifende Anwendungen<\/span><\/strong><\/em><\/h2>\n<p><span style=\"color: #008080;\"><strong>Die NFC-Karte NTAG213 zum Beschreiben eines dynamischen QR-Codes mit URL kann in verschiedenen Branchen vielf\u00e4ltig eingesetzt werden:<\/strong><\/span><\/p>\n<ul>\n<li><strong>Einzelhandel und Marketing<\/strong>: Verwenden Sie diese Karten f\u00fcr Treueprogramme, damit Kunden einfach auf Werbelinks oder Sonderangebote zugreifen k\u00f6nnen. Die\u00a0<strong>dynamische URL<\/strong>\u00a0Funktion bedeutet, dass Sie Werbeaktionen sofort aktualisieren k\u00f6nnen, ohne neue Karten zu ben\u00f6tigen.<\/li>\n<li><strong>Veranstaltungsmanagement<\/strong>: Diese Karten eignen sich perfekt f\u00fcr Konferenzen, Konzerte oder Messen und erm\u00f6glichen \u00fcber mit dem NFC-Chip verkn\u00fcpfte QR-Codes kontaktlosen Zugriff auf Zeitpl\u00e4ne, Rednerinformationen und Veranstaltungsaktualisierungen.<\/li>\n<\/ul>","protected":false},"excerpt":{"rendered":"<p>Die NFC-Karte NTAG213 zum Beschreiben dynamischer URL-QR-Codes verbessert Gesch\u00e4ftsinteraktionen mit dynamischen URLs, NFC-Technologie, wasserdichtem Design und vielseitigen Anwendungen.<\/p>","protected":false},"featured_media":3604,"template":"","meta":[],"product_brand":[],"product_cat":[46],"product_tag":[],"class_list":{"0":"post-3602","1":"product","2":"type-product","3":"status-publish","4":"has-post-thumbnail","6":"product_cat-nfc-cards","8":"first","9":"instock","10":"shipping-taxable","11":"product-type-simple"},"_links":{"self":[{"href":"https:\/\/nfc-readers.com\/de\/wp-json\/wp\/v2\/product\/3602","targetHints":{"allow":["GET"]}}],"collection":[{"href":"https:\/\/nfc-readers.com\/de\/wp-json\/wp\/v2\/product"}],"about":[{"href":"https:\/\/nfc-readers.com\/de\/wp-json\/wp\/v2\/types\/product"}],"wp:featuredmedia":[{"embeddable":true,"href":"https:\/\/nfc-readers.com\/de\/wp-json\/wp\/v2\/media\/3604"}],"wp:attachment":[{"href":"https:\/\/nfc-readers.com\/de\/wp-json\/wp\/v2\/media?parent=3602"}],"wp:term":[{"taxonomy":"product_brand","embeddable":true,"href":"https:\/\/nfc-readers.com\/de\/wp-json\/wp\/v2\/product_brand?post=3602"},{"taxonomy":"product_cat","embeddable":true,"href":"https:\/\/nfc-readers.com\/de\/wp-json\/wp\/v2\/product_cat?post=3602"},{"taxonomy":"product_tag","embeddable":true,"href":"https:\/\/nfc-readers.com\/de\/wp-json\/wp\/v2\/product_tag?post=3602"}],"curies":[{"name":"wp","href":"https:\/\/api.w.org\/{rel}","templated":true}]}}