{"id":3610,"date":"2024-11-08T02:46:18","date_gmt":"2024-11-08T02:46:18","guid":{"rendered":"https:\/\/nfc-readers.com\/?post_type=product&#038;p=3610"},"modified":"2024-11-08T02:46:18","modified_gmt":"2024-11-08T02:46:18","slug":"nfc-soft-pvc-vinyl-wristband-card-for-rfid-fabric-wristband","status":"publish","type":"product","link":"https:\/\/nfc-readers.com\/de\/ic-reader\/nfc-soft-pvc-vinyl-wristband-card-for-rfid-fabric-wristband\/","title":{"rendered":"NFC-Armbandkarte aus weichem PVC-Vinyl f\u00fcr RFID-Stoffarmband"},"content":{"rendered":"<h1><strong>NFC-Armbandkarte aus weichem PVC-Vinyl f\u00fcr RFID-Stoffarmband<\/strong><\/h1>\n<p>&nbsp;<\/p>\n<p>In der heutigen schnelllebigen, technologiegetriebenen Welt ist die <strong>NFC-Armbandkarte aus weichem PVC-Vinyl f\u00fcr RFID-Stoffarmband<\/strong>\u00a0ist ein unverzichtbares Werkzeug f\u00fcr nahtlose Zugangskontrolle, bargeldlose Transaktionen und verbesserte Benutzererlebnisse. Diese Armb\u00e4nder aus hochwertigem Vinyl sind leicht, farbenfroh und unglaublich vielseitig, was sie perfekt f\u00fcr verschiedene Veranstaltungen wie Konzerte, Festivals, Themenparks und Firmenveranstaltungen macht. Mit einer Betriebsfrequenz von\u00a0<strong>13,56 MHz<\/strong>\u00a0und der Kompatibilit\u00e4t mit RFID- und NFC-Technologien bieten diese Armb\u00e4nder einzigartige L\u00f6sungen f\u00fcr Veranstalter und Unternehmen, die ihre Sicherheit erh\u00f6hen und ihre Abl\u00e4ufe optimieren m\u00f6chten.<\/p>\n<p>&nbsp;<\/p>\n<h3><strong>Warum sollten Sie sich f\u00fcr NFC-Armb\u00e4nder aus weichem PVC-Vinyl entscheiden?<\/strong><\/h3>\n<p>Die Investition in NFC-Armb\u00e4nder ist nicht nur ein modisches Statement, sondern auch eine funktionale Verbesserung f\u00fcr die effiziente Verwaltung von Veranstaltungen und Benutzerinteraktionen. Diese Armb\u00e4nder machen herk\u00f6mmliche Ticket- und Zugangskontrollsysteme \u00fcberfl\u00fcssig, verk\u00fcrzen Wartezeiten und verbessern das G\u00e4steerlebnis. Mit den verf\u00fcgbaren benutzerdefinierten Branding-Optionen k\u00f6nnen Unternehmen ihre Sichtbarkeit steigern und gleichzeitig eine zuverl\u00e4ssige und sichere Methode f\u00fcr bargeldlose Zahlungen bereitstellen. Egal, ob Sie Musikfestivals, Sportveranstaltungen oder Vergn\u00fcgungsparks organisieren, diese Armb\u00e4nder bieten die Zuverl\u00e4ssigkeit und Funktionalit\u00e4t, die Sie ben\u00f6tigen.<\/p>\n<p>&nbsp;<\/p>\n<h2>Merkmale der RFID- und NFC-Technologie<\/h2>\n<h3>Verbesserte Zugriffskontrolle<\/h3>\n<p>Der\u00a0<strong>RFID-Technologie<\/strong>\u00a0eingebettet in diese Armb\u00e4nder erm\u00f6glicht\u00a0<strong>schnelle Zutrittskontrolle<\/strong>\u00a0bei Veranstaltungen, um sicherzustellen, dass die Zug\u00e4nge gesichert sind und die Wartezeit der G\u00e4ste verk\u00fcrzt wird. Veranstalter k\u00f6nnen\u00a0<strong>RFID-Armb\u00e4nder<\/strong>\u00a0f\u00fcr verschiedene Funktionen, darunter:<\/p>\n<ul>\n<li><strong>VIP-Zugang<\/strong>: Unterscheiden Sie zwischen allgemeinem Zutritt und VIP-Teilnehmern f\u00fcr Sonderbereiche.<\/li>\n<li><strong>Bargeldloses Bezahlen<\/strong>: Erm\u00f6glichen Sie bargeldlose Transaktionen f\u00fcr Waren, Lebensmittel und Getr\u00e4nke vor Ort und sorgen Sie so f\u00fcr ein angenehmeres Gesamterlebnis.<\/li>\n<\/ul>\n<h3>Optimierte Abl\u00e4ufe<\/h3>\n<p>Verwenden von\u00a0<strong>NFC-Armbandtechnologie<\/strong>\u00a0rationalisiert den Veranstaltungsbetrieb erheblich. Die M\u00f6glichkeit,\u00a0<strong>Datenerfassung<\/strong>\u00a0Mithilfe dieser Ger\u00e4te k\u00f6nnen Anbieter das Verhalten und Ausgabeverhalten der Teilnehmer effektiv analysieren. Diese Informationen k\u00f6nnen dann verwendet werden, um zuk\u00fcnftige Veranstaltungen zu verbessern, Marketingstrategien zu optimieren und das Kundenerlebnis zu optimieren.<\/p>\n<p>&nbsp;<\/p>\n<h3><strong>Vorteile der Verwendung von Vinyl-Armb\u00e4ndern<\/strong><\/h3>\n<h3>Haltbarkeit und Komfort<\/h3>\n<p>Hergestellt aus hochwertigem\u00a0<strong>Vinylmaterial<\/strong>NFC-Armb\u00e4nder sind so konzipiert, dass sie den verschiedenen Elementen standhalten, die mit Festivals, Konzerten und Veranstaltungen im Freien verbunden sind. Im Gegensatz zu Papiertickets oder Stoffarmb\u00e4ndern, die leicht rei\u00dfen oder besch\u00e4digt werden k\u00f6nnen, sind Vinylarmb\u00e4nder wasserdicht, rei\u00dffest und schwei\u00dfbest\u00e4ndig, sodass sichergestellt ist, dass sie w\u00e4hrend der gesamten Veranstaltung intakt bleiben.<\/p>\n<h3>Einmalig verwendbar und manipulationssicher<\/h3>\n<p>Der\u00a0<strong>einmaliger Gebrauch<\/strong>\u00a0Die Beschaffenheit dieser Armb\u00e4nder gew\u00e4hrleistet maximale Sicherheit. Sobald ein Armband f\u00fcr den Eintritt verwendet wird, verliert es seine G\u00fcltigkeit und kann nicht wiederverwendet werden. Dies reduziert das Risiko von Ticketbetrug, der bei Gro\u00dfveranstaltungen h\u00e4ufig auftritt, erheblich. Veranstalter k\u00f6nnen sich darauf verlassen, dass ihre Verm\u00f6genswerte und Abl\u00e4ufe gesch\u00fctzt sind.<\/p>\n<p>&nbsp;<\/p>\n<h3><strong>Anpassbare Optionen f\u00fcr das Branding<\/strong><\/h3>\n<h3>Einen bleibenden Eindruck hinterlassen<\/h3>\n<p>NFC-Armb\u00e4nder bieten mehrere Anpassungsoptionen f\u00fcr Branding-Zwecke. Unternehmen k\u00f6nnen ihre Sichtbarkeit mit benutzerdefinierten\u00a0<strong>Thermotransferdruck<\/strong>, Logos, Barcodes oder QR-Codes sowohl auf den Armb\u00e4ndern als auch auf den Begleitkarten. Diese Branding-M\u00f6glichkeiten sorgen f\u00fcr einen professionellen Auftritt, der bei den G\u00e4sten einen bleibenden Eindruck hinterl\u00e4sst und die Markenbekanntheit auch nach der Veranstaltung f\u00f6rdert.<\/p>\n<h3>Marketingvorteile<\/h3>\n<p>Branding durch personalisierte Armb\u00e4nder hat sich als effektives Marketinginstrument erwiesen. Teilnehmer, die die Armb\u00e4nder Ihrer Marke tragen, werden zu wandelnden Werbetr\u00e4gern, die Ihr Logo und Ihre Designs noch lange nach Abschluss der Veranstaltung pr\u00e4sentieren. Dies erh\u00f6ht die Sichtbarkeit Ihrer Marke und k\u00f6nnte m\u00f6glicherweise neue Kunden anziehen, die Ihr Branding in unterschiedlichen Kontexten sehen.<\/p>\n<p>&nbsp;<\/p>\n<h3><strong>H\u00e4ufig gestellte Fragen (FAQs)<\/strong><\/h3>\n<h2>1. Was sind NFC-Armb\u00e4nder aus weichem PVC-Vinyl?<\/h2>\n<p>NFC-Armb\u00e4nder aus weichem PVC-Vinyl sind tragbare Technologie, die Near Field Communication (NFC) und Radio Frequency Identification (RFID) nutzt, um kontaktlose Zugangskontrolle, Datenerfassung und bargeldlose Zahlungsoptionen bei Veranstaltungen bereitzustellen. Sie bestehen aus strapazierf\u00e4higem Vinylmaterial und sind auf Benutzerkomfort und Bequemlichkeit ausgelegt.<\/p>\n<h2>2. Wie h\u00e4ufig werden diese Armb\u00e4nder getragen?<\/h2>\n<p>Diese Armb\u00e4nder arbeiten mit einer Frequenz von\u00a0<strong>13,56 MHz<\/strong>, das bei NFC- und RFID-Technologien \u00fcblich ist und Kompatibilit\u00e4t mit den meisten RFID-Leseger\u00e4ten und NFC-f\u00e4higen Ger\u00e4ten gew\u00e4hrleistet.<\/p>\n<h2>3. Sind die Armb\u00e4nder wiederverwendbar?<\/h2>\n<p>Nein, die NFC-Armb\u00e4nder aus weichem PVC-Vinyl sind f\u00fcr\u00a0<strong>zum Einmalgebrauch<\/strong>. Diese Funktion soll die Sicherheit erh\u00f6hen und das Risiko eines Ticketbetrugs minimieren, weshalb sie sich ideal f\u00fcr Veranstaltungen eignen, bei denen eine Zugangskontrolle von entscheidender Bedeutung ist.<\/p>\n<h2>4. K\u00f6nnen die Armb\u00e4nder individuell gestaltet werden?<\/h2>\n<p>Ja! Sie k\u00f6nnen die Armb\u00e4nder auf verschiedene Arten personalisieren, darunter:<\/p>\n<ul>\n<li><strong>Logodruck<\/strong><\/li>\n<li><strong>Barcodes und QR-Codes<\/strong><\/li>\n<li><strong>Farbausf\u00fchrungen<\/strong><\/li>\n<li><strong>Spezielle Herstellungstechniken<\/strong>\u00a0wie Thermotransferdruck und Lasercodierung.<\/li>\n<\/ul>\n<p>Durch diese individuelle Anpassung k\u00f6nnen Unternehmen ihr Branding verbessern und bei Veranstaltungen ein professionelles Erscheinungsbild schaffen.<\/p>","protected":false},"excerpt":{"rendered":"<p>Die NFC-Armbandkarte aus weichem PVC-Vinyl ist eine langlebige, anpassbare L\u00f6sung f\u00fcr sicheren Zugang und bargeldlose Transaktionen bei Veranstaltungen. Diese Armb\u00e4nder sind auf Komfort und Funktionalit\u00e4t ausgelegt und verbessern das Gesamterlebnis der G\u00e4ste, w\u00e4hrend sie eine zuverl\u00e4ssige Zugangskontrolle gew\u00e4hrleisten.<\/p>","protected":false},"featured_media":3611,"template":"","meta":[],"product_brand":[],"product_cat":[50],"product_tag":[],"class_list":{"0":"post-3610","1":"product","2":"type-product","3":"status-publish","4":"has-post-thumbnail","6":"product_cat-silicone-rfid-nfc-wristbands","8":"first","9":"instock","10":"shipping-taxable","11":"product-type-simple"},"_links":{"self":[{"href":"https:\/\/nfc-readers.com\/de\/wp-json\/wp\/v2\/product\/3610","targetHints":{"allow":["GET"]}}],"collection":[{"href":"https:\/\/nfc-readers.com\/de\/wp-json\/wp\/v2\/product"}],"about":[{"href":"https:\/\/nfc-readers.com\/de\/wp-json\/wp\/v2\/types\/product"}],"wp:featuredmedia":[{"embeddable":true,"href":"https:\/\/nfc-readers.com\/de\/wp-json\/wp\/v2\/media\/3611"}],"wp:attachment":[{"href":"https:\/\/nfc-readers.com\/de\/wp-json\/wp\/v2\/media?parent=3610"}],"wp:term":[{"taxonomy":"product_brand","embeddable":true,"href":"https:\/\/nfc-readers.com\/de\/wp-json\/wp\/v2\/product_brand?post=3610"},{"taxonomy":"product_cat","embeddable":true,"href":"https:\/\/nfc-readers.com\/de\/wp-json\/wp\/v2\/product_cat?post=3610"},{"taxonomy":"product_tag","embeddable":true,"href":"https:\/\/nfc-readers.com\/de\/wp-json\/wp\/v2\/product_tag?post=3610"}],"curies":[{"name":"wp","href":"https:\/\/api.w.org\/{rel}","templated":true}]}}