{"id":3626,"date":"2024-11-08T04:27:49","date_gmt":"2024-11-08T04:27:49","guid":{"rendered":"https:\/\/nfc-readers.com\/?post_type=product&#038;p=3626"},"modified":"2024-11-08T04:27:50","modified_gmt":"2024-11-08T04:27:50","slug":"concert-access-identification-tickets-nfc-elastic-wristband","status":"publish","type":"product","link":"https:\/\/nfc-readers.com\/de\/ic-reader\/concert-access-identification-tickets-nfc-elastic-wristband\/","title":{"rendered":"Konzertzugangsausweis-Tickets NFC elastisches Armband"},"content":{"rendered":"<h1 style=\"text-align: center;\"><strong>Konzertzugangsausweis-Tickets NFC elastisches Armband<\/strong><\/h1>\n<p>&nbsp;<\/p>\n<p>Dank der Einf\u00fchrung elastischer NFC-Armb\u00e4nder war es noch nie so einfach, sich in der Welt der Events und Festivals zurechtzufinden. In einer Landschaft, in der Sicherheit und Komfort immer st\u00e4rker auf Technologie angewiesen sind, <strong>NFC-Armband<\/strong> stellt einen Wendepunkt f\u00fcr die Konzertzugangsidentifikation und den Ticketverkauf dar. Diese Armb\u00e4nder werden aus langlebigen Materialien hergestellt und mit modernster RFID-Technologie ausgestattet. Sie bieten eine effiziente, problemlose L\u00f6sung f\u00fcr Veranstalter und Besucher gleicherma\u00dfen. Egal, ob Sie ein gesch\u00e4ftiges Musikfestival oder ein privates Konzert organisieren, die Investition in diese fortschrittlichen Armb\u00e4nder kann die Zugangskontrolle rationalisieren und das Gesamterlebnis der G\u00e4ste verbessern.<\/p>\n<p>&nbsp;<\/p>\n<h2><strong>Warum sollten Sie sich f\u00fcr das elastische NFC-Armband entscheiden?<\/strong><\/h2>\n<p>Das elastische NFC-Armband vereinfacht den Einlass und sorgt gleichzeitig f\u00fcr Sicherheit und Zuverl\u00e4ssigkeit. Diese Armb\u00e4nder sind wasserdicht, individuell anpassbar und mit fortschrittlicher NFC-Technologie ausgestattet, die bargeldlose Zahlungsl\u00f6sungen und schnellen Einlass erm\u00f6glicht. Durch die Integration von Funktionen, die speziell f\u00fcr Veranstaltungen mit hohem Besucheraufkommen entwickelt wurden, k\u00f6nnen Sie die Wartezeiten erheblich verk\u00fcrzen und die Sicherheit erh\u00f6hen und gleichzeitig den Teilnehmern ein unvergessliches Erlebnis bieten.<\/p>\n<p>In diesem umfassenden Leitfaden werden die verschiedenen Funktionen und Vorteile des elastischen NFC-Armbands untersucht und erl\u00e4utert, warum es f\u00fcr jede Veranstaltung eine lohnende Investition ist.<\/p>\n<p>&nbsp;<\/p>\n<h2><strong>Produktmerkmale und Vorteile<\/strong><\/h2>\n<h3>1.\u00a0<strong>Fortschrittliche RFID- und NFC-Technologie<\/strong><\/h3>\n<p>Das elastische NFC-Armband verwendet fortschrittliche\u00a0<strong>RFID<\/strong>\u00a0(Radio Frequency Identification) und\u00a0<strong>NFC<\/strong>\u00a0(Near Field Communication) Technologien, die auf einer Frequenz von\u00a0<strong>13,56 MHz<\/strong>. Diese Integration gew\u00e4hrleistet eine schnelle Kommunikation zwischen dem Armband und dem Scan-Ger\u00e4t und erm\u00f6glicht eine nahtlose Zugangskontrolle, ohne dass nach physischen Tickets gesucht werden muss.<\/p>\n<p>Die Einbeziehung beider\u00a0<strong>RFID<\/strong>\u00a0Und\u00a0<strong>NFC<\/strong>\u00a0Nuancen in Ihrem Event-Setup erm\u00f6glichen eine effiziente Datenerfassung, zuk\u00fcnftige Marketingeinblicke und verbesserte G\u00e4steerlebnisse. Beide Technologien sind nachweislich\u00a0<strong>wasserdicht<\/strong>, wodurch sie ideal f\u00fcr Konzerte und Festivals im Freien sind, bei denen unvorhergesehene Wetterbedingungen sonst zu St\u00f6rungen der Veranstaltungen f\u00fchren k\u00f6nnen.<\/p>\n<h3>2.\u00a0<strong>Anpassungsoptionen<\/strong><\/h3>\n<p>Eines der herausragenden Merkmale des\u00a0<strong>NFC-Armband<\/strong>\u00a0ist seine Anpassbarkeit. Durch\u00a0<strong>Thermotransferdruck<\/strong>Sie k\u00f6nnen diese Armb\u00e4nder mit Logos, Farben und Grafiken personalisieren, die zu Ihrer Veranstaltung passen. Egal, ob Sie eine Firmengala, ein Sommerfest oder ein Konzert organisieren: Wenn Ihr Branding sichtbar ist, erh\u00f6ht das den Wiedererkennungswert Ihrer Marke bei den Teilnehmern.<\/p>\n<p>Dar\u00fcber hinaus sind unsere Armb\u00e4nder in verschiedenen Gr\u00f6\u00dfen erh\u00e4ltlich, darunter\u00a0<strong>180x20mm<\/strong>, oder kann an Ihre spezifischen Anforderungen angepasst werden. Dieses Ma\u00df an Anpassung tr\u00e4gt dazu bei, bei Ihren Teilnehmern ein Gef\u00fchl der Zugeh\u00f6rigkeit und Identit\u00e4t zu f\u00f6rdern.<\/p>\n<h3>3.\u00a0<strong>Verbessertes G\u00e4steerlebnis<\/strong><\/h3>\n<p>Wirksam\u00a0<strong>Zutrittskontrolle<\/strong>\u00a0ist bei gro\u00dfen Veranstaltungen von entscheidender Bedeutung. Unsere elastischen NFC-Armb\u00e4nder erm\u00f6glichen eine sofortige Verifizierung, sodass G\u00e4ste die Veranstaltungsorte schnell betreten k\u00f6nnen. Indem Sie Engp\u00e4sse minimieren und Wartezeiten verk\u00fcrzen, schaffen Sie ein angenehmeres und angenehmeres Erlebnis f\u00fcr Ihr Publikum.<\/p>\n<p>Au\u00dferdem sind diese Armb\u00e4nder wiederverwendbar; sie bestehen aus strapazierf\u00e4higem\u00a0<strong>Stoff\/PVC<\/strong>\u00a0Materialien, die verschiedenen Umweltbedingungen standhalten und dabei ihre Integrit\u00e4t bewahren. Diese Widerstandsf\u00e4higkeit ist bei Veranstaltungen im Freien wichtig, bei denen die Armb\u00e4nder Wasser, Schwei\u00df oder sogar grober Handhabung ausgesetzt sein k\u00f6nnen.<\/p>\n<h3>4.\u00a0<strong>Effiziente Zahlungsl\u00f6sungen<\/strong><\/h3>\n<p>In der heutigen bargeldlosen Gesellschaft ist das Angebot\u00a0<strong>bargeldlose Zahlung<\/strong>\u00a0Optionen sind unverzichtbar geworden. Die elastischen NFC-Armb\u00e4nder erm\u00f6glichen kontaktlose Transaktionen und erm\u00f6glichen Benutzern, an Essensst\u00e4nden, Verkaufsst\u00e4nden und mehr ohne Bargeld einzukaufen. Dies verbessert nicht nur das G\u00e4steerlebnis, sondern rationalisiert auch den Veranstaltungsbetrieb, da weniger Bedenken hinsichtlich der Bargeldhandhabung bestehen.<\/p>\n<p>G\u00e4ste k\u00f6nnen ihr Armband einfach an jeder NFC-f\u00e4higen Verkaufsstelle antippen, was die Transaktionszeiten drastisch verk\u00fcrzt und sicherstellt, dass niemand beliebte Artikel verpasst!<\/p>\n<h3>5.\u00a0<strong>Sicherheit und Datenerfassung<\/strong><\/h3>\n<p>Nutzung\u00a0<strong>RFID<\/strong>\u00a0Die Technologie erh\u00f6ht die Sicherheit Ihrer Veranstaltung erheblich. In jedes Armband k\u00f6nnen eindeutige Kennungen eingebettet werden, die dabei helfen, den G\u00e4stezugang zu verfolgen und zu verwalten. Diese Technologie erm\u00f6glicht eine Echtzeit\u00fcberwachung des G\u00e4steflusses innerhalb des Veranstaltungsortes.<\/p>\n<p>Dar\u00fcber hinaus k\u00f6nnen Sie mit den Datenerfassungsfunktionen Trends analysieren, das Verhalten der Teilnehmer verstehen und dynamische Preisstrategien f\u00fcr bevorstehende Veranstaltungen implementieren. Diese Erkenntnisse k\u00f6nnen zu einer verbesserten Planung und Durchf\u00fchrung f\u00fchren f\u00fcr\u00a0<strong>RFID-Ereignisse<\/strong>\u00a0in der Zukunft.<\/p>\n<p>&nbsp;<\/p>\n<h2>Technische Spezifikationen<\/h2>\n<table class=\"w-fit !mb-0 !max-w-none\">\n<thead>\n<tr>\n<th><strong>Attribut<\/strong><\/th>\n<th><strong>Beschreibung<\/strong><\/th>\n<\/tr>\n<\/thead>\n<tbody>\n<tr>\n<td><strong>Produktname<\/strong><\/td>\n<td>Elastisches NFC-Armband<\/td>\n<\/tr>\n<tr>\n<td><strong>Material<\/strong><\/td>\n<td>Stoff\/PVC<\/td>\n<\/tr>\n<tr>\n<td><strong>Kommunikationsinterface<\/strong><\/td>\n<td>RFID, NFC<\/td>\n<\/tr>\n<tr>\n<td><strong>Frequenz<\/strong><\/td>\n<td>13,56 MHz<\/td>\n<\/tr>\n<tr>\n<td><strong>Chip-Optionen<\/strong><\/td>\n<td>Tag213\/tag215\/tag216\/2k\/4k\/8k\/tk4100\/t5577<\/td>\n<\/tr>\n<tr>\n<td><strong>Protokoll<\/strong><\/td>\n<td>ISO 14443A<\/td>\n<\/tr>\n<tr>\n<td><strong>Leseabstand<\/strong><\/td>\n<td>1-10 cm<\/td>\n<\/tr>\n<tr>\n<td><strong>Anpassung<\/strong><\/td>\n<td>Logo, Farbe, Grafik<\/td>\n<\/tr>\n<\/tbody>\n<\/table>\n<p>&nbsp;<\/p>\n<h2><strong>H\u00e4ufig gestellte Fragen (FAQs)<\/strong><\/h2>\n<h3>1.\u00a0<strong>Was ist ein elastisches NFC-Armband?<\/strong><\/h3>\n<p>Ein elastisches NFC-Armband ist ein tragbares Ger\u00e4t mit integrierter NFC- (Near Field Communication) und RFID-Technologie (Radio Frequency Identification). Es erm\u00f6glicht eine schnelle Zugangskontrolle, bargeldlose Zahlungen und Datenerfassung bei Veranstaltungen und verbessert so das Gesamterlebnis der G\u00e4ste.<\/p>\n<h3>2.\u00a0<strong>Wie funktionieren NFC-Armb\u00e4nder?<\/strong><\/h3>\n<p>NFC-Armb\u00e4nder \u00fcbertragen Daten \u00fcber Funkwellen, wenn sie in die N\u00e4he eines kompatiblen Leseger\u00e4ts gebracht werden. Dies erm\u00f6glicht kontaktlose Interaktionen, wie z. B. das Scannen des Eingangs oder die Zahlungsabwicklung, indem man das Armband einfach an einen Sensor h\u00e4lt.<\/p>\n<h3>3.\u00a0<strong>Sind NFC-Armb\u00e4nder wasserdicht?<\/strong><\/h3>\n<p>Ja, unsere elastischen NFC-Armb\u00e4nder sind wasserdicht und daher f\u00fcr den Einsatz in verschiedenen Umgebungen geeignet, einschlie\u00dflich Konzerten und Veranstaltungen im Freien, bei denen sie mit Wasser in Ber\u00fchrung kommen k\u00f6nnen.<\/p>\n<h3>4.\u00a0<strong>K\u00f6nnen die Armb\u00e4nder individuell gestaltet werden?<\/strong><\/h3>\n<p>Auf jeden Fall! Die elastischen NFC-Armb\u00e4nder k\u00f6nnen durch Thermotransferdruck mit Ihrem Logo, Ihren Farben und Grafiken personalisiert werden. Diese Personalisierung ist ideal f\u00fcr das Branding und die Verbesserung des Veranstaltungserlebnisses.<\/p>","protected":false},"excerpt":{"rendered":"<p>Der\u00a0<strong>Elastisches NFC-Armband zur Konzertzugangsidentifikation<\/strong>\u00a0ist eine innovative L\u00f6sung, die den Einlass zu Veranstaltungen vereinfacht und das G\u00e4steerlebnis verbessert. Diese anpassbaren und wasserdichten Armb\u00e4nder sind mit fortschrittlicher RFID-Technologie ausgestattet und erm\u00f6glichen eine nahtlose Zugangskontrolle und bargeldlose Zahlungen. Damit sind sie ideal f\u00fcr Konzerte und Festivals jeder Gr\u00f6\u00dfenordnung.<\/p>","protected":false},"featured_media":3627,"template":"","meta":[],"product_brand":[],"product_cat":[50],"product_tag":[],"class_list":{"0":"post-3626","1":"product","2":"type-product","3":"status-publish","4":"has-post-thumbnail","6":"product_cat-silicone-rfid-nfc-wristbands","8":"first","9":"instock","10":"shipping-taxable","11":"product-type-simple"},"_links":{"self":[{"href":"https:\/\/nfc-readers.com\/de\/wp-json\/wp\/v2\/product\/3626","targetHints":{"allow":["GET"]}}],"collection":[{"href":"https:\/\/nfc-readers.com\/de\/wp-json\/wp\/v2\/product"}],"about":[{"href":"https:\/\/nfc-readers.com\/de\/wp-json\/wp\/v2\/types\/product"}],"wp:featuredmedia":[{"embeddable":true,"href":"https:\/\/nfc-readers.com\/de\/wp-json\/wp\/v2\/media\/3627"}],"wp:attachment":[{"href":"https:\/\/nfc-readers.com\/de\/wp-json\/wp\/v2\/media?parent=3626"}],"wp:term":[{"taxonomy":"product_brand","embeddable":true,"href":"https:\/\/nfc-readers.com\/de\/wp-json\/wp\/v2\/product_brand?post=3626"},{"taxonomy":"product_cat","embeddable":true,"href":"https:\/\/nfc-readers.com\/de\/wp-json\/wp\/v2\/product_cat?post=3626"},{"taxonomy":"product_tag","embeddable":true,"href":"https:\/\/nfc-readers.com\/de\/wp-json\/wp\/v2\/product_tag?post=3626"}],"curies":[{"name":"wp","href":"https:\/\/api.w.org\/{rel}","templated":true}]}}