{"id":3633,"date":"2024-11-08T04:33:33","date_gmt":"2024-11-08T04:33:33","guid":{"rendered":"https:\/\/nfc-readers.com\/?post_type=product&#038;p=3633"},"modified":"2024-11-08T04:33:34","modified_gmt":"2024-11-08T04:33:34","slug":"rfid-wristband-elastic-nfc-rfid-tag-access-control-identification","status":"publish","type":"product","link":"https:\/\/nfc-readers.com\/de\/ic-reader\/rfid-wristband-elastic-nfc-rfid-tag-access-control-identification\/","title":{"rendered":"RFID-Armband Elastisches NFC-RFID-Tag Zugangskontrolle Identifikation"},"content":{"rendered":"<h1 style=\"text-align: center;\"><strong>RFID-Armband Elastisches NFC-RFID-Tag Zugangskontrolle Identifikation<\/strong><\/h1>\n<p>Der <strong>RFID-Armband<\/strong>\u00a0ver\u00e4ndert die Art und Weise, wie Organisationen Zugangskontrolle und Identifikation bei Veranstaltungen, Festivals und Veranstaltungsorten verwalten. Mit seinen fortschrittlichen\u00a0<strong>NFC-Technologie<\/strong>,\u00a0<strong>wasserdichte Materialien<\/strong>und anpassbaren Funktionen ist dieses elastische Armband nicht nur funktional, sondern auch auf Langlebigkeit und Stil ausgelegt. Es kombiniert effizient Sicherheitsma\u00dfnahmen mit benutzerfreundlichen Funktionen und bietet Veranstaltern eine optimierte L\u00f6sung f\u00fcr die Verwaltung gro\u00dfer Menschenmengen und verbessert gleichzeitig das G\u00e4steerlebnis.<\/p>\n<p>&nbsp;<\/p>\n<h2><strong>Warum sollten Sie sich f\u00fcr das RFID-Armband entscheiden?<\/strong><\/h2>\n<p>Die Investition in eine\u00a0<strong>RFID-Armband<\/strong>\u00a0bietet zahlreiche Vorteile f\u00fcr Veranstalter und Teilnehmer. Mit Funktionen, die es erm\u00f6glichen\u00a0<strong>bargeldloses Bezahlen<\/strong>\u00a0Und\u00a0<strong>Schnellerfassung<\/strong>Diese Armb\u00e4nder sind speziell f\u00fcr Veranstaltungen konzipiert, bei denen erh\u00f6hte Sicherheit und Effizienz erforderlich sind. Egal, ob Sie eine\u00a0<strong>Musikfestival<\/strong>, einer Firmenveranstaltung oder einem Freizeitpark bietet das RFID-Armband ein Ma\u00df an Zug\u00e4nglichkeit und Sicherheit, das herk\u00f6mmliche Tickets nicht bieten k\u00f6nnen.<\/p>\n<h3>Produktvorteile:<\/h3>\n<ul>\n<li><strong>Verbesserte Sicherheit<\/strong>: Das RFID-Armband stellt sicher, dass nur autorisierte Personen Zutritt erhalten und reduziert das Risiko eines unbefugten Zutritts.<\/li>\n<li><strong>Optimierte Abl\u00e4ufe<\/strong>: Erm\u00f6glicht schnelles Ein- und Aussteigen und minimiert Staus an Zugangspunkten.<\/li>\n<li><strong>Vielseitige Anwendung<\/strong>: Geeignet f\u00fcr Veranstaltungen jeder Gr\u00f6\u00dfe, vom Festival bis zur Zugangskontrolle im Fitnessstudio.<\/li>\n<li><strong>Benutzerdefiniertes Branding<\/strong>: Personalisieren Sie Armb\u00e4nder mit einzigartigen Designs, Logos und Farben, um die Markensichtbarkeit zu verbessern.<\/li>\n<\/ul>\n<p>&nbsp;<\/p>\n<h3><strong>Merkmale des RFID-Armbands<\/strong><\/h3>\n<p>Der\u00a0<strong>RFID-Armband<\/strong>\u00a0verf\u00fcgt \u00fcber eine Vielzahl von Sonderfunktionen, die eine einwandfreie Zugangskontrolle gew\u00e4hrleisten. Diese Armb\u00e4nder sind\u00a0<strong>wasserdicht<\/strong>, was einen zuverl\u00e4ssigen Betrieb auch bei unvorhersehbaren Wetterbedingungen gew\u00e4hrleistet. Betrieb mit einer Frequenz von\u00a0<strong>13,56 MHz<\/strong>\u00a0und mithilfe der\u00a0<strong>ISO 14443A-Protokoll<\/strong>, diese Armb\u00e4nder nutzen\u00a0<strong>NTAG213-Chips<\/strong>\u00a0mit einer Speicherkapazit\u00e4t von\u00a0<strong>144 Byte<\/strong>.<\/p>\n<p>Das Armband kommuniziert \u00fcber\u00a0<strong>NFC<\/strong>\u00a0(Near Field Communication)-Technologie, die eine schnelle Interaktion erm\u00f6glicht, wenn sie von RFID-Leseger\u00e4ten in einer Lesereichweite von\u00a0<strong>1-10 cm<\/strong>. Das bedeutet, dass G\u00e4ste die Veranstaltungsorte schnell betreten k\u00f6nnen, indem sie einfach ihr Armband an einem Leseger\u00e4t antippen, was den Verkehrsfluss an den Eing\u00e4ngen deutlich verbessert.<\/p>\n<p>&nbsp;<\/p>\n<h3><strong>Technische Spezifikationen<\/strong><\/h3>\n<table class=\"w-fit !mb-0 !max-w-none\" style=\"height: 463px;\" width=\"472\">\n<thead>\n<tr>\n<th><strong>Attribut<\/strong><\/th>\n<th><strong>Details<\/strong><\/th>\n<\/tr>\n<\/thead>\n<tbody>\n<tr>\n<td><strong>Produktname<\/strong><\/td>\n<td>RFID-Armband<\/td>\n<\/tr>\n<tr>\n<td><strong>Markenname<\/strong><\/td>\n<td>Shunxin<\/td>\n<\/tr>\n<tr>\n<td><strong>Modell-Nr<\/strong><\/td>\n<td>SX-Armband<\/td>\n<\/tr>\n<tr>\n<td><strong>Material<\/strong><\/td>\n<td>Stoff<\/td>\n<\/tr>\n<tr>\n<td><strong>Gr\u00f6\u00dfe<\/strong><\/td>\n<td>180 * 20 mm<\/td>\n<\/tr>\n<tr>\n<td><strong>Chip<\/strong><\/td>\n<td>NTAG213<\/td>\n<\/tr>\n<tr>\n<td><strong>Erinnerung<\/strong><\/td>\n<td>144 Byte<\/td>\n<\/tr>\n<tr>\n<td><strong>Kommunikationsinterface<\/strong><\/td>\n<td>RFID, NFC<\/td>\n<\/tr>\n<tr>\n<td><strong>Frequenz<\/strong><\/td>\n<td>13,56 MHz<\/td>\n<\/tr>\n<tr>\n<td><strong>Protokoll<\/strong><\/td>\n<td>ISO 14443A<\/td>\n<\/tr>\n<tr>\n<td><strong>Leseabstand<\/strong><\/td>\n<td>1 \u2013 10 cm<\/td>\n<\/tr>\n<tr>\n<td><strong>Vorlaufzeit<\/strong><\/td>\n<td>8 \u2013 12 Werktage<\/td>\n<\/tr>\n<tr>\n<td><strong>Drucken<\/strong><\/td>\n<td>Thermotransferdruck<\/td>\n<\/tr>\n<tr>\n<td><strong>Verpackung<\/strong><\/td>\n<td>200 St\u00fcck\/Innenkarton, 25 Kartons\/Karton<\/td>\n<\/tr>\n<tr>\n<td><strong>Kartongr\u00f6\u00dfe<\/strong><\/td>\n<td>48 * 22,5 * 30 cm<\/td>\n<\/tr>\n<tr>\n<td><strong>Bruttogewicht<\/strong><\/td>\n<td>0,010 kg<\/td>\n<\/tr>\n<tr>\n<td><strong>Einzelpaketgr\u00f6\u00dfe<\/strong><\/td>\n<td>35 * 1,5 * 0,02 cm<\/td>\n<\/tr>\n<\/tbody>\n<\/table>\n<p>&nbsp;<\/p>\n<h2><strong>H\u00e4ufig gestellte Fragen (FAQs)<\/strong><\/h2>\n<h3>1. Was ist ein RFID-Armband?<\/h3>\n<p>Ein\u00a0<strong>RFID-Armband<\/strong>\u00a0ist ein tragbares Ger\u00e4t mit RFID-Technologie (Radio Frequency Identification), das haupts\u00e4chlich f\u00fcr die Zugangskontrolle, bargeldlose Zahlungen und die Identifizierung bei Veranstaltungen wie Konzerten, Festivals und Freizeitveranstaltungen verwendet wird.<\/p>\n<h3>2. Wie funktioniert die RFID-Technologie?<\/h3>\n<p>Die RFID-Technologie verwendet Funkwellen, um Daten vom Armband an ein Leseger\u00e4t zu \u00fcbertragen. Wenn das Armband in den Lesebereich (1-10 cm) kommt, kommuniziert es automatisch mit dem Leseger\u00e4t und erm\u00f6glicht so schnellen und sicheren Zugang oder Transaktionen.<\/p>\n<h3>3. Welche Vorteile bietet die Verwendung von RFID-Armb\u00e4ndern gegen\u00fcber herk\u00f6mmlichen Tickets?<\/h3>\n<p>RFID-Armb\u00e4nder bieten mehrere Vorteile:<\/p>\n<ul>\n<li><strong>Schnellerer Einstieg<\/strong>: Teilnehmer k\u00f6nnen f\u00fcr schnellen Zutritt auf ihr Armband tippen, was Warteschlangen und Wartezeiten verk\u00fcrzt.<\/li>\n<li><strong>Verbesserte Sicherheit<\/strong>: Die Nutzung von RFID-Armb\u00e4ndern durch Unbefugte ist nicht m\u00f6glich, da jedes Armband eine individuelle Codierung besitzt.<\/li>\n<li><strong>Bargeldlose Transaktionen<\/strong>: Viele Armb\u00e4nder erm\u00f6glichen bargeldloses Bezahlen von Lebensmitteln, Waren und Dienstleistungen und verbessern so das Benutzererlebnis.<\/li>\n<li><strong>Datenerfassung<\/strong>: Veranstalter k\u00f6nnen wertvolle Analysen \u00fcber das Verhalten und die Pr\u00e4ferenzen der Besucher sammeln.<\/li>\n<\/ul>\n<h3>4. Sind RFID-Armb\u00e4nder wasserdicht?<\/h3>\n<p>Ja, unsere RFID-Armb\u00e4nder sind so konzipiert, dass sie\u00a0<strong>wasserdicht<\/strong>\u00a0Und\u00a0<strong>wetterfest<\/strong>, wodurch sie f\u00fcr Veranstaltungen und Aktivit\u00e4ten im Freien geeignet sind.<\/p>","protected":false},"excerpt":{"rendered":"<p>Das RFID-Armband kombiniert elastischen Komfort mit fortschrittlicher NFC-Technologie f\u00fcr eine effiziente Zugangskontrolle und Identifizierung. Es ist perfekt f\u00fcr Veranstaltungen und bietet Sicherheit und Komfort in einem anpassbaren Design.<\/p>","protected":false},"featured_media":3634,"template":"","meta":[],"product_brand":[],"product_cat":[50],"product_tag":[],"class_list":{"0":"post-3633","1":"product","2":"type-product","3":"status-publish","4":"has-post-thumbnail","6":"product_cat-silicone-rfid-nfc-wristbands","8":"first","9":"instock","10":"shipping-taxable","11":"product-type-simple"},"_links":{"self":[{"href":"https:\/\/nfc-readers.com\/de\/wp-json\/wp\/v2\/product\/3633","targetHints":{"allow":["GET"]}}],"collection":[{"href":"https:\/\/nfc-readers.com\/de\/wp-json\/wp\/v2\/product"}],"about":[{"href":"https:\/\/nfc-readers.com\/de\/wp-json\/wp\/v2\/types\/product"}],"wp:featuredmedia":[{"embeddable":true,"href":"https:\/\/nfc-readers.com\/de\/wp-json\/wp\/v2\/media\/3634"}],"wp:attachment":[{"href":"https:\/\/nfc-readers.com\/de\/wp-json\/wp\/v2\/media?parent=3633"}],"wp:term":[{"taxonomy":"product_brand","embeddable":true,"href":"https:\/\/nfc-readers.com\/de\/wp-json\/wp\/v2\/product_brand?post=3633"},{"taxonomy":"product_cat","embeddable":true,"href":"https:\/\/nfc-readers.com\/de\/wp-json\/wp\/v2\/product_cat?post=3633"},{"taxonomy":"product_tag","embeddable":true,"href":"https:\/\/nfc-readers.com\/de\/wp-json\/wp\/v2\/product_tag?post=3633"}],"curies":[{"name":"wp","href":"https:\/\/api.w.org\/{rel}","templated":true}]}}