{"id":3647,"date":"2024-11-08T04:47:36","date_gmt":"2024-11-08T04:47:36","guid":{"rendered":"https:\/\/nfc-readers.com\/?post_type=product&#038;p=3647"},"modified":"2024-11-08T04:47:36","modified_gmt":"2024-11-08T04:47:36","slug":"custom-laser-logo-waterproof-silicone-m1-nfc-rubber-wristband","status":"publish","type":"product","link":"https:\/\/nfc-readers.com\/de\/ic-reader\/custom-laser-logo-waterproof-silicone-m1-nfc-rubber-wristband\/","title":{"rendered":"Wasserdichtes M1 NFC-Armband aus Silikon mit individuellem Laserlogo"},"content":{"rendered":"<h1 style=\"text-align: center;\"><strong>Wasserdichtes M1 NFC-Armband aus Silikon mit individuellem Laserlogo<\/strong><\/h1>\n<p>&nbsp;<\/p>\n<p>Der <strong>Benutzerdefiniertes Laserlogo Wasserdichtes Silikon M1 NFC Gummiarmband<\/strong>\u00a0ist eine hochmoderne L\u00f6sung f\u00fcr alle, die eine ideale Kombination aus Funktionalit\u00e4t, Stil und Branding suchen. Dieses RFID-Armband aus strapazierf\u00e4higem Silikon integriert nahtlos fortschrittliche NFC-Technologie und bietet ein nahtloses Benutzererlebnis bei der Zugangskontrolle und bargeldlosen Transaktionen. Mit anpassbaren Logooptionen dient es nicht nur als praktisches Accessoire, sondern auch als Branding-M\u00f6glichkeit f\u00fcr Veranstaltungen, Konzerte und Festivals.<\/p>\n<p>In einer Welt, in der Komfort und Sicherheit Hand in Hand gehen, steigert die Investition in unsere NFC-Armb\u00e4nder die Funktionalit\u00e4t Ihrer Veranstaltungen und sorgt gleichzeitig f\u00fcr ein professionelles Erscheinungsbild. Egal, ob Sie Ihre Zugangskontrollsysteme verbessern oder unvergessliche Markenerlebnisse f\u00fcr Ihre G\u00e4ste schaffen m\u00f6chten, dieses Armband ist die perfekte Wahl. Es ist wasserdicht und f\u00fcr verschiedene Au\u00dfenbedingungen geeignet, sodass es f\u00fcr verschiedene Veranstaltungen geeignet ist.<\/p>\n<p>&nbsp;<\/p>\n<h2>Produkteigenschaften<\/h2>\n<p>Der\u00a0<strong>Silikon M1 NFC Gummiarmband<\/strong>\u00a0bietet eine Reihe von Funktionen, die sowohl auf Einzelbenutzer als auch auf Organisationen zugeschnitten sind, die ihr Veranstaltungserlebnis verbessern m\u00f6chten.<\/p>\n<p><strong>1. Wasserdichtes und wetterfestes Design:<\/strong><br \/>\nAnders als herk\u00f6mmliche Armb\u00e4nder sorgt dieses RFID-Armband aus Silikon daf\u00fcr, dass Ihre Daten auch bei N\u00e4sse sicher und unversehrt bleiben. Diese Funktion ist f\u00fcr Veranstaltungen bei unvorhersehbarem Wetter oder f\u00fcr Aktivit\u00e4ten mit Wasser, wie Wasserparks oder Musikfestivals, von entscheidender Bedeutung.<\/p>\n<p><strong>2. \u00dcberlegene Leseentfernung:<\/strong><br \/>\nUnterst\u00fctzt durch RFID-Technologie haben diese Armb\u00e4nder eine Lesereichweite von 1-10 cm, was ein schnelles Scannen und Zutritt erm\u00f6glicht. Egal, ob Sie eine gro\u00dfe Menschenmenge auf einem Festival verwalten oder einen einfachen Zutritt zu einem Veranstaltungsort gew\u00e4hrleisten m\u00f6chten, die\u00a0<strong>RFID-Armbandtechnologie<\/strong>\u00a0funktioniert reibungslos, um die Wartezeiten zu verk\u00fcrzen und das G\u00e4steerlebnis zu verbessern.<\/p>\n<p>&nbsp;<\/p>\n<h2>Material und Design<\/h2>\n<p>Hergestellt aus hochwertigem\u00a0<strong>Silikon<\/strong>bietet dieses Armband Flexibilit\u00e4t und Komfort f\u00fcr den Tr\u00e4ger. Durch sein leichtes Design eignet es sich f\u00fcr langes Tragen ohne Beschwerden. Dar\u00fcber hinaus ist das\u00a0<strong>anpassbar<\/strong>\u00a0Die Beschaffenheit des Armbandes erm\u00f6glicht es, es an jede gew\u00fcnschte Gr\u00f6\u00dfe anzupassen, was es ideal f\u00fcr unterschiedliche Benutzer macht, von Kindern bis zu Erwachsenen.<\/p>\n<ul>\n<li><strong>Angenehmes Tragen:<\/strong>\u00a0Anders als Armb\u00e4nder aus Vinyl oder Stoff f\u00fchlt sich Silikon weich auf der Haut an und ist daher ideal f\u00fcr das ganzt\u00e4gige Tragen.<\/li>\n<li><strong>Widerstandsf\u00e4higes Material:<\/strong>\u00a0Die Langlebigkeit von Silikon sorgt daf\u00fcr, dass Ihr Armband nicht so schnell besch\u00e4digt wird, was besonders bei mehrt\u00e4gigen Veranstaltungen wichtig ist.<\/li>\n<\/ul>\n<p>&nbsp;<\/p>\n<h2>NFC- und RFID-Technologie<\/h2>\n<p>Die Kombination aus beidem\u00a0<strong>NFC<\/strong>\u00a0Und\u00a0<strong>RFID<\/strong>\u00a0Funktionen, dieses Armband spiegelt die neuesten Fortschritte in\u00a0<strong>RFID-Technologie<\/strong>.<\/p>\n<ul>\n<li><strong>Frequenz:<\/strong>\u00a0Betrieb mit einer Frequenz von\u00a0<strong>13,56 MHz<\/strong>Diese Armb\u00e4nder nutzen die N\u00e4herungskommunikation. Sie k\u00f6nnen f\u00fcr verschiedene Anwendungen programmiert werden, von bargeldlosen Zahlungen bis hin zum Zutrittszugang.<\/li>\n<li><strong>Protokollkonformit\u00e4t:<\/strong>\u00a0Die Armb\u00e4nder haften\u00a0<strong>ISO 14443A<\/strong>\u00a0Protokoll, das die Kompatibilit\u00e4t mit einer Vielzahl von NFC-Leseger\u00e4ten gew\u00e4hrleistet. Dies bietet Benutzern die Freiheit, es plattform\u00fcbergreifend zu verwenden, was es zu einem unsch\u00e4tzbaren Vorteil f\u00fcr verschiedene Arten von Veranstaltungen macht.<\/li>\n<\/ul>\n<p>&nbsp;<\/p>\n<h2>Benutzerdefinierte Branding-Optionen<\/h2>\n<p>Unsere Armb\u00e4nder k\u00f6nnen mit einem\u00a0<strong>individuelles Logo<\/strong>, sodass Unternehmen die Sichtbarkeit ihrer Marke in jeder Umgebung verbessern k\u00f6nnen.<\/p>\n<ul>\n<li><strong>Siebdruck:<\/strong>\u00a0Ihr Logo kann mithilfe hochwertiger Siebdrucktechniken prominent auf dem Armband angezeigt werden. Dies sorgt nicht nur f\u00fcr leuchtende Farben, sondern auch f\u00fcr Langlebigkeit gegen Abnutzung.<\/li>\n<li><strong>Laseranpassung:<\/strong>\u00a0Dar\u00fcber hinaus bieten wir individuelle Lasergravuren f\u00fcr eine dauerhaftere Markenl\u00f6sung an, die daf\u00fcr sorgt, dass Ihr Logo wirkungsvoll hervorsticht.<\/li>\n<\/ul>\n<p>&nbsp;<\/p>\n<h2>Einsatzm\u00f6glichkeiten des Armbandes<\/h2>\n<p>Der\u00a0<strong>Benutzerdefiniertes Laserlogo Wasserdichtes Silikon M1 NFC Gummiarmband<\/strong>\u00a0ist vielseitig und branchen- und event\u00fcbergreifend einsetzbar.<\/p>\n<ul>\n<li><strong>Zugangskontrollsysteme:<\/strong>\u00a0Ideal f\u00fcr\u00a0<strong>Veranstalter<\/strong>, diese Armb\u00e4nder vereinfachen den Einlass und erm\u00f6glichen\u00a0<strong>schnelle Zutrittskontrolle<\/strong>\u00a0und erh\u00f6hte Sicherheit durch manipulationssichere Designs.<\/li>\n<li><strong>Bargeldloses Bezahlen:<\/strong>\u00a0Mit dem Aufkommen bargeldloser Transaktionen erm\u00f6glicht der Einsatz der NFC-Technologie einen reibungslosen Ablauf an den Verkaufsstellen, verringert den Bargeldbedarf und verbessert die Transaktionsgeschwindigkeit.<\/li>\n<\/ul>\n<p>&nbsp;<\/p>\n<h2>H\u00e4ufig gestellte Fragen (FAQs)<\/h2>\n<p>Hier sind einige h\u00e4ufige Fragen und Antworten zum\u00a0<strong>Benutzerdefiniertes Laserlogo Wasserdichtes Silikon M1 NFC Gummiarmband<\/strong>. Wenn Sie weitere Fragen haben, z\u00f6gern Sie bitte nicht, sich an uns zu wenden!<\/p>\n<h3>1.\u00a0<strong>Was ist der Haupteinsatzzweck von RFID-Armb\u00e4ndern?<\/strong><\/h3>\n<p>RFID-Armb\u00e4nder werden vor allem f\u00fcr die Zugangskontrolle, bargeldlose Zahlungen und das G\u00e4stemanagement bei Veranstaltungen wie Konzerten, Festivals und Wasserparks verwendet. Sie helfen dabei, Abl\u00e4ufe zu optimieren, Wartezeiten zu minimieren und das Gesamterlebnis der G\u00e4ste zu verbessern.<\/p>\n<h3>2.\u00a0<strong>K\u00f6nnen wir die Armb\u00e4nder individuell gestalten?<\/strong><\/h3>\n<p>Ja! Unsere Armb\u00e4nder k\u00f6nnen vollst\u00e4ndig mit Ihrem Logo oder Ihrer Markenbotschaft personalisiert werden. Wir bieten Optionen f\u00fcr Siebdruck und Lasergravur, um Ihren Markenanforderungen gerecht zu werden.<\/p>\n<h3>3.\u00a0<strong>Aus welchen Materialien bestehen die Armb\u00e4nder?<\/strong><\/h3>\n<p>Die Armb\u00e4nder bestehen aus hochwertigem, weichem Silikon, das auch bei l\u00e4ngerem Tragen einen hohen Tragekomfort gew\u00e4hrleistet. Sie sind au\u00dferdem wasserdicht und wetterfest und eignen sich daher f\u00fcr den Au\u00dfenbereich und anspruchsvolle Umgebungen.<\/p>\n<h3>4.\u00a0<strong>Welche Technologie verwenden diese Armb\u00e4nder?<\/strong><\/h3>\n<p>Die Armb\u00e4nder nutzen beide\u00a0<strong>NFC (Nahfeldkommunikation)<\/strong>\u00a0Und\u00a0<strong>RFID (Radiofrequenz-Identifikation)<\/strong>\u00a0Technologie, die mit einer Frequenz von\u00a0<strong>13,56 MHz<\/strong>. Dies erm\u00f6glicht ein schnelles und effizientes Scannen.<\/p>\n<h3>5.\u00a0<strong>Wie stelle ich sicher, dass die Armb\u00e4nder verschiedenen Benutzern passen?<\/strong><\/h3>\n<p>Damit die Armb\u00e4nder f\u00fcr verschiedene Benutzer bequem passen, bieten wir individuelle Gr\u00f6\u00dfen an. Das flexible Silikonmaterial passt sich zudem verschiedenen Handgelenkgr\u00f6\u00dfen an.<\/p>\n<p>&nbsp;<\/p>","protected":false},"excerpt":{"rendered":"<p>Das wasserdichte M1 NFC-Gummiarmband aus Silikon mit individuellem Laserlogo vereint Strapazierf\u00e4higkeit mit fortschrittlicher NFC-Technologie und ist somit ideal f\u00fcr Veranstaltungen und bargeldlose Transaktionen. Personalisieren Sie es mit Ihrem Logo f\u00fcr verbessertes Branding und Sichtbarkeit!<\/p>","protected":false},"featured_media":3648,"template":"","meta":[],"product_brand":[],"product_cat":[50],"product_tag":[],"class_list":{"0":"post-3647","1":"product","2":"type-product","3":"status-publish","4":"has-post-thumbnail","6":"product_cat-silicone-rfid-nfc-wristbands","8":"first","9":"instock","10":"shipping-taxable","11":"product-type-simple"},"_links":{"self":[{"href":"https:\/\/nfc-readers.com\/de\/wp-json\/wp\/v2\/product\/3647","targetHints":{"allow":["GET"]}}],"collection":[{"href":"https:\/\/nfc-readers.com\/de\/wp-json\/wp\/v2\/product"}],"about":[{"href":"https:\/\/nfc-readers.com\/de\/wp-json\/wp\/v2\/types\/product"}],"wp:featuredmedia":[{"embeddable":true,"href":"https:\/\/nfc-readers.com\/de\/wp-json\/wp\/v2\/media\/3648"}],"wp:attachment":[{"href":"https:\/\/nfc-readers.com\/de\/wp-json\/wp\/v2\/media?parent=3647"}],"wp:term":[{"taxonomy":"product_brand","embeddable":true,"href":"https:\/\/nfc-readers.com\/de\/wp-json\/wp\/v2\/product_brand?post=3647"},{"taxonomy":"product_cat","embeddable":true,"href":"https:\/\/nfc-readers.com\/de\/wp-json\/wp\/v2\/product_cat?post=3647"},{"taxonomy":"product_tag","embeddable":true,"href":"https:\/\/nfc-readers.com\/de\/wp-json\/wp\/v2\/product_tag?post=3647"}],"curies":[{"name":"wp","href":"https:\/\/api.w.org\/{rel}","templated":true}]}}