{"id":3654,"date":"2024-11-10T06:01:49","date_gmt":"2024-11-10T06:01:49","guid":{"rendered":"https:\/\/nfc-readers.com\/?post_type=product&#038;p=3654"},"modified":"2024-11-10T06:01:49","modified_gmt":"2024-11-10T06:01:49","slug":"passive-iso-15693-protocol-5050mm-nfc-rfid-sticker","status":"publish","type":"product","link":"https:\/\/nfc-readers.com\/de\/ic-reader\/passive-iso-15693-protocol-5050mm-nfc-rfid-sticker\/","title":{"rendered":"Passiver 50 x 50 mm NFC-RFID-Aufkleber mit ISO 15693-Protokoll"},"content":{"rendered":"<h1 style=\"text-align: center;\"><strong>Passiver 50 x 50 mm NFC-RFID-Aufkleber mit ISO 15693-Protokoll<\/strong><\/h1>\n<p>&nbsp;<\/p>\n<p>Einf\u00fchrung der <strong>Passiver 50 x 50 mm NFC-RFID-Aufkleber mit ISO 15693-Protokoll<\/strong>\u00a0\u2013 eine kompakte und dennoch leistungsstarke L\u00f6sung f\u00fcr verschiedene Anwendungen, alles in einem praktischen und vielseitigen Design. Dieser NFC-Aufkleber eignet sich perfekt f\u00fcr die Bibliotheksverwaltung, den Ticketverkauf f\u00fcr Vergn\u00fcgungsparks und mehr und nutzt fortschrittliche RFID-Technologie, um effiziente Daten\u00fcbertragung und Tracking-Funktionen zu bieten. Er ist wasserdicht und auf Langlebigkeit ausgelegt und eine ausgezeichnete Wahl f\u00fcr Unternehmen, die Qualit\u00e4t, Zuverl\u00e4ssigkeit und Vielseitigkeit suchen.<\/p>\n<p>&nbsp;<\/p>\n<h2>Produktvorteile<\/h2>\n<p>Der passive NFC-RFID-Aufkleber mit ISO 15693-Protokoll bietet zahlreiche Vorteile:<\/p>\n<ul>\n<li><strong>Haltbarkeit:<\/strong>\u00a0Dieser Aufkleber besteht aus robusten Materialien wie PET und beschichtetem Papier und h\u00e4lt unterschiedlichen Umweltbedingungen stand.<\/li>\n<li><strong>Hohe Leistung:<\/strong>\u00a0Mit einer Kommunikationsschnittstellenfrequenz von 13,56 MHz gew\u00e4hrleistet es einen schnellen und effizienten Datenaustausch.<\/li>\n<li><strong>Sicherheit:<\/strong>\u00a0Funktionen wie der 32-Bit-Passwortschutz sch\u00fctzen Ihre Daten und machen es perfekt f\u00fcr sensible Anwendungen.<\/li>\n<\/ul>\n<p>Durch die Investition in diesen NFC-Sticker verbessern Sie Ihren Gesch\u00e4ftsbetrieb mit einem zuverl\u00e4ssigen Produkt, das den modernen Anforderungen an die Daten\u00fcbertragung gerecht wird.<\/p>\n<p>&nbsp;<\/p>\n<h3>Sicherheitsfunktionen: EAS-Schutz und Passwortsicherheit<\/h3>\n<p>Sicherheit ist in der heutigen technikorientierten Welt ein vorrangiges Anliegen. Der passive ISO 15693 NFC-RFID-Aufkleber verf\u00fcgt \u00fcber verschiedene Sicherheitsfunktionen.<\/p>\n<h4>EAS-Schutz<\/h4>\n<p>ausgestattet mit\u00a0<strong>EAS-Schutz<\/strong>Der Aufkleber kann Diebstahl und unbefugten Zugriff auf Informationen verhindern. Diese zus\u00e4tzliche Sicherheitsebene ist f\u00fcr sensible Anwendungen unerl\u00e4sslich und stellt sicher, dass Ihre Daten effektiv gesch\u00fctzt sind.<\/p>\n<h4>32-Bit-Passwortschutz<\/h4>\n<p>Der\u00a0<strong>32-Bit-Passwortschutz<\/strong>\u00a0Die Funktion bietet eine zus\u00e4tzliche Sicherheitsebene, mit der Benutzer den Zugriff einschr\u00e4nken und sicherstellen k\u00f6nnen, dass nur autorisiertes Personal Daten auf dem Aufkleber lesen oder darauf schreiben kann. Dies ist insbesondere in Umgebungen wertvoll, in denen vertrauliche Informationen verarbeitet werden.<\/p>\n<p>&nbsp;<\/p>\n<h3>Druckfunktionen f\u00fcr individuelles Branding<\/h3>\n<p>Mithilfe der Anpassungsoptionen f\u00fcr den Druck k\u00f6nnen Unternehmen die Sichtbarkeit ihrer Marke erh\u00f6hen, w\u00e4hrend sie den passiven ISO 15693 NFC-RFID-Aufkleber verwenden.<\/p>\n<h4>CMYK-Offsetdruck<\/h4>\n<p>Nutzung\u00a0<strong>CMYK-Offsetdruck<\/strong>Der Aufkleber kann mit leuchtenden Farben und hochwertigen Bildern bedruckt werden. Dadurch eignet er sich perfekt f\u00fcr Branding, Werbematerialien oder alle anderen Anforderungen an die visuelle Identit\u00e4t.<\/p>\n<h4>Anpassungsoptionen<\/h4>\n<p>Unternehmen k\u00f6nnen ihre Logos, Designs oder andere wertvolle Informationen direkt auf den NFC-Aufkleber drucken. Dies erh\u00f6ht den Wiedererkennungswert der Marke und macht ihn zu einer bevorzugten Wahl f\u00fcr Werbeartikel oder Veranstaltungsausweise.<\/p>\n<p>&nbsp;<\/p>\n<h1>H\u00e4ufig gestellte Fragen (FAQs) zum passiven ISO 15693 NFC RFID Sticker<\/h1>\n<p>Nachfolgend finden Sie eine umfassende Liste h\u00e4ufig gestellter Fragen zum passiven ISO 15693 NFC-RFID-Aufkleber, die auf Bedenken hinsichtlich seiner Funktionalit\u00e4t, Anwendungen und Spezifikationen eingehen.<\/p>\n<h2>Allgemeine Fragen<\/h2>\n<h3>1. Was ist ein NFC-RFID-Aufkleber?<\/h3>\n<p>Ein\u00a0<strong>NFC RFID-Aufkleber<\/strong>\u00a0ist ein kleines, selbstklebendes Etikett mit einem RFID-Chip (Radio Frequency Identification). Es erm\u00f6glicht die drahtlose Daten\u00fcbertragung, wenn es mit einem NFC-f\u00e4higen Ger\u00e4t wie einem Smartphone oder einem RFID-Leseger\u00e4t gescannt wird.<\/p>\n<h3>2. Was sind die typischen Anwendungsgebiete dieses Aufklebers?<\/h3>\n<p>Der passive ISO 15693 NFC-RFID-Aufkleber ist vielseitig und kann in verschiedenen Anwendungen eingesetzt werden, darunter:<\/p>\n<ul>\n<li>Bibliotheksverwaltung<\/li>\n<li>Ticketverkauf f\u00fcr Vergn\u00fcgungsparks<\/li>\n<li>Bestandsverfolgung<\/li>\n<li>Zutrittskontrolle<\/li>\n<li>Pers\u00f6nliche Identifikation<\/li>\n<\/ul>","protected":false},"excerpt":{"rendered":"<p>Der passive NFC-RFID-Aufkleber mit ISO 15693-Protokoll (50 x 50 mm) ist ein langlebiger und wasserdichter Aufkleber, der f\u00fcr eine effiziente Daten\u00fcbertragung und -verfolgung entwickelt wurde. Er eignet sich ideal f\u00fcr Anwendungen in den Bereichen Bibliotheksverwaltung, Veranstaltungstickets und Bestandskontrolle und bietet robuste Sicherheitsma\u00dfnahmen und Anpassungsoptionen zur Verbesserung des Brandings.<\/p>","protected":false},"featured_media":3661,"template":"","meta":[],"product_brand":[],"product_cat":[48],"product_tag":[],"class_list":{"0":"post-3654","1":"product","2":"type-product","3":"status-publish","4":"has-post-thumbnail","6":"product_cat-nfc-stickers","8":"first","9":"instock","10":"shipping-taxable","11":"product-type-simple"},"_links":{"self":[{"href":"https:\/\/nfc-readers.com\/de\/wp-json\/wp\/v2\/product\/3654","targetHints":{"allow":["GET"]}}],"collection":[{"href":"https:\/\/nfc-readers.com\/de\/wp-json\/wp\/v2\/product"}],"about":[{"href":"https:\/\/nfc-readers.com\/de\/wp-json\/wp\/v2\/types\/product"}],"wp:featuredmedia":[{"embeddable":true,"href":"https:\/\/nfc-readers.com\/de\/wp-json\/wp\/v2\/media\/3661"}],"wp:attachment":[{"href":"https:\/\/nfc-readers.com\/de\/wp-json\/wp\/v2\/media?parent=3654"}],"wp:term":[{"taxonomy":"product_brand","embeddable":true,"href":"https:\/\/nfc-readers.com\/de\/wp-json\/wp\/v2\/product_brand?post=3654"},{"taxonomy":"product_cat","embeddable":true,"href":"https:\/\/nfc-readers.com\/de\/wp-json\/wp\/v2\/product_cat?post=3654"},{"taxonomy":"product_tag","embeddable":true,"href":"https:\/\/nfc-readers.com\/de\/wp-json\/wp\/v2\/product_tag?post=3654"}],"curies":[{"name":"wp","href":"https:\/\/api.w.org\/{rel}","templated":true}]}}