{"id":3667,"date":"2024-11-10T06:11:18","date_gmt":"2024-11-10T06:11:18","guid":{"rendered":"https:\/\/nfc-readers.com\/?post_type=product&#038;p=3667"},"modified":"2024-11-10T06:11:19","modified_gmt":"2024-11-10T06:11:19","slug":"custom-nfc-sticker-for-brand-authentication-anti-counterfeiting","status":"publish","type":"product","link":"https:\/\/nfc-readers.com\/de\/ic-reader\/custom-nfc-sticker-for-brand-authentication-anti-counterfeiting\/","title":{"rendered":"Benutzerdefinierter NFC-Aufkleber zur Markenauthentifizierung gegen F\u00e4lschungen"},"content":{"rendered":"<h1 style=\"text-align: center;\"><strong>Benutzerdefinierter NFC-Aufkleber zur Markenauthentifizierung gegen F\u00e4lschungen<\/strong><\/h1>\n<p>Auf dem sich schnell entwickelnden Markt von heute ist es wichtiger denn je, die Echtheit von Produkten sicherzustellen. Benutzerdefinierte NFC-Aufkleber dienen als innovative L\u00f6sung zur Markenauthentifizierung und zum Schutz vor Produktf\u00e4lschungen. Diese fortschrittlichen Aufkleber nutzen die Near Field Communication (NFC)-Technologie, um einen nahtlosen Verifizierungsprozess bereitzustellen und so die Markenintegrit\u00e4t und das Kundenvertrauen zu st\u00e4rken. Dieses Produkt dient nicht nur als Sicherheitsma\u00dfnahme, sondern erm\u00f6glicht auch ein ansprechendes Kundenerlebnis. Mit einer Reihe anpassbarer Optionen sind diese NFC-Aufkleber eine wertvolle Investition f\u00fcr jedes Unternehmen, das seine Markenidentit\u00e4t sch\u00fctzen m\u00f6chte.<\/p>\n<p>&nbsp;<\/p>\n<h2>Warum sollten Sie sich f\u00fcr benutzerdefinierte NFC-Aufkleber entscheiden?<\/h2>\n<p>Benutzerdefinierte NFC-Aufkleber bieten zahlreiche Vorteile, die sie zu einer wertvollen Erg\u00e4nzung des Sicherheitsarsenals Ihrer Marke machen. Durch die Integration der NFC-Technologie erm\u00f6glichen diese Aufkleber eine schnelle und m\u00fchelose Authentifizierung \u00fcber NFC-f\u00e4hige Smartphones und Ger\u00e4te. Mit Eigenschaften wie wasserdichter Haltbarkeit, verschiedenen Gr\u00f6\u00dfen und Formen und anpassbaren Druckoptionen erh\u00f6hen diese Aufkleber nicht nur die Sicherheit, sondern verbessern auch das Erscheinungsbild Ihrer Produkte.<\/p>\n<p>Die Investition in individuelle NFC-Aufkleber kann das F\u00e4lschungsrisiko erheblich senken und den Verbrauchern Vertrauen in die Echtheit ihrer Eink\u00e4ufe geben. Indem diese Aufkleber transparente Informationen \u00fcber die Herkunft und Herstellungsdetails des Produkts liefern, k\u00f6nnen sie auch das Verbrauchererlebnis und die Kundenbindung verbessern.<\/p>\n<p>&nbsp;<\/p>\n<h2>Funktionen von benutzerdefinierten NFC-Aufklebern<\/h2>\n<h3>Fortschrittliche Technologie und Sicherheit<\/h3>\n<p>Benutzerdefinierte NFC-Aufkleber sind mit modernster Technologie wie RFID-Kommunikationsschnittstellen ausgestattet, was sie bei der Markenauthentifizierung au\u00dfergew\u00f6hnlich effizient macht. Unter Verwendung der\u00a0<strong>NXP NTAG213<\/strong>\u00a0Chip, diese Aufkleber arbeiten mit einer Frequenz von\u00a0<strong>13,56 MHz<\/strong>, wodurch eine zuverl\u00e4ssige Verbindung mit anderen NFC-f\u00e4higen Ger\u00e4ten gew\u00e4hrleistet wird. Ob auf Produktverpackungen oder Etiketten angebracht, diese Aufkleber bieten eine ausgekl\u00fcgelte L\u00f6sung zur Bek\u00e4mpfung von F\u00e4lschungen mit minimalem Aufwand.<\/p>\n<h3>Vielseitige Einsatzm\u00f6glichkeiten<\/h3>\n<p>Aufgrund ihrer Vielseitigkeit eignen sich benutzerdefinierte NFC-Aufkleber f\u00fcr eine Vielzahl von Branchen, von Luxusg\u00fctern bis hin zu Unterhaltungselektronik. Sie k\u00f6nnen auf verschiedenen Oberfl\u00e4chen angebracht werden \u2013 einschlie\u00dflich\u00a0<strong>PVC, PET<\/strong>und Metall \u2013 so k\u00f6nnen Unternehmen sie nahtlos in ihr Branding integrieren. Unternehmen k\u00f6nnen aus mehreren Designs w\u00e4hlen, darunter\u00a0<strong>rund, quadratisch<\/strong>, und benutzerdefinierte Konfigurationen, um die \u00c4sthetik ihres Produkts optimal anzupassen.<\/p>\n<h2>2. Haltbarkeit und Benutzerfreundlichkeit<\/h2>\n<h3>Wasserdichtes und wetterfestes Design<\/h3>\n<p>Wenn es um die Kennzeichnung von Produkten geht, ist Haltbarkeit von gr\u00f6\u00dfter Bedeutung. Benutzerdefinierte NFC-Aufkleber sind so konzipiert, dass sie rauen Umgebungsbedingungen standhalten. Ihre\u00a0<strong>wasserdicht<\/strong>\u00a0Und\u00a0<strong>wetterfest<\/strong>\u00a0Dank ihrer Eigenschaften eignen sie sich ideal f\u00fcr Au\u00dfenanwendungen oder Produkte, die Feuchtigkeit ausgesetzt sind. Dadurch wird sichergestellt, dass die NFC-Technologie unabh\u00e4ngig von der \u00e4u\u00dferen Umgebung voll funktionsf\u00e4hig bleibt und die Integrit\u00e4t Ihrer Marke gesch\u00fctzt wird.<\/p>\n<h3>Benutzerfreundliches Interface<\/h3>\n<p>Die Einfachheit der Verwendung von benutzerdefinierten NFC-Aufklebern ist ein weiterer wesentlicher Vorteil. Kunden k\u00f6nnen Produkte einfach authentifizieren, indem sie ihre\u00a0<strong>NFC-f\u00e4hige Smartphones<\/strong>\u00a0gegen den Aufkleber. Diese intuitive Interaktion macht komplexe Prozesse \u00fcberfl\u00fcssig und erm\u00f6glicht es den Benutzern, die Echtheit zu \u00fcberpr\u00fcfen und schnell auf zus\u00e4tzliche Produktinformationen zuzugreifen. Dies erh\u00f6ht die Kundenzufriedenheit und das Engagement.<\/p>\n<p>&nbsp;<\/p>\n<p>&nbsp;<\/p>\n<h2>Technische Spezifikationen<\/h2>\n<table class=\"w-fit !mb-0 !max-w-none\">\n<thead>\n<tr>\n<th>Spezifikation<\/th>\n<th>Detail<\/th>\n<\/tr>\n<\/thead>\n<tbody>\n<tr>\n<td><strong>Chip<\/strong><\/td>\n<td>Ntag213, Ntag215, Ntag216<\/td>\n<\/tr>\n<tr>\n<td><strong>Frequenz<\/strong><\/td>\n<td>13,56 MHz<\/td>\n<\/tr>\n<tr>\n<td><strong>Protokoll<\/strong><\/td>\n<td>ISO 14443A<\/td>\n<\/tr>\n<tr>\n<td><strong>Schreibbare Datentypen<\/strong><\/td>\n<td>Website, Text, QR-Codes, andere Formate<\/td>\n<\/tr>\n<tr>\n<td><strong>Druckoptionen<\/strong><\/td>\n<td>Offsetdruck, Digitaldruck, Individualisierung<\/td>\n<\/tr>\n<tr>\n<td><strong>Herstellungsoptionen<\/strong><\/td>\n<td>Gl\u00e4nzend, Matt, Epoxid, Hologramm<\/td>\n<\/tr>\n<tr>\n<td><strong>Gr\u00f6\u00dfenoptionen<\/strong><\/td>\n<td>Rund (30\u00a0mm Durchmesser), Quadratisch, Benutzerdefiniert<\/td>\n<\/tr>\n<tr>\n<td><strong>Verpackungsdetails<\/strong><\/td>\n<td>200 St\u00fcck im Innenkarton, 25 Kartons pro Karton; Kartongr\u00f6\u00dfe: 48<em>22.5<\/em>30 cm<\/td>\n<\/tr>\n<tr>\n<td><strong>Gewicht<\/strong><\/td>\n<td>0,010 kg pro Aufkleber<\/td>\n<\/tr>\n<\/tbody>\n<\/table>\n<p>&nbsp;<\/p>\n<p>&nbsp;<\/p>\n<h2>H\u00e4ufig gestellte Fragen (FAQs)<\/h2>\n<h3>1.\u00a0<strong>Was ist NFC-Technologie und wie funktioniert sie?<\/strong><\/h3>\n<p>NFC (Near Field Communication) ist eine drahtlose Technologie f\u00fcr kurze Distanzen, die die Kommunikation zwischen kompatiblen Ger\u00e4ten erm\u00f6glicht, wenn diese einander nahe gebracht werden, normalerweise innerhalb weniger Zentimeter. Benutzerdefinierte NFC-Aufkleber enthalten einen NFC-Chip, der beim Antippen Daten an NFC-f\u00e4hige Smartphones und Ger\u00e4te \u00fcbertr\u00e4gt, sodass Benutzer schnell die Echtheit von Produkten \u00fcberpr\u00fcfen oder auf zus\u00e4tzliche Informationen zugreifen k\u00f6nnen.<\/p>\n<h3>2.\u00a0<strong>Wie langlebig sind individuelle NFC-Sticker?<\/strong><\/h3>\n<p>Individuelle NFC-Aufkleber sind wasser- und wetterfest und eignen sich daher sowohl f\u00fcr den Innen- als auch f\u00fcr den Au\u00dfenbereich. Sie halten verschiedenen Umweltbedingungen stand und stellen sicher, dass die NFC-Technologie \u00fcber einen l\u00e4ngeren Zeitraum funktionsf\u00e4hig bleibt.<\/p>\n<h3>3.\u00a0<strong>K\u00f6nnen diese Aufkleber individuell angepasst werden?<\/strong><\/h3>\n<p>Ja! Unsere benutzerdefinierten NFC-Aufkleber bieten eine Reihe von Anpassungsoptionen, darunter Gr\u00f6\u00dfe, Form, Design und Druckmethoden. Sie k\u00f6nnen Logos, Produktinformationen, QR-Codes und andere Markenelemente drucken, um sie an Ihre Markenidentit\u00e4t anzupassen.<\/p>\n<h3>4.\u00a0<strong>Welche Materialien werden f\u00fcr die Aufkleber verwendet?<\/strong><\/h3>\n<p>Benutzerdefinierte NFC-Aufkleber k\u00f6nnen aus verschiedenen Materialien wie PVC, PET oder beschichtetem Papier hergestellt werden. Jedes Material wird aufgrund seiner Haltbarkeit und Eignung f\u00fcr unterschiedliche Anwendungen ausgew\u00e4hlt, um sicherzustellen, dass die Aufkleber effektiv an Ihren Produkten haften.<\/p>","protected":false},"excerpt":{"rendered":"<p>Benutzerdefinierte NFC-Aufkleber bieten eine ausgereifte L\u00f6sung zur Markenauthentifizierung und zum Schutz vor Produktf\u00e4lschungen. \u00dcberpr\u00fcfen Sie die Echtheit des Produkts ganz einfach durch einfaches Tippen auf ein Smartphone.<\/p>","protected":false},"featured_media":3668,"template":"","meta":[],"product_brand":[],"product_cat":[48],"product_tag":[],"class_list":{"0":"post-3667","1":"product","2":"type-product","3":"status-publish","4":"has-post-thumbnail","6":"product_cat-nfc-stickers","8":"first","9":"instock","10":"shipping-taxable","11":"product-type-simple"},"_links":{"self":[{"href":"https:\/\/nfc-readers.com\/de\/wp-json\/wp\/v2\/product\/3667","targetHints":{"allow":["GET"]}}],"collection":[{"href":"https:\/\/nfc-readers.com\/de\/wp-json\/wp\/v2\/product"}],"about":[{"href":"https:\/\/nfc-readers.com\/de\/wp-json\/wp\/v2\/types\/product"}],"wp:featuredmedia":[{"embeddable":true,"href":"https:\/\/nfc-readers.com\/de\/wp-json\/wp\/v2\/media\/3668"}],"wp:attachment":[{"href":"https:\/\/nfc-readers.com\/de\/wp-json\/wp\/v2\/media?parent=3667"}],"wp:term":[{"taxonomy":"product_brand","embeddable":true,"href":"https:\/\/nfc-readers.com\/de\/wp-json\/wp\/v2\/product_brand?post=3667"},{"taxonomy":"product_cat","embeddable":true,"href":"https:\/\/nfc-readers.com\/de\/wp-json\/wp\/v2\/product_cat?post=3667"},{"taxonomy":"product_tag","embeddable":true,"href":"https:\/\/nfc-readers.com\/de\/wp-json\/wp\/v2\/product_tag?post=3667"}],"curies":[{"name":"wp","href":"https:\/\/api.w.org\/{rel}","templated":true}]}}