{"id":3675,"date":"2024-11-10T06:17:39","date_gmt":"2024-11-10T06:17:39","guid":{"rendered":"https:\/\/nfc-readers.com\/?post_type=product&#038;p=3675"},"modified":"2024-11-10T06:17:39","modified_gmt":"2024-11-10T06:17:39","slug":"13-56mhz-iso14443a-mifare-ntag-424dna-rfid-nfc-coin-tag-token","status":"publish","type":"product","link":"https:\/\/nfc-readers.com\/de\/ic-reader\/13-56mhz-iso14443a-mifare-ntag-424dna-rfid-nfc-coin-tag-token\/","title":{"rendered":"13,56 MHz ISO14443A MIfare NTAG 424DNA RFID NFC Coin Tag Token"},"content":{"rendered":"<h1 style=\"text-align: center;\"><span style=\"font-size: 95%;\"><strong>13,56 MHz ISO14443A MIfare NTAG 424DNA RFID NFC Coin Tag Token<\/strong><\/span><\/h1>\n<p>&nbsp;<\/p>\n<p>In der sich schnell entwickelnden Welt der kontaktlosen Technologien ist die\u00a0<strong>13,56 MHz ISO14443A MIfare NTAG 424DNA RFID NFC Coin Tag Token<\/strong>\u00a0zeichnet sich als vielseitige und leistungsstarke L\u00f6sung aus. Diese NFC-Tags bieten au\u00dfergew\u00f6hnlichen Nutzen f\u00fcr verschiedene Anwendungen, vom Spielen bis zur sicheren Kommunikation. Diese mit Pr\u00e4zision entworfenen Token kombinieren erweiterte Funktionen mit benutzerfreundlichen Features und sind damit ein Muss f\u00fcr Enthusiasten und Profis gleicherma\u00dfen. Egal, ob Sie Ihre Gesch\u00e4ftsabl\u00e4ufe verbessern, den Datenaustausch optimieren oder einfach innovative Technologien erkunden m\u00f6chten, die Investition in diese NFC-Tags kann neue M\u00f6glichkeiten er\u00f6ffnen.<\/p>\n<p>&nbsp;<\/p>\n<h2>Produktvorteile<\/h2>\n<ol>\n<li><strong>Erweitertes Dienstprogramm<\/strong>: Der NTAG 424DNA-Chip bietet robusten Speicher (416 Byte) und sicheren Datenaustausch, ideal f\u00fcr Anwendungen, die ein hohes Ma\u00df an Sicherheit erfordern.<\/li>\n<li><strong>Haltbarkeit<\/strong>: Diese Tags sind wasser- und wetterfest und eignen sich daher hervorragend f\u00fcr den Au\u00dfenbereich. Sie sind auch in anspruchsvollen Umgebungen langlebig.<\/li>\n<li><strong>Breite Kompatibilit\u00e4t<\/strong>: Diese Tags sind mit verschiedenen NFC-f\u00e4higen Ger\u00e4ten kompatibel und lassen sich problemlos in bestehende Arbeitsabl\u00e4ufe integrieren, sodass der \u00dcbergang zur kontaktlosen Technologie nahtlos erfolgt.<\/li>\n<\/ol>\n<p>Angesichts dieser \u00fcberzeugenden Vorteile ist klar, warum die\u00a0<strong>NTAG 424DNA NFC M\u00fcnz-Tag<\/strong>\u00a0ist den Kauf wert.<\/p>\n<p>&nbsp;<\/p>\n<h3>Technische Spezifikationen<\/h3>\n<p>Die technischen Daten des\u00a0<strong>NTAG 424DNA<\/strong>\u00a0RFID NFC Coin Tag heben seine Robustheit und Vielseitigkeit hervor. Hier sind die wichtigsten Punkte, die Sie beachten sollten:<\/p>\n<ul>\n<li><strong>Chip<\/strong>: NTAG 424 DNA<\/li>\n<li><strong>Speicherkapazit\u00e4t<\/strong>: 416 Byte<\/li>\n<li><strong>Frequenz<\/strong>: 13,56 MHz<\/li>\n<li><strong>Leseabstand<\/strong>: 2-10 cm<\/li>\n<li><strong>Material<\/strong>Oberfl\u00e4che: PVC<\/li>\n<li><strong>Gr\u00f6\u00dfe<\/strong>: Durchmesser von 25mm\/30mm<\/li>\n<li><strong>Dicke<\/strong>: 0,84 mm (anpassbar)<\/li>\n<li><strong>Gewicht<\/strong>: 6,5 g<\/li>\n<\/ul>\n<p>Diese Spezifikationen stellen sicher, dass das NFC-Tag verschiedene Benutzeranforderungen erf\u00fcllen kann, von Spieleanwendungen bis hin zu sicheren Gesch\u00e4ftsabl\u00e4ufen.<\/p>\n<p>&nbsp;<\/p>\n<h3>Anwendungen des NTAG 424DNA Coin Tag<\/h3>\n<p>Die Antr\u00e4ge f\u00fcr die\u00a0<strong>NTAG 424DNA<\/strong>\u00a0Coin-Tags sind umfangreich. In der Spielebranche k\u00f6nnen diese Tags das Benutzererlebnis verbessern, indem sie die Interaktion mit In-Game-Elementen \u00fcber NFC-f\u00e4hige Ger\u00e4te erm\u00f6glichen. Sie k\u00f6nnen so programmiert werden, dass sie exklusive Inhalte freischalten, sofortige Belohnungen bieten oder auf Online-Plattformen verlinken und so die Benutzerinteraktion f\u00f6rdern.<\/p>\n<p>Dar\u00fcber hinaus k\u00f6nnen NFC-Tags im Gesch\u00e4ftskontext als digitale Visitenkarten fungieren und sofortigen Zugriff auf Kontaktdaten oder Portfolio-Links erm\u00f6glichen oder zur Anlagenverfolgung und Bestandsverwaltung verwendet werden. Die Vielseitigkeit der Anwendungen zeigt die\u00a0<strong>Die Funktionalit\u00e4t von NFC-Tags sowohl im Alltag als auch in speziellen Branchen.<\/strong><\/p>\n<p>&nbsp;<\/p>\n<p>&nbsp;<\/p>\n<h2>H\u00e4ufig gestellte Fragen (FAQs) zum NTAG 424DNA RFID NFC Coin Tag<\/h2>\n<h3>1. Was ist NFC-Technologie und wie funktioniert sie?<\/h3>\n<p>Mithilfe der NFC-Technologie (Near Field Communication) k\u00f6nnen Ger\u00e4te drahtlos \u00fcber kurze Distanzen (normalerweise 2-10 cm) kommunizieren. Sie erm\u00f6glicht den Datenaustausch zwischen NFC-f\u00e4higen Ger\u00e4ten und Tags wie dem NTAG 424DNA durch einen Prozess namens elektromagnetische Induktion. Zur Interaktion halten Sie einfach Ihr NFC-f\u00e4higes Telefon oder Ger\u00e4t in die N\u00e4he des Tags und die Daten werden sofort \u00fcbertragen.<\/p>\n<h3>2. Welche Ger\u00e4te sind mit dem NTAG 424DNA NFC Coin Tag kompatibel?<\/h3>\n<p>Der NTAG 424DNA NFC Coin Tag ist mit allen NFC-f\u00e4higen Mobilger\u00e4ten kompatibel, darunter eine breite Palette von Android-Smartphones und -Tablets sowie bestimmte iPhone-Modelle (iPhone 7 und h\u00f6her). Die meisten modernen Ger\u00e4te mit NFC-Funktionen k\u00f6nnen Daten von diesen Tags lesen und darauf schreiben.<\/p>\n<h3>3. Ist der NTAG 424DNA NFC Coin Tag wiederbeschreibbar?<\/h3>\n<p>Ja, der NTAG 424DNA NFC Coin Tag ist wiederbeschreibbar. Der Speicher kann ge\u00e4ndert werden, sodass Benutzer die gespeicherten Daten bei Bedarf aktualisieren k\u00f6nnen. Diese Funktion macht ihn \u00e4u\u00dferst vielseitig f\u00fcr verschiedene Anwendungen, wie zum Beispiel das \u00c4ndern von Kontaktdaten auf einer digitalen Visitenkarte oder das Aktualisieren von spielbezogenen Informationen.<\/p>","protected":false},"excerpt":{"rendered":"<div class=\"message-item-outer relative px-4 mb-2\" data-id=\"ab1b65d0-6e69-4f08-ab26-216071361a06\">\n<div class=\"content-area pl-[0px]\">\n<div class=\"message-item select-text relative\">\n<div class=\"message-inner relative\">\n<div class=\"py-[2px]\">\n<div class=\"flex flex-col gap-2\">\n<div class=\"answer-markdown-box overflow-x-auto select-text custom-scrollbar\">\n<div class=\"markdown-body\">\n<p>Der 13,56 MHz ISO14443A Mifare NTAG 424DNA RFID NFC Coin Tag Token bietet mit seinem 416-Byte-Speicher erweiterte Datensicherheit und ist damit ideal f\u00fcr Anwendungen wie sichere Transaktionen und interaktives Marketing. Sein wasserdichtes Design und die Kompatibilit\u00e4t mit verschiedenen NFC-f\u00e4higen Ger\u00e4ten gew\u00e4hrleisten eine vielseitige Verwendung im Innen- und Au\u00dfenbereich.<\/p>\n<\/div>\n<\/div>\n<\/div>\n<\/div>\n<\/div>\n<\/div>\n<\/div>\n<\/div>","protected":false},"featured_media":3676,"template":"","meta":[],"product_brand":[],"product_cat":[47],"product_tag":[],"class_list":{"0":"post-3675","1":"product","2":"type-product","3":"status-publish","4":"has-post-thumbnail","6":"product_cat-nfc-tags","8":"first","9":"instock","10":"shipping-taxable","11":"product-type-simple"},"_links":{"self":[{"href":"https:\/\/nfc-readers.com\/de\/wp-json\/wp\/v2\/product\/3675","targetHints":{"allow":["GET"]}}],"collection":[{"href":"https:\/\/nfc-readers.com\/de\/wp-json\/wp\/v2\/product"}],"about":[{"href":"https:\/\/nfc-readers.com\/de\/wp-json\/wp\/v2\/types\/product"}],"wp:featuredmedia":[{"embeddable":true,"href":"https:\/\/nfc-readers.com\/de\/wp-json\/wp\/v2\/media\/3676"}],"wp:attachment":[{"href":"https:\/\/nfc-readers.com\/de\/wp-json\/wp\/v2\/media?parent=3675"}],"wp:term":[{"taxonomy":"product_brand","embeddable":true,"href":"https:\/\/nfc-readers.com\/de\/wp-json\/wp\/v2\/product_brand?post=3675"},{"taxonomy":"product_cat","embeddable":true,"href":"https:\/\/nfc-readers.com\/de\/wp-json\/wp\/v2\/product_cat?post=3675"},{"taxonomy":"product_tag","embeddable":true,"href":"https:\/\/nfc-readers.com\/de\/wp-json\/wp\/v2\/product_tag?post=3675"}],"curies":[{"name":"wp","href":"https:\/\/api.w.org\/{rel}","templated":true}]}}