{"id":3683,"date":"2024-11-10T06:22:41","date_gmt":"2024-11-10T06:22:41","guid":{"rendered":"https:\/\/nfc-readers.com\/?post_type=product&#038;p=3683"},"modified":"2024-11-10T06:22:41","modified_gmt":"2024-11-10T06:22:41","slug":"wholesale-high-security-tamper-proof-nfc-tag-rfid-sticker","status":"publish","type":"product","link":"https:\/\/nfc-readers.com\/de\/ic-reader\/wholesale-high-security-tamper-proof-nfc-tag-rfid-sticker\/","title":{"rendered":"Gro\u00dfhandel mit hochsicheren manipulationssicheren NFC-Tags und RFID-Aufklebern"},"content":{"rendered":"<h1 style=\"text-align: center;\"><strong>Gro\u00dfhandel mit hochsicheren manipulationssicheren NFC-Tags und RFID-Aufklebern<\/strong><\/h1>\n<p>&nbsp;<\/p>\n<p>Erschlie\u00dfen Sie die Zukunft des sicheren Informationsaustauschs mit unserem <strong>Gro\u00dfhandel mit hochsicheren manipulationssicheren NFC-Tags und RFID-Aufklebern<\/strong>. Diese innovativen NFC-Aufkleber eignen sich perfekt f\u00fcr L\u00f6sungen zum Schutz vor Produktf\u00e4lschungen und kombinieren erstklassige Sicherheitsfunktionen mit einer breiten Anwendungsvielfalt. Diese NFC-Tags wurden f\u00fcr Unternehmen entwickelt, die Wert auf Sicherheit und Effizienz legen, und stellen den n\u00e4chsten Schritt in der kontaktlosen Technologie f\u00fcr verschiedene Branchen dar, darunter Einzelhandel, Logistik und Eventmanagement.<\/p>\n<p>&nbsp;<\/p>\n<p><strong>Warum unsere NFC-Tags kaufen?<\/strong><br \/>\nUnsere NFC-Tags bieten eine sichere, effiziente und praktische L\u00f6sung f\u00fcr eine Reihe von Anwendungen \u2013 von der Authentifizierung von Produkten bis hin zur Bereitstellung nahtloser Benutzererfahrungen bei digitalen Transaktionen. Indem sie sicherstellen, dass Ihre Informationen vor F\u00e4lschungen gesch\u00fctzt sind, erh\u00f6hen unsere manipulationssicheren NFC-Tags nicht nur die Sicherheit, sondern steigern auch den Wert Ihrer Marke. Dar\u00fcber hinaus stellt die Anpassbarkeit sicher, dass jeder Tag an Ihre spezifischen Anforderungen angepasst werden kann, was sie zu einer vielseitigen Wahl f\u00fcr jedes Unternehmen macht.<\/p>\n<p>&nbsp;<\/p>\n<h2>Merkmale des manipulationssicheren NFC-Tags<\/h2>\n<p>Wenn es um Sicherheit geht,\u00a0<strong>Gro\u00dfhandel mit hochsicheren manipulationssicheren NFC-Tags und RFID-Aufklebern<\/strong>\u00a0zeichnet sich durch seine\u00a0<strong>besondere Merkmale<\/strong>\u00a0Entwickelt zur Bek\u00e4mpfung von Produktf\u00e4lschungen.<\/p>\n<ul>\n<li><strong>Manipulationssicheres Design<\/strong>: Nach dem Anbringen ist es praktisch unm\u00f6glich, diese NFC-Tags ohne erhebliche Besch\u00e4digung zu entfernen. So ist sichergestellt, dass jegliche Manipulation leicht erkennbar ist.<\/li>\n<li><strong>Benutzerdefinierte Gr\u00f6\u00dfe und Druck<\/strong>: Unsere Etiketten sind in einer anpassbaren Gr\u00f6\u00dfe erh\u00e4ltlich und werden mit\u00a0<strong>CMYK 4C Offsetdruck<\/strong>\u00a0f\u00fcr lebendige, hochwertige Grafiken, die das Branding verbessern.<\/li>\n<li><strong>Speicherkapazit\u00e4t<\/strong>: Jedes Tag verf\u00fcgt \u00fcber\u00a0<strong>416 Byte<\/strong>\u00a0Speicher, wodurch wichtige Informationen sicher gespeichert werden k\u00f6nnen.<\/li>\n<\/ul>\n<p>Diese Eigenschaften machen den NFC-Tag sowohl zuverl\u00e4ssig als auch effizient und damit zu einem unverzichtbaren Werkzeug f\u00fcr Unternehmen, die bei ihren Betriebsabl\u00e4ufen auf h\u00f6chste Sicherheitsma\u00dfnahmen setzen.<\/p>\n<p>&nbsp;<\/p>\n<h2>Anwendungen von NFC-Tags<\/h2>\n<p>Die Vielseitigkeit unserer NFC-Tags erm\u00f6glicht deren Anwendung in zahlreichen Branchen. Sie verbessern Gesch\u00e4ftsprozesse und gew\u00e4hrleisten gleichzeitig sichere Transaktionen:<\/p>\n<ul>\n<li><strong>F\u00e4lschungsschutz<\/strong>: Unternehmen k\u00f6nnen diese Etiketten verwenden, um die Echtheit von Produkten sicherzustellen, da sie sicher angebracht und manipulationssicher sind, was F\u00e4lschungen vorbeugt.<\/li>\n<li><strong>Veranstaltungsmanagement<\/strong>: Verwenden Sie NFC-Tags f\u00fcr den Ticketverkauf, um eine nahtlose Zugangskontrolle zu erm\u00f6glichen und das Risiko von Ticketbetrug zu verringern.<\/li>\n<li><strong>Intelligentes Marketing<\/strong>: Diese Tags k\u00f6nnen in Marketingmaterialien integriert werden und erm\u00f6glichen es Kunden, direkt mit Ihrer Marke zu interagieren, indem sie auf ihr Telefon tippen, um auf Werbeaktionen, Produktdetails oder digitale Visitenkarten zuzugreifen.<\/li>\n<\/ul>\n<p>Durch die Nutzung der Leistungsf\u00e4higkeit dieser Anwendungen k\u00f6nnen Unternehmen ihre Betriebsabl\u00e4ufe wirksam sch\u00fctzen und die Kundeninteraktion optimieren.<\/p>\n<p>&nbsp;<\/p>\n<h2>H\u00e4ufig gestellte Fragen (FAQs)<\/h2>\n<h3>1.\u00a0<strong>Was ist ein NFC-Tag?<\/strong><\/h3>\n<p>Ein NFC-Tag (Near Field Communication) ist ein kleines Ger\u00e4t, das RFID-Technologie (Radio Frequency Identification) verwendet, um Informationen drahtlos \u00fcber kurze Distanzen (normalerweise im Bereich von 1-10 cm) zu \u00fcbertragen. Benutzer k\u00f6nnen ihr NFC-f\u00e4higes Ger\u00e4t an den Tag halten, um auf gespeicherte Informationen zuzugreifen oder eine Aktion auszuf\u00fchren.<\/p>\n<h3>2.\u00a0<strong>Wie programmiere ich einen NFC-Tag?<\/strong><\/h3>\n<p>Zum Programmieren eines NFC-Tags wird normalerweise ein NFC-f\u00e4higes Smartphone oder ein anderes kompatibles Ger\u00e4t mit einer NFC-App verwendet. Mithilfe dieser Apps k\u00f6nnen Sie Daten auf den Tag schreiben (z. B. URLs oder Kontaktinformationen). W\u00e4hlen Sie einfach die Daten aus, die Sie schreiben m\u00f6chten, halten Sie Ihr Ger\u00e4t an den Tag und die Daten werden gespeichert.<\/p>\n<h3>3.\u00a0<strong>Welche Arten von Daten k\u00f6nnen NFC-Tags speichern?<\/strong><\/h3>\n<p>NFC-Tags k\u00f6nnen verschiedene Arten von Daten speichern, darunter URLs, Text, Kontaktinformationen, Produktdetails, Befehle f\u00fcr Apps und mehr. Die genaue Datenmenge, die gespeichert werden kann, h\u00e4ngt von der Speicherkapazit\u00e4t des Tags ab. Unsere NFC-Tags unterst\u00fctzen\u00a0<strong>416 Byte<\/strong>.<\/p>\n<h3>4.\u00a0<strong>Sind Ihre NFC-Tags wiederbeschreibbar?<\/strong><\/h3>\n<p>Ja, unsere NFC-Tags sind wiederbeschreibbar, d. h. Sie k\u00f6nnen sie je nach Bedarf mit unterschiedlichen Daten programmieren. Diese Funktion ist besonders n\u00fctzlich f\u00fcr Unternehmen, die Flexibilit\u00e4t bei ihren Anwendungen w\u00fcnschen.<\/p>","protected":false},"excerpt":{"rendered":"<p>Erh\u00f6hen Sie die Sicherheit Ihrer Marke mit unseren hochsicheren, manipulationssicheren NFC-Tag-RFID-Aufklebern. Sie sind zum Schutz vor F\u00e4lschungen konzipiert und bieten anpassbare L\u00f6sungen und nahtlosen Datenzugriff.<\/p>","protected":false},"featured_media":3684,"template":"","meta":[],"product_brand":[],"product_cat":[47],"product_tag":[],"class_list":{"0":"post-3683","1":"product","2":"type-product","3":"status-publish","4":"has-post-thumbnail","6":"product_cat-nfc-tags","8":"first","9":"instock","10":"shipping-taxable","11":"product-type-simple"},"_links":{"self":[{"href":"https:\/\/nfc-readers.com\/de\/wp-json\/wp\/v2\/product\/3683","targetHints":{"allow":["GET"]}}],"collection":[{"href":"https:\/\/nfc-readers.com\/de\/wp-json\/wp\/v2\/product"}],"about":[{"href":"https:\/\/nfc-readers.com\/de\/wp-json\/wp\/v2\/types\/product"}],"wp:featuredmedia":[{"embeddable":true,"href":"https:\/\/nfc-readers.com\/de\/wp-json\/wp\/v2\/media\/3684"}],"wp:attachment":[{"href":"https:\/\/nfc-readers.com\/de\/wp-json\/wp\/v2\/media?parent=3683"}],"wp:term":[{"taxonomy":"product_brand","embeddable":true,"href":"https:\/\/nfc-readers.com\/de\/wp-json\/wp\/v2\/product_brand?post=3683"},{"taxonomy":"product_cat","embeddable":true,"href":"https:\/\/nfc-readers.com\/de\/wp-json\/wp\/v2\/product_cat?post=3683"},{"taxonomy":"product_tag","embeddable":true,"href":"https:\/\/nfc-readers.com\/de\/wp-json\/wp\/v2\/product_tag?post=3683"}],"curies":[{"name":"wp","href":"https:\/\/api.w.org\/{rel}","templated":true}]}}