{"id":3700,"date":"2024-11-10T06:34:49","date_gmt":"2024-11-10T06:34:49","guid":{"rendered":"https:\/\/nfc-readers.com\/?post_type=product&#038;p=3700"},"modified":"2024-11-10T06:38:34","modified_gmt":"2024-11-10T06:38:34","slug":"custom-nfc-fragile-sticker-for-commodity-label-product-tag","status":"publish","type":"product","link":"https:\/\/nfc-readers.com\/de\/ic-reader\/custom-nfc-fragile-sticker-for-commodity-label-product-tag\/","title":{"rendered":"Benutzerdefinierter NFC-Aufkleber f\u00fcr zerbrechliche Waren als Produktetikett"},"content":{"rendered":"<h1 style=\"text-align: center;\"><strong>Benutzerdefinierter NFC-Aufkleber f\u00fcr zerbrechliche Waren als Produktetikett<\/strong><\/h1>\n<p>&nbsp;<\/p>\n<p>Der <strong>Benutzerdefinierter NFC-Aufkleber f\u00fcr zerbrechliche Gegenst\u00e4nde<\/strong>\u00a0f\u00fcr die Warenkennzeichnung ist ein revolution\u00e4res Produkt, das fortschrittliche\u00a0<strong>NFC (Nahfeldkommunikation)<\/strong>\u00a0Technologie in allt\u00e4gliche Etikettierl\u00f6sungen. Diese Aufkleber wurden f\u00fcr die sichere und zuverl\u00e4ssige Etikettierung zerbrechlicher Gegenst\u00e4nde entwickelt und erm\u00f6glichen es Unternehmen, ihre Produktverifizierungs- und Sicherheitsprotokolle zu verbessern. Mit einer Mischung aus Zweckm\u00e4\u00dfigkeit und Modernit\u00e4t war die Investition in NFC-Technologie zur Etikettierung noch nie so wichtig. Dieser Artikel befasst sich mit den Funktionen, Vorteilen und dem allgemeinen Nutzen des benutzerdefinierten NFC-Aufklebers f\u00fcr zerbrechliche Gegenst\u00e4nde und hilft Ihnen, eine fundierte Entscheidung zu treffen.<\/p>\n<p>&nbsp;<\/p>\n<h2>Warum sollten Sie sich f\u00fcr NFC-Aufkleber f\u00fcr zerbrechliche Gegenst\u00e4nde entscheiden?<\/h2>\n<p>Der\u00a0<strong>Benutzerdefinierter NFC-Aufkleber f\u00fcr zerbrechliche Gegenst\u00e4nde<\/strong>\u00a0wurde f\u00fcr die Anforderungen von Unternehmen entwickelt, die eine zuverl\u00e4ssige Methode zur Kennzeichnung und Nachverfolgung zerbrechlicher Waren ben\u00f6tigen. Hier sind einige \u00fcberzeugende Gr\u00fcnde, warum Sie Ihren Etikettierprozess mit diesem innovativen Produkt aufr\u00fcsten sollten:<\/p>\n<ol>\n<li><strong>Verbesserte Sicherheit und \u00dcberpr\u00fcfung<\/strong>: Diese Aufkleber sorgen daf\u00fcr, dass die Verifizierungsprozesse effizient und fehlerfrei ablaufen. Mit dem eingebetteten NTAG213-Chip kann jeder Aufkleber Informationen sicher speichern und die Echtheit eines Pakets durch einfaches Antippen eines\u00a0<strong>NFC-f\u00e4higes Smartphone<\/strong>.<\/li>\n<li><strong>Benutzerfreundliche Anwendung<\/strong>: Vergessen Sie komplizierte Einrichtungsprozesse. Mit der\u00a0<strong>NFC-Aufkleber f\u00fcr fragile Gegenst\u00e4nde<\/strong>\u00a0ist unglaublich unkompliziert \u2013 einfach abziehen und aufkleben \u2013 und ist somit f\u00fcr jeden Benutzer in Ihrer Lieferkette zug\u00e4nglich.<\/li>\n<li><strong>Haltbarkeit und Wetterbest\u00e4ndigkeit<\/strong>: Aus hochwertigem\u00a0<strong>PET\/PVC\/Papier<\/strong>\u00a0Diese Aufkleber sind aus robusten Materialien gefertigt und so konzipiert, dass sie verschiedenen Umweltbedingungen standhalten. Ob sie nun Feuchtigkeit oder unterschiedlichen Temperaturen ausgesetzt sind, unsere NFC-Aufkleber f\u00fcr empfindliche Gegenst\u00e4nde behalten ihre hohe Leistung und Zuverl\u00e4ssigkeit.<\/li>\n<li><strong>Anpassbar und vielseitig<\/strong>: Unser\u00a0<strong>benutzerdefinierter NFC-Aufkleber<\/strong>\u00a0kann an spezielle Marken- und Informationsbed\u00fcrfnisse angepasst werden und erm\u00f6glicht sowohl funktionale als auch werbliche Anwendungen.<\/li>\n<\/ol>\n<p>&nbsp;<\/p>\n<h2>Hauptmerkmale der NFC-Aufkleber f\u00fcr zerbrechliche Gegenst\u00e4nde<\/h2>\n<p>Verwenden von\u00a0<strong>NFC (Nahfeldkommunikation)<\/strong>\u00a0Technologie sind unsere individuellen Aufkleber f\u00fcr zerbrechliche Gegenst\u00e4nde mit einer Reihe von besonderen Merkmalen ausgestattet, die sie aus der Masse hervorstechen lassen:<\/p>\n<ul>\n<li><strong>Wasserdichtes\/wetterfestes Design<\/strong>: Diese Aufkleber halten rauen Umweltbedingungen stand und sind daher sowohl f\u00fcr die Anwendung im Innen- als auch im Au\u00dfenbereich geeignet.<\/li>\n<li><strong>Kompatibilit\u00e4t<\/strong>: Der\u00a0<strong>Ntag213-Chip<\/strong>\u00a0ist bekannt f\u00fcr seine weitverbreitete Kompatibilit\u00e4t mit verschiedenen\u00a0<strong>NFC-Ger\u00e4te<\/strong>, um eine einfache Bedienung zu gew\u00e4hrleisten.<\/li>\n<\/ul>\n<h3>Wie es funktioniert<\/h3>\n<p>Tippen Sie einfach auf Ihre\u00a0<strong>NFC-f\u00e4higes Smartphone<\/strong>\u00a0Durch Klicken auf den Aufkleber k\u00f6nnen Sie auf gespeicherte Informationen zugreifen oder Produktdetails \u00fcberpr\u00fcfen. Dies kann die Lager- und Verkaufsvorg\u00e4nge erheblich rationalisieren.<\/p>\n<p>&nbsp;<\/p>\n<h2>Technische Spezifikationen<\/h2>\n<table class=\"w-fit !mb-0 !max-w-none\">\n<thead>\n<tr>\n<th><strong>Spezifikation<\/strong><\/th>\n<th><strong>Details<\/strong><\/th>\n<\/tr>\n<\/thead>\n<tbody>\n<tr>\n<td><strong>Chip<\/strong><\/td>\n<td>NTAG213<\/td>\n<\/tr>\n<tr>\n<td><strong>Frequenz<\/strong><\/td>\n<td>13,56 MHz<\/td>\n<\/tr>\n<tr>\n<td><strong>Speichergr\u00f6\u00dfe<\/strong><\/td>\n<td>144 Bytes<\/td>\n<\/tr>\n<tr>\n<td><strong>Material<\/strong><\/td>\n<td>PET\/PVC\/Papier<\/td>\n<\/tr>\n<tr>\n<td><strong>Durchmesser<\/strong><\/td>\n<td>30 mm<\/td>\n<\/tr>\n<tr>\n<td><strong>Drucken<\/strong><\/td>\n<td>CMYK-Offsetdruck<\/td>\n<\/tr>\n<tr>\n<td><strong>Wasserdicht<\/strong><\/td>\n<td>Ja<\/td>\n<\/tr>\n<tr>\n<td><strong>Packma\u00df<\/strong><\/td>\n<td>200 St\u00fcck\/Innenkarton; 25 Kartons\/Karton<\/td>\n<\/tr>\n<tr>\n<td><strong>Kartongr\u00f6\u00dfe<\/strong><\/td>\n<td>48 x 22,5 x 30 cm<\/td>\n<\/tr>\n<tr>\n<td><strong>Lieferf\u00e4higkeit<\/strong><\/td>\n<td>5.000.000 St\u00fcck pro Monat<\/td>\n<\/tr>\n<tr>\n<td><strong>Einzelpaketgr\u00f6\u00dfe<\/strong><\/td>\n<td>35 x 1,5 x 0,02 cm<\/td>\n<\/tr>\n<tr>\n<td><strong>Bruttogewicht<\/strong><\/td>\n<td>0,010 kg<\/td>\n<\/tr>\n<\/tbody>\n<\/table>\n<p>&nbsp;<\/p>\n<h2>FAQs<\/h2>\n<h3>F: Sind die NFC Fragile Stickers mit allen Smartphones kompatibel?<\/h3>\n<p><strong>A<\/strong>: Ja, solange die NFC-Funktion des Smartphones aktiviert ist.<\/p>\n<h3>F: Wie lange halten die Aufkleber?<\/h3>\n<p><strong>A<\/strong>: Unsere Aufkleber sind langlebig und so konzipiert, dass sie verschiedenen Bedingungen standhalten. Dadurch wird sichergestellt, dass sie \u00fcber die gesamte Lebensdauer des Produkts halten.<\/p>\n<h3>F: Kann ich die Nutzung in Echtzeit verfolgen?<\/h3>\n<p><strong>A<\/strong>: Diese Aufkleber erm\u00f6glichen zwar eine sofortige \u00dcberpr\u00fcfung, f\u00fcr die Echtzeitverfolgung ist jedoch m\u00f6glicherweise die Integration in bestimmte Bestandsverwaltungssysteme erforderlich.<\/p>","protected":false},"excerpt":{"rendered":"<p>Der benutzerdefinierte NFC-Aufkleber f\u00fcr zerbrechliche Produkte zur Warenkennzeichnung dient zur sicheren Nachverfolgung und Echtheitspr\u00fcfung zerbrechlicher Produkte. Sein benutzerfreundliches Design gew\u00e4hrleistet eine einfache Anwendung und verbessert gleichzeitig die Bestandsverwaltung.<\/p>","protected":false},"featured_media":3708,"template":"","meta":[],"product_brand":[],"product_cat":[48],"product_tag":[],"class_list":{"0":"post-3700","1":"product","2":"type-product","3":"status-publish","4":"has-post-thumbnail","6":"product_cat-nfc-stickers","8":"first","9":"instock","10":"shipping-taxable","11":"product-type-simple"},"_links":{"self":[{"href":"https:\/\/nfc-readers.com\/de\/wp-json\/wp\/v2\/product\/3700","targetHints":{"allow":["GET"]}}],"collection":[{"href":"https:\/\/nfc-readers.com\/de\/wp-json\/wp\/v2\/product"}],"about":[{"href":"https:\/\/nfc-readers.com\/de\/wp-json\/wp\/v2\/types\/product"}],"wp:featuredmedia":[{"embeddable":true,"href":"https:\/\/nfc-readers.com\/de\/wp-json\/wp\/v2\/media\/3708"}],"wp:attachment":[{"href":"https:\/\/nfc-readers.com\/de\/wp-json\/wp\/v2\/media?parent=3700"}],"wp:term":[{"taxonomy":"product_brand","embeddable":true,"href":"https:\/\/nfc-readers.com\/de\/wp-json\/wp\/v2\/product_brand?post=3700"},{"taxonomy":"product_cat","embeddable":true,"href":"https:\/\/nfc-readers.com\/de\/wp-json\/wp\/v2\/product_cat?post=3700"},{"taxonomy":"product_tag","embeddable":true,"href":"https:\/\/nfc-readers.com\/de\/wp-json\/wp\/v2\/product_tag?post=3700"}],"curies":[{"name":"wp","href":"https:\/\/api.w.org\/{rel}","templated":true}]}}