{"id":1493,"date":"2024-04-07T02:35:08","date_gmt":"2024-04-07T02:35:08","guid":{"rendered":"https:\/\/nfc-readers.com\/?post_type=product&#038;p=1493"},"modified":"2024-10-16T07:54:06","modified_gmt":"2024-10-16T07:54:06","slug":"acr1255u-j1-bluetooth-nfc-reader-writer","status":"publish","type":"product","link":"https:\/\/nfc-readers.com\/eo\/ic-reader\/acr1255u-j1-bluetooth-nfc-reader-writer\/","title":{"rendered":"ACR1255U-J1 - Bluetooth\u00ae NFC Leganto\/Verkilo"},"content":{"rendered":"<h1>ACR1255U-J1 - Bluetooth\u00ae NFC Leganto\/Verkilo<\/h1>\n<p>La ACR1255U-J1 ACS Secure Bluetooth\u00ae NFC Leganto\/Verkilo estas kreita por ebligi moveblajn inteligentajn kartojn kaj NFC-aplikojn facile. Enkorpigante altnivelan 13.56 MHz-senkontaktan teknologion kune kun Bluetooth\u00ae-integri\u011do, \u0109i tiu aparato estas atesto de moderna portebla teknologio. \u011ci subtenas diversajn formatojn inkluzive de ISO 14443 Tipo A kaj B inteligentaj kartoj, MIFARE\u00ae, FeliCa\u00ae, same kiel la plej multaj NFC-etikedoj kaj aparatoj kiuj plenumas la normon ISO 18092, certigante la aplikeblecon de la ACR1255U-J1 al ampleksa aro de uzoj. De sentu\u015da a\u016dtentikigo por alirkontrolo \u011dis lo\u011distika inventaro-administrado, \u011dia gamo de aplikoj estas diversa. La ACR1255U-J1 ofertas duoblajn interfacajn kapablojn. \u011ci uzas Bluetooth Low Energy (BLE), anka\u016d konatan simple kiel Bluetooth, por movebla konektebleco kaj USB Plena Rapido por rektaj komputilaj interagoj. La aparato faras legadon\/skribajn operaciojn je rapidoj atingantaj 424 Kbps, ebligante rapidajn datumtransigojn per senkontaktaj inteligentaj kartoj kaj NFC-aparatoj. Desegnita por agado surmove, la ACR1255U-J1 fanfaronas pri kompakta konstruo kaj \u0109erpas potencon de interna re\u015dargebla Litio-jono. kuirilaro. \u011cia porteblo igas \u011din ilo preta por funkciado kun la plej multaj Bluetooth-ebligitaj sa\u011dtelefonoj kaj tabeloj, kie ajn vi estas. Kampo-\u011disdatigebla firmvaro estas plia avanta\u011do de la ACR1255U-J1, ofertante kostefikajn kaj tempo\u015dparajn avanta\u011dojn samtempe kun rapida rapideco. teknologia progreso kaj adapto al diversaj uzantpostuloj. Sekurigita per AES-128-\u0109ifrado, la NFC Bluetooth-leganto konektas senpene kaj sekure al aparatoj sur Android\u2122 (versio 4.3 kaj pli), iOS (versio 8.0 kaj pli), same kiel Windows\u00ae ( 7 kaj pli), kaj Mac OS\u00ae (10.7 kaj pli). Por labortabla uzo, la ACR1255U-J1 estas facile instalebla en komputiloj kun Windows\u00ae, danke al PC\/SC kaj CCID-konformeco. Krome, \u011di kongruas kun Linukso\u00ae kaj Mac OS\u00ae-\u015doforoj.<\/p>\n<ul>\n<li>\n<h2>Bluetooth\u00ae Interfaco<\/h2>\n<\/li>\n<li>\n<h2>USB 2.0 Plenrapida Interfaco<\/h2>\n<\/li>\n<li>\n<h2>Elektrofonto:<\/h2>\n<ul>\n<li>\n<h3>Baterio-Funkciita (asimilas Litijonan baterion re\u015dargeblan per USB Mini-B-haveno)<\/h3>\n<\/li>\n<li>\n<h3>USB-funkciigita (per komputilo-ligita re\u011dimo)<\/h3>\n<\/li>\n<\/ul>\n<\/li>\n<li>\n<h2>CCID Konformeco<\/h2>\n<\/li>\n<li>\n<h2>Leganto de inteligentaj kartoj:<\/h2>\n<ul>\n<li>\n<h3>Senkontakta Interfaco:<\/h3>\n<ul>\n<li>\n<h4>Lego\/skriba rapideco \u011dis 424 kbps<\/h4>\n<\/li>\n<li>\n<h4>Enkonstruita Anteno por senkontakta aliro de etikedoj, kun kartlega distanco de \u011dis 60 mm (depende de etikedo-tipo)<\/h4>\n<\/li>\n<li>\n<h4>Elportas ISO 14443 Tipo A kaj B-kartojn, MIFARE, FeliCa, kaj \u0109iujn 4 specojn de NFC (ISO\/IEC 18092) etikedoj<\/h4>\n<\/li>\n<li>\n<h4>Enkonstruita kontra\u016dkolizio funkcio (nur 1 etikedo estas alirebla iam ajn)<\/h4>\n<\/li>\n<li>\n<h4>NFC Subteno<\/h4>\n<\/li>\n<li>\n<h4>Kartleganto\/Verkista Re\u011dimo<\/h4>\n<\/li>\n<\/ul>\n<\/li>\n<\/ul>\n<\/li>\n<li>\n<h2>Enkonstruitaj Ekstercentraloj:<\/h2>\n<ul>\n<li>\n<h3>Du uzant-regeblaj du-koloraj LEDoj<\/h3>\n<\/li>\n<li>\n<h3>Uzant-regebla zumilo<\/h3>\n<\/li>\n<\/ul>\n<\/li>\n<li>\n<h2>Interfaco de Programado de Apliko:<\/h2>\n<ul>\n<li>\n<h3>Subtenas PC\/SC<\/h3>\n<\/li>\n<li>\n<h3>Subtenas CT-API (tra envolva\u0135o supre de komputilo\/SC)<\/h3>\n<\/li>\n<\/ul>\n<\/li>\n<li>\n<h2>USB Firmware \u011cisdatigebleco<\/h2>\n<\/li>\n<li>\n<h2>Elportas Android\u2122 4.3 kaj postajn<\/h2>\n<\/li>\n<li>\n<h2>Elportas iOS 8.0 kaj poste<\/h2>\n<\/li>\n<li>\n<table width=\"719\">\n<tbody>\n<tr>\n<td colspan=\"2\" width=\"719\">Fizikaj Karakteriza\u0135oj<\/td>\n<\/tr>\n<tr>\n<td width=\"326\">Dimensioj (mm)<\/td>\n<td width=\"393\">85 mm (L) x 54 mm (L) x 10 mm (H)<\/td>\n<\/tr>\n<tr>\n<td width=\"326\">Pezo (g)<\/td>\n<td width=\"393\">37,5 g (74,1 g kun kablo \u00b1 5 g toleremo)<\/td>\n<\/tr>\n<tr>\n<td colspan=\"2\" width=\"719\">Bluetooth Interfaco<\/td>\n<\/tr>\n<tr>\n<td width=\"326\">Protokolo<\/td>\n<td width=\"393\">Bluetooth\u00ae (Bluetooth 4.0)<\/td>\n<\/tr>\n<tr>\n<td width=\"326\">Elektrofonto<\/td>\n<td width=\"393\">\u015cargebla Litio-jona Baterio (\u015dargante per USB)<\/td>\n<\/tr>\n<tr>\n<td width=\"326\">Rapido<\/td>\n<td width=\"393\">1 Mbps<\/td>\n<\/tr>\n<tr>\n<td colspan=\"2\" width=\"719\">USB-Interfaco<\/td>\n<\/tr>\n<tr>\n<td width=\"326\">Protokolo<\/td>\n<td width=\"393\">USB CCID<\/td>\n<\/tr>\n<tr>\n<td width=\"326\">Konektilo Tipo<\/td>\n<td width=\"393\">USB Mini-B<\/td>\n<\/tr>\n<tr>\n<td width=\"326\">Elektrofonto<\/td>\n<td width=\"393\">De USBa Haveno<\/td>\n<\/tr>\n<tr>\n<td width=\"326\">Rapido<\/td>\n<td width=\"393\">USB Plena Rapido (12 Mbps)<\/td>\n<\/tr>\n<tr>\n<td width=\"326\">Longo de kablo<\/td>\n<td width=\"393\">1 m, Forprenebla<\/td>\n<\/tr>\n<tr>\n<td colspan=\"2\" width=\"719\">Senkontakta Smart Card-Interfaco<\/td>\n<\/tr>\n<tr>\n<td width=\"326\">Normo<\/td>\n<td width=\"393\">ISO\/IEC 18092 NFC, ISO 14443 Tipo A &amp; B, MIFARE, FeliCa<\/td>\n<\/tr>\n<tr>\n<td width=\"326\">Protokolo<\/td>\n<td width=\"393\">ISO 14443-4 Konforma Karto, T=CL<br \/>\nMIFARE Klasika Karto, T=CL<br \/>\nISO 18092, NFC-Etikedoj<br \/>\nFeliCa<\/td>\n<\/tr>\n<tr>\n<td colspan=\"2\" width=\"719\">Enkonstruitaj Ekstercentraloj<\/td>\n<\/tr>\n<tr>\n<td width=\"326\">LED<\/td>\n<td width=\"393\">2 Dukoloroj: Ru\u011da kaj Blua, Ru\u011da kaj Verda<\/td>\n<\/tr>\n<tr>\n<td width=\"326\">Zumilo<\/td>\n<td width=\"393\">Monotona<\/td>\n<\/tr>\n<tr>\n<td colspan=\"2\" width=\"719\">Aliaj Trajtoj<\/td>\n<\/tr>\n<tr>\n<td width=\"326\">\u0108ifrado<\/td>\n<td width=\"393\">En-aparato AES-\u0109ifrada algoritmo<\/td>\n<\/tr>\n<tr>\n<td width=\"326\">Firmware \u011cisdatigo<\/td>\n<td width=\"393\">Subtenita<\/td>\n<\/tr>\n<tr>\n<td colspan=\"2\" width=\"719\">Atestoj\/Konformo<\/td>\n<\/tr>\n<tr>\n<td rowspan=\"14\" width=\"326\">Atestoj\/Konformo<\/td>\n<td>EN 60950\/IEC 60950<\/td>\n<\/tr>\n<tr>\n<td>ISO 18092<\/td>\n<\/tr>\n<tr>\n<td>ISO 14443<\/td>\n<\/tr>\n<tr>\n<td>USB Plena Rapido<\/td>\n<\/tr>\n<tr>\n<td>Bluetooth\u00ae<\/td>\n<\/tr>\n<tr>\n<td>PC\/SC<\/td>\n<\/tr>\n<tr>\n<td>CCID<\/td>\n<\/tr>\n<tr>\n<td>CE<\/td>\n<\/tr>\n<tr>\n<td>FCC<\/td>\n<\/tr>\n<tr>\n<td>RoHS<\/td>\n<\/tr>\n<tr>\n<td>atingu<\/td>\n<\/tr>\n<tr>\n<td>VCCI (Japanio)<\/td>\n<\/tr>\n<tr>\n<td>BIS (Hindio)<\/td>\n<\/tr>\n<tr>\n<td>Microsoft\u00ae WHQL<\/td>\n<\/tr>\n<tr>\n<td colspan=\"2\" width=\"719\">Subteno de Operaciumo-\u015coforo de Aparato<\/td>\n<\/tr>\n<tr>\n<td rowspan=\"5\" width=\"326\">Subteno de Operaciumo-\u015coforo de Aparato<\/td>\n<td width=\"393\">Vindozo\u00ae<\/td>\n<\/tr>\n<tr>\n<td width=\"393\">Linukso\u00ae<\/td>\n<\/tr>\n<tr>\n<td width=\"393\">MAC OS\u00ae 10.7 kaj poste<\/td>\n<\/tr>\n<tr>\n<td width=\"393\">Android\u2122 4.3 kaj poste<\/td>\n<\/tr>\n<tr>\n<td width=\"393\">iOS 8.0 kaj poste<\/td>\n<\/tr>\n<\/tbody>\n<\/table>\n<\/li>\n<\/ul>","protected":false},"excerpt":{"rendered":"<p>La ACR1255U-J1 estas diverstalenta Bluetooth\u00ae NFC-Leganto ekipita per RFID-teknologio, ebligante senjuntajn po\u015dtelefonajn kaj labortablojn interagojn kun inteligentaj kartoj kaj NFC-aparatoj.<\/p>","protected":false},"featured_media":1496,"template":"","meta":[],"product_brand":[],"product_cat":[38,40],"product_tag":[],"class_list":{"0":"post-1493","1":"product","2":"type-product","3":"status-publish","4":"has-post-thumbnail","6":"product_cat-mobile-ble-nfc-reader","7":"product_cat-rfid-nfc-reader","9":"first","10":"instock","11":"shipping-taxable","12":"product-type-simple"},"_links":{"self":[{"href":"https:\/\/nfc-readers.com\/eo\/wp-json\/wp\/v2\/product\/1493","targetHints":{"allow":["GET"]}}],"collection":[{"href":"https:\/\/nfc-readers.com\/eo\/wp-json\/wp\/v2\/product"}],"about":[{"href":"https:\/\/nfc-readers.com\/eo\/wp-json\/wp\/v2\/types\/product"}],"wp:featuredmedia":[{"embeddable":true,"href":"https:\/\/nfc-readers.com\/eo\/wp-json\/wp\/v2\/media\/1496"}],"wp:attachment":[{"href":"https:\/\/nfc-readers.com\/eo\/wp-json\/wp\/v2\/media?parent=1493"}],"wp:term":[{"taxonomy":"product_brand","embeddable":true,"href":"https:\/\/nfc-readers.com\/eo\/wp-json\/wp\/v2\/product_brand?post=1493"},{"taxonomy":"product_cat","embeddable":true,"href":"https:\/\/nfc-readers.com\/eo\/wp-json\/wp\/v2\/product_cat?post=1493"},{"taxonomy":"product_tag","embeddable":true,"href":"https:\/\/nfc-readers.com\/eo\/wp-json\/wp\/v2\/product_tag?post=1493"}],"curies":[{"name":"wp","href":"https:\/\/api.w.org\/{rel}","templated":true}]}}