{"id":1512,"date":"2024-04-07T03:03:03","date_gmt":"2024-04-07T03:03:03","guid":{"rendered":"https:\/\/nfc-readers.com\/?post_type=product&#038;p=1512"},"modified":"2024-10-16T08:13:55","modified_gmt":"2024-10-16T08:13:55","slug":"acr35-nfc-mobilemate-card-reader","status":"publish","type":"product","link":"https:\/\/nfc-readers.com\/eo\/ic-reader\/acr35-nfc-mobilemate-card-reader\/","title":{"rendered":"ACR35 NFC MobileMate Kartolegilo"},"content":{"rendered":"<h1>ACR35 NFC MobileMate Kartolegilo<\/h1>\n<p>La ACR35 NFC MobileMate Kartlegilo estas kompakta, eleganta kaj portebla NFC-leganto, kiu ofertas sekuran kaj amikan sperton. \u011ciaj altnivelaj \u0109ifradaj funkcioj kaj la komforto de re\u015dargebla elektroprovizo faras \u011din valora valora\u0135o por sekuraj moveblaj transakcioj, enkarnigante la perfektan miksa\u0135on de funkcieco kaj porteblo por aktivaj uzantoj.<\/p>\n<p>&nbsp;<\/p>\n<p>3.5mm Audio Jack Interfaco<br \/>\nFunkciigita de litiojona baterio (\u015dargebla per komputil-ligita re\u011dimo)<br \/>\nLeganto de inteligentaj kartoj:<br \/>\nEnkonstruita anteno por senkontakta etikedaliro, kun legaddistanco de \u011dis 50mm (depende de etikedo-tipo)<br \/>\nElportas ISO 14443 Parto 4 Tipo A kaj B-kartojn<br \/>\nElportas MIFARE<br \/>\nSubtenas FeliCa<br \/>\nElportas ISO 18092-etikedojn (NFC-etikedojn)*<br \/>\nEnkonstruita kontra\u016d-kolizio trajto<br \/>\nSubteno NFC:<br \/>\nKartlegilo\/verkista re\u011dimo<br \/>\nMagneta Stria Kartoleganto:<br \/>\nLegas \u011dis du spurojn de kartdatenoj (Trako 1 \/ Trako 2)<br \/>\nKapabla je dudirekta legado<br \/>\nElportas \u0109ifradan algoritmon AES128<br \/>\nSubtenas DUKPT \u015closila Administra Sistemo<br \/>\nSubtenas magnetajn kartojn ISO 7810\/7811<br \/>\nSubtenas magnetajn kartojn Hi-Coercivity kaj Low-Coercivity<br \/>\nSubtenu JIS1 kaj JIS2<\/p>\n<table width=\"769\">\n<tbody>\n<tr>\n<td colspan=\"2\" width=\"769\">Fizikaj Karakteriza\u0135oj<\/td>\n<\/tr>\n<tr>\n<td width=\"376\">Dimensioj (mm)<\/td>\n<td width=\"393\">60.0 mm (L) x 45.0 mm (L) x 13.3 mm (H)<\/td>\n<\/tr>\n<tr>\n<td width=\"376\">Pezo (g)<\/td>\n<td width=\"393\">29,0 g (kun baterio)<\/td>\n<\/tr>\n<tr>\n<td colspan=\"2\" width=\"769\">Audio Jack Komunika Interfaco<\/td>\n<\/tr>\n<tr>\n<td width=\"376\">Protokolo<\/td>\n<td width=\"393\">Dudirekta Audio Jack-Interfaco<\/td>\n<\/tr>\n<tr>\n<td width=\"376\">Konektilo Tipo<\/td>\n<td width=\"393\">3.5 mm 4-polusa Audio Jack<\/td>\n<\/tr>\n<tr>\n<td width=\"376\">Elektrofonto<\/td>\n<td width=\"393\">Baterio-funkciigita<\/td>\n<\/tr>\n<tr>\n<td colspan=\"2\" width=\"769\">USB-Interfaco<\/td>\n<\/tr>\n<tr>\n<td width=\"376\">Konektilo Tipo<\/td>\n<td width=\"393\">Mikro-USB<\/td>\n<\/tr>\n<tr>\n<td width=\"376\">Elektrofonto<\/td>\n<td width=\"393\">De USBa Haveno<\/td>\n<\/tr>\n<tr>\n<td width=\"376\">Longo de kablo<\/td>\n<td width=\"393\">1 m, Forprenebla<\/td>\n<\/tr>\n<tr>\n<td colspan=\"2\" width=\"769\">Senkontakta Smart Card-Interfaco<\/td>\n<\/tr>\n<tr>\n<td width=\"376\">Normo<\/td>\n<td width=\"393\">ISO\/IEC 18092 NFC, ISO 14443 Tipo A &amp; B, MIFARE, FeliCa<\/td>\n<\/tr>\n<tr>\n<td rowspan=\"4\" width=\"376\">Protokolo<\/td>\n<td width=\"393\">ISO 14443-4 Konforma Karto, T=CL<\/td>\n<\/tr>\n<tr>\n<td width=\"393\">MIFARE Klasika Karto, T=CL<\/td>\n<\/tr>\n<tr>\n<td width=\"393\">ISO 18092, NFC-Etikedoj<\/td>\n<\/tr>\n<tr>\n<td width=\"393\">FeliCa<\/td>\n<\/tr>\n<tr>\n<td colspan=\"2\" width=\"769\">Magneta Karta Interfaco<\/td>\n<\/tr>\n<tr>\n<td rowspan=\"2\" width=\"376\">Normo<\/td>\n<td width=\"393\">ISO 7810\/7811 Hi-Co kaj Low-Co Magnetaj Kartoj<\/td>\n<\/tr>\n<tr>\n<td width=\"393\">JIS 1 kaj JIS 2<\/td>\n<\/tr>\n<tr>\n<td colspan=\"2\" width=\"769\">Aliaj Trajtoj<\/td>\n<\/tr>\n<tr>\n<td rowspan=\"2\" width=\"376\">\u0108ifrado<\/td>\n<td width=\"393\">En-aparato AES-\u0109ifrada algoritmo<\/td>\n<\/tr>\n<tr>\n<td width=\"393\">DUKPT \u015closila Administra Sistemo<\/td>\n<\/tr>\n<tr>\n<td colspan=\"2\" width=\"769\">Atestoj\/Konformo<\/td>\n<\/tr>\n<tr>\n<td rowspan=\"10\" width=\"376\">Atestoj\/Konformo<\/td>\n<td>EN 60950\/IEC 60950<\/td>\n<\/tr>\n<tr>\n<td>ISO 7811<\/td>\n<\/tr>\n<tr>\n<td>ISO 18092<\/td>\n<\/tr>\n<tr>\n<td>ISO 14443<\/td>\n<\/tr>\n<tr>\n<td>VCCI (Japanio)<\/td>\n<\/tr>\n<tr>\n<td>KC (Koreio)<\/td>\n<\/tr>\n<tr>\n<td>CE<\/td>\n<\/tr>\n<tr>\n<td>FCC<\/td>\n<\/tr>\n<tr>\n<td>RoHS 2<\/td>\n<\/tr>\n<tr>\n<td>atingu<\/td>\n<\/tr>\n<tr>\n<td colspan=\"2\" width=\"769\">Subteno de Operaciumo-\u015coforo de Aparato<\/td>\n<\/tr>\n<tr>\n<td rowspan=\"2\" width=\"376\">Subteno de Operaciumo-\u015coforo de Aparato<\/td>\n<td>Android\u2122 2.0 kaj poste<\/td>\n<\/tr>\n<tr>\n<td>iOS 5.0 kaj poste<\/td>\n<\/tr>\n<\/tbody>\n<\/table>","protected":false},"excerpt":{"rendered":"<p>La ACR35 NFC MobileMate Reader estas portebla senkontakta Leganto, kiu plibonigas porteblajn aparatojn, proponante sekurajn NFC-transakciojn por uzantoj en movado.<\/p>","protected":false},"featured_media":1499,"template":"","meta":[],"product_brand":[],"product_cat":[38],"product_tag":[],"class_list":{"0":"post-1512","1":"product","2":"type-product","3":"status-publish","4":"has-post-thumbnail","6":"product_cat-mobile-ble-nfc-reader","8":"first","9":"instock","10":"shipping-taxable","11":"product-type-simple"},"_links":{"self":[{"href":"https:\/\/nfc-readers.com\/eo\/wp-json\/wp\/v2\/product\/1512","targetHints":{"allow":["GET"]}}],"collection":[{"href":"https:\/\/nfc-readers.com\/eo\/wp-json\/wp\/v2\/product"}],"about":[{"href":"https:\/\/nfc-readers.com\/eo\/wp-json\/wp\/v2\/types\/product"}],"wp:featuredmedia":[{"embeddable":true,"href":"https:\/\/nfc-readers.com\/eo\/wp-json\/wp\/v2\/media\/1499"}],"wp:attachment":[{"href":"https:\/\/nfc-readers.com\/eo\/wp-json\/wp\/v2\/media?parent=1512"}],"wp:term":[{"taxonomy":"product_brand","embeddable":true,"href":"https:\/\/nfc-readers.com\/eo\/wp-json\/wp\/v2\/product_brand?post=1512"},{"taxonomy":"product_cat","embeddable":true,"href":"https:\/\/nfc-readers.com\/eo\/wp-json\/wp\/v2\/product_cat?post=1512"},{"taxonomy":"product_tag","embeddable":true,"href":"https:\/\/nfc-readers.com\/eo\/wp-json\/wp\/v2\/product_tag?post=1512"}],"curies":[{"name":"wp","href":"https:\/\/api.w.org\/{rel}","templated":true}]}}