{"id":1520,"date":"2024-04-07T03:57:14","date_gmt":"2024-04-07T03:57:14","guid":{"rendered":"https:\/\/nfc-readers.com\/?post_type=product&#038;p=1520"},"modified":"2024-10-16T08:07:41","modified_gmt":"2024-10-16T08:07:41","slug":"acr39u-uf-type-c-connector-smart-card-reader","status":"publish","type":"product","link":"https:\/\/nfc-readers.com\/eo\/ic-reader\/acr39u-uf-type-c-connector-smart-card-reader\/","title":{"rendered":"ACR39U-UF-TIPO C Konektilo-Inteligenta Karto-Leganto"},"content":{"rendered":"<h1>ACR39U-UF-TIPO C Konektilo-Inteligenta Karto-Leganto<\/h1>\n<p>La ACR39U-UF Smart Card Reader aperas kiel tre diverstalenta kaj noviga ilo, korpigante USB-Tipo C-konektecon por pli facila kaj pli adaptebla uzo. \u011cia subteno por lar\u011da gamo de inteligentaj kartoj kaj sekvado al kritikaj industriaj normoj igas \u011din esenca portebla NFC-leganto por amaso da sekuraj aplikoj tra amba\u016d labortablaj kaj moveblaj platformoj.<\/p>\n<ul>\n<li>\n<h2>USB 2.0 Plenrapida Interfaco<\/h2>\n<\/li>\n<li>\n<h2>Konektilo USB Tipo-C<\/h2>\n<\/li>\n<li>\n<h2>Plug and Play - CCID-subteno alportas plej grandan movi\u011deblon<\/h2>\n<\/li>\n<li>\n<h2>Leganto de inteligentaj kartoj:<\/h2>\n<ul>\n<li>\n<h3>Elportas ISO 7816 Klaso A, B, kaj C (5 V, 3 V, 1.8 V) kartoj<\/h3>\n<\/li>\n<li>\n<h3>Subtenas CAC<\/h3>\n<\/li>\n<li>\n<h3>Elportas SIPRNET-Karton<\/h3>\n<\/li>\n<li>\n<h3>Elportas J-LIS-Karton<\/h3>\n<\/li>\n<li>\n<h3>Subtenas mikroprocesorajn kartojn kun T=0 a\u016d T=1 protokolo<\/h3>\n<\/li>\n<li>\n<h3>Elportas memorkartojn<\/h3>\n<\/li>\n<li>\n<h3>Subtenas Mykad Card<\/h3>\n<\/li>\n<li>\n<h3>Subtenas PPS (Protokolo kaj Parametro-Selektado)<\/h3>\n<\/li>\n<li>\n<h3>Karakteriza\u0135oj Kurtcirkvita Protekto<\/h3>\n<\/li>\n<\/ul>\n<\/li>\n<li>\n<h2>Interfaco de Programado de Apliko:<\/h2>\n<ul>\n<li>\n<h3>Subtenas PC\/SC<\/h3>\n<\/li>\n<li>\n<h3>Subtenas CT-API CT-API (tra envolva\u0135o supre de komputilo\/SC)<\/h3>\n<\/li>\n<\/ul>\n<\/li>\n<li>\n<h2>Elportas Android\u2122 3.1 kaj postajn<\/h2>\n<\/li>\n<li>\n<div>\n<table width=\"581\">\n<tbody>\n<tr>\n<td colspan=\"2\" width=\"581\">Fizikaj Karakteriza\u0135oj<\/td>\n<\/tr>\n<tr>\n<td width=\"236\">Dimensioj (mm)<\/td>\n<td width=\"345\">72,2 mm (L) x 69,0 mm (L) x 14,5 mm (H)<\/td>\n<\/tr>\n<tr>\n<td width=\"236\">Pezo (g)<\/td>\n<td width=\"345\">65,0 g<\/td>\n<\/tr>\n<tr>\n<td colspan=\"2\" width=\"581\">USB-Interfaco<\/td>\n<\/tr>\n<tr>\n<td width=\"236\">Protokolo<\/td>\n<td width=\"345\">USB CCID<\/td>\n<\/tr>\n<tr>\n<td width=\"236\">Konektilo Tipo<\/td>\n<td width=\"345\">Norma Tipo-C<\/td>\n<\/tr>\n<tr>\n<td width=\"236\">Elektrofonto<\/td>\n<td width=\"345\">De USB-haveno<\/td>\n<\/tr>\n<tr>\n<td width=\"236\">Rapido<\/td>\n<td width=\"345\">USB 2.0 Plena Rapido (12 Mbps)<\/td>\n<\/tr>\n<tr>\n<td width=\"236\">Longo de kablo<\/td>\n<td width=\"345\">1,5 m, Fiksa<\/td>\n<\/tr>\n<tr>\n<td colspan=\"2\" width=\"581\">Kontaktu Smart Card Interface<\/td>\n<\/tr>\n<tr>\n<td width=\"236\">Nombro de Slots<\/td>\n<td width=\"345\">1 Plengranda Kartfendo<\/td>\n<\/tr>\n<tr>\n<td width=\"236\">Normo<\/td>\n<td width=\"345\">ISO 7816 Partoj 1-4, Klaso A, B, C (5 V, 3 V, 1.8 V)<\/td>\n<\/tr>\n<tr>\n<td width=\"236\">Protokolo<\/td>\n<td width=\"345\">T=0; T=1; Subteno de Memorkarto<\/td>\n<\/tr>\n<tr>\n<td width=\"236\">Aliaj<\/td>\n<td width=\"345\">Mykad Card, CAC, PIV, SIPRNET, J-LIS Smart Cards<\/td>\n<\/tr>\n<tr>\n<td colspan=\"2\" width=\"581\">Atestoj\/Konformo<\/td>\n<\/tr>\n<tr>\n<td rowspan=\"18\" width=\"236\">Atestoj\/Konformo<\/td>\n<td width=\"345\">EN62368\/IEC 62368<\/td>\n<\/tr>\n<tr>\n<td width=\"345\">CE<\/td>\n<\/tr>\n<tr>\n<td width=\"345\">FCC<\/td>\n<\/tr>\n<tr>\n<td width=\"345\">RoHS<\/td>\n<\/tr>\n<tr>\n<td width=\"345\">atingu<\/td>\n<\/tr>\n<tr>\n<td width=\"345\">EMV\u2122 Nivelo 1 (Kontakto)<\/td>\n<\/tr>\n<tr>\n<td width=\"345\">J-LIS<\/td>\n<\/tr>\n<tr>\n<td width=\"345\">KCC<\/td>\n<\/tr>\n<tr>\n<td width=\"345\">PBOC<\/td>\n<\/tr>\n<tr>\n<td width=\"345\">TAA (Usono)<\/td>\n<\/tr>\n<tr>\n<td width=\"345\">UKCA<\/td>\n<\/tr>\n<tr>\n<td width=\"345\">VCCI<\/td>\n<\/tr>\n<tr>\n<td width=\"345\">WEEE<\/td>\n<\/tr>\n<tr>\n<td width=\"345\">ISO 7816<\/td>\n<\/tr>\n<tr>\n<td width=\"345\">USB 2.0 Plena Rapido<\/td>\n<\/tr>\n<tr>\n<td width=\"345\">PC\/SC<\/td>\n<\/tr>\n<tr>\n<td width=\"345\">CCID<\/td>\n<\/tr>\n<tr>\n<td width=\"345\">Microsoft\u00ae WHQL<\/td>\n<\/tr>\n<tr>\n<td colspan=\"2\" width=\"581\">Subteno de Operaciumo-\u015coforo de Aparato<\/td>\n<\/tr>\n<tr>\n<td rowspan=\"5\" width=\"236\">Subteno de Operaciumo-\u015coforo de Aparato<\/td>\n<td width=\"345\">Vindozo\u00ae<\/td>\n<\/tr>\n<tr>\n<td width=\"345\">Linukso\u00ae<\/td>\n<\/tr>\n<tr>\n<td width=\"345\">macOS\u00ae<\/td>\n<\/tr>\n<tr>\n<td width=\"345\">Solaris\u2122<\/td>\n<\/tr>\n<tr>\n<td width=\"345\">Android\u2122<\/td>\n<\/tr>\n<\/tbody>\n<\/table>\n<\/div>\n<\/li>\n<\/ul>","protected":false},"excerpt":{"rendered":"<p>La ACR39U-UF estas kompakta USB-Tipo C Sekura Leganto kaj altrapida Kontakto, desegnita por senjunta integri\u011do kun diversaj sa\u011dkartaj aplikoj sur pluraj aparatoj.<\/p>","protected":false},"featured_media":1524,"template":"","meta":[],"product_brand":[],"product_cat":[39],"product_tag":[],"class_list":{"0":"post-1520","1":"product","2":"type-product","3":"status-publish","4":"has-post-thumbnail","6":"product_cat-usb-ic-smartcard-reader","8":"first","9":"instock","10":"shipping-taxable","11":"product-type-simple"},"_links":{"self":[{"href":"https:\/\/nfc-readers.com\/eo\/wp-json\/wp\/v2\/product\/1520","targetHints":{"allow":["GET"]}}],"collection":[{"href":"https:\/\/nfc-readers.com\/eo\/wp-json\/wp\/v2\/product"}],"about":[{"href":"https:\/\/nfc-readers.com\/eo\/wp-json\/wp\/v2\/types\/product"}],"wp:featuredmedia":[{"embeddable":true,"href":"https:\/\/nfc-readers.com\/eo\/wp-json\/wp\/v2\/media\/1524"}],"wp:attachment":[{"href":"https:\/\/nfc-readers.com\/eo\/wp-json\/wp\/v2\/media?parent=1520"}],"wp:term":[{"taxonomy":"product_brand","embeddable":true,"href":"https:\/\/nfc-readers.com\/eo\/wp-json\/wp\/v2\/product_brand?post=1520"},{"taxonomy":"product_cat","embeddable":true,"href":"https:\/\/nfc-readers.com\/eo\/wp-json\/wp\/v2\/product_cat?post=1520"},{"taxonomy":"product_tag","embeddable":true,"href":"https:\/\/nfc-readers.com\/eo\/wp-json\/wp\/v2\/product_tag?post=1520"}],"curies":[{"name":"wp","href":"https:\/\/api.w.org\/{rel}","templated":true}]}}