{"id":1527,"date":"2024-04-07T04:11:14","date_gmt":"2024-04-07T04:11:14","guid":{"rendered":"https:\/\/nfc-readers.com\/?post_type=product&#038;p=1527"},"modified":"2024-10-16T08:04:40","modified_gmt":"2024-10-16T08:04:40","slug":"acr39u-nf-pocketmate-ii-usb-type-c-smart-card-reader","status":"publish","type":"product","link":"https:\/\/nfc-readers.com\/eo\/ic-reader\/acr39u-nf-pocketmate-ii-usb-type-c-smart-card-reader\/","title":{"rendered":"ACR39U-NF PocketMate II (USB Tipo-C) Smart Card Legilo"},"content":{"rendered":"<h1>ACR39U-NF PocketMate II (USB Tipo-C) Smart Card Legilo<\/h1>\n<p>La ACR39 PocketMate II reprezentas kompaktan sed fortikan porteblan NFC-legilon kaj Smart Card Reader-solvon, kiuj servas vastan spektron de sekuraj aplikoj. \u011cia pintnivela USB-Tipo C-konektebleco, lar\u011da karto-subteno kaj plurplatforma integri\u011do igas \u011din nemalhavebla ilo por sekuraj kaj flekseblaj operacioj tra komputilaj kaj moveblaj domajnoj.<\/p>\n<ul>\n<li>\n<h2>USB 2.0 Plenrapida Interfaco<\/h2>\n<\/li>\n<li>\n<h2>Konektilo USB Tipo-C<\/h2>\n<\/li>\n<li>\n<h2>Plug and Play - CCID-subteno alportas plej grandan movi\u011deblon<\/h2>\n<\/li>\n<li>\n<h2>Swivel Movada Dezajno<\/h2>\n<\/li>\n<li>\n<h2>Leganto de inteligentaj kartoj:<\/h2>\n<ul>\n<li>\n<h3>Elportas ISO 7816 Klaso A, B, kaj C (5 V, 3 V, 1.8 V) kartoj<\/h3>\n<\/li>\n<li>\n<h3>Subtenas CAC<\/h3>\n<\/li>\n<li>\n<h3>Elportas SIPRNET-Karton<\/h3>\n<\/li>\n<li>\n<h3>Elportas J-LIS-Karton<\/h3>\n<\/li>\n<li>\n<h3>Subtenas Mykad Card<\/h3>\n<\/li>\n<li>\n<h3>Subtenas mikroprocesorajn kartojn kun T=0 a\u016d T=1 protokolo<\/h3>\n<\/li>\n<li>\n<h3>Elportas memorkartojn<\/h3>\n<\/li>\n<li>\n<h3>Subtenas PPS (Protokolo kaj Parametro-Selektado)<\/h3>\n<\/li>\n<li>\n<h3>Karakteriza\u0135oj Kurtcirkvita Protekto<\/h3>\n<\/li>\n<\/ul>\n<\/li>\n<li>\n<h2>Interfaco de Programado de Apliko:<\/h2>\n<ul>\n<li>\n<h3>Subtenas PC\/SC<\/h3>\n<\/li>\n<li>\n<h3>Subtenas CT-API CT-API (tra envolva\u0135o supre de komputilo\/SC)<\/h3>\n<\/li>\n<\/ul>\n<\/li>\n<li>\n<h2>Elportas Android\u2122 3.1 kaj postajn<\/h2>\n<\/li>\n<li>\n<div>\n<table width=\"719\">\n<tbody>\n<tr>\n<td colspan=\"2\" width=\"719\">Fizikaj Karakteriza\u0135oj<\/td>\n<\/tr>\n<tr>\n<td width=\"326\">Dimensioj (mm)<\/td>\n<td width=\"393\">58.0 mm (L) x 20.0 mm (L) x 13.9 mm (H)<\/td>\n<\/tr>\n<tr>\n<td width=\"326\">Pezo (g)<\/td>\n<td width=\"393\">10 g<\/td>\n<\/tr>\n<tr>\n<td colspan=\"2\" width=\"719\">USB-Interfaco<\/td>\n<\/tr>\n<tr>\n<td width=\"326\">Protokolo<\/td>\n<td width=\"393\">USB CCID<\/td>\n<\/tr>\n<tr>\n<td width=\"326\">Konektilo Tipo<\/td>\n<td width=\"393\">Norma Tipo C<\/td>\n<\/tr>\n<tr>\n<td width=\"326\">Elektrofonto<\/td>\n<td width=\"393\">De USB-haveno<\/td>\n<\/tr>\n<tr>\n<td width=\"326\">Rapido<\/td>\n<td width=\"393\">USB Plena Rapido (12 Mbps)<\/td>\n<\/tr>\n<tr>\n<td colspan=\"2\" width=\"719\">Kontaktu Smart Card Interface<\/td>\n<\/tr>\n<tr>\n<td width=\"326\">Nombro de Slots<\/td>\n<td width=\"393\">1 Plengranda Kartfendo<\/td>\n<\/tr>\n<tr>\n<td width=\"326\">Normo<\/td>\n<td width=\"393\">ISO 7816 Partoj 1-3, Klaso A, B, C (5 V, 3 V, 1.8 V)<\/td>\n<\/tr>\n<tr>\n<td width=\"326\">Protokolo<\/td>\n<td width=\"393\">T=0; T=1; Subteno de Memorkarto<\/td>\n<\/tr>\n<tr>\n<td width=\"326\">Aliaj<\/td>\n<td width=\"393\">CAC, PIV, SIPRNET, J-LIS Smart Cards<\/td>\n<\/tr>\n<tr>\n<td colspan=\"2\" width=\"719\">Atestoj\/Konformo<\/td>\n<\/tr>\n<tr>\n<td rowspan=\"16\" width=\"326\">Atestoj\/Konformo<\/td>\n<td>EN 60950\/IEC 60950<\/td>\n<\/tr>\n<tr>\n<td>ISO 7816<\/td>\n<\/tr>\n<tr>\n<td>USB Plena Rapido<\/td>\n<\/tr>\n<tr>\n<td>EMV\u2122 Nivelo 1 (Kontakto)<\/td>\n<\/tr>\n<tr>\n<td>PC\/SC<\/td>\n<\/tr>\n<tr>\n<td>CCID<\/td>\n<\/tr>\n<tr>\n<td>TAA (Usono)<\/td>\n<\/tr>\n<tr>\n<td>VCCI (Japanio)<\/td>\n<\/tr>\n<tr>\n<td>J-LIS (Japanio)<\/td>\n<\/tr>\n<tr>\n<td>PBOC (\u0108inio)<\/td>\n<\/tr>\n<tr>\n<td>CE<\/td>\n<\/tr>\n<tr>\n<td>FCC<\/td>\n<\/tr>\n<tr>\n<td>WEEE<\/td>\n<\/tr>\n<tr>\n<td>RoHS 2<\/td>\n<\/tr>\n<tr>\n<td>atingu<\/td>\n<\/tr>\n<tr>\n<td>Microsoft\u00ae WHQL<\/td>\n<\/tr>\n<tr>\n<td colspan=\"2\" width=\"719\">Subteno de Operaciumo-\u015coforo de Aparato<\/td>\n<\/tr>\n<tr>\n<td rowspan=\"5\" width=\"326\">Subteno de Operaciumo-\u015coforo de Aparato<\/td>\n<td>Vindozo\u00ae<\/td>\n<\/tr>\n<tr>\n<td>Linukso\u00ae<\/td>\n<\/tr>\n<tr>\n<td>MAC OS\u00ae<\/td>\n<\/tr>\n<tr>\n<td>Solaris<\/td>\n<\/tr>\n<tr>\n<td>Android\u2122 3.1 kaj poste<\/td>\n<\/tr>\n<\/tbody>\n<\/table>\n<\/div>\n<\/li>\n<\/ul>","protected":false},"excerpt":{"rendered":"<p>La ACR39U PocketMate II estas kompakta USB-Tipo C Sekura Leganto, kiu ofertas altrapidan rendimenton por inteligentaj kartoj, inkluzive de ciferecaj subskriboj kaj sekura bankado.<\/p>","protected":false},"featured_media":1530,"template":"","meta":[],"product_brand":[],"product_cat":[39],"product_tag":[],"class_list":{"0":"post-1527","1":"product","2":"type-product","3":"status-publish","4":"has-post-thumbnail","6":"product_cat-usb-ic-smartcard-reader","8":"first","9":"instock","10":"shipping-taxable","11":"product-type-simple"},"_links":{"self":[{"href":"https:\/\/nfc-readers.com\/eo\/wp-json\/wp\/v2\/product\/1527","targetHints":{"allow":["GET"]}}],"collection":[{"href":"https:\/\/nfc-readers.com\/eo\/wp-json\/wp\/v2\/product"}],"about":[{"href":"https:\/\/nfc-readers.com\/eo\/wp-json\/wp\/v2\/types\/product"}],"wp:featuredmedia":[{"embeddable":true,"href":"https:\/\/nfc-readers.com\/eo\/wp-json\/wp\/v2\/media\/1530"}],"wp:attachment":[{"href":"https:\/\/nfc-readers.com\/eo\/wp-json\/wp\/v2\/media?parent=1527"}],"wp:term":[{"taxonomy":"product_brand","embeddable":true,"href":"https:\/\/nfc-readers.com\/eo\/wp-json\/wp\/v2\/product_brand?post=1527"},{"taxonomy":"product_cat","embeddable":true,"href":"https:\/\/nfc-readers.com\/eo\/wp-json\/wp\/v2\/product_cat?post=1527"},{"taxonomy":"product_tag","embeddable":true,"href":"https:\/\/nfc-readers.com\/eo\/wp-json\/wp\/v2\/product_tag?post=1527"}],"curies":[{"name":"wp","href":"https:\/\/api.w.org\/{rel}","templated":true}]}}