{"id":1532,"date":"2024-04-07T04:16:02","date_gmt":"2024-04-07T04:16:02","guid":{"rendered":"https:\/\/nfc-readers.com\/?post_type=product&#038;p=1532"},"modified":"2024-10-16T08:01:13","modified_gmt":"2024-10-16T08:01:13","slug":"acr39u-nd-pocketmate-ii-micro-usb-smart-card-reader","status":"publish","type":"product","link":"https:\/\/nfc-readers.com\/eo\/ic-reader\/acr39u-nd-pocketmate-ii-micro-usb-smart-card-reader\/","title":{"rendered":"ACR39U-ND PocketMate II (Mikro-USB) Smart Card Legilo"},"content":{"rendered":"<div>\n<h1>ACR39U-ND PocketMate II (Mikro-USB) Smart Card Legilo<\/h1>\n<p>La ACR39 Pocketmate II, dotita per Mikro-USB-konektilo, genie evoluas al plengranda kontakta Smart Card Reader kun simpla turna ago. Sufi\u0109e kompakta por konveni al \u015dlosil\u0109eno, \u0109i tiu aparato estas preta por subteni kompleksajn inteligentajn kartojn kun efikeco. \u0108i tiu portebla leganto lerte al\u011dustigas inteligentajn kartojn konformajn al ISO 7816 Klaso A, B kaj C (5 V, 3 V kaj 1,8 V) , kune kun mikroprocesorkartoj funkciigantaj sur kaj T=0 kaj T=1 protokoloj. \u011cia \u0109iuflankeco etendi\u011das al aro de memorkartoj, inkluzive de tiuj utiligitaj fare de la Department of Defense for Common Access (CAC) kaj SIPRNET. La ACR39U PocketMate II prosperas en diversaj scenaroj, inkluzive de Persona Identeca Kontrolo, alirkontroloj, ciferecaj subskriboj kaj sekuraj interretaj transakcioj. La Mikro-USB-varia\u0135o certigas, ke la ACR39U Pocketmate II konservas \u0109iujn famajn funkciojn de la ACR39U-serio, dum anka\u016d provizas inversan kongruecon. kaj facileco de orienti\u011do. Bone ta\u016dgaj por labortablaj kaj moveblaj integri\u011doj, \u011diaj \u015doforoj harmonias kun amaso da operaciumoj kiel Vindozo\u00ae, Linukso\u00ae, Solaris kaj Mac OS\u00ae. Aldone, la ACR39U PocketMate II vastigis sian utilecon al Android\u2122-aparatoj kun versio 3.1 a\u016d pli alta.<\/p>\n<ul>\n<li>\n<h2>USB 2.0 Plenrapida Interfaco<\/h2>\n<\/li>\n<li>\n<h2>USB Mikro-USB Konektilo<\/h2>\n<\/li>\n<li>\n<h2>Plug and Play - CCID-subteno alportas plej grandan movi\u011deblon<\/h2>\n<\/li>\n<li>\n<h2>Swivel Movada Dezajno<\/h2>\n<\/li>\n<li>\n<h2>Leganto de inteligentaj kartoj:<\/h2>\n<ul>\n<li>\n<h3>Elportas ISO 7816 Klaso A, B, kaj C (5 V, 3 V, 1.8 V) kartoj<\/h3>\n<\/li>\n<li>\n<h3>Subtenas CAC<\/h3>\n<\/li>\n<li>\n<h3>Elportas SIPRNET-Karton<\/h3>\n<\/li>\n<li>\n<h3>Elportas J-LIS-Karton<\/h3>\n<\/li>\n<li>\n<h3>Subtenas Mykad Card<\/h3>\n<\/li>\n<li>\n<h3>Subtenas mikroprocesorajn kartojn kun T=0 a\u016d T=1 protokolo<\/h3>\n<\/li>\n<li>\n<h3>Elportas memorkartojn<\/h3>\n<\/li>\n<li>\n<h3>Subtenas PPS (Protokolo kaj Parametro-Selektado)<\/h3>\n<\/li>\n<li>\n<h3>Karakteriza\u0135oj Kurtcirkvita Protekto<\/h3>\n<\/li>\n<\/ul>\n<\/li>\n<li>\n<h2>Interfaco de Programado de Apliko:<\/h2>\n<ul>\n<li>\n<h3>Subtenas PC\/SC<\/h3>\n<\/li>\n<li>\n<h3>Subtenas CT-API CT-API (tra envolva\u0135o supre de komputilo\/SC)<\/h3>\n<\/li>\n<\/ul>\n<\/li>\n<li>\n<h2>Elportas Android\u2122 3.1 kaj postajn<\/h2>\n<\/li>\n<li>\n<table width=\"719\">\n<tbody>\n<tr>\n<td colspan=\"2\" width=\"719\">Fizikaj Karakteriza\u0135oj<\/td>\n<\/tr>\n<tr>\n<td width=\"326\">Dimensioj (mm)<\/td>\n<td width=\"393\">58.0 mm (L) x 20.0 mm (L) x 13.7 mm (H)<\/td>\n<\/tr>\n<tr>\n<td width=\"326\">Pezo (g)<\/td>\n<td width=\"393\">9,7 g<\/td>\n<\/tr>\n<tr>\n<td colspan=\"2\" width=\"719\">USB-Interfaco<\/td>\n<\/tr>\n<tr>\n<td width=\"326\">Protokolo<\/td>\n<td width=\"393\">USB CCID<\/td>\n<\/tr>\n<tr>\n<td width=\"326\">Konektilo Tipo<\/td>\n<td width=\"393\">Mikro-USB<\/td>\n<\/tr>\n<tr>\n<td width=\"326\">Elektrofonto<\/td>\n<td width=\"393\">De USB-haveno<\/td>\n<\/tr>\n<tr>\n<td width=\"326\">Rapido<\/td>\n<td width=\"393\">USB Plena Rapido (12 Mbps)<\/td>\n<\/tr>\n<tr>\n<td colspan=\"2\" width=\"719\">Kontaktu Smart Card Interface<\/td>\n<\/tr>\n<tr>\n<td width=\"326\">Nombro de Slots<\/td>\n<td width=\"393\">1 Plengranda Kartfendo<\/td>\n<\/tr>\n<tr>\n<td width=\"326\">Normo<\/td>\n<td width=\"393\">ISO 7816 Partoj 1-3, Klaso A, B, C (5 V, 3 V, 1.8 V)<\/td>\n<\/tr>\n<tr>\n<td width=\"326\">Protokolo<\/td>\n<td width=\"393\">T=0; T=1; Subteno de Memorkarto<\/td>\n<\/tr>\n<tr>\n<td width=\"326\">Aliaj<\/td>\n<td width=\"393\">CAC, PIV, SIPRNET, J-LIS Smart Cards<\/td>\n<\/tr>\n<tr>\n<td colspan=\"2\" width=\"719\">Atestoj\/Konformo<\/td>\n<\/tr>\n<tr>\n<td rowspan=\"16\" width=\"326\">Atestoj\/Konformo<\/td>\n<td>EN 60950\/IEC 60950<\/td>\n<\/tr>\n<tr>\n<td>ISO 7816<\/td>\n<\/tr>\n<tr>\n<td>USB Plena Rapido<\/td>\n<\/tr>\n<tr>\n<td>EMV\u2122 Nivelo 1 (Kontakto)<\/td>\n<\/tr>\n<tr>\n<td>PC\/SC<\/td>\n<\/tr>\n<tr>\n<td>CCID<\/td>\n<\/tr>\n<tr>\n<td>TAA (Usono)<\/td>\n<\/tr>\n<tr>\n<td>VCCI (Japanio)<\/td>\n<\/tr>\n<tr>\n<td>J-LIS (Japanio)<\/td>\n<\/tr>\n<tr>\n<td>PBOC (\u0108inio)<\/td>\n<\/tr>\n<tr>\n<td>CE<\/td>\n<\/tr>\n<tr>\n<td>FCC<\/td>\n<\/tr>\n<tr>\n<td>WEEE<\/td>\n<\/tr>\n<tr>\n<td>RoHS 2<\/td>\n<\/tr>\n<tr>\n<td>atingu<\/td>\n<\/tr>\n<tr>\n<td>Microsoft\u00ae WHQL<\/td>\n<\/tr>\n<tr>\n<td colspan=\"2\" width=\"719\">Subteno de Operaciumo-\u015coforo de Aparato<\/td>\n<\/tr>\n<tr>\n<td rowspan=\"5\" width=\"326\">Subteno de Operaciumo-\u015coforo de Aparato<\/td>\n<td>Vindozo\u00ae<\/td>\n<\/tr>\n<tr>\n<td>Linukso\u00ae<\/td>\n<\/tr>\n<tr>\n<td>MAC OS\u00ae<\/td>\n<\/tr>\n<tr>\n<td>Solaris<\/td>\n<\/tr>\n<tr>\n<td>Android\u2122 3.1 kaj poste<\/td>\n<\/tr>\n<\/tbody>\n<\/table>\n<\/li>\n<\/ul>\n<\/div>\n<div><\/div>","protected":false},"excerpt":{"rendered":"<p>La ACR39U Pocketmate II estas kompakta USB Sekura Leganto kiu ofertas altrapidan subtenon por diversaj sa\u011dkartaj aplikoj.<\/p>","protected":false},"featured_media":1534,"template":"","meta":[],"product_brand":[],"product_cat":[39],"product_tag":[],"class_list":{"0":"post-1532","1":"product","2":"type-product","3":"status-publish","4":"has-post-thumbnail","6":"product_cat-usb-ic-smartcard-reader","8":"first","9":"instock","10":"shipping-taxable","11":"product-type-simple"},"_links":{"self":[{"href":"https:\/\/nfc-readers.com\/eo\/wp-json\/wp\/v2\/product\/1532","targetHints":{"allow":["GET"]}}],"collection":[{"href":"https:\/\/nfc-readers.com\/eo\/wp-json\/wp\/v2\/product"}],"about":[{"href":"https:\/\/nfc-readers.com\/eo\/wp-json\/wp\/v2\/types\/product"}],"wp:featuredmedia":[{"embeddable":true,"href":"https:\/\/nfc-readers.com\/eo\/wp-json\/wp\/v2\/media\/1534"}],"wp:attachment":[{"href":"https:\/\/nfc-readers.com\/eo\/wp-json\/wp\/v2\/media?parent=1532"}],"wp:term":[{"taxonomy":"product_brand","embeddable":true,"href":"https:\/\/nfc-readers.com\/eo\/wp-json\/wp\/v2\/product_brand?post=1532"},{"taxonomy":"product_cat","embeddable":true,"href":"https:\/\/nfc-readers.com\/eo\/wp-json\/wp\/v2\/product_cat?post=1532"},{"taxonomy":"product_tag","embeddable":true,"href":"https:\/\/nfc-readers.com\/eo\/wp-json\/wp\/v2\/product_tag?post=1532"}],"curies":[{"name":"wp","href":"https:\/\/api.w.org\/{rel}","templated":true}]}}