{"id":1537,"date":"2024-04-07T06:01:23","date_gmt":"2024-04-07T06:01:23","guid":{"rendered":"https:\/\/nfc-readers.com\/?post_type=product&#038;p=1537"},"modified":"2024-10-16T07:57:49","modified_gmt":"2024-10-16T07:57:49","slug":"acr3901u-s1-bluetooth-smart-card-reader-writer","status":"publish","type":"product","link":"https:\/\/nfc-readers.com\/eo\/ic-reader\/acr3901u-s1-bluetooth-smart-card-reader-writer\/","title":{"rendered":"ACR3901U-S1 Bluetooth\u00ae Smart Card Reader - Verkisto"},"content":{"rendered":"<h1>ACR3901U-S1 Bluetooth\u00ae Smart Card Reader - Verkisto<\/h1>\n<p>La ACR3901U-S1 prezentas sin kiel altteknologian, nfc-leganton bluetooth, kiu ta\u016dgas por la moderna teknologi-sa\u011da individuo. \u011ci certigas lar\u011dan kongruon kun inteligentaj kartoj kaj personaj aparatoj, kunigante rapidajn transigajn tarifojn kun porteblo, plialtigita de sia sendrata Bluetooth-kapablo, igante \u011din nemalhavebla ilo por tiuj, kiuj postulas sekurajn kaj flekseblajn transakciojn pri inteligentaj kartoj.<\/p>\n<ul>\n<li>\n<h2>Bluetooth\u00ae Interfaco<\/h2>\n<\/li>\n<li>\n<h2>USB 2.0 Plenrapida Interfaco<\/h2>\n<\/li>\n<li>\n<h2>Elektrofonto<\/h2>\n<ul>\n<li>\n<h3>Baterio-Funkciita (asimilas Litijonan baterion re\u015dargeblan per Mikro-USB-haveno)<\/h3>\n<\/li>\n<li>\n<h3>USB-funkciigita (per komputilo-ligita re\u011dimo)<\/h3>\n<\/li>\n<\/ul>\n<\/li>\n<li>\n<h2>CCID Konformeco<\/h2>\n<\/li>\n<li>\n<h2>Leganto de inteligentaj kartoj:<\/h2>\n<ul>\n<li>\n<h3>Kontakta Interfaco:<\/h3>\n<ul>\n<li>\n<h4>Elportas ISO 7816 Klaso A, B, kaj C (5 V, 3 V, 1.8 V) kartoj<\/h4>\n<\/li>\n<li>\n<h4>Subtenas mikroprocesorajn kartojn kun T=0 a\u016d T=1 protokolo<\/h4>\n<\/li>\n<li>\n<h4>Elportas memorkartojn<\/h4>\n<\/li>\n<li>\n<h4>Subtenas PPS (Protokolo kaj Parametro-Selektado)<\/h4>\n<\/li>\n<li>\n<h4>Karakteriza\u0135oj Kurtcirkvita Protekto<\/h4>\n<\/li>\n<li>\n<h4>Elportas \u0109ifradan algoritmon AES-128<\/h4>\n<\/li>\n<\/ul>\n<\/li>\n<\/ul>\n<\/li>\n<li>\n<h2>Enkonstruita Ekstercentra:<\/h2>\n<ul>\n<li>\n<h3>Tri unukoloraj LEDoj<\/h3>\n<\/li>\n<\/ul>\n<\/li>\n<li>\n<h2>Interfaco de Programado de Apliko:<\/h2>\n<ul>\n<li>\n<h3>Subtenas PC\/SC<\/h3>\n<\/li>\n<li>\n<h3>Subtenas CT-API (tra envolva\u0135o supre de komputilo\/SC)<\/h3>\n<\/li>\n<\/ul>\n<\/li>\n<li>\n<h2>USB Firmware \u011cisdatigebleco<\/h2>\n<\/li>\n<li>\n<h2>Elportas Android\u2122 4.3 kaj postajn<\/h2>\n<\/li>\n<li>\n<h2>Elportas iOS 8.0 kaj poste<\/h2>\n<\/li>\n<li>\n<div>\n<table width=\"556\">\n<tbody>\n<tr>\n<td colspan=\"2\" width=\"556\">Fizikaj Karakteriza\u0135oj<\/td>\n<\/tr>\n<tr>\n<td width=\"190\">Dimensioj (mm)<\/td>\n<td width=\"366\">94 mm (L) \u00d7 60 mm (L) \u00d7 12 mm (H)<\/td>\n<\/tr>\n<tr>\n<td width=\"190\">Pezo (g)<\/td>\n<td width=\"366\">30,8 g (59,7 g kun kablo \u00b1 5 g toleremo)<\/td>\n<\/tr>\n<tr>\n<td colspan=\"2\" width=\"556\">Bluetooth Interfaco<\/td>\n<\/tr>\n<tr>\n<td width=\"190\">Protokolo<\/td>\n<td width=\"366\">Bluetooth\u00ae (Bluetooth Malalta Energio \/ Bluetooth 4.0)<\/td>\n<\/tr>\n<tr>\n<td width=\"190\">Elektrofonto<\/td>\n<td width=\"366\">\u015cargebla Litio-jona Baterio (\u015dargante per USB)<\/td>\n<\/tr>\n<tr>\n<td width=\"190\">Rapido<\/td>\n<td width=\"366\">1 Mbps<\/td>\n<\/tr>\n<tr>\n<td colspan=\"2\" width=\"556\">USB-Interfaco<\/td>\n<\/tr>\n<tr>\n<td width=\"190\">Protokolo<\/td>\n<td width=\"366\">USB CCID<\/td>\n<\/tr>\n<tr>\n<td width=\"190\">Konektilo Tipo<\/td>\n<td width=\"366\">Mikro-USB<\/td>\n<\/tr>\n<tr>\n<td width=\"190\">Elektrofonto<\/td>\n<td width=\"366\">De USB-haveno<\/td>\n<\/tr>\n<tr>\n<td width=\"190\">Rapido<\/td>\n<td width=\"366\">USB Plena Rapido (12 Mbps)<\/td>\n<\/tr>\n<tr>\n<td width=\"190\">Longo de kablo<\/td>\n<td width=\"366\">1 m, Forprenebla<\/td>\n<\/tr>\n<tr>\n<td colspan=\"2\" width=\"556\">Kontaktu Smart Card Interface<\/td>\n<\/tr>\n<tr>\n<td width=\"190\">Nombro de Slots<\/td>\n<td width=\"366\">1 Plengranda Kartfendo<\/td>\n<\/tr>\n<tr>\n<td width=\"190\">Normo<\/td>\n<td width=\"366\">ISO 7816 Partoj 1-4, Klaso A, B, C (5 V, 3 V, 1.8 V)<\/td>\n<\/tr>\n<tr>\n<td width=\"190\">Protokolo<\/td>\n<td width=\"366\">T=0; T=1; Subteno de Memorkarto<\/td>\n<\/tr>\n<tr>\n<td colspan=\"2\" width=\"556\">Enkonstruitaj Ekstercentraloj<\/td>\n<\/tr>\n<tr>\n<td width=\"190\">LED<\/td>\n<td width=\"366\">3 unu-koloroj: Ru\u011da, Blua kaj Verda<\/td>\n<\/tr>\n<tr>\n<td colspan=\"2\" width=\"556\">Aliaj Trajtoj<\/td>\n<\/tr>\n<tr>\n<td width=\"190\">\u0108ifrado<\/td>\n<td width=\"366\">En-aparato AES-\u0109ifrada algoritmo<\/td>\n<\/tr>\n<tr>\n<td width=\"190\">Firmware \u011cisdatigo<\/td>\n<td width=\"366\">Subtenita<\/td>\n<\/tr>\n<tr>\n<td colspan=\"2\" width=\"556\">Atestoj\/Konformo<\/td>\n<\/tr>\n<tr>\n<td rowspan=\"14\" width=\"190\">Atestoj\/Konformo<\/td>\n<td width=\"366\">EN 60950\/IEC 60950<\/td>\n<\/tr>\n<tr>\n<td width=\"366\">ISO 7816<\/td>\n<\/tr>\n<tr>\n<td width=\"366\">USB Plena Rapido<\/td>\n<\/tr>\n<tr>\n<td width=\"366\">Bluetooth\u00ae<\/td>\n<\/tr>\n<tr>\n<td width=\"366\">EMV\u2122 Nivelo 1 (Kontakto)<\/td>\n<\/tr>\n<tr>\n<td width=\"366\">PC\/SC<\/td>\n<\/tr>\n<tr>\n<td width=\"366\">CCID<\/td>\n<\/tr>\n<tr>\n<td width=\"366\">CE<\/td>\n<\/tr>\n<tr>\n<td width=\"366\">FCC<\/td>\n<\/tr>\n<tr>\n<td width=\"366\">RoHS<\/td>\n<\/tr>\n<tr>\n<td width=\"366\">atingu<\/td>\n<\/tr>\n<tr>\n<td width=\"366\">VCCI (Japanio)<\/td>\n<\/tr>\n<tr>\n<td width=\"366\">MIC (Japanio)<\/td>\n<\/tr>\n<tr>\n<td width=\"366\">Microsoft\u00ae WHQL<\/td>\n<\/tr>\n<tr>\n<td colspan=\"2\" width=\"556\">Subteno de Operaciumo-\u015coforo de Aparato<\/td>\n<\/tr>\n<tr>\n<td rowspan=\"5\" width=\"190\">Subteno de Operaciumo-\u015coforo de Aparato<\/td>\n<td width=\"366\">Vindozo\u00ae<\/td>\n<\/tr>\n<tr>\n<td width=\"366\">Linukso\u00ae<\/td>\n<\/tr>\n<tr>\n<td width=\"366\">MAC OS\u00ae 10.7 kaj poste<\/td>\n<\/tr>\n<tr>\n<td width=\"366\">Android\u2122 4.3 kaj poste<\/td>\n<\/tr>\n<tr>\n<td width=\"366\">iOS 8.0 kaj poste<\/td>\n<\/tr>\n<\/tbody>\n<\/table>\n<\/div>\n<\/li>\n<\/ul>","protected":false},"excerpt":{"rendered":"<p>La ACR3901U-S1 estas portebla USB Sekura Leganto kaj Bluetooth\u00ae Kontakta Leganto, ofertante altrapidan agadon por sa\u011dkartaj aplikoj survoje.<\/p>","protected":false},"featured_media":1538,"template":"","meta":[],"product_brand":[],"product_cat":[39],"product_tag":[],"class_list":{"0":"post-1537","1":"product","2":"type-product","3":"status-publish","4":"has-post-thumbnail","6":"product_cat-usb-ic-smartcard-reader","8":"first","9":"instock","10":"shipping-taxable","11":"product-type-simple"},"_links":{"self":[{"href":"https:\/\/nfc-readers.com\/eo\/wp-json\/wp\/v2\/product\/1537","targetHints":{"allow":["GET"]}}],"collection":[{"href":"https:\/\/nfc-readers.com\/eo\/wp-json\/wp\/v2\/product"}],"about":[{"href":"https:\/\/nfc-readers.com\/eo\/wp-json\/wp\/v2\/types\/product"}],"wp:featuredmedia":[{"embeddable":true,"href":"https:\/\/nfc-readers.com\/eo\/wp-json\/wp\/v2\/media\/1538"}],"wp:attachment":[{"href":"https:\/\/nfc-readers.com\/eo\/wp-json\/wp\/v2\/media?parent=1537"}],"wp:term":[{"taxonomy":"product_brand","embeddable":true,"href":"https:\/\/nfc-readers.com\/eo\/wp-json\/wp\/v2\/product_brand?post=1537"},{"taxonomy":"product_cat","embeddable":true,"href":"https:\/\/nfc-readers.com\/eo\/wp-json\/wp\/v2\/product_cat?post=1537"},{"taxonomy":"product_tag","embeddable":true,"href":"https:\/\/nfc-readers.com\/eo\/wp-json\/wp\/v2\/product_tag?post=1537"}],"curies":[{"name":"wp","href":"https:\/\/api.w.org\/{rel}","templated":true}]}}