{"id":1545,"date":"2024-04-07T06:11:51","date_gmt":"2024-04-07T06:11:51","guid":{"rendered":"https:\/\/nfc-readers.com\/?post_type=product&#038;p=1545"},"modified":"2024-10-16T06:54:40","modified_gmt":"2024-10-16T06:54:40","slug":"acr1251u-nfc-reader-writer","status":"publish","type":"product","link":"https:\/\/nfc-readers.com\/eo\/ic-reader\/acr1251u-nfc-reader-writer\/","title":{"rendered":"ACR1251U NFC-legilo\/verkisto"},"content":{"rendered":"<h1>ACR1251U NFC-legilo\/verkisto<\/h1>\n<p>La ACR1251U-A1 aperas kiel la venontgeneracia Senkontakta NFC-Leganto, plibonigante la sperton de uzanto kun funkcioj kiel firmware-\u011disdatigebleco, fendo SAM (Secure Access Module) kaj la kapablo interagi kun NFC-etikedoj kaj aparatoj. \u011ci elstaras en la sfero de senkontaktaj funkcioj, proponante kroman tavolon de sekureco. Danke al la SAM, \u011di povas plenumi \u015dlosilan diversigon kaj reciprokan a\u016dtentikigon, akre reduktante \u015dlosilan ekspozicion kaj minimumigante la riskon de \u015dlosila kompromiso, tiel plifortigante la sekurecon de senkontaktaj operacioj. Desegnita por diversaj celoj de senkontaktaj sa\u011dkartoj, la ACR1251U-A1 ta\u016dgas. por aplikoj kiel persona identeca\u016dtentikigo, retaliro, e-bankado, kaj malgrand-skalaj transakcioj. \u011ciaj altnivelaj NFC-trajtoj igas \u011din anka\u016d bone ta\u016dga por novigaj uzoj kiel Smart Posters por reklamado kaj komunikado kun lar\u011da spektro de NFC-kongruaj inteligentaj telefonoj. Kongruo kun PC\/SC nutras glatan transplatforman, tut-aplikadan integri\u011don. La ACR1251U-A1 plue subtenas forajn firmware-\u011disdatigojn post-deplojo, evitante la bezonon de fizikaj aparataj \u015dan\u011doj. \u011cia eleganta, spackonscia dezajno kaj ampleksa funkcieco igas la ACR1251U-A1 \u0109efa ilo por iu ajn ser\u0109anta la plenajn avanta\u011dojn de NFC-teknologio.<\/p>\n<p><iframe loading=\"lazy\" title=\"ACR1251U C1 NFC LEGILO\" width=\"1020\" height=\"574\" src=\"https:\/\/www.youtube.com\/embed\/8QiOKOoec6k?feature=oembed\" frameborder=\"0\" allow=\"accelerometer; autoplay; clipboard-write; encrypted-media; gyroscope; picture-in-picture; web-share\" referrerpolicy=\"strict-origin-when-cross-origin\" allowfullscreen><\/iframe><\/p>\n<ul>\n<li>\n<h2>USB Plenrapida Interfaco<\/h2>\n<\/li>\n<li>\n<h2>CCID Konformeco<\/h2>\n<\/li>\n<li>\n<h2>Leganto de inteligentaj kartoj:<\/h2>\n<ul>\n<li>\n<h3>Senkontakta Interfaco:<\/h3>\n<ul>\n<li>\n<h4>Lego\/skriba rapideco \u011dis 424 kbps<\/h4>\n<\/li>\n<li>\n<h4>Enkonstruita Anteno por senkontakta aliro al etikedoj, kun kartlega distanco de \u011dis 30 mm (depende de la tipo de etikedo)<\/h4>\n<\/li>\n<li>\n<h4>Elportas ISO 14443 Tipo A kaj B-kartojn, MIFARE\u00ae, FeliCa, kaj \u0109iujn 4 specojn de NFC (ISO\/IEC 18092) etikedoj<\/h4>\n<\/li>\n<li>\n<h4>Enkonstruita kontra\u016dkolizio funkcio (nur 1 etikedo estas alirebla iam ajn)<\/h4>\n<\/li>\n<li>\n<h4>NFC Subteno<\/h4>\n<\/li>\n<li>\n<h4>Kartleganto\/Verkista Re\u011dimo<\/h4>\n<\/li>\n<\/ul>\n<\/li>\n<\/ul>\n<\/li>\n<li>\n<h2>Enkonstruitaj Ekstercentraloj:<\/h2>\n<ul>\n<li>\n<h3>LED-oj:<\/h3>\n<ul>\n<li>\n<h4>Uzant-regebla Du-kolora LED<\/h4>\n<\/li>\n<\/ul>\n<\/li>\n<\/ul>\n<\/li>\n<li>\n<h2>Interfaco de Programado de Apliko:<\/h2>\n<ul>\n<li>\n<h3>Subtenas PC\/SC<\/h3>\n<\/li>\n<li>\n<h3>Subtenas CT-API (tra envolva\u0135o supre de komputilo\/SC)<\/h3>\n<\/li>\n<\/ul>\n<\/li>\n<li>\n<h2>USB Firmware \u011cisdatigebleco<\/h2>\n<\/li>\n<li>\n<h2>Elportas Android\u2122 3.1 kaj postajn<\/h2>\n<\/li>\n<li>\n<div>\n<table width=\"843\">\n<tbody>\n<tr>\n<td colspan=\"2\" width=\"843\">Fizikaj Karakteriza\u0135oj<\/td>\n<\/tr>\n<tr>\n<td width=\"450\">Dimensioj (mm)<\/td>\n<td width=\"393\">98.0 mm (L) x 65.0 mm (L) x 12.8 mm (H)<\/td>\n<\/tr>\n<tr>\n<td width=\"450\">Pezo (g)<\/td>\n<td width=\"393\">70 g<\/td>\n<\/tr>\n<tr>\n<td colspan=\"2\" width=\"843\">USB-Interfaco<\/td>\n<\/tr>\n<tr>\n<td width=\"450\">Protokolo<\/td>\n<td width=\"393\">USB CCID<\/td>\n<\/tr>\n<tr>\n<td width=\"450\">Elektrofonto<\/td>\n<td width=\"393\">De USB-haveno<\/td>\n<\/tr>\n<tr>\n<td width=\"450\">Rapido<\/td>\n<td width=\"393\">USB Plena Rapido (12 Mbps)<\/td>\n<\/tr>\n<tr>\n<td width=\"450\">Longo de kablo<\/td>\n<td width=\"393\">1,0 m, Fiksa<\/td>\n<\/tr>\n<tr>\n<td colspan=\"2\" width=\"843\">Senkontakta Smart Card-Interfaco<\/td>\n<\/tr>\n<tr>\n<td width=\"450\">Normo<\/td>\n<td width=\"393\">ISO\/IEC 18092 NFC, ISO 14443 Tipo A &amp; B, MIFARE\u00ae, FeliCa<\/td>\n<\/tr>\n<tr>\n<td rowspan=\"4\" width=\"450\">Protokolo<\/td>\n<td width=\"393\">ISO 14443-4 Konforma Karto, T=CL<\/td>\n<\/tr>\n<tr>\n<td width=\"393\">MIFARE\u00ae Klasika Karto, T=CL<\/td>\n<\/tr>\n<tr>\n<td width=\"393\">ISO18092, NFC-Etikedoj<\/td>\n<\/tr>\n<tr>\n<td width=\"393\">FeliCa<\/td>\n<\/tr>\n<tr>\n<td colspan=\"2\" width=\"843\">Enkonstruitaj Ekstercentraloj<\/td>\n<\/tr>\n<tr>\n<td width=\"450\">LED<\/td>\n<td width=\"393\">1 bi-kolora: Ru\u011da kaj Verda<\/td>\n<\/tr>\n<tr>\n<td width=\"450\">Zumilo<\/td>\n<td width=\"393\">Monotona<\/td>\n<\/tr>\n<tr>\n<td colspan=\"2\" width=\"843\">Atestoj\/Konformo<\/td>\n<\/tr>\n<tr>\n<td rowspan=\"13\" width=\"450\">Atestoj\/Konformo<\/td>\n<td width=\"393\">EN 60950\/IEC 60950<\/td>\n<\/tr>\n<tr>\n<td width=\"393\">ISO 18092<\/td>\n<\/tr>\n<tr>\n<td width=\"393\">ISO 14443<\/td>\n<\/tr>\n<tr>\n<td width=\"393\">USB Plena Rapido<\/td>\n<\/tr>\n<tr>\n<td width=\"393\">PC\/SC<\/td>\n<\/tr>\n<tr>\n<td width=\"393\">CCID<\/td>\n<\/tr>\n<tr>\n<td width=\"393\">VCCI (Japanio)<\/td>\n<\/tr>\n<tr>\n<td width=\"393\">KC (Koreio)<\/td>\n<\/tr>\n<tr>\n<td width=\"393\">Microsoft\u00ae WHQL<\/td>\n<\/tr>\n<tr>\n<td width=\"393\">CE<\/td>\n<\/tr>\n<tr>\n<td width=\"393\">FCC<\/td>\n<\/tr>\n<tr>\n<td width=\"393\">RoHS 2<\/td>\n<\/tr>\n<tr>\n<td width=\"393\">atingu<\/td>\n<\/tr>\n<tr>\n<td colspan=\"2\" width=\"843\">Subteno de Operaciumo-\u015coforo de Aparato<\/td>\n<\/tr>\n<tr>\n<td rowspan=\"6\" width=\"450\">Subteno de Operaciumo-\u015coforo de Aparato<\/td>\n<td width=\"393\">Windows\u00ae CE<\/td>\n<\/tr>\n<tr>\n<td width=\"393\">Vindozo\u00ae<\/td>\n<\/tr>\n<tr>\n<td width=\"393\">Linukso\u00ae<\/td>\n<\/tr>\n<tr>\n<td width=\"393\">MAC OS\u00ae<\/td>\n<\/tr>\n<tr>\n<td width=\"393\">Solaris<\/td>\n<\/tr>\n<tr>\n<td width=\"393\">Android\u2122<\/td>\n<\/tr>\n<\/tbody>\n<\/table>\n<\/div>\n<\/li>\n<\/ul>","protected":false},"excerpt":{"rendered":"<p>La ACR1251U-A1 estas avangarda USB NFC-Leganto kun SAM-fendo, ofertante plifortigitan sekurecon kaj \u0109iuflankecon por diversaj senkontaktaj aplikoj.<\/p>","protected":false},"featured_media":1549,"template":"","meta":[],"product_brand":[],"product_cat":[45,40],"product_tag":[],"class_list":{"0":"post-1545","1":"product","2":"type-product","3":"status-publish","4":"has-post-thumbnail","6":"product_cat-contactless-nfc-reader","7":"product_cat-rfid-nfc-reader","9":"first","10":"instock","11":"shipping-taxable","12":"product-type-simple"},"_links":{"self":[{"href":"https:\/\/nfc-readers.com\/eo\/wp-json\/wp\/v2\/product\/1545","targetHints":{"allow":["GET"]}}],"collection":[{"href":"https:\/\/nfc-readers.com\/eo\/wp-json\/wp\/v2\/product"}],"about":[{"href":"https:\/\/nfc-readers.com\/eo\/wp-json\/wp\/v2\/types\/product"}],"wp:featuredmedia":[{"embeddable":true,"href":"https:\/\/nfc-readers.com\/eo\/wp-json\/wp\/v2\/media\/1549"}],"wp:attachment":[{"href":"https:\/\/nfc-readers.com\/eo\/wp-json\/wp\/v2\/media?parent=1545"}],"wp:term":[{"taxonomy":"product_brand","embeddable":true,"href":"https:\/\/nfc-readers.com\/eo\/wp-json\/wp\/v2\/product_brand?post=1545"},{"taxonomy":"product_cat","embeddable":true,"href":"https:\/\/nfc-readers.com\/eo\/wp-json\/wp\/v2\/product_cat?post=1545"},{"taxonomy":"product_tag","embeddable":true,"href":"https:\/\/nfc-readers.com\/eo\/wp-json\/wp\/v2\/product_tag?post=1545"}],"curies":[{"name":"wp","href":"https:\/\/api.w.org\/{rel}","templated":true}]}}