{"id":1550,"date":"2024-04-07T06:15:08","date_gmt":"2024-04-07T06:15:08","guid":{"rendered":"https:\/\/nfc-readers.com\/?post_type=product&#038;p=1550"},"modified":"2024-10-16T06:43:39","modified_gmt":"2024-10-16T06:43:39","slug":"acr1281u-c1-usb-dual-interface-reader","status":"publish","type":"product","link":"https:\/\/nfc-readers.com\/eo\/ic-reader\/acr1281u-c1-usb-dual-interface-reader\/","title":{"rendered":"ACR1281U-C1 usb-du-interfaca leganto"},"content":{"rendered":"<h1>ACR1281U-C1 usb-du-interfaca leganto<\/h1>\n<p>La ACR1281U-C1 DualBoost II estas \u011disdatigita versio de la ACR128 DualBoost Leganto. Funkciante kiel Smart Card Reader, \u011di disponigas efikan duoblan interfacon kapablan interligi kun ajnaj inteligentaj kartoj kiuj ali\u011das al ISO 7816 kaj ISO 14443 normoj. \u0108i tiu duageneracia DualBoost II kunfandas tradicie klarajn kontaktojn kaj senkontaktajn sa\u011dkartajn operaciojn en ununuran, kohezian unuon, permesante la uzon de unu karto por diversaj aplikoj. \u011cia utileco brilas en elektronika komerco, ebligante la sekuran prilaboradon de interretaj pagoj per kreditkartoj, kaj \u011di ludas \u015dlosilan rolon en publika transporto, helpante en la re\u015dargado de senkontaktaj kartoj ene de a\u016dtomataj tarifsistemoj. \u011ci enkorpigas la unu-kartan solvvizion kie miriado de sa\u011dkartaj funkcioj estas unuigitaj en unu karton. La \u011disdatigita DualBoost Serio estas plene konforma al PC\/SC por senjunta interago kun amba\u016d kontaktoj kaj senkontaktaj interfacoj. Kiel portebla NFC-leganto, \u011di plifortigas komunikadon por senkontaktaj kartoj al rapidoj de \u011dis 848 kbps, servante al altnivelaj aplikoj kiuj postulas altan rendimenton. La leganto anka\u016d estas ekipita per inteligentaj mekanismoj por manipuli hibridajn kaj kombinkartojn, ofertante la kapablon identigi senkontaktajn kartojn mal\u011duste enigitajn en la kontaktkartfendeton. Integrita al \u011dia dezajno estas la SAM-fendo, kiu plifortigas sekurecon tra amba\u016d interfacoj. Plibonigitaj funkcioj kiel la kapablo \u011disdatigi firmvaron per USB, kongruo kun kontaktmemorkartoj, kaj subteno por vastigitaj APDU-komandoj substrekas la ACR1281U-C1 DualBoost II kiel kosto- efika kaj potenca \u0109io-inkluziva ilo, kiu altigas komforton kaj \u0109iuflankecon ene de multaj inteligentaj kartoj-sistemoj.<\/p>\n<p><iframe loading=\"lazy\" title=\"ACR1281U C1 Kontakta kaj Senkontakta Smart Card-Leganto\" width=\"1020\" height=\"574\" src=\"https:\/\/www.youtube.com\/embed\/dABTVMG9dvI?feature=oembed\" frameborder=\"0\" allow=\"accelerometer; autoplay; clipboard-write; encrypted-media; gyroscope; picture-in-picture; web-share\" referrerpolicy=\"strict-origin-when-cross-origin\" allowfullscreen><\/iframe><\/p>\n<ul>\n<li>\n<h2>USB 2.0 Plenrapida Interfaco<\/h2>\n<\/li>\n<li>\n<h2>CCID Konformeco<\/h2>\n<\/li>\n<li>\n<h2>Senkontakta Smart Card Legilo:<\/h2>\n<ul>\n<li>\n<h3>Lego\/skriba rapideco de \u011dis 848 kbps<\/h3>\n<\/li>\n<li>\n<h3>Enkonstruita anteno por senkontakta aliro de etikedoj, kun kartlega distanco de \u011dis 50 mm (depende de etikedo-tipo)<\/h3>\n<\/li>\n<li>\n<h3>Elportas ISO 14443 Parto 4 Tipo A kaj B-kartojn kaj MIFARE\u00ae-seriojn<\/h3>\n<\/li>\n<li>\n<h3>Enkonstruita kontra\u016dkolizio funkcio (nur unu etikedo estas alirebla iam ajn)<\/h3>\n<\/li>\n<li>\n<h3>Elportas plilongigitan APDU (maks. 64 kbajtoj)<\/h3>\n<\/li>\n<\/ul>\n<\/li>\n<li>\n<h2>Kontaktu Smart Card Reader:<\/h2>\n<ul>\n<li>\n<h3>Elportas ISO 7816 Klaso A, B kaj C (5 V, 3 V kaj 1,8 V)<\/h3>\n<\/li>\n<li>\n<h3>Subtenas CAC (Komuna Alirkarto)<\/h3>\n<\/li>\n<li>\n<h3>Subtenas PIV (Konfirmkarto de Persona Identeco)<\/h3>\n<\/li>\n<li>\n<h3>Subtenas mikroprocesorajn kartojn kun T=0 a\u016d T=1 protokolo<\/h3>\n<\/li>\n<li>\n<h3>Elportas memorkartojn<\/h3>\n<\/li>\n<li>\n<h3>SAM-fendeto konforma al ISO 7816<\/h3>\n<\/li>\n<\/ul>\n<\/li>\n<li>\n<h2>Interfaco de Programado de Apliko:<\/h2>\n<ul>\n<li>\n<h3>Subtenas PC\/SC<\/h3>\n<\/li>\n<li>\n<h3>Subtenas CT-API (tra envolva\u0135o supre de komputilo\/SC)<\/h3>\n<\/li>\n<\/ul>\n<\/li>\n<li>\n<h2>Enkonstruitaj Ekstercentraloj:<\/h2>\n<ul>\n<li>\n<h3>Du uzant-regeblaj LED-oj<\/h3>\n<\/li>\n<li>\n<h3>Uzant-regebla zumilo<\/h3>\n<\/li>\n<\/ul>\n<\/li>\n<li>\n<h2>USB Firmware \u011cisdatigebleco<\/h2>\n<\/li>\n<li>\n<div>\n<table width=\"551\">\n<tbody>\n<tr>\n<td colspan=\"2\" width=\"551\">Fizikaj Karakteriza\u0135oj<\/td>\n<\/tr>\n<tr>\n<td width=\"230\">Dimensioj (mm)<\/td>\n<td width=\"321\">120.5 mm (L) x 72.0 mm (L) x 20.4 mm (H)<\/td>\n<\/tr>\n<tr>\n<td width=\"230\">Pezo (g)<\/td>\n<td width=\"321\">140 g<\/td>\n<\/tr>\n<tr>\n<td colspan=\"2\" width=\"551\">USB-Interfaco<\/td>\n<\/tr>\n<tr>\n<td width=\"230\">Protokolo<\/td>\n<td width=\"321\">USB CCID<\/td>\n<\/tr>\n<tr>\n<td width=\"230\">Konektilo Tipo<\/td>\n<td width=\"321\">Norma Tipo A<\/td>\n<\/tr>\n<tr>\n<td width=\"230\">Elektrofonto<\/td>\n<td width=\"321\">De USB-haveno<\/td>\n<\/tr>\n<tr>\n<td width=\"230\">Rapido<\/td>\n<td width=\"321\">USB Plena Rapido (12 Mbps)<\/td>\n<\/tr>\n<tr>\n<td width=\"230\">Longo de kablo<\/td>\n<td width=\"321\">2,0 m, Fiksa<\/td>\n<\/tr>\n<tr>\n<td colspan=\"2\" width=\"551\">Kontaktu Smart Card Interface<\/td>\n<\/tr>\n<tr>\n<td width=\"230\">Nombro de Slots<\/td>\n<td width=\"321\">1 Plengranda Kartfendo<\/td>\n<\/tr>\n<tr>\n<td width=\"230\">Normo<\/td>\n<td width=\"321\">ISO 7816 Klaso A, B, C (5 V, 3 V, 1.8 V)<\/td>\n<\/tr>\n<tr>\n<td width=\"230\">Protokolo<\/td>\n<td width=\"321\">T=0; T=1<\/td>\n<\/tr>\n<tr>\n<td colspan=\"2\" width=\"551\">Senkontakta Smart Card-Interfaco<\/td>\n<\/tr>\n<tr>\n<td width=\"230\">Normo<\/td>\n<td width=\"321\">ISO 14443 A &amp; B Partoj 1-4<\/td>\n<\/tr>\n<tr>\n<td rowspan=\"2\" width=\"230\">Protokolo<\/td>\n<td width=\"321\">ISO 14443-4 Konforma Karto, T=CL<\/td>\n<\/tr>\n<tr>\n<td width=\"321\">MIFARE\u00ae Klasika Karto, T=CL<\/td>\n<\/tr>\n<tr>\n<td colspan=\"2\" width=\"551\">SAM-Karta Interfaco<\/td>\n<\/tr>\n<tr>\n<td width=\"230\">Nombro de Slots<\/td>\n<td width=\"321\">1 Norma SIM-granda Kartfendo<\/td>\n<\/tr>\n<tr>\n<td width=\"230\">Normo<\/td>\n<td width=\"321\">ISO 7816 Klaso A (5 V)<\/td>\n<\/tr>\n<tr>\n<td width=\"230\">Protokolo<\/td>\n<td width=\"321\">T=0; T=1<\/td>\n<\/tr>\n<tr>\n<td colspan=\"2\" width=\"551\">Enkonstruitaj Ekstercentraloj<\/td>\n<\/tr>\n<tr>\n<td width=\"230\">LED<\/td>\n<td width=\"321\">2 unukoloraj: Ru\u011da kaj Verda<\/td>\n<\/tr>\n<tr>\n<td width=\"230\">Zumilo<\/td>\n<td width=\"321\">Monotona<\/td>\n<\/tr>\n<tr>\n<td colspan=\"2\" width=\"551\">Aliaj Trajtoj<\/td>\n<\/tr>\n<tr>\n<td width=\"230\">Firmware \u011cisdatigo<\/td>\n<td width=\"321\">Subtenita<\/td>\n<\/tr>\n<tr>\n<td colspan=\"2\" width=\"551\">Atestoj\/Konformo<\/td>\n<\/tr>\n<tr>\n<td rowspan=\"10\" width=\"230\">Atestoj\/Konformo<\/td>\n<td width=\"321\">ISO 14443<\/td>\n<\/tr>\n<tr>\n<td width=\"321\">ISO 7816<\/td>\n<\/tr>\n<tr>\n<td width=\"321\">USB Plena Rapido<\/td>\n<\/tr>\n<tr>\n<td width=\"321\">PC\/SC<\/td>\n<\/tr>\n<tr>\n<td width=\"321\">CCID<\/td>\n<\/tr>\n<tr>\n<td width=\"321\">Microsoft\u00ae WHQL<\/td>\n<\/tr>\n<tr>\n<td width=\"321\">CE<\/td>\n<\/tr>\n<tr>\n<td width=\"321\">FCC<\/td>\n<\/tr>\n<tr>\n<td width=\"321\">RoHS<\/td>\n<\/tr>\n<tr>\n<td width=\"321\">atingu<\/td>\n<\/tr>\n<tr>\n<td colspan=\"2\" width=\"551\">Subteno de Operaciumo-\u015coforo de Aparato<\/td>\n<\/tr>\n<tr>\n<td rowspan=\"5\" width=\"230\">Subteno de Operaciumo-\u015coforo de Aparato<\/td>\n<td width=\"321\">Vindozo\u00ae<\/td>\n<\/tr>\n<tr>\n<td width=\"321\">Linukso\u00ae<\/td>\n<\/tr>\n<tr>\n<td width=\"321\">MAC OS\u00ae<\/td>\n<\/tr>\n<tr>\n<td width=\"321\">Solaris<\/td>\n<\/tr>\n<tr>\n<td width=\"321\">Android\u2122<\/td>\n<\/tr>\n<\/tbody>\n<\/table>\n<\/div>\n<\/li>\n<\/ul>","protected":false},"excerpt":{"rendered":"<p>La ACR1281U-C1 estas diverstalenta USB-kontakto kaj senkontakta Leganto, havante SAM-fendon kaj porteblajn NFC-kapablojn por plibonigita efikeco en sa\u011dkartaj aplikoj.<\/p>","protected":false},"featured_media":1557,"template":"","meta":[],"product_brand":[],"product_cat":[45],"product_tag":[],"class_list":{"0":"post-1550","1":"product","2":"type-product","3":"status-publish","4":"has-post-thumbnail","6":"product_cat-contactless-nfc-reader","8":"first","9":"instock","10":"shipping-taxable","11":"product-type-simple"},"_links":{"self":[{"href":"https:\/\/nfc-readers.com\/eo\/wp-json\/wp\/v2\/product\/1550","targetHints":{"allow":["GET"]}}],"collection":[{"href":"https:\/\/nfc-readers.com\/eo\/wp-json\/wp\/v2\/product"}],"about":[{"href":"https:\/\/nfc-readers.com\/eo\/wp-json\/wp\/v2\/types\/product"}],"wp:featuredmedia":[{"embeddable":true,"href":"https:\/\/nfc-readers.com\/eo\/wp-json\/wp\/v2\/media\/1557"}],"wp:attachment":[{"href":"https:\/\/nfc-readers.com\/eo\/wp-json\/wp\/v2\/media?parent=1550"}],"wp:term":[{"taxonomy":"product_brand","embeddable":true,"href":"https:\/\/nfc-readers.com\/eo\/wp-json\/wp\/v2\/product_brand?post=1550"},{"taxonomy":"product_cat","embeddable":true,"href":"https:\/\/nfc-readers.com\/eo\/wp-json\/wp\/v2\/product_cat?post=1550"},{"taxonomy":"product_tag","embeddable":true,"href":"https:\/\/nfc-readers.com\/eo\/wp-json\/wp\/v2\/product_tag?post=1550"}],"curies":[{"name":"wp","href":"https:\/\/api.w.org\/{rel}","templated":true}]}}