{"id":1555,"date":"2024-04-07T06:18:18","date_gmt":"2024-04-07T06:18:18","guid":{"rendered":"https:\/\/nfc-readers.com\/?post_type=product&#038;p=1555"},"modified":"2024-10-16T06:39:36","modified_gmt":"2024-10-16T06:39:36","slug":"acr1281s-c1-dualboost-ii-serial-reader","status":"publish","type":"product","link":"https:\/\/nfc-readers.com\/eo\/ic-reader\/acr1281s-c1-dualboost-ii-serial-reader\/","title":{"rendered":"ACR1281S-C1 DualBoost II Seria leganto"},"content":{"rendered":"<h1>ACR1281S-C1 DualBoost II Seria leganto<\/h1>\n<p>La ACR1281S-C1 DualBoost II estas multfaceta leganto, kiu faciligas interagojn kun amba\u016d kontaktoj kaj senkontaktaj inteligentaj kartoj konforme al la normoj ISO 7816 kaj ISO 14443 respektive. \u0108i tiu duobla interfaca leganto perfekte kombinas funkciojn tradicie trovitajn en diskretaj sistemoj en unuopan unuon al\u011dustigantan kaj kontaktkartojn kaj senkontaktajn kartojn. \u011ci fluliniigas diversajn transakciojn, \u0109u \u011di pagas pagojn en elektronika komerco kaj bankaj sektoroj uzante kreditkartojn a\u016d validigante senkontaktajn kartojn por sekura eniro al difinitaj areoj a\u016d sistemoj. \u0108i tio bone integri\u011das kun la koncepto de universala sa\u011dkarto, kiu amalgamas multoblajn sa\u011dkartajn funkciojn en ununura fizika ento. Karakteriza\u0135o de plug and play aparatoj, la ACR1281S-C1 ne bezonas kompleksajn \u015doforinstala\u0135ojn. \u011ci korpigas fendeton SAM (Secure Access Module), plifortigante sekurecon inter amba\u016d kontaktoj kaj senkontaktaj interagoj. La kapablo de la aparato por rapida komunikado atingas \u011dis 848 kbps dum manipulado de senkontaktaj kartoj, certigante \u011dian ta\u016dgecon por alt-efikecaj kaj intensaj aplikoj. Havante kapablojn kiel USB-firmaran \u011disdatigeblecon, subtenon por kontaktmemorkartoj, kaj la kapablon pritrakti plilongigitan APDU, la ACR1281S-C1 Seria DualBoost II reprezentas ekonomian kaj fortikan solvon. \u011ci liveras la duoblan avanta\u011don de oportuno kaj adaptebleco tra lar\u011da spektro de sa\u011dkartaj aplikoj.<\/p>\n<ul>\n<li>\n<h2>Seria RS232-Interfaco<\/h2>\n<\/li>\n<li>\n<h2>USB-interfaco por nutrado<\/h2>\n<\/li>\n<li>\n<h2>CCID-simila kadroformato (binara formato)<\/h2>\n<\/li>\n<li>\n<h2>Senkontakta Smart Card Legilo:<\/h2>\n<ul>\n<li>\n<h3>Lego\/skriba rapideco de \u011dis 848 kbps<\/h3>\n<\/li>\n<li>\n<h3>Enkonstruita anteno por senkontakta aliro de etikedoj, kun kartlega distanco de \u011dis 50 mm (depende de etikedo-tipo)<\/h3>\n<\/li>\n<li>\n<h3>Elportas ISO 14443 Parto 4 Tipo A kaj B-kartojn kaj MIFARE\u00ae-seriojn<\/h3>\n<\/li>\n<li>\n<h3>Enkonstruita kontra\u016dkolizio funkcio (nur unu etikedo estas alirebla iam ajn)<\/h3>\n<\/li>\n<li>\n<h3>Elportas plilongigitan APDU (maks. 64 kbajtoj)<\/h3>\n<\/li>\n<\/ul>\n<\/li>\n<li>\n<h2>Kontaktu Smart Card Reader:<\/h2>\n<ul>\n<li>\n<h3>Elportas ISO 7816 Klaso A, B kaj C (5 V, 3 V kaj 1,8 V)<\/h3>\n<\/li>\n<li>\n<h3>Subtenas mikroprocesorajn kartojn kun T=0 a\u016d T=1 protokolo<\/h3>\n<\/li>\n<li>\n<h3>Elportas memorkartojn<\/h3>\n<\/li>\n<li>\n<h3>SAM-fendeto konforma al ISO 7816<\/h3>\n<\/li>\n<\/ul>\n<\/li>\n<li>\n<h2>Enkonstruitaj Ekstercentraloj:<\/h2>\n<ul>\n<li>\n<h3>Du uzant-regeblaj LED-oj<\/h3>\n<\/li>\n<li>\n<h3>Uzant-regebla zumilo<\/h3>\n<\/li>\n<\/ul>\n<\/li>\n<li>\n<h2>USB Firmware \u011cisdatigebleco<\/h2>\n<\/li>\n<li>\n<div>\n<table width=\"500\">\n<tbody>\n<tr>\n<td colspan=\"2\" width=\"500\">Fizikaj Karakteriza\u0135oj<\/td>\n<\/tr>\n<tr>\n<td width=\"181\">Dimensioj (mm)<\/td>\n<td width=\"319\">120.5 mm (L) x 72.0 mm (L) x 20.4 mm (H)<\/td>\n<\/tr>\n<tr>\n<td width=\"181\">Pezo (g)<\/td>\n<td width=\"319\">150 g<\/td>\n<\/tr>\n<tr>\n<td colspan=\"2\" width=\"500\">Seria Interfaco<\/td>\n<\/tr>\n<tr>\n<td width=\"181\">Protokolo<\/td>\n<td width=\"319\">RS-232<\/td>\n<\/tr>\n<tr>\n<td width=\"181\">Konektilo Tipo<\/td>\n<td width=\"319\">Konektilo DB-9<\/td>\n<\/tr>\n<tr>\n<td width=\"181\">Elektrofonto<\/td>\n<td width=\"319\">De USBa Haveno<\/td>\n<\/tr>\n<tr>\n<td width=\"181\">Longo de kablo<\/td>\n<td width=\"319\">1.5 m, Fiksa (DB9 + USB)<\/td>\n<\/tr>\n<tr>\n<td colspan=\"2\" width=\"500\">Kontaktu Smart Card Interface<\/td>\n<\/tr>\n<tr>\n<td width=\"181\">Nombro de Slots<\/td>\n<td width=\"319\">1 Plengranda Kartfendo<\/td>\n<\/tr>\n<tr>\n<td width=\"181\">Normo<\/td>\n<td width=\"319\">ISO 7816 Klaso A, B, C (5 V, 3 V, 1.8 V)<\/td>\n<\/tr>\n<tr>\n<td width=\"181\">Protokolo<\/td>\n<td width=\"319\">T=0; T=1<\/td>\n<\/tr>\n<tr>\n<td colspan=\"2\" width=\"500\">Senkontakta Smart Card-Interfaco<\/td>\n<\/tr>\n<tr>\n<td width=\"181\">Normo<\/td>\n<td width=\"319\">ISO 14443 A &amp; B Partoj 1-4<\/td>\n<\/tr>\n<tr>\n<td rowspan=\"2\" width=\"181\">Protokolo<\/td>\n<td width=\"319\">ISO 14443-4 Konforma Karto, T=CL<\/td>\n<\/tr>\n<tr>\n<td width=\"319\">MIFARE\u00ae Klasika Karto, T=CL<\/td>\n<\/tr>\n<tr>\n<td colspan=\"2\" width=\"500\">SAM-Karta Interfaco<\/td>\n<\/tr>\n<tr>\n<td width=\"181\">Nombro de Slots<\/td>\n<td width=\"319\">1 Norma SIM-granda Kartfendo<\/td>\n<\/tr>\n<tr>\n<td width=\"181\">Normo<\/td>\n<td width=\"319\">ISO 7816 Klaso A (5 V)<\/td>\n<\/tr>\n<tr>\n<td width=\"181\">Protokolo<\/td>\n<td width=\"319\">T=0; T=1<\/td>\n<\/tr>\n<tr>\n<td colspan=\"2\" width=\"500\">Enkonstruitaj Ekstercentraloj<\/td>\n<\/tr>\n<tr>\n<td width=\"181\">LED<\/td>\n<td width=\"319\">2 unukoloraj: Ru\u011da kaj Verda<\/td>\n<\/tr>\n<tr>\n<td width=\"181\">Zumilo<\/td>\n<td width=\"319\">Monotona<\/td>\n<\/tr>\n<tr>\n<td colspan=\"2\" width=\"500\">Aliaj Trajtoj<\/td>\n<\/tr>\n<tr>\n<td width=\"181\">Firmware \u011cisdatigo<\/td>\n<td width=\"319\">Subtenita<\/td>\n<\/tr>\n<tr>\n<td colspan=\"2\" width=\"500\">Atestoj\/Konformo<\/td>\n<\/tr>\n<tr>\n<td rowspan=\"5\" width=\"181\">Atestoj\/Konformo<\/td>\n<td width=\"319\">ISO 14443<\/td>\n<\/tr>\n<tr>\n<td width=\"319\">ISO 7816<\/td>\n<\/tr>\n<tr>\n<td width=\"319\">CE<\/td>\n<\/tr>\n<tr>\n<td width=\"319\">FCC<\/td>\n<\/tr>\n<tr>\n<td width=\"319\">RoHS<\/td>\n<\/tr>\n<tr>\n<td colspan=\"2\" width=\"500\">Subteno de Operaciumo-\u015coforo de Aparato<\/td>\n<\/tr>\n<tr>\n<td rowspan=\"2\" width=\"181\">Subteno de Operaciumo-\u015coforo de Aparato<\/td>\n<td width=\"319\">Vindozo\u00ae<\/td>\n<\/tr>\n<tr>\n<td width=\"319\">Linukso\u00ae<\/td>\n<\/tr>\n<\/tbody>\n<\/table>\n<\/div>\n<\/li>\n<\/ul>","protected":false},"excerpt":{"rendered":"<p>La ACR1281S-C1 estas duobla-funkcia kontakto kaj senkontakta Leganto, havante SAM-fendon por plibonigita sekureco kaj altrapida rendimento en sa\u011dkartaj aplikoj.<\/p>","protected":false},"featured_media":1556,"template":"","meta":[],"product_brand":[],"product_cat":[45],"product_tag":[],"class_list":{"0":"post-1555","1":"product","2":"type-product","3":"status-publish","4":"has-post-thumbnail","6":"product_cat-contactless-nfc-reader","8":"first","9":"instock","10":"shipping-taxable","11":"product-type-simple"},"_links":{"self":[{"href":"https:\/\/nfc-readers.com\/eo\/wp-json\/wp\/v2\/product\/1555","targetHints":{"allow":["GET"]}}],"collection":[{"href":"https:\/\/nfc-readers.com\/eo\/wp-json\/wp\/v2\/product"}],"about":[{"href":"https:\/\/nfc-readers.com\/eo\/wp-json\/wp\/v2\/types\/product"}],"wp:featuredmedia":[{"embeddable":true,"href":"https:\/\/nfc-readers.com\/eo\/wp-json\/wp\/v2\/media\/1556"}],"wp:attachment":[{"href":"https:\/\/nfc-readers.com\/eo\/wp-json\/wp\/v2\/media?parent=1555"}],"wp:term":[{"taxonomy":"product_brand","embeddable":true,"href":"https:\/\/nfc-readers.com\/eo\/wp-json\/wp\/v2\/product_brand?post=1555"},{"taxonomy":"product_cat","embeddable":true,"href":"https:\/\/nfc-readers.com\/eo\/wp-json\/wp\/v2\/product_cat?post=1555"},{"taxonomy":"product_tag","embeddable":true,"href":"https:\/\/nfc-readers.com\/eo\/wp-json\/wp\/v2\/product_tag?post=1555"}],"curies":[{"name":"wp","href":"https:\/\/api.w.org\/{rel}","templated":true}]}}