{"id":1558,"date":"2024-04-07T06:20:55","date_gmt":"2024-04-07T06:20:55","guid":{"rendered":"https:\/\/nfc-readers.com\/?post_type=product&#038;p=1558"},"modified":"2024-10-16T06:35:34","modified_gmt":"2024-10-16T06:35:34","slug":"nfc-reader-with-lcd-acr1222l","status":"publish","type":"product","link":"https:\/\/nfc-readers.com\/eo\/ic-reader\/nfc-reader-with-lcd-acr1222l\/","title":{"rendered":"NFC Leganto\/Verkilo kun LCD | ACR1222L"},"content":{"rendered":"<h1>NFC Leganto\/Verkilo kun LCD | ACR1222L<\/h1>\n<p>La ACR1222L elstaras kiel diverstalenta kaj amika NFC Smart Card Reader, ideala por aplikoj inkluzive de e-pago, lojalecprogramoj kaj alirkontrolo. \u011cia LCD kaj plurlingva subteno, kune kun \u011diaj fortikaj sekurecaj trajtoj kun tri SAM-fendoj, poziciigas \u011din kiel altvaloran proponon konsiderante la ekvilibron inter funkcioj kaj nfc-leganto-prezo.<\/p>\n<p><iframe loading=\"lazy\" title=\"ACR1222L NFC-Leganto\" width=\"1020\" height=\"765\" src=\"https:\/\/www.youtube.com\/embed\/i-7zrKP8WJo?feature=oembed\" frameborder=\"0\" allow=\"accelerometer; autoplay; clipboard-write; encrypted-media; gyroscope; picture-in-picture; web-share\" referrerpolicy=\"strict-origin-when-cross-origin\" allowfullscreen><\/iframe><\/p>\n<h2>NFC Leganto kun LCD | ACR1222L<\/h2>\n<ul>\n<li data-sider-select-id=\"cbe5159f-0e15-4e91-8597-4873bf6b4e88\">\n<h2>USB 2.0 Plenrapida Interfaco<\/h2>\n<\/li>\n<li>\n<h2>CCID Konformeco<\/h2>\n<\/li>\n<li>\n<h2>Leganto de inteligentaj kartoj:<\/h2>\n<ul>\n<li>\n<h3>Legado\/Skriba rapideco de \u011dis 424 kbps<\/h3>\n<\/li>\n<li>\n<h3>Enkonstruita anteno por senkontakta aliro de etikedoj, kun kartlega distanco de \u011dis 50 mm (depende de etikedo-tipo)<\/h3>\n<\/li>\n<li>\n<h3>Elportas ISO 14443 Tipo A kaj B-kartojn, MIFARE\u00ae, FeliCa, kaj \u0109iujn 4 specojn de NFC (ISO\/IEC 18092) etikedoj<\/h3>\n<\/li>\n<li>\n<h3>Enkonstruita kontra\u016dkolizio funkcio (nur unu etikedo estas alirebla iam ajn)<\/h3>\n<\/li>\n<li>\n<h3>Tri ISO 7816-konformaj SAM-fendoj<\/h3>\n<\/li>\n<\/ul>\n<\/li>\n<li>\n<h2>Enkonstruitaj Ekstercentraloj:<\/h2>\n<ul>\n<li>\n<h3>Dulinia grafika LCD kun interaga operaco (t.e. rulumo supren kaj malsupren, maldekstre kaj dekstre, ktp.) kaj plurlingva subteno (t.e. \u0109ina, angla, japana kaj pluraj e\u016dropaj lingvoj)<\/h3>\n<\/li>\n<li>\n<h3>Kvar uzant-regeblaj LED-oj<\/h3>\n<\/li>\n<li>\n<h3>Uzant-regebla zumilo<\/h3>\n<\/li>\n<\/ul>\n<\/li>\n<li>\n<h2>USB Firmware \u011cisdatigebleco<\/h2>\n<\/li>\n<\/ul>\n<div>\n<h2 data-sider-select-id=\"d4706cbf-1e8e-448d-9503-dfee41ca8b25\"><strong>Trajtoj kaj funkcioj de ACR1222L NFC Senkontakta Leganto:<\/strong><\/h2>\n<ul>\n<li>\n<h3><strong>Noviga Teknologia Integri\u011do<\/strong><\/h3>\n<p>La ACR1222L perfekte integras LCD-teknologion kun PC-Link NFC-kapabloj, ofertante amikan interfacon por senpena interago.<\/li>\n<li>\n<h3><strong>Ampleksa Kongrueco<\/strong><\/h3>\n<p>Konstruita sur la bazo de 13.56 MHz RFID-teknologio kaj la normo ISO\/IEC 18092, la ACR1222L fanfaronas pri lar\u011da kongruo kun ISO14443-Tipo A kaj B-kartoj, MIFARE, FeliCa, kaj \u0109iuj kvar specoj de NFC-etikedoj.<\/li>\n<li>\n<h3><strong>Plibonigita Uzanto-Sperto<\/strong><\/h3>\n<\/li>\n<\/ul>\n<p style=\"text-align: left; padding-left: 40px;\"><span style=\"color: #555555; font-size: 14.4px;\">Kun PC\/SC-konformeco, la ACR1222L faciligas facilajn \u011disdatigojn de sa\u011dkartaj aplika\u0135oj, certigante senjuntan transiron por uzantoj ser\u0109antaj plibonigitajn funkciojn kaj interagojn.<\/span><\/p>\n<ul>\n<li>\n<h3><strong>Intuicia Interfaco<\/strong><\/h3>\n<\/li>\n<\/ul>\n<p style=\"text-align: left; padding-left: 40px;\">\u00a0Ekipita per 4 LED-oj, zumilo kaj plurlingva LCD-ekrano, la ACR1222L provizas klarajn indikojn pri leganto kaj aplika\u0135o-statusoj, plibonigante uzantan komprenon kaj enga\u011di\u011don.<\/p>\n<ul>\n<li>\n<h3><strong>Plurlingva Subteno<\/strong><\/h3>\n<p>La 2-linia grafika LCD subtenas plurajn lingvojn, inkluzive de \u0109ina, angla, japana, kaj elektitaj e\u016dropaj lingvoj, ebligante diversan uzantbazon senpene interagi kun la aparato.<\/li>\n<li>\n<h3><strong>Interaga Operacio<\/strong><\/h3>\n<p>La LCD ebligas interagajn operaciojn kiel rulumadon, plue plibonigante uzantan oportunecon kaj alireblecon.<\/li>\n<li>\n<h3><strong>Altnivelaj Sekurecaj Trajtoj<\/strong><\/h3>\n<p>Havante tri enkonstruitajn SAM-fendojn, la ACR1222L certigas plifortigitan sekurecon dum senkontaktaj operacioj, protektante sentemajn datumojn kaj transakciojn.<\/li>\n<\/ul>\n<\/div>\n<div><\/div>\n<div>\n<table width=\"702\">\n<tbody>\n<tr>\n<td colspan=\"2\" width=\"702\">Fizikaj Karakteriza\u0135oj<\/td>\n<\/tr>\n<tr>\n<td rowspan=\"2\" width=\"250\">Dimensioj (mm)<\/td>\n<td width=\"452\">\u0108efa korpo: 133.5 mm (L) x 88.5 mm (W) x 21.0 mm (H)<\/td>\n<\/tr>\n<tr>\n<td width=\"452\">Kun Stando: 158.0 mm (L) x 95.0 mm (L) x 95.0 mm (H)<\/td>\n<\/tr>\n<tr>\n<td rowspan=\"2\" width=\"250\">Pezo (g)<\/td>\n<td width=\"452\">\u0108efa Korpo: 173 g<\/td>\n<\/tr>\n<tr>\n<td width=\"452\">Kun Stando: 415 g<\/td>\n<\/tr>\n<tr>\n<td colspan=\"2\" width=\"702\">USB-Interfaco<\/td>\n<\/tr>\n<tr>\n<td width=\"250\">Protokolo<\/td>\n<td width=\"452\">USB CCID<\/td>\n<\/tr>\n<tr>\n<td width=\"250\">Konektilo Tipo<\/td>\n<td width=\"452\">Norma Tipo A<\/td>\n<\/tr>\n<tr>\n<td width=\"250\">Elektrofonto<\/td>\n<td width=\"452\">De USBa Haveno<\/td>\n<\/tr>\n<tr>\n<td width=\"250\">Rapido<\/td>\n<td width=\"452\">USB Plena Rapido (12 Mbps)<\/td>\n<\/tr>\n<tr>\n<td width=\"250\">Longo de kablo<\/td>\n<td width=\"452\">1,5 m, Fiksa<\/td>\n<\/tr>\n<tr>\n<td colspan=\"2\" width=\"702\">Senkontakta Smart Card-Interfaco<\/td>\n<\/tr>\n<tr>\n<td width=\"250\">Normo<\/td>\n<td width=\"452\">ISO\/IEC 18092 NFC, ISO 14443 Tipo A &amp; B, MIFARE\u00ae, FeliCa<\/td>\n<\/tr>\n<tr>\n<td rowspan=\"4\" width=\"250\">Protokolo<\/td>\n<td width=\"452\">ISO 14443-4 Konforma Karto, T=CL<\/td>\n<\/tr>\n<tr>\n<td width=\"452\">MIFARE\u00ae Klasika Karto, T=CL<\/td>\n<\/tr>\n<tr>\n<td width=\"452\">ISO18092, NFC-Etikedoj<\/td>\n<\/tr>\n<tr>\n<td width=\"452\">FeliCa<\/td>\n<\/tr>\n<tr>\n<td colspan=\"2\" width=\"702\">SAM-Karta Interfaco<\/td>\n<\/tr>\n<tr>\n<td width=\"250\">Nombro de Slots<\/td>\n<td width=\"452\">3 Normaj SIM-grandaj Kartfendoj<\/td>\n<\/tr>\n<tr>\n<td width=\"250\">Normo<\/td>\n<td width=\"452\">ISO 7816 Klaso A (5 V)<\/td>\n<\/tr>\n<tr>\n<td width=\"250\">Protokolo<\/td>\n<td width=\"452\">T=0; T=1<\/td>\n<\/tr>\n<tr>\n<td colspan=\"2\" width=\"702\">Enkonstruitaj Ekstercentraloj<\/td>\n<\/tr>\n<tr>\n<td rowspan=\"3\" width=\"250\">LCD<\/td>\n<td width=\"452\">Grafika LCD kun Flava-Verda Retrolumo<\/td>\n<\/tr>\n<tr>\n<td width=\"452\">Rezolucio: 128 x 32 pikseloj<\/td>\n<\/tr>\n<tr>\n<td width=\"452\">Nombro da Signoj: 16 signoj x 2 linioj<\/td>\n<\/tr>\n<tr>\n<td width=\"250\">LED<\/td>\n<td width=\"452\">4 unukoloraj: Verda, Blua, Oran\u011da kaj Ru\u011da<\/td>\n<\/tr>\n<tr>\n<td width=\"250\">Zumilo<\/td>\n<td width=\"452\">Monotona<\/td>\n<\/tr>\n<tr>\n<td colspan=\"2\" width=\"702\">Aliaj Trajtoj<\/td>\n<\/tr>\n<tr>\n<td width=\"250\">Firmware \u011cisdatigo<\/td>\n<td width=\"452\">Subtenita<\/td>\n<\/tr>\n<tr>\n<td colspan=\"2\" width=\"702\">Atestoj\/Konformo<\/td>\n<\/tr>\n<tr>\n<td rowspan=\"13\" width=\"250\">Atestoj\/Konformo<\/td>\n<td width=\"452\">ISO 18092<\/td>\n<\/tr>\n<tr>\n<td width=\"452\">ISO 14443<\/td>\n<\/tr>\n<tr>\n<td width=\"452\">ISO 7816 (SAM-fendeto)<\/td>\n<\/tr>\n<tr>\n<td width=\"452\">USB Plena Rapido<\/td>\n<\/tr>\n<tr>\n<td width=\"452\">PC\/SC<\/td>\n<\/tr>\n<tr>\n<td width=\"452\">CCID<\/td>\n<\/tr>\n<tr>\n<td width=\"452\">VCCI (Japanio)<\/td>\n<\/tr>\n<tr>\n<td width=\"452\">KC (Koreio)<\/td>\n<\/tr>\n<tr>\n<td width=\"452\">Microsoft\u00ae WHQL<\/td>\n<\/tr>\n<tr>\n<td width=\"452\">CE<\/td>\n<\/tr>\n<tr>\n<td width=\"452\">FCC<\/td>\n<\/tr>\n<tr>\n<td width=\"452\">RoHS<\/td>\n<\/tr>\n<tr>\n<td width=\"452\">atingu<\/td>\n<\/tr>\n<tr>\n<td colspan=\"2\" width=\"702\">Subteno de Operaciumo-\u015coforo de Aparato<\/td>\n<\/tr>\n<tr>\n<td rowspan=\"5\" width=\"250\">Subteno de Operaciumo-\u015coforo de Aparato<\/td>\n<td width=\"452\">Vindozo\u00ae<\/td>\n<\/tr>\n<tr>\n<td width=\"452\">Linukso\u00ae<\/td>\n<\/tr>\n<tr>\n<td width=\"452\">MAC OS\u00ae<\/td>\n<\/tr>\n<tr>\n<td width=\"452\">Solaris<\/td>\n<\/tr>\n<tr>\n<td width=\"452\">Android\u2122<\/td>\n<\/tr>\n<\/tbody>\n<\/table>\n<\/div>\n<div><\/div>\n<div><\/div>\n<div><\/div>\n<div><\/div>","protected":false},"excerpt":{"rendered":"<p>La ACR1222L estas multflanka USB Senkontakta Leganto kun LCD, subtenanta RFID-NFC-teknologion kaj ofertante plifortigitan sekurecon por inteligentaj kartoj.<\/p>","protected":false},"featured_media":1563,"template":"","meta":[],"product_brand":[],"product_cat":[45,40],"product_tag":[],"class_list":{"0":"post-1558","1":"product","2":"type-product","3":"status-publish","4":"has-post-thumbnail","6":"product_cat-contactless-nfc-reader","7":"product_cat-rfid-nfc-reader","9":"first","10":"instock","11":"shipping-taxable","12":"product-type-simple"},"_links":{"self":[{"href":"https:\/\/nfc-readers.com\/eo\/wp-json\/wp\/v2\/product\/1558","targetHints":{"allow":["GET"]}}],"collection":[{"href":"https:\/\/nfc-readers.com\/eo\/wp-json\/wp\/v2\/product"}],"about":[{"href":"https:\/\/nfc-readers.com\/eo\/wp-json\/wp\/v2\/types\/product"}],"wp:featuredmedia":[{"embeddable":true,"href":"https:\/\/nfc-readers.com\/eo\/wp-json\/wp\/v2\/media\/1563"}],"wp:attachment":[{"href":"https:\/\/nfc-readers.com\/eo\/wp-json\/wp\/v2\/media?parent=1558"}],"wp:term":[{"taxonomy":"product_brand","embeddable":true,"href":"https:\/\/nfc-readers.com\/eo\/wp-json\/wp\/v2\/product_brand?post=1558"},{"taxonomy":"product_cat","embeddable":true,"href":"https:\/\/nfc-readers.com\/eo\/wp-json\/wp\/v2\/product_cat?post=1558"},{"taxonomy":"product_tag","embeddable":true,"href":"https:\/\/nfc-readers.com\/eo\/wp-json\/wp\/v2\/product_tag?post=1558"}],"curies":[{"name":"wp","href":"https:\/\/api.w.org\/{rel}","templated":true}]}}