{"id":1564,"date":"2024-04-07T06:24:04","date_gmt":"2024-04-07T06:24:04","guid":{"rendered":"https:\/\/nfc-readers.com\/?post_type=product&#038;p=1564"},"modified":"2024-10-16T06:23:32","modified_gmt":"2024-10-16T06:23:32","slug":"acm1281u-c7-usb-contactless-reader-module-with-sam-slot","status":"publish","type":"product","link":"https:\/\/nfc-readers.com\/eo\/ic-reader\/acm1281u-c7-usb-contactless-reader-module-with-sam-slot\/","title":{"rendered":"ACM1281U-C7 USB Senkontakta Leganto-Modulo kun SAM-Slot"},"content":{"rendered":"<h1>ACM1281U-C7 USB Senkontakta Leganto-Modulo kun SAM-Slot<\/h1>\n<p>La ACM1281U-C7 elstaras kiel altnivela Leganto de Smart Card desegnita por senjunta integri\u011do en diversaj enigitaj sistemoj. Subtenante ISO 14443 A\/B por \u0109efaj kartteknologioj kaj proponante profundan sekurecon per sia konforma SAM-fendo, kune kun la fleksebleco de kampe \u011disdatigebla firmvaro, \u0109i tiu portebla NFC-leganto estas adaptita por medioj kie sekureco kaj fidindeco estas plej gravaj, kiel ekzemple sistemoj de pago kaj videoludado.<\/p>\n<ul>\n<li>\n<h2>USB 2.0 Plenrapida Interfaco<\/h2>\n<\/li>\n<li>\n<h2>CCID Konformeco<\/h2>\n<\/li>\n<li>\n<h2>USB Firmware \u011cisdatigebleco<\/h2>\n<\/li>\n<li>\n<h2>Leganto de inteligentaj kartoj:<\/h2>\n<ul>\n<li>\n<h3>Senkontakta Interfaco:<\/h3>\n<ul>\n<li>\n<h4>Legado\/skriba rapideco \u011dis 848 kbps<\/h4>\n<\/li>\n<li>\n<h4>Enkonstruita anteno por senkontakta aliro de etikedoj, kun kartlega distanco de \u011dis 50 mm (depende de etikedo-tipo)<\/h4>\n<\/li>\n<li>\n<h4>Elportas ISO 14443 Parto 4-Tipo A kaj B-kartojn kaj MIFARE\u00ae Classic-serion<\/h4>\n<\/li>\n<li>\n<h4>Enkonstruita kontra\u016dkolizio funkcio (nur 1 etikedo estas alirebla iam ajn)<\/h4>\n<\/li>\n<li>\n<h4>Elportas plilongigitan APDU (maks. 64 kbajtoj)<\/h4>\n<\/li>\n<\/ul>\n<\/li>\n<li>\n<h3>SAM-Interfaco:<\/h3>\n<ul>\n<li>\n<h4>ISO 7816-konforma SAM-fendeto, Klaso A (5V)<\/h4>\n<\/li>\n<\/ul>\n<\/li>\n<\/ul>\n<\/li>\n<li>\n<h2>Interfaco de Programado de Apliko:<\/h2>\n<ul>\n<li>\n<h3>Subtenas PC\/SC<\/h3>\n<\/li>\n<li>\n<h3>Subtenas CT-API (tra envolva\u0135o supre de komputilo\/SC)<\/h3>\n<\/li>\n<\/ul>\n<\/li>\n<li>\n<h2>Ekstercentraloj:<\/h2>\n<ul>\n<li>\n<h3>Uzant-regebla dukolora LED<\/h3>\n<\/li>\n<li>\n<h3>Uzant-regebla zumilo<\/h3>\n<\/li>\n<li>\n<div>\n<table width=\"558\">\n<tbody>\n<tr>\n<td colspan=\"2\" width=\"558\">Fizikaj Karakteriza\u0135oj<\/td>\n<\/tr>\n<tr>\n<td width=\"234\">Dimensioj (mm)<\/td>\n<td width=\"324\">106.6 mm (L) x 67.0 mm (L) x 16.0 mm (H)<\/td>\n<\/tr>\n<tr>\n<td width=\"234\">Pezo (g)<\/td>\n<td width=\"324\">20,8 g<\/td>\n<\/tr>\n<tr>\n<td colspan=\"2\" width=\"558\">USB-Interfaco<\/td>\n<\/tr>\n<tr>\n<td width=\"234\">Protokolo<\/td>\n<td width=\"324\">USB CCID<\/td>\n<\/tr>\n<tr>\n<td width=\"234\">Konektilo Tipo<\/td>\n<td width=\"324\">Norma Tipo A<\/td>\n<\/tr>\n<tr>\n<td width=\"234\">Elektrofonto<\/td>\n<td width=\"324\">De USB-haveno<\/td>\n<\/tr>\n<tr>\n<td width=\"234\">Rapido<\/td>\n<td width=\"324\">USB Plena Rapido (12 Mbps)<\/td>\n<\/tr>\n<tr>\n<td width=\"234\">Longo de kablo<\/td>\n<td width=\"324\">1.0 m, Forprenebla (La\u016dvola)<\/td>\n<\/tr>\n<tr>\n<td colspan=\"2\" width=\"558\">Senkontakta Smart Card-Interfaco<\/td>\n<\/tr>\n<tr>\n<td width=\"234\">Normo<\/td>\n<td width=\"324\">ISO 14443 A kaj B Partoj 1-4<\/td>\n<\/tr>\n<tr>\n<td rowspan=\"2\" width=\"234\">Protokolo<\/td>\n<td width=\"324\">ISO14443-4 Konformaj Kartoj, T=CL<\/td>\n<\/tr>\n<tr>\n<td width=\"324\">MIFARE\u00ae Klasika Karto-Protokolo, T=CL<\/td>\n<\/tr>\n<tr>\n<td width=\"234\">Anteno<\/td>\n<td width=\"324\">65 mm x 60 mm<\/td>\n<\/tr>\n<tr>\n<td colspan=\"2\" width=\"558\">SAM-Karta Interfaco<\/td>\n<\/tr>\n<tr>\n<td width=\"234\">Nombro de Slots<\/td>\n<td width=\"324\">1<\/td>\n<\/tr>\n<tr>\n<td width=\"234\">Normo<\/td>\n<td width=\"324\">ISO 7816 Partoj 1-3, Klaso A (5 V)<\/td>\n<\/tr>\n<tr>\n<td width=\"234\">Protokolo<\/td>\n<td width=\"324\">T=0; T=1<\/td>\n<\/tr>\n<tr>\n<td colspan=\"2\" width=\"558\">Enkonstruitaj Ekstercentraloj<\/td>\n<\/tr>\n<tr>\n<td width=\"234\">LED<\/td>\n<td width=\"324\">2 unukoloraj: Ru\u011da kaj Verda<\/td>\n<\/tr>\n<tr>\n<td width=\"234\">Zumilo<\/td>\n<td width=\"324\">Monotona<\/td>\n<\/tr>\n<tr>\n<td colspan=\"2\" width=\"558\">Aliaj Trajtoj<\/td>\n<\/tr>\n<tr>\n<td width=\"234\">Firmware \u011cisdatigo<\/td>\n<td width=\"324\">Subtenita<\/td>\n<\/tr>\n<tr>\n<td colspan=\"2\" width=\"558\">Atestoj\/Konformo<\/td>\n<\/tr>\n<tr>\n<td rowspan=\"10\" width=\"234\">Atestoj\/Konformo<\/td>\n<td width=\"324\">ISO 7816 (SAM-fendeto)<\/td>\n<\/tr>\n<tr>\n<td width=\"324\">ISO 14443<\/td>\n<\/tr>\n<tr>\n<td width=\"324\">USB Plena Rapido<\/td>\n<\/tr>\n<tr>\n<td width=\"324\">PC\/SC<\/td>\n<\/tr>\n<tr>\n<td width=\"324\">CCID<\/td>\n<\/tr>\n<tr>\n<td width=\"324\">CE<\/td>\n<\/tr>\n<tr>\n<td width=\"324\">FCC<\/td>\n<\/tr>\n<tr>\n<td width=\"324\">RoHS<\/td>\n<\/tr>\n<tr>\n<td width=\"324\">atingu<\/td>\n<\/tr>\n<tr>\n<td width=\"324\">Microsoft\u00ae WHQL<\/td>\n<\/tr>\n<tr>\n<td colspan=\"2\" width=\"558\">Subteno de Operaciumo-\u015coforo de Aparato<\/td>\n<\/tr>\n<tr>\n<td rowspan=\"5\" width=\"234\">Subteno de Operaciumo-\u015coforo de Aparato<\/td>\n<td width=\"324\">Vindozo\u00ae<\/td>\n<\/tr>\n<tr>\n<td width=\"324\">Linukso\u00ae<\/td>\n<\/tr>\n<tr>\n<td width=\"324\">MAC OS\u00ae<\/td>\n<\/tr>\n<tr>\n<td width=\"324\">Solaris<\/td>\n<\/tr>\n<tr>\n<td width=\"324\">Android\u2122<\/td>\n<\/tr>\n<\/tbody>\n<\/table>\n<\/div>\n<\/li>\n<\/ul>\n<\/li>\n<\/ul>","protected":false},"excerpt":{"rendered":"<p>La ACM1281U-C7 estas diverstalenta USB Senkontakta Leganto kun SAM, subtenanta CCID kaj PC\/SC, ideala por sekuraj NFC-aplikoj kiel vendopagoj.<\/p>","protected":false},"featured_media":1565,"template":"","meta":[],"product_brand":[],"product_cat":[41],"product_tag":[],"class_list":{"0":"post-1564","1":"product","2":"type-product","3":"status-publish","4":"has-post-thumbnail","6":"product_cat-module-ic-reader","8":"first","9":"instock","10":"shipping-taxable","11":"product-type-simple"},"_links":{"self":[{"href":"https:\/\/nfc-readers.com\/eo\/wp-json\/wp\/v2\/product\/1564","targetHints":{"allow":["GET"]}}],"collection":[{"href":"https:\/\/nfc-readers.com\/eo\/wp-json\/wp\/v2\/product"}],"about":[{"href":"https:\/\/nfc-readers.com\/eo\/wp-json\/wp\/v2\/types\/product"}],"wp:featuredmedia":[{"embeddable":true,"href":"https:\/\/nfc-readers.com\/eo\/wp-json\/wp\/v2\/media\/1565"}],"wp:attachment":[{"href":"https:\/\/nfc-readers.com\/eo\/wp-json\/wp\/v2\/media?parent=1564"}],"wp:term":[{"taxonomy":"product_brand","embeddable":true,"href":"https:\/\/nfc-readers.com\/eo\/wp-json\/wp\/v2\/product_brand?post=1564"},{"taxonomy":"product_cat","embeddable":true,"href":"https:\/\/nfc-readers.com\/eo\/wp-json\/wp\/v2\/product_cat?post=1564"},{"taxonomy":"product_tag","embeddable":true,"href":"https:\/\/nfc-readers.com\/eo\/wp-json\/wp\/v2\/product_tag?post=1564"}],"curies":[{"name":"wp","href":"https:\/\/api.w.org\/{rel}","templated":true}]}}